{"id":20865,"date":"2025-07-29T16:49:25","date_gmt":"2025-07-29T16:49:25","guid":{"rendered":"https:\/\/hannacosmetica.com\/?post_type=product&#038;p=20865"},"modified":"2026-02-19T12:18:19","modified_gmt":"2026-02-19T12:18:19","slug":"lampara-sun-5-48w","status":"publish","type":"product","link":"https:\/\/hannacosmetica.com\/fr\/tienda\/maquinaria\/lamparas-de-secado-de-unas\/lampara-sun-5-48w\/","title":{"rendered":"Lampara Sun 5 \/ 48w"},"content":{"rendered":"<ul class=\"a-unordered-list a-vertical a-spacing-mini\">\n<li class=\"a-spacing-mini\"><span class=\"a-list-item\">4 Temporizadores y 36 Cuentas de LED: 4 configuraciones de temporizador: 10 s \/ 30 s \/ 60 s \/ 99 s, modo de calor bajo para elegir seg\u00fan sus necesidades de curado de u\u00f1as. 36 perlas LED se distribuyen uniformemente en el interior para ayudar a curar el esmalte en gel de manera uniforme. No es necesario reemplazar las perlas de la l\u00e1mpara.<\/span><\/li>\n<li class=\"a-spacing-mini\"><span class=\"a-list-item\">Funci\u00f3n de Memoria y Sensor Inteligente: Con el sensor de infrarrojos, la l\u00e1mpara de u\u00f1as LED UV se enciende autom\u00e1ticamente cuando se coloca la mano o el pie en el interior y se apaga autom\u00e1ticamente cuando se retira. Puede curar cinco u\u00f1as de las manos o de los pies de manera uniforme y simult\u00e1nea.<\/span><\/li>\n<li class=\"a-spacing-mini\"><span class=\"a-list-item\">Pantalla LCD Grande y Base Extra\u00edble: Puede ver f\u00e1cilmente el tiempo de secado de sus u\u00f1as en la pantalla LCD grande. Muestra el tiempo de cuenta atr\u00e1s para que sepa el tiempo f\u00e1cilmente, lo que mejorar\u00e1 su experiencia de endurecimiento de u\u00f1as sin aburrirse. La base de la l\u00e1mpara de u\u00f1as es extra\u00edble para que puedas limpiarla f\u00e1cilmente.<\/span><\/li>\n<li class=\"a-spacing-mini\"><span class=\"a-list-item\">Adecuado Para Todos Los Esmaltes de U\u00f1as: Las l\u00e1mparas de u\u00f1as SUNUV son compatibles con todos los esmaltes de u\u00f1as de gel LED y gel de terapia UV, gel de extensi\u00f3n, gel de construcci\u00f3n dura, gel de escultura, todas las capas superiores y base de esmalte de gel de capa, incluyendo pegamento de u\u00f1as UV, gel de construcci\u00f3n, pegamento de piedras preciosas, etc.<\/span><\/li>\n<li class=\"a-spacing-mini\"><span class=\"a-list-item\">Alta Calidad y Garant\u00eda: Si tiene alguna pregunta, comun\u00edquese con nosotros de inmediato, \u00a1estaremos encantados de estar a su disposici\u00f3n! Nuestro producto tiene una garant\u00eda de dos a\u00f1os y la satisfacci\u00f3n del cliente es nuestro principal objetivo. \u00a1Haremos todo lo posible para brindarle un servicio de calidad!<\/span><\/li>\n<\/ul>","protected":false},"excerpt":{"rendered":"<p>4 Temporizadores y 36 Cuentas de LED: 4 configuraciones de temporizador: 10 s \/ 30 s \/ 60 s \/ 99 s,&hellip;<\/p>","protected":false},"featured_media":20866,"comment_status":"open","ping_status":"closed","template":"","meta":[],"product_cat":[304,82,86,119,87],"product_tag":[],"yoast_head":"<!-- This site is optimized with the Yoast SEO plugin v19.9 - https:\/\/yoast.com\/wordpress\/plugins\/seo\/ -->\n<title>Lampara Sun 5 \/ 48w - Hanna Cosm\u00e9tica<\/title>\n<meta name=\"robots\" content=\"index, follow, max-snippet:-1, max-image-preview:large, max-video-preview:-1\" \/>\n<link rel=\"canonical\" href=\"https:\/\/hannacosmetica.com\/fr\/tienda\/maquinaria\/lamparas-de-secado-de-unas\/lampara-sun-5-48w\/\" \/>\n<meta property=\"og:locale\" content=\"fr_FR\" \/>\n<meta property=\"og:type\" content=\"article\" \/>\n<meta property=\"og:title\" content=\"Lampara Sun 5 \/ 48w - Hanna Cosm\u00e9tica\" \/>\n<meta property=\"og:description\" content=\"4 Temporizadores y 36 Cuentas de LED: 4 configuraciones de temporizador: 10 s \/ 30 s \/ 60 s \/ 99 s,&hellip;\" \/>\n<meta property=\"og:url\" content=\"https:\/\/hannacosmetica.com\/fr\/tienda\/maquinaria\/lamparas-de-secado-de-unas\/lampara-sun-5-48w\/\" \/>\n<meta property=\"og:site_name\" content=\"Hanna Cosm\u00e9tica\" \/>\n<meta property=\"article:modified_time\" content=\"2026-02-19T12:18:19+00:00\" \/>\n<meta property=\"og:image\" content=\"https:\/\/hannacosmetica.com\/wp-content\/uploads\/2025\/07\/5-Patas-para-una-mayor-firmeza-1.pdf-32.png\" \/>\n\t<meta property=\"og:image:width\" content=\"1469\" \/>\n\t<meta property=\"og:image:height\" content=\"1313\" \/>\n\t<meta property=\"og:image:type\" content=\"image\/png\" \/>\n<meta name=\"twitter:card\" content=\"summary_large_image\" \/>\n<script type=\"application\/ld+json\" class=\"yoast-schema-graph\">{\"@context\":\"https:\/\/schema.org\",\"@graph\":[{\"@type\":\"WebPage\",\"@id\":\"https:\/\/hannacosmetica.com\/tienda\/maquinaria\/lamparas-de-secado-de-unas\/lampara-sun-5-48w\/\",\"url\":\"https:\/\/hannacosmetica.com\/tienda\/maquinaria\/lamparas-de-secado-de-unas\/lampara-sun-5-48w\/\",\"name\":\"Lampara Sun 5 \/ 48w - Hanna Cosm\u00e9tica\",\"isPartOf\":{\"@id\":\"https:\/\/hannacosmetica.com\/#website\"},\"datePublished\":\"2025-07-29T16:49:25+00:00\",\"dateModified\":\"2026-02-19T12:18:19+00:00\",\"breadcrumb\":{\"@id\":\"https:\/\/hannacosmetica.com\/tienda\/maquinaria\/lamparas-de-secado-de-unas\/lampara-sun-5-48w\/#breadcrumb\"},\"inLanguage\":\"fr-FR\",\"potentialAction\":[{\"@type\":\"ReadAction\",\"target\":[\"https:\/\/hannacosmetica.com\/tienda\/maquinaria\/lamparas-de-secado-de-unas\/lampara-sun-5-48w\/\"]}]},{\"@type\":\"BreadcrumbList\",\"@id\":\"https:\/\/hannacosmetica.com\/tienda\/maquinaria\/lamparas-de-secado-de-unas\/lampara-sun-5-48w\/#breadcrumb\",\"itemListElement\":[{\"@type\":\"ListItem\",\"position\":1,\"name\":\"Portada\",\"item\":\"https:\/\/hannacosmetica.com\/\"},{\"@type\":\"ListItem\",\"position\":2,\"name\":\"Tienda\",\"item\":\"https:\/\/hannacosmetica.com\/shop\/\"},{\"@type\":\"ListItem\",\"position\":3,\"name\":\"Lampara Sun 5 \/ 48w\"}]},{\"@type\":\"WebSite\",\"@id\":\"https:\/\/hannacosmetica.com\/#website\",\"url\":\"https:\/\/hannacosmetica.com\/\",\"name\":\"Hanna Cosm\u00e9tica\",\"description\":\"Tienda de productos u\u00f1as, bellezas y peluquer\u00edas\",\"publisher\":{\"@id\":\"https:\/\/hannacosmetica.com\/#organization\"},\"potentialAction\":[{\"@type\":\"SearchAction\",\"target\":{\"@type\":\"EntryPoint\",\"urlTemplate\":\"https:\/\/hannacosmetica.com\/?s={search_term_string}\"},\"query-input\":\"required name=search_term_string\"}],\"inLanguage\":\"fr-FR\"},{\"@type\":\"Organization\",\"@id\":\"https:\/\/hannacosmetica.com\/#organization\",\"name\":\"Hanna Cosm\u00e9tica\",\"url\":\"https:\/\/hannacosmetica.com\/\",\"logo\":{\"@type\":\"ImageObject\",\"inLanguage\":\"fr-FR\",\"@id\":\"https:\/\/hannacosmetica.com\/#\/schema\/logo\/image\/\",\"url\":\"https:\/\/hannacosmetica.com\/wp-content\/uploads\/2022\/07\/Logo-Joyeria-Femenino-Floral-Negro.png\",\"contentUrl\":\"https:\/\/hannacosmetica.com\/wp-content\/uploads\/2022\/07\/Logo-Joyeria-Femenino-Floral-Negro.png\",\"width\":361,\"height\":126,\"caption\":\"Hanna Cosm\u00e9tica\"},\"image\":{\"@id\":\"https:\/\/hannacosmetica.com\/#\/schema\/logo\/image\/\"}}]}<\/script>\n<!-- \/ Yoast SEO plugin. -->","yoast_head_json":{"title":"Lampara Sun 5 \/ 48w - Hanna Cosm\u00e9tica","robots":{"index":"index","follow":"follow","max-snippet":"max-snippet:-1","max-image-preview":"max-image-preview:large","max-video-preview":"max-video-preview:-1"},"canonical":"https:\/\/hannacosmetica.com\/fr\/tienda\/maquinaria\/lamparas-de-secado-de-unas\/lampara-sun-5-48w\/","og_locale":"fr_FR","og_type":"article","og_title":"Lampara Sun 5 \/ 48w - Hanna Cosm\u00e9tica","og_description":"4 Temporizadores y 36 Cuentas de LED: 4 configuraciones de temporizador: 10 s \/ 30 s \/ 60 s \/ 99 s,&hellip;","og_url":"https:\/\/hannacosmetica.com\/fr\/tienda\/maquinaria\/lamparas-de-secado-de-unas\/lampara-sun-5-48w\/","og_site_name":"Hanna Cosm\u00e9tica","article_modified_time":"2026-02-19T12:18:19+00:00","og_image":[{"width":1469,"height":1313,"url":"https:\/\/hannacosmetica.com\/wp-content\/uploads\/2025\/07\/5-Patas-para-una-mayor-firmeza-1.pdf-32.png","type":"image\/png"}],"twitter_card":"summary_large_image","schema":{"@context":"https:\/\/schema.org","@graph":[{"@type":"WebPage","@id":"https:\/\/hannacosmetica.com\/tienda\/maquinaria\/lamparas-de-secado-de-unas\/lampara-sun-5-48w\/","url":"https:\/\/hannacosmetica.com\/tienda\/maquinaria\/lamparas-de-secado-de-unas\/lampara-sun-5-48w\/","name":"Lampara Sun 5 \/ 48w - Hanna Cosm\u00e9tica","isPartOf":{"@id":"https:\/\/hannacosmetica.com\/#website"},"datePublished":"2025-07-29T16:49:25+00:00","dateModified":"2026-02-19T12:18:19+00:00","breadcrumb":{"@id":"https:\/\/hannacosmetica.com\/tienda\/maquinaria\/lamparas-de-secado-de-unas\/lampara-sun-5-48w\/#breadcrumb"},"inLanguage":"fr-FR","potentialAction":[{"@type":"ReadAction","target":["https:\/\/hannacosmetica.com\/tienda\/maquinaria\/lamparas-de-secado-de-unas\/lampara-sun-5-48w\/"]}]},{"@type":"BreadcrumbList","@id":"https:\/\/hannacosmetica.com\/tienda\/maquinaria\/lamparas-de-secado-de-unas\/lampara-sun-5-48w\/#breadcrumb","itemListElement":[{"@type":"ListItem","position":1,"name":"Portada","item":"https:\/\/hannacosmetica.com\/"},{"@type":"ListItem","position":2,"name":"Tienda","item":"https:\/\/hannacosmetica.com\/shop\/"},{"@type":"ListItem","position":3,"name":"Lampara Sun 5 \/ 48w"}]},{"@type":"WebSite","@id":"https:\/\/hannacosmetica.com\/#website","url":"https:\/\/hannacosmetica.com\/","name":"Hanna Cosm\u00e9tica","description":"Tienda de productos u\u00f1as, bellezas y peluquer\u00edas","publisher":{"@id":"https:\/\/hannacosmetica.com\/#organization"},"potentialAction":[{"@type":"SearchAction","target":{"@type":"EntryPoint","urlTemplate":"https:\/\/hannacosmetica.com\/?s={search_term_string}"},"query-input":"required name=search_term_string"}],"inLanguage":"fr-FR"},{"@type":"Organization","@id":"https:\/\/hannacosmetica.com\/#organization","name":"Hanna Cosm\u00e9tica","url":"https:\/\/hannacosmetica.com\/","logo":{"@type":"ImageObject","inLanguage":"fr-FR","@id":"https:\/\/hannacosmetica.com\/#\/schema\/logo\/image\/","url":"https:\/\/hannacosmetica.com\/wp-content\/uploads\/2022\/07\/Logo-Joyeria-Femenino-Floral-Negro.png","contentUrl":"https:\/\/hannacosmetica.com\/wp-content\/uploads\/2022\/07\/Logo-Joyeria-Femenino-Floral-Negro.png","width":361,"height":126,"caption":"Hanna Cosm\u00e9tica"},"image":{"@id":"https:\/\/hannacosmetica.com\/#\/schema\/logo\/image\/"}}]}},"_links":{"self":[{"href":"https:\/\/hannacosmetica.com\/fr\/wp-json\/wp\/v2\/product\/20865"}],"collection":[{"href":"https:\/\/hannacosmetica.com\/fr\/wp-json\/wp\/v2\/product"}],"about":[{"href":"https:\/\/hannacosmetica.com\/fr\/wp-json\/wp\/v2\/types\/product"}],"replies":[{"embeddable":true,"href":"https:\/\/hannacosmetica.com\/fr\/wp-json\/wp\/v2\/comments?post=20865"}],"version-history":[{"count":2,"href":"https:\/\/hannacosmetica.com\/fr\/wp-json\/wp\/v2\/product\/20865\/revisions"}],"predecessor-version":[{"id":20872,"href":"https:\/\/hannacosmetica.com\/fr\/wp-json\/wp\/v2\/product\/20865\/revisions\/20872"}],"wp:featuredmedia":[{"embeddable":true,"href":"https:\/\/hannacosmetica.com\/fr\/wp-json\/wp\/v2\/media\/20866"}],"wp:attachment":[{"href":"https:\/\/hannacosmetica.com\/fr\/wp-json\/wp\/v2\/media?parent=20865"}],"wp:term":[{"taxonomy":"product_cat","embeddable":true,"href":"https:\/\/hannacosmetica.com\/fr\/wp-json\/wp\/v2\/product_cat?post=20865"},{"taxonomy":"product_tag","embeddable":true,"href":"https:\/\/hannacosmetica.com\/fr\/wp-json\/wp\/v2\/product_tag?post=20865"}],"curies":[{"name":"wp","href":"https:\/\/api.w.org\/{rel}","templated":true}]}}