{"id":20853,"date":"2025-07-28T14:45:02","date_gmt":"2025-07-28T14:45:02","guid":{"rendered":"https:\/\/hannacosmetica.com\/?post_type=product&#038;p=20853"},"modified":"2026-02-19T11:27:02","modified_gmt":"2026-02-19T11:27:02","slug":"lampara-sun-h10-118w-lampara-de-secado-led-uv","status":"publish","type":"product","link":"https:\/\/hannacosmetica.com\/fr\/tienda\/maquinaria\/lamparas-de-secado-de-unas\/lampara-sun-h10-118w-lampara-de-secado-led-uv\/","title":{"rendered":"L\u00e1mpara Sun H10 118w \/ L\u00e1mpara de  secado LED\/UV"},"content":{"rendered":"<ul class=\"a-unordered-list a-vertical a-spacing-mini\">\n<li class=\"a-spacing-mini\"><span class=\"a-list-item\">Temporizador de 3 marchas: la l\u00e1mpara de u\u00f1as adopta un temporizador de 3 marchas, control preciso. 10S\/30S\/60S\/sincronizaci\u00f3n precisa para el curado, controle f\u00e1cilmente el tiempo de curado para el recubrimiento superior, el recubrimiento base, el gel de extensi\u00f3n de u\u00f1as, etc.<\/span><\/li>\n<li class=\"a-spacing-mini\"><span class=\"a-list-item\">Sensor de infrarrojos inteligente: la luz de u\u00f1as adopta un sensor de infrarrojos inteligente, el sensor inteligente de infrarrojos puede identificar sensiblemente la inducci\u00f3n de la mano, las manos del t\u00e9cnico de u\u00f1as se pueden liberar durante el proceso.<\/span><\/li>\n<li class=\"a-spacing-mini\"><span class=\"a-list-item\">Dise\u00f1o f\u00e1cil de usar: la l\u00e1mpara para decoraci\u00f3n de u\u00f1as est\u00e1 dise\u00f1ada para ser f\u00e1cil de usar, con un dise\u00f1o humanizado, libera tus manos y ofrece flexibilidad de iluminaci\u00f3n. Mejore la eficiencia del arte de las u\u00f1as y brinde una maravillosa experiencia de arte de las u\u00f1as.<\/span><\/li>\n<li class=\"a-spacing-mini\"><span class=\"a-list-item\">F\u00e1cil de limpiar: l\u00e1mpara de curado de u\u00f1as con placa inferior insertable y el dise\u00f1o de la placa inferior insertable se puede quitar f\u00e1cilmente, es f\u00e1cil de limpiar, cura el gel para u\u00f1as de manos y pies de manera conveniente y r\u00e1pida, acortando el tiempo de manicura.<\/span><\/li>\n<li class=\"a-spacing-mini\"><span class=\"a-list-item\">Secado r\u00e1pido: la luz para u\u00f1as adopta una potencia de salida de 118 W, seca r\u00e1pidamente todo tipo de esmalte de u\u00f1as, as\u00ed como diamantes de imitaci\u00f3n adhesivos, gel de extensi\u00f3n de u\u00f1as y otros tipos comunes de geles de manicura, para brindarle una hermosa experiencia de u\u00f1as.<\/span><\/li>\n<\/ul>","protected":false},"excerpt":{"rendered":"<p>Temporizador de 3 marchas: la l\u00e1mpara de u\u00f1as adopta un temporizador de 3 marchas, control preciso. 10S\/30S\/60S\/sincronizaci\u00f3n precisa para el curado, controle&hellip;<\/p>","protected":false},"featured_media":20855,"comment_status":"open","ping_status":"closed","template":"","meta":[],"product_cat":[304,82,86,119,87],"product_tag":[],"yoast_head":"<!-- This site is optimized with the Yoast SEO plugin v19.9 - https:\/\/yoast.com\/wordpress\/plugins\/seo\/ -->\n<title>L\u00e1mpara Sun H10 118w \/ L\u00e1mpara de secado LED\/UV - Hanna Cosm\u00e9tica<\/title>\n<meta name=\"robots\" content=\"index, follow, max-snippet:-1, max-image-preview:large, max-video-preview:-1\" \/>\n<link rel=\"canonical\" href=\"https:\/\/hannacosmetica.com\/fr\/tienda\/maquinaria\/lamparas-de-secado-de-unas\/lampara-sun-h10-118w-lampara-de-secado-led-uv\/\" \/>\n<meta property=\"og:locale\" content=\"fr_FR\" \/>\n<meta property=\"og:type\" content=\"article\" \/>\n<meta property=\"og:title\" content=\"L\u00e1mpara Sun H10 118w \/ L\u00e1mpara de secado LED\/UV - Hanna Cosm\u00e9tica\" \/>\n<meta property=\"og:description\" content=\"Temporizador de 3 marchas: la l\u00e1mpara de u\u00f1as adopta un temporizador de 3 marchas, control preciso. 10S\/30S\/60S\/sincronizaci\u00f3n precisa para el curado, controle&hellip;\" \/>\n<meta property=\"og:url\" content=\"https:\/\/hannacosmetica.com\/fr\/tienda\/maquinaria\/lamparas-de-secado-de-unas\/lampara-sun-h10-118w-lampara-de-secado-led-uv\/\" \/>\n<meta property=\"og:site_name\" content=\"Hanna Cosm\u00e9tica\" \/>\n<meta property=\"article:modified_time\" content=\"2026-02-19T11:27:02+00:00\" \/>\n<meta property=\"og:image\" content=\"https:\/\/hannacosmetica.com\/wp-content\/uploads\/2025\/07\/5-Patas-para-una-mayor-firmeza-1.pdf-27.png\" \/>\n\t<meta property=\"og:image:width\" content=\"1469\" \/>\n\t<meta property=\"og:image:height\" content=\"1313\" \/>\n\t<meta property=\"og:image:type\" content=\"image\/png\" \/>\n<meta name=\"twitter:card\" content=\"summary_large_image\" \/>\n<script type=\"application\/ld+json\" class=\"yoast-schema-graph\">{\"@context\":\"https:\/\/schema.org\",\"@graph\":[{\"@type\":\"WebPage\",\"@id\":\"https:\/\/hannacosmetica.com\/tienda\/maquinaria\/lamparas-de-secado-de-unas\/lampara-sun-h10-118w-lampara-de-secado-led-uv\/\",\"url\":\"https:\/\/hannacosmetica.com\/tienda\/maquinaria\/lamparas-de-secado-de-unas\/lampara-sun-h10-118w-lampara-de-secado-led-uv\/\",\"name\":\"L\u00e1mpara Sun H10 118w \/ L\u00e1mpara de secado LED\/UV - Hanna Cosm\u00e9tica\",\"isPartOf\":{\"@id\":\"https:\/\/hannacosmetica.com\/#website\"},\"datePublished\":\"2025-07-28T14:45:02+00:00\",\"dateModified\":\"2026-02-19T11:27:02+00:00\",\"breadcrumb\":{\"@id\":\"https:\/\/hannacosmetica.com\/tienda\/maquinaria\/lamparas-de-secado-de-unas\/lampara-sun-h10-118w-lampara-de-secado-led-uv\/#breadcrumb\"},\"inLanguage\":\"fr-FR\",\"potentialAction\":[{\"@type\":\"ReadAction\",\"target\":[\"https:\/\/hannacosmetica.com\/tienda\/maquinaria\/lamparas-de-secado-de-unas\/lampara-sun-h10-118w-lampara-de-secado-led-uv\/\"]}]},{\"@type\":\"BreadcrumbList\",\"@id\":\"https:\/\/hannacosmetica.com\/tienda\/maquinaria\/lamparas-de-secado-de-unas\/lampara-sun-h10-118w-lampara-de-secado-led-uv\/#breadcrumb\",\"itemListElement\":[{\"@type\":\"ListItem\",\"position\":1,\"name\":\"Portada\",\"item\":\"https:\/\/hannacosmetica.com\/\"},{\"@type\":\"ListItem\",\"position\":2,\"name\":\"Tienda\",\"item\":\"https:\/\/hannacosmetica.com\/shop\/\"},{\"@type\":\"ListItem\",\"position\":3,\"name\":\"L\u00e1mpara Sun H10 118w \/ L\u00e1mpara de secado LED\/UV\"}]},{\"@type\":\"WebSite\",\"@id\":\"https:\/\/hannacosmetica.com\/#website\",\"url\":\"https:\/\/hannacosmetica.com\/\",\"name\":\"Hanna Cosm\u00e9tica\",\"description\":\"Tienda de productos u\u00f1as, bellezas y peluquer\u00edas\",\"publisher\":{\"@id\":\"https:\/\/hannacosmetica.com\/#organization\"},\"potentialAction\":[{\"@type\":\"SearchAction\",\"target\":{\"@type\":\"EntryPoint\",\"urlTemplate\":\"https:\/\/hannacosmetica.com\/?s={search_term_string}\"},\"query-input\":\"required name=search_term_string\"}],\"inLanguage\":\"fr-FR\"},{\"@type\":\"Organization\",\"@id\":\"https:\/\/hannacosmetica.com\/#organization\",\"name\":\"Hanna Cosm\u00e9tica\",\"url\":\"https:\/\/hannacosmetica.com\/\",\"logo\":{\"@type\":\"ImageObject\",\"inLanguage\":\"fr-FR\",\"@id\":\"https:\/\/hannacosmetica.com\/#\/schema\/logo\/image\/\",\"url\":\"https:\/\/hannacosmetica.com\/wp-content\/uploads\/2022\/07\/Logo-Joyeria-Femenino-Floral-Negro.png\",\"contentUrl\":\"https:\/\/hannacosmetica.com\/wp-content\/uploads\/2022\/07\/Logo-Joyeria-Femenino-Floral-Negro.png\",\"width\":361,\"height\":126,\"caption\":\"Hanna Cosm\u00e9tica\"},\"image\":{\"@id\":\"https:\/\/hannacosmetica.com\/#\/schema\/logo\/image\/\"}}]}<\/script>\n<!-- \/ Yoast SEO plugin. -->","yoast_head_json":{"title":"L\u00e1mpara Sun H10 118w \/ L\u00e1mpara de secado LED\/UV - Hanna Cosm\u00e9tica","robots":{"index":"index","follow":"follow","max-snippet":"max-snippet:-1","max-image-preview":"max-image-preview:large","max-video-preview":"max-video-preview:-1"},"canonical":"https:\/\/hannacosmetica.com\/fr\/tienda\/maquinaria\/lamparas-de-secado-de-unas\/lampara-sun-h10-118w-lampara-de-secado-led-uv\/","og_locale":"fr_FR","og_type":"article","og_title":"L\u00e1mpara Sun H10 118w \/ L\u00e1mpara de secado LED\/UV - Hanna Cosm\u00e9tica","og_description":"Temporizador de 3 marchas: la l\u00e1mpara de u\u00f1as adopta un temporizador de 3 marchas, control preciso. 10S\/30S\/60S\/sincronizaci\u00f3n precisa para el curado, controle&hellip;","og_url":"https:\/\/hannacosmetica.com\/fr\/tienda\/maquinaria\/lamparas-de-secado-de-unas\/lampara-sun-h10-118w-lampara-de-secado-led-uv\/","og_site_name":"Hanna Cosm\u00e9tica","article_modified_time":"2026-02-19T11:27:02+00:00","og_image":[{"width":1469,"height":1313,"url":"https:\/\/hannacosmetica.com\/wp-content\/uploads\/2025\/07\/5-Patas-para-una-mayor-firmeza-1.pdf-27.png","type":"image\/png"}],"twitter_card":"summary_large_image","schema":{"@context":"https:\/\/schema.org","@graph":[{"@type":"WebPage","@id":"https:\/\/hannacosmetica.com\/tienda\/maquinaria\/lamparas-de-secado-de-unas\/lampara-sun-h10-118w-lampara-de-secado-led-uv\/","url":"https:\/\/hannacosmetica.com\/tienda\/maquinaria\/lamparas-de-secado-de-unas\/lampara-sun-h10-118w-lampara-de-secado-led-uv\/","name":"L\u00e1mpara Sun H10 118w \/ L\u00e1mpara de secado LED\/UV - Hanna Cosm\u00e9tica","isPartOf":{"@id":"https:\/\/hannacosmetica.com\/#website"},"datePublished":"2025-07-28T14:45:02+00:00","dateModified":"2026-02-19T11:27:02+00:00","breadcrumb":{"@id":"https:\/\/hannacosmetica.com\/tienda\/maquinaria\/lamparas-de-secado-de-unas\/lampara-sun-h10-118w-lampara-de-secado-led-uv\/#breadcrumb"},"inLanguage":"fr-FR","potentialAction":[{"@type":"ReadAction","target":["https:\/\/hannacosmetica.com\/tienda\/maquinaria\/lamparas-de-secado-de-unas\/lampara-sun-h10-118w-lampara-de-secado-led-uv\/"]}]},{"@type":"BreadcrumbList","@id":"https:\/\/hannacosmetica.com\/tienda\/maquinaria\/lamparas-de-secado-de-unas\/lampara-sun-h10-118w-lampara-de-secado-led-uv\/#breadcrumb","itemListElement":[{"@type":"ListItem","position":1,"name":"Portada","item":"https:\/\/hannacosmetica.com\/"},{"@type":"ListItem","position":2,"name":"Tienda","item":"https:\/\/hannacosmetica.com\/shop\/"},{"@type":"ListItem","position":3,"name":"L\u00e1mpara Sun H10 118w \/ L\u00e1mpara de secado LED\/UV"}]},{"@type":"WebSite","@id":"https:\/\/hannacosmetica.com\/#website","url":"https:\/\/hannacosmetica.com\/","name":"Hanna Cosm\u00e9tica","description":"Tienda de productos u\u00f1as, bellezas y peluquer\u00edas","publisher":{"@id":"https:\/\/hannacosmetica.com\/#organization"},"potentialAction":[{"@type":"SearchAction","target":{"@type":"EntryPoint","urlTemplate":"https:\/\/hannacosmetica.com\/?s={search_term_string}"},"query-input":"required name=search_term_string"}],"inLanguage":"fr-FR"},{"@type":"Organization","@id":"https:\/\/hannacosmetica.com\/#organization","name":"Hanna Cosm\u00e9tica","url":"https:\/\/hannacosmetica.com\/","logo":{"@type":"ImageObject","inLanguage":"fr-FR","@id":"https:\/\/hannacosmetica.com\/#\/schema\/logo\/image\/","url":"https:\/\/hannacosmetica.com\/wp-content\/uploads\/2022\/07\/Logo-Joyeria-Femenino-Floral-Negro.png","contentUrl":"https:\/\/hannacosmetica.com\/wp-content\/uploads\/2022\/07\/Logo-Joyeria-Femenino-Floral-Negro.png","width":361,"height":126,"caption":"Hanna Cosm\u00e9tica"},"image":{"@id":"https:\/\/hannacosmetica.com\/#\/schema\/logo\/image\/"}}]}},"_links":{"self":[{"href":"https:\/\/hannacosmetica.com\/fr\/wp-json\/wp\/v2\/product\/20853"}],"collection":[{"href":"https:\/\/hannacosmetica.com\/fr\/wp-json\/wp\/v2\/product"}],"about":[{"href":"https:\/\/hannacosmetica.com\/fr\/wp-json\/wp\/v2\/types\/product"}],"replies":[{"embeddable":true,"href":"https:\/\/hannacosmetica.com\/fr\/wp-json\/wp\/v2\/comments?post=20853"}],"version-history":[{"count":1,"href":"https:\/\/hannacosmetica.com\/fr\/wp-json\/wp\/v2\/product\/20853\/revisions"}],"predecessor-version":[{"id":20858,"href":"https:\/\/hannacosmetica.com\/fr\/wp-json\/wp\/v2\/product\/20853\/revisions\/20858"}],"wp:featuredmedia":[{"embeddable":true,"href":"https:\/\/hannacosmetica.com\/fr\/wp-json\/wp\/v2\/media\/20855"}],"wp:attachment":[{"href":"https:\/\/hannacosmetica.com\/fr\/wp-json\/wp\/v2\/media?parent=20853"}],"wp:term":[{"taxonomy":"product_cat","embeddable":true,"href":"https:\/\/hannacosmetica.com\/fr\/wp-json\/wp\/v2\/product_cat?post=20853"},{"taxonomy":"product_tag","embeddable":true,"href":"https:\/\/hannacosmetica.com\/fr\/wp-json\/wp\/v2\/product_tag?post=20853"}],"curies":[{"name":"wp","href":"https:\/\/api.w.org\/{rel}","templated":true}]}}