{"id":20803,"date":"2025-07-24T09:40:01","date_gmt":"2025-07-24T09:40:01","guid":{"rendered":"https:\/\/hannacosmetica.com\/?post_type=product&#038;p=20803"},"modified":"2025-07-24T10:00:04","modified_gmt":"2025-07-24T10:00:04","slug":"50-parches-para-extension-de-pestanas-paerche-de-gel","status":"publish","type":"product","link":"https:\/\/hannacosmetica.com\/fr\/tienda\/pestanas\/complementos-pestanas\/50-parches-para-extension-de-pestanas-paerche-de-gel\/","title":{"rendered":"50 Parches para extension de pesta\u00f1as\/paerche de Gel"},"content":{"rendered":"<ul class=\"a-unordered-list a-vertical a-spacing-mini\">\n<li class=\"a-spacing-mini\"><span class=\"a-list-item\">El Paquete Individual: 50 pares de parches de extensi\u00f3n de pesta\u00f1as para tratamiento sin extensi\u00f3n de ojos. El parche de pesta\u00f1as est\u00e1 dise\u00f1ado para la aplicaci\u00f3n de la extensi\u00f3n de las pesta\u00f1as, la coloraci\u00f3n de las pesta\u00f1as, la permanente de las pesta\u00f1as, el cuidado del rostro o el maquillaje.<\/span><\/li>\n<li class=\"a-spacing-mini\"><span class=\"a-list-item\">C\u00f3mo Utilizarlo: Limpia y seca cuidadosamente la cara, retira el parche de la pel\u00edcula de pl\u00e1stico, col\u00f3cala bajo los ojos durante las pesta\u00f1as y retira lentamente de los bordes.<\/span><\/li>\n<li class=\"a-spacing-mini\"><span class=\"a-list-item\">Profesional: Perfecto para tratamientos de pesta\u00f1as, de buena calidad, es apto para uso diario. Sin pelusa, sin l\u00e1tex.Almohadillas para ojos 100% a base de extractos de plantas naturales para extensiones de pesta\u00f1as, que hidratan y reafirman la piel, no irritan los ojos.<\/span><\/li>\n<li class=\"a-spacing-mini\"><span class=\"a-list-item\">Hidrataci\u00f3n C\u00f3moda: Composici\u00f3n suave para todo tipo de piel, sin dolor por descamaci\u00f3n, los ingredientes cosm\u00e9ticos hidratan los ojos durante la cirug\u00eda. Hace que tu piel se miniaturice y refresque.<\/span><\/li>\n<li class=\"a-spacing-mini\"><span class=\"a-list-item\">\u00danete Perfectamente: Los parches de gel tienen la viscosidad adecuada y la forma especial evita que el levantamiento de las almohadillas de gel se mueva en los ojos de los clientes. Tampoco est\u00e1n demasiado h\u00famedos y no dejan residuos en los ojos de<\/span><\/li>\n<\/ul>","protected":false},"excerpt":{"rendered":"<p>El Paquete Individual: 50 pares de parches de extensi\u00f3n de pesta\u00f1as para tratamiento sin extensi\u00f3n de ojos. El parche de pesta\u00f1as est\u00e1&hellip;<\/p>","protected":false},"featured_media":20649,"comment_status":"open","ping_status":"closed","template":"","meta":[],"product_cat":[304,85,117,87],"product_tag":[],"yoast_head":"<!-- This site is optimized with the Yoast SEO plugin v19.9 - https:\/\/yoast.com\/wordpress\/plugins\/seo\/ -->\n<title>50 Parches para extension de pesta\u00f1as\/paerche de Gel - Hanna Cosm\u00e9tica<\/title>\n<meta name=\"robots\" content=\"index, follow, max-snippet:-1, max-image-preview:large, max-video-preview:-1\" \/>\n<link rel=\"canonical\" href=\"https:\/\/hannacosmetica.com\/fr\/tienda\/pestanas\/complementos-pestanas\/50-parches-para-extension-de-pestanas-paerche-de-gel\/\" \/>\n<meta property=\"og:locale\" content=\"fr_FR\" \/>\n<meta property=\"og:type\" content=\"article\" \/>\n<meta property=\"og:title\" content=\"50 Parches para extension de pesta\u00f1as\/paerche de Gel - Hanna Cosm\u00e9tica\" \/>\n<meta property=\"og:description\" content=\"El Paquete Individual: 50 pares de parches de extensi\u00f3n de pesta\u00f1as para tratamiento sin extensi\u00f3n de ojos. El parche de pesta\u00f1as est\u00e1&hellip;\" \/>\n<meta property=\"og:url\" content=\"https:\/\/hannacosmetica.com\/fr\/tienda\/pestanas\/complementos-pestanas\/50-parches-para-extension-de-pestanas-paerche-de-gel\/\" \/>\n<meta property=\"og:site_name\" content=\"Hanna Cosm\u00e9tica\" \/>\n<meta property=\"article:modified_time\" content=\"2025-07-24T10:00:04+00:00\" \/>\n<meta property=\"og:image\" content=\"https:\/\/hannacosmetica.com\/wp-content\/uploads\/2025\/07\/5-Patas-para-una-mayor-firmeza-36.png\" \/>\n\t<meta property=\"og:image:width\" content=\"1469\" \/>\n\t<meta property=\"og:image:height\" content=\"1313\" \/>\n\t<meta property=\"og:image:type\" content=\"image\/png\" \/>\n<meta name=\"twitter:card\" content=\"summary_large_image\" \/>\n<script type=\"application\/ld+json\" class=\"yoast-schema-graph\">{\"@context\":\"https:\/\/schema.org\",\"@graph\":[{\"@type\":\"WebPage\",\"@id\":\"https:\/\/hannacosmetica.com\/tienda\/pestanas\/complementos-pestanas\/50-parches-para-extension-de-pestanas-paerche-de-gel\/\",\"url\":\"https:\/\/hannacosmetica.com\/tienda\/pestanas\/complementos-pestanas\/50-parches-para-extension-de-pestanas-paerche-de-gel\/\",\"name\":\"50 Parches para extension de pesta\u00f1as\/paerche de Gel - Hanna Cosm\u00e9tica\",\"isPartOf\":{\"@id\":\"https:\/\/hannacosmetica.com\/#website\"},\"datePublished\":\"2025-07-24T09:40:01+00:00\",\"dateModified\":\"2025-07-24T10:00:04+00:00\",\"breadcrumb\":{\"@id\":\"https:\/\/hannacosmetica.com\/tienda\/pestanas\/complementos-pestanas\/50-parches-para-extension-de-pestanas-paerche-de-gel\/#breadcrumb\"},\"inLanguage\":\"fr-FR\",\"potentialAction\":[{\"@type\":\"ReadAction\",\"target\":[\"https:\/\/hannacosmetica.com\/tienda\/pestanas\/complementos-pestanas\/50-parches-para-extension-de-pestanas-paerche-de-gel\/\"]}]},{\"@type\":\"BreadcrumbList\",\"@id\":\"https:\/\/hannacosmetica.com\/tienda\/pestanas\/complementos-pestanas\/50-parches-para-extension-de-pestanas-paerche-de-gel\/#breadcrumb\",\"itemListElement\":[{\"@type\":\"ListItem\",\"position\":1,\"name\":\"Portada\",\"item\":\"https:\/\/hannacosmetica.com\/\"},{\"@type\":\"ListItem\",\"position\":2,\"name\":\"Tienda\",\"item\":\"https:\/\/hannacosmetica.com\/shop\/\"},{\"@type\":\"ListItem\",\"position\":3,\"name\":\"50 Parches para extension de pesta\u00f1as\/paerche de Gel\"}]},{\"@type\":\"WebSite\",\"@id\":\"https:\/\/hannacosmetica.com\/#website\",\"url\":\"https:\/\/hannacosmetica.com\/\",\"name\":\"Hanna Cosm\u00e9tica\",\"description\":\"Tienda de productos u\u00f1as, bellezas y peluquer\u00edas\",\"publisher\":{\"@id\":\"https:\/\/hannacosmetica.com\/#organization\"},\"potentialAction\":[{\"@type\":\"SearchAction\",\"target\":{\"@type\":\"EntryPoint\",\"urlTemplate\":\"https:\/\/hannacosmetica.com\/?s={search_term_string}\"},\"query-input\":\"required name=search_term_string\"}],\"inLanguage\":\"fr-FR\"},{\"@type\":\"Organization\",\"@id\":\"https:\/\/hannacosmetica.com\/#organization\",\"name\":\"Hanna Cosm\u00e9tica\",\"url\":\"https:\/\/hannacosmetica.com\/\",\"logo\":{\"@type\":\"ImageObject\",\"inLanguage\":\"fr-FR\",\"@id\":\"https:\/\/hannacosmetica.com\/#\/schema\/logo\/image\/\",\"url\":\"https:\/\/hannacosmetica.com\/wp-content\/uploads\/2022\/07\/Logo-Joyeria-Femenino-Floral-Negro.png\",\"contentUrl\":\"https:\/\/hannacosmetica.com\/wp-content\/uploads\/2022\/07\/Logo-Joyeria-Femenino-Floral-Negro.png\",\"width\":361,\"height\":126,\"caption\":\"Hanna Cosm\u00e9tica\"},\"image\":{\"@id\":\"https:\/\/hannacosmetica.com\/#\/schema\/logo\/image\/\"}}]}<\/script>\n<!-- \/ Yoast SEO plugin. -->","yoast_head_json":{"title":"50 Parches para extension de pesta\u00f1as\/paerche de Gel - Hanna Cosm\u00e9tica","robots":{"index":"index","follow":"follow","max-snippet":"max-snippet:-1","max-image-preview":"max-image-preview:large","max-video-preview":"max-video-preview:-1"},"canonical":"https:\/\/hannacosmetica.com\/fr\/tienda\/pestanas\/complementos-pestanas\/50-parches-para-extension-de-pestanas-paerche-de-gel\/","og_locale":"fr_FR","og_type":"article","og_title":"50 Parches para extension de pesta\u00f1as\/paerche de Gel - Hanna Cosm\u00e9tica","og_description":"El Paquete Individual: 50 pares de parches de extensi\u00f3n de pesta\u00f1as para tratamiento sin extensi\u00f3n de ojos. El parche de pesta\u00f1as est\u00e1&hellip;","og_url":"https:\/\/hannacosmetica.com\/fr\/tienda\/pestanas\/complementos-pestanas\/50-parches-para-extension-de-pestanas-paerche-de-gel\/","og_site_name":"Hanna Cosm\u00e9tica","article_modified_time":"2025-07-24T10:00:04+00:00","og_image":[{"width":1469,"height":1313,"url":"https:\/\/hannacosmetica.com\/wp-content\/uploads\/2025\/07\/5-Patas-para-una-mayor-firmeza-36.png","type":"image\/png"}],"twitter_card":"summary_large_image","schema":{"@context":"https:\/\/schema.org","@graph":[{"@type":"WebPage","@id":"https:\/\/hannacosmetica.com\/tienda\/pestanas\/complementos-pestanas\/50-parches-para-extension-de-pestanas-paerche-de-gel\/","url":"https:\/\/hannacosmetica.com\/tienda\/pestanas\/complementos-pestanas\/50-parches-para-extension-de-pestanas-paerche-de-gel\/","name":"50 Parches para extension de pesta\u00f1as\/paerche de Gel - Hanna Cosm\u00e9tica","isPartOf":{"@id":"https:\/\/hannacosmetica.com\/#website"},"datePublished":"2025-07-24T09:40:01+00:00","dateModified":"2025-07-24T10:00:04+00:00","breadcrumb":{"@id":"https:\/\/hannacosmetica.com\/tienda\/pestanas\/complementos-pestanas\/50-parches-para-extension-de-pestanas-paerche-de-gel\/#breadcrumb"},"inLanguage":"fr-FR","potentialAction":[{"@type":"ReadAction","target":["https:\/\/hannacosmetica.com\/tienda\/pestanas\/complementos-pestanas\/50-parches-para-extension-de-pestanas-paerche-de-gel\/"]}]},{"@type":"BreadcrumbList","@id":"https:\/\/hannacosmetica.com\/tienda\/pestanas\/complementos-pestanas\/50-parches-para-extension-de-pestanas-paerche-de-gel\/#breadcrumb","itemListElement":[{"@type":"ListItem","position":1,"name":"Portada","item":"https:\/\/hannacosmetica.com\/"},{"@type":"ListItem","position":2,"name":"Tienda","item":"https:\/\/hannacosmetica.com\/shop\/"},{"@type":"ListItem","position":3,"name":"50 Parches para extension de pesta\u00f1as\/paerche de Gel"}]},{"@type":"WebSite","@id":"https:\/\/hannacosmetica.com\/#website","url":"https:\/\/hannacosmetica.com\/","name":"Hanna Cosm\u00e9tica","description":"Tienda de productos u\u00f1as, bellezas y peluquer\u00edas","publisher":{"@id":"https:\/\/hannacosmetica.com\/#organization"},"potentialAction":[{"@type":"SearchAction","target":{"@type":"EntryPoint","urlTemplate":"https:\/\/hannacosmetica.com\/?s={search_term_string}"},"query-input":"required name=search_term_string"}],"inLanguage":"fr-FR"},{"@type":"Organization","@id":"https:\/\/hannacosmetica.com\/#organization","name":"Hanna Cosm\u00e9tica","url":"https:\/\/hannacosmetica.com\/","logo":{"@type":"ImageObject","inLanguage":"fr-FR","@id":"https:\/\/hannacosmetica.com\/#\/schema\/logo\/image\/","url":"https:\/\/hannacosmetica.com\/wp-content\/uploads\/2022\/07\/Logo-Joyeria-Femenino-Floral-Negro.png","contentUrl":"https:\/\/hannacosmetica.com\/wp-content\/uploads\/2022\/07\/Logo-Joyeria-Femenino-Floral-Negro.png","width":361,"height":126,"caption":"Hanna Cosm\u00e9tica"},"image":{"@id":"https:\/\/hannacosmetica.com\/#\/schema\/logo\/image\/"}}]}},"_links":{"self":[{"href":"https:\/\/hannacosmetica.com\/fr\/wp-json\/wp\/v2\/product\/20803"}],"collection":[{"href":"https:\/\/hannacosmetica.com\/fr\/wp-json\/wp\/v2\/product"}],"about":[{"href":"https:\/\/hannacosmetica.com\/fr\/wp-json\/wp\/v2\/types\/product"}],"replies":[{"embeddable":true,"href":"https:\/\/hannacosmetica.com\/fr\/wp-json\/wp\/v2\/comments?post=20803"}],"version-history":[{"count":1,"href":"https:\/\/hannacosmetica.com\/fr\/wp-json\/wp\/v2\/product\/20803\/revisions"}],"predecessor-version":[{"id":20811,"href":"https:\/\/hannacosmetica.com\/fr\/wp-json\/wp\/v2\/product\/20803\/revisions\/20811"}],"wp:featuredmedia":[{"embeddable":true,"href":"https:\/\/hannacosmetica.com\/fr\/wp-json\/wp\/v2\/media\/20649"}],"wp:attachment":[{"href":"https:\/\/hannacosmetica.com\/fr\/wp-json\/wp\/v2\/media?parent=20803"}],"wp:term":[{"taxonomy":"product_cat","embeddable":true,"href":"https:\/\/hannacosmetica.com\/fr\/wp-json\/wp\/v2\/product_cat?post=20803"},{"taxonomy":"product_tag","embeddable":true,"href":"https:\/\/hannacosmetica.com\/fr\/wp-json\/wp\/v2\/product_tag?post=20803"}],"curies":[{"name":"wp","href":"https:\/\/api.w.org\/{rel}","templated":true}]}}