{"id":20613,"date":"2025-07-10T12:04:23","date_gmt":"2025-07-10T12:04:23","guid":{"rendered":"https:\/\/hannacosmetica.com\/?post_type=product&#038;p=20613"},"modified":"2025-08-19T09:19:14","modified_gmt":"2025-08-19T09:19:14","slug":"tips-enteros-soft-gel-redondo-440pcs","status":"publish","type":"product","link":"https:\/\/hannacosmetica.com\/fr\/tienda\/manicura\/tips\/tips-enteros-soft-gel-redondo-440pcs\/","title":{"rendered":"Tips Enteros Soft Gel Diferentes Formas"},"content":{"rendered":"<ul class=\"a-unordered-list a-vertical a-spacing-mini\">\n<li class=\"a-spacing-mini\"><span class=\"a-list-item\">las Puntas de U\u00f1as Ultradelgadas de Cobertura Completa: Tips u\u00f1as transparentes est\u00e1 hecho de material ABS de alta calidad, en comparaci\u00f3n con las puntas de u\u00f1as tradicionales, puede adaptarse perfectamente al lecho ungueal, ser m\u00e1s duradero y resistente al uso diario y brindar una buena protecci\u00f3n para u\u00f1as f\u00e1cilmente sensibles o fr\u00e1giles<\/span><\/li>\n<li class=\"a-spacing-mini\"><span class=\"a-list-item\">Antifractura, No Deja Marcas: Tips u\u00f1as para principiantes tiene buena comodidad y ajuste, incoloro, inoloro, inofensivo para nuestras u\u00f1as, no se preocupe por romperse o dejar arrugas, es m\u00e1s flexible y estirable que las puntas de u\u00f1as de pl\u00e1stico tradicionales y m\u00e1s f\u00e1cil de dar forma y crear diferentes formas durante el uso, lo que le permite disfrutar de una experiencia perfecta en el arte de las u\u00f1as.<\/span><\/li>\n<li class=\"a-spacing-mini\"><span class=\"a-list-item\">440-550 <\/span><span class=\"a-list-item\">Piezas con 11 Tama\u00f1os: U\u00f1as postizas gel para casa tiene un\u00a0 (numerados del 0 -10), cada tama\u00f1o tiene 40-50piezas, que pueden satisfacer las necesidades de los lechos ungueales de la mayor\u00eda de las personas, cada punta de u\u00f1a tiene 40 piezas por\u00a0 n\u00famero, que puede encontrar r\u00e1pidamente la u\u00f1a que desea, esta placa de u\u00f1a es m\u00e1s larga que las yemas de los dedos en el mercado, lo que es beneficioso para dar forma y cortar, present\u00e1ndole un estilo de arte de u\u00f1as diferente<\/span><\/li>\n<li class=\"a-spacing-mini\"><span class=\"a-list-item\">Pruebe Varias Formas: Tips u\u00f1as postizas puede crear diferentes Estilos de arte de u\u00f1as, como arte de u\u00f1as franc\u00e9s, decoraci\u00f3n de arte de u\u00f1as, tallado de arte de u\u00f1as, es f\u00e1cil de aplicar color, tiene una fuerte adherencia y no deja marcas incluso despu\u00e9s de su uso, lo que lo hace muy amigable con nuestras u\u00f1as naturales, las puntas de las u\u00f1as son seguras y amigables con la piel, pueden mantener colores brillantes y duraderos, no se desvanecen f\u00e1cilmente y pueden durar aproximadamente +28 d\u00edas.<\/span><\/li>\n<\/ul>","protected":false},"excerpt":{"rendered":"<p>las Puntas de U\u00f1as Ultradelgadas de Cobertura Completa: Tips u\u00f1as transparentes est\u00e1 hecho de material ABS de alta calidad, en comparaci\u00f3n con&hellip;<\/p>","protected":false},"featured_media":20614,"comment_status":"open","ping_status":"closed","template":"","meta":[],"product_cat":[304,465,82,102,87],"product_tag":[],"yoast_head":"<!-- This site is optimized with the Yoast SEO plugin v19.9 - https:\/\/yoast.com\/wordpress\/plugins\/seo\/ -->\n<title>Tips Enteros Soft Gel Diferentes Formas - Hanna Cosm\u00e9tica<\/title>\n<meta name=\"robots\" content=\"index, follow, max-snippet:-1, max-image-preview:large, max-video-preview:-1\" \/>\n<link rel=\"canonical\" href=\"https:\/\/hannacosmetica.com\/fr\/tienda\/manicura\/tips\/tips-enteros-soft-gel-redondo-440pcs\/\" \/>\n<meta property=\"og:locale\" content=\"fr_FR\" \/>\n<meta property=\"og:type\" content=\"article\" \/>\n<meta property=\"og:title\" content=\"Tips Enteros Soft Gel Diferentes Formas - Hanna Cosm\u00e9tica\" \/>\n<meta property=\"og:description\" content=\"las Puntas de U\u00f1as Ultradelgadas de Cobertura Completa: Tips u\u00f1as transparentes est\u00e1 hecho de material ABS de alta calidad, en comparaci\u00f3n con&hellip;\" \/>\n<meta property=\"og:url\" content=\"https:\/\/hannacosmetica.com\/fr\/tienda\/manicura\/tips\/tips-enteros-soft-gel-redondo-440pcs\/\" \/>\n<meta property=\"og:site_name\" content=\"Hanna Cosm\u00e9tica\" \/>\n<meta property=\"article:modified_time\" content=\"2025-08-19T09:19:14+00:00\" \/>\n<meta property=\"og:image\" content=\"https:\/\/hannacosmetica.com\/wp-content\/uploads\/2025\/07\/5-Patas-para-una-mayor-firmeza-480-x-420-px-2025-07-10T140108.838.png\" \/>\n\t<meta property=\"og:image:width\" content=\"1500\" \/>\n\t<meta property=\"og:image:height\" content=\"1312\" \/>\n\t<meta property=\"og:image:type\" content=\"image\/png\" \/>\n<meta name=\"twitter:card\" content=\"summary_large_image\" \/>\n<script type=\"application\/ld+json\" class=\"yoast-schema-graph\">{\"@context\":\"https:\/\/schema.org\",\"@graph\":[{\"@type\":\"WebPage\",\"@id\":\"https:\/\/hannacosmetica.com\/tienda\/manicura\/tips\/tips-enteros-soft-gel-redondo-440pcs\/\",\"url\":\"https:\/\/hannacosmetica.com\/tienda\/manicura\/tips\/tips-enteros-soft-gel-redondo-440pcs\/\",\"name\":\"Tips Enteros Soft Gel Diferentes Formas - Hanna Cosm\u00e9tica\",\"isPartOf\":{\"@id\":\"https:\/\/hannacosmetica.com\/#website\"},\"datePublished\":\"2025-07-10T12:04:23+00:00\",\"dateModified\":\"2025-08-19T09:19:14+00:00\",\"breadcrumb\":{\"@id\":\"https:\/\/hannacosmetica.com\/tienda\/manicura\/tips\/tips-enteros-soft-gel-redondo-440pcs\/#breadcrumb\"},\"inLanguage\":\"fr-FR\",\"potentialAction\":[{\"@type\":\"ReadAction\",\"target\":[\"https:\/\/hannacosmetica.com\/tienda\/manicura\/tips\/tips-enteros-soft-gel-redondo-440pcs\/\"]}]},{\"@type\":\"BreadcrumbList\",\"@id\":\"https:\/\/hannacosmetica.com\/tienda\/manicura\/tips\/tips-enteros-soft-gel-redondo-440pcs\/#breadcrumb\",\"itemListElement\":[{\"@type\":\"ListItem\",\"position\":1,\"name\":\"Portada\",\"item\":\"https:\/\/hannacosmetica.com\/\"},{\"@type\":\"ListItem\",\"position\":2,\"name\":\"Tienda\",\"item\":\"https:\/\/hannacosmetica.com\/shop\/\"},{\"@type\":\"ListItem\",\"position\":3,\"name\":\"Tips Enteros Soft Gel Diferentes Formas\"}]},{\"@type\":\"WebSite\",\"@id\":\"https:\/\/hannacosmetica.com\/#website\",\"url\":\"https:\/\/hannacosmetica.com\/\",\"name\":\"Hanna Cosm\u00e9tica\",\"description\":\"Tienda de productos u\u00f1as, bellezas y peluquer\u00edas\",\"publisher\":{\"@id\":\"https:\/\/hannacosmetica.com\/#organization\"},\"potentialAction\":[{\"@type\":\"SearchAction\",\"target\":{\"@type\":\"EntryPoint\",\"urlTemplate\":\"https:\/\/hannacosmetica.com\/?s={search_term_string}\"},\"query-input\":\"required name=search_term_string\"}],\"inLanguage\":\"fr-FR\"},{\"@type\":\"Organization\",\"@id\":\"https:\/\/hannacosmetica.com\/#organization\",\"name\":\"Hanna Cosm\u00e9tica\",\"url\":\"https:\/\/hannacosmetica.com\/\",\"logo\":{\"@type\":\"ImageObject\",\"inLanguage\":\"fr-FR\",\"@id\":\"https:\/\/hannacosmetica.com\/#\/schema\/logo\/image\/\",\"url\":\"https:\/\/hannacosmetica.com\/wp-content\/uploads\/2022\/07\/Logo-Joyeria-Femenino-Floral-Negro.png\",\"contentUrl\":\"https:\/\/hannacosmetica.com\/wp-content\/uploads\/2022\/07\/Logo-Joyeria-Femenino-Floral-Negro.png\",\"width\":361,\"height\":126,\"caption\":\"Hanna Cosm\u00e9tica\"},\"image\":{\"@id\":\"https:\/\/hannacosmetica.com\/#\/schema\/logo\/image\/\"}}]}<\/script>\n<!-- \/ Yoast SEO plugin. -->","yoast_head_json":{"title":"Tips Enteros Soft Gel Diferentes Formas - Hanna Cosm\u00e9tica","robots":{"index":"index","follow":"follow","max-snippet":"max-snippet:-1","max-image-preview":"max-image-preview:large","max-video-preview":"max-video-preview:-1"},"canonical":"https:\/\/hannacosmetica.com\/fr\/tienda\/manicura\/tips\/tips-enteros-soft-gel-redondo-440pcs\/","og_locale":"fr_FR","og_type":"article","og_title":"Tips Enteros Soft Gel Diferentes Formas - Hanna Cosm\u00e9tica","og_description":"las Puntas de U\u00f1as Ultradelgadas de Cobertura Completa: Tips u\u00f1as transparentes est\u00e1 hecho de material ABS de alta calidad, en comparaci\u00f3n con&hellip;","og_url":"https:\/\/hannacosmetica.com\/fr\/tienda\/manicura\/tips\/tips-enteros-soft-gel-redondo-440pcs\/","og_site_name":"Hanna Cosm\u00e9tica","article_modified_time":"2025-08-19T09:19:14+00:00","og_image":[{"width":1500,"height":1312,"url":"https:\/\/hannacosmetica.com\/wp-content\/uploads\/2025\/07\/5-Patas-para-una-mayor-firmeza-480-x-420-px-2025-07-10T140108.838.png","type":"image\/png"}],"twitter_card":"summary_large_image","schema":{"@context":"https:\/\/schema.org","@graph":[{"@type":"WebPage","@id":"https:\/\/hannacosmetica.com\/tienda\/manicura\/tips\/tips-enteros-soft-gel-redondo-440pcs\/","url":"https:\/\/hannacosmetica.com\/tienda\/manicura\/tips\/tips-enteros-soft-gel-redondo-440pcs\/","name":"Tips Enteros Soft Gel Diferentes Formas - Hanna Cosm\u00e9tica","isPartOf":{"@id":"https:\/\/hannacosmetica.com\/#website"},"datePublished":"2025-07-10T12:04:23+00:00","dateModified":"2025-08-19T09:19:14+00:00","breadcrumb":{"@id":"https:\/\/hannacosmetica.com\/tienda\/manicura\/tips\/tips-enteros-soft-gel-redondo-440pcs\/#breadcrumb"},"inLanguage":"fr-FR","potentialAction":[{"@type":"ReadAction","target":["https:\/\/hannacosmetica.com\/tienda\/manicura\/tips\/tips-enteros-soft-gel-redondo-440pcs\/"]}]},{"@type":"BreadcrumbList","@id":"https:\/\/hannacosmetica.com\/tienda\/manicura\/tips\/tips-enteros-soft-gel-redondo-440pcs\/#breadcrumb","itemListElement":[{"@type":"ListItem","position":1,"name":"Portada","item":"https:\/\/hannacosmetica.com\/"},{"@type":"ListItem","position":2,"name":"Tienda","item":"https:\/\/hannacosmetica.com\/shop\/"},{"@type":"ListItem","position":3,"name":"Tips Enteros Soft Gel Diferentes Formas"}]},{"@type":"WebSite","@id":"https:\/\/hannacosmetica.com\/#website","url":"https:\/\/hannacosmetica.com\/","name":"Hanna Cosm\u00e9tica","description":"Tienda de productos u\u00f1as, bellezas y peluquer\u00edas","publisher":{"@id":"https:\/\/hannacosmetica.com\/#organization"},"potentialAction":[{"@type":"SearchAction","target":{"@type":"EntryPoint","urlTemplate":"https:\/\/hannacosmetica.com\/?s={search_term_string}"},"query-input":"required name=search_term_string"}],"inLanguage":"fr-FR"},{"@type":"Organization","@id":"https:\/\/hannacosmetica.com\/#organization","name":"Hanna Cosm\u00e9tica","url":"https:\/\/hannacosmetica.com\/","logo":{"@type":"ImageObject","inLanguage":"fr-FR","@id":"https:\/\/hannacosmetica.com\/#\/schema\/logo\/image\/","url":"https:\/\/hannacosmetica.com\/wp-content\/uploads\/2022\/07\/Logo-Joyeria-Femenino-Floral-Negro.png","contentUrl":"https:\/\/hannacosmetica.com\/wp-content\/uploads\/2022\/07\/Logo-Joyeria-Femenino-Floral-Negro.png","width":361,"height":126,"caption":"Hanna Cosm\u00e9tica"},"image":{"@id":"https:\/\/hannacosmetica.com\/#\/schema\/logo\/image\/"}}]}},"_links":{"self":[{"href":"https:\/\/hannacosmetica.com\/fr\/wp-json\/wp\/v2\/product\/20613"}],"collection":[{"href":"https:\/\/hannacosmetica.com\/fr\/wp-json\/wp\/v2\/product"}],"about":[{"href":"https:\/\/hannacosmetica.com\/fr\/wp-json\/wp\/v2\/types\/product"}],"replies":[{"embeddable":true,"href":"https:\/\/hannacosmetica.com\/fr\/wp-json\/wp\/v2\/comments?post=20613"}],"version-history":[{"count":3,"href":"https:\/\/hannacosmetica.com\/fr\/wp-json\/wp\/v2\/product\/20613\/revisions"}],"predecessor-version":[{"id":21175,"href":"https:\/\/hannacosmetica.com\/fr\/wp-json\/wp\/v2\/product\/20613\/revisions\/21175"}],"wp:featuredmedia":[{"embeddable":true,"href":"https:\/\/hannacosmetica.com\/fr\/wp-json\/wp\/v2\/media\/20614"}],"wp:attachment":[{"href":"https:\/\/hannacosmetica.com\/fr\/wp-json\/wp\/v2\/media?parent=20613"}],"wp:term":[{"taxonomy":"product_cat","embeddable":true,"href":"https:\/\/hannacosmetica.com\/fr\/wp-json\/wp\/v2\/product_cat?post=20613"},{"taxonomy":"product_tag","embeddable":true,"href":"https:\/\/hannacosmetica.com\/fr\/wp-json\/wp\/v2\/product_tag?post=20613"}],"curies":[{"name":"wp","href":"https:\/\/api.w.org\/{rel}","templated":true}]}}