{"id":20604,"date":"2025-07-10T10:36:10","date_gmt":"2025-07-10T10:36:10","guid":{"rendered":"https:\/\/hannacosmetica.com\/?post_type=product&#038;p=20604"},"modified":"2025-08-19T09:53:34","modified_gmt":"2025-08-19T09:53:34","slug":"tips-de-punta-stiletto-xxl-440-pcs","status":"publish","type":"product","link":"https:\/\/hannacosmetica.com\/fr\/tienda\/manicura\/tips\/tips-de-punta-stiletto-xxl-440-pcs\/","title":{"rendered":"Tips de Punta soft gel, Diferentes formas"},"content":{"rendered":"<ul class=\"a-unordered-list a-vertical a-spacing-mini\">\n<li class=\"a-spacing-mini\"><span class=\"a-list-item\">Material de primera calidad: Las Puntas de U\u00f1as Postizas\u00a0 440 Piezas est\u00e1n hechas de ABS duradero, ofreciendo una base fuerte y duradera que asegura que sus extensiones de u\u00f1as permanezcan intactas y se vean hermosas durante per\u00edodos prolongados.<\/span><\/li>\n<li class=\"a-spacing-mini\"><span class=\"a-list-item\">Dise\u00f1o coffin Largo: Este set cuenta con largas puntas de u\u00f1as cuadradas, perfectas para crear dise\u00f1os de u\u00f1as atrevidos, elegantes y a la moda. La forma cuadrada proporciona un aspecto limpio y elegante, ideal tanto para el uso diario como para el nail art sofisticado.Dise\u00f1o stiletto: Este set cuenta con largas puntas de u\u00f1as cuadradas, perfectas para crear dise\u00f1os de u\u00f1as atrevidos, elegantes y a la moda. La forma cuadrada proporciona un aspecto limpio y elegante, ideal tanto para el uso diario como para el nail art sofisticado.<\/span><\/li>\n<li class=\"a-spacing-mini\"><span class=\"a-list-item\">Dise\u00f1o de media cubierta: El dise\u00f1o de media cubierta de estas u\u00f1as postizas hace que sean f\u00e1ciles de aplicar, proporcionando un ajuste natural al tiempo que ofrece un amplio espacio para personalizar su arte de u\u00f1as. Perfectas para u\u00f1as francesas DIY, dise\u00f1os creativos y extensiones.<\/span><\/li>\n<li class=\"a-spacing-mini\"><span class=\"a-list-item\">\u00a0Tama\u00f1o: Con 11 opciones de tama\u00f1o diferentes, este set ofrece versatilidad para todos los tama\u00f1os de dedos, asegurando un ajuste perfecto tanto para profesionales como para entusiastas del bricolaje.<\/span><\/li>\n<\/ul>","protected":false},"excerpt":{"rendered":"<p>Material de primera calidad: Las Puntas de U\u00f1as Postizas\u00a0 440 Piezas est\u00e1n hechas de ABS duradero, ofreciendo una base fuerte y duradera&hellip;<\/p>","protected":false},"featured_media":20559,"comment_status":"open","ping_status":"closed","template":"","meta":[],"product_cat":[304,465,102,87],"product_tag":[],"yoast_head":"<!-- This site is optimized with the Yoast SEO plugin v19.9 - https:\/\/yoast.com\/wordpress\/plugins\/seo\/ -->\n<title>Tips de Punta soft gel, Diferentes formas - Hanna Cosm\u00e9tica<\/title>\n<meta name=\"robots\" content=\"index, follow, max-snippet:-1, max-image-preview:large, max-video-preview:-1\" \/>\n<link rel=\"canonical\" href=\"https:\/\/hannacosmetica.com\/fr\/tienda\/manicura\/tips\/tips-de-punta-stiletto-xxl-440-pcs\/\" \/>\n<meta property=\"og:locale\" content=\"fr_FR\" \/>\n<meta property=\"og:type\" content=\"article\" \/>\n<meta property=\"og:title\" content=\"Tips de Punta soft gel, Diferentes formas - Hanna Cosm\u00e9tica\" \/>\n<meta property=\"og:description\" content=\"Material de primera calidad: Las Puntas de U\u00f1as Postizas\u00a0 440 Piezas est\u00e1n hechas de ABS duradero, ofreciendo una base fuerte y duradera&hellip;\" \/>\n<meta property=\"og:url\" content=\"https:\/\/hannacosmetica.com\/fr\/tienda\/manicura\/tips\/tips-de-punta-stiletto-xxl-440-pcs\/\" \/>\n<meta property=\"og:site_name\" content=\"Hanna Cosm\u00e9tica\" \/>\n<meta property=\"article:modified_time\" content=\"2025-08-19T09:53:34+00:00\" \/>\n<meta property=\"og:image\" content=\"https:\/\/hannacosmetica.com\/wp-content\/uploads\/2025\/07\/5-Patas-para-una-mayor-firmeza-480-x-420-px-2025-07-08T125034.778.png\" \/>\n\t<meta property=\"og:image:width\" content=\"1500\" \/>\n\t<meta property=\"og:image:height\" content=\"1312\" \/>\n\t<meta property=\"og:image:type\" content=\"image\/png\" \/>\n<meta name=\"twitter:card\" content=\"summary_large_image\" \/>\n<script type=\"application\/ld+json\" class=\"yoast-schema-graph\">{\"@context\":\"https:\/\/schema.org\",\"@graph\":[{\"@type\":\"WebPage\",\"@id\":\"https:\/\/hannacosmetica.com\/tienda\/manicura\/tips\/tips-de-punta-stiletto-xxl-440-pcs\/\",\"url\":\"https:\/\/hannacosmetica.com\/tienda\/manicura\/tips\/tips-de-punta-stiletto-xxl-440-pcs\/\",\"name\":\"Tips de Punta soft gel, Diferentes formas - Hanna Cosm\u00e9tica\",\"isPartOf\":{\"@id\":\"https:\/\/hannacosmetica.com\/#website\"},\"datePublished\":\"2025-07-10T10:36:10+00:00\",\"dateModified\":\"2025-08-19T09:53:34+00:00\",\"breadcrumb\":{\"@id\":\"https:\/\/hannacosmetica.com\/tienda\/manicura\/tips\/tips-de-punta-stiletto-xxl-440-pcs\/#breadcrumb\"},\"inLanguage\":\"fr-FR\",\"potentialAction\":[{\"@type\":\"ReadAction\",\"target\":[\"https:\/\/hannacosmetica.com\/tienda\/manicura\/tips\/tips-de-punta-stiletto-xxl-440-pcs\/\"]}]},{\"@type\":\"BreadcrumbList\",\"@id\":\"https:\/\/hannacosmetica.com\/tienda\/manicura\/tips\/tips-de-punta-stiletto-xxl-440-pcs\/#breadcrumb\",\"itemListElement\":[{\"@type\":\"ListItem\",\"position\":1,\"name\":\"Portada\",\"item\":\"https:\/\/hannacosmetica.com\/\"},{\"@type\":\"ListItem\",\"position\":2,\"name\":\"Tienda\",\"item\":\"https:\/\/hannacosmetica.com\/shop\/\"},{\"@type\":\"ListItem\",\"position\":3,\"name\":\"Tips de Punta soft gel, Diferentes formas\"}]},{\"@type\":\"WebSite\",\"@id\":\"https:\/\/hannacosmetica.com\/#website\",\"url\":\"https:\/\/hannacosmetica.com\/\",\"name\":\"Hanna Cosm\u00e9tica\",\"description\":\"Tienda de productos u\u00f1as, bellezas y peluquer\u00edas\",\"publisher\":{\"@id\":\"https:\/\/hannacosmetica.com\/#organization\"},\"potentialAction\":[{\"@type\":\"SearchAction\",\"target\":{\"@type\":\"EntryPoint\",\"urlTemplate\":\"https:\/\/hannacosmetica.com\/?s={search_term_string}\"},\"query-input\":\"required name=search_term_string\"}],\"inLanguage\":\"fr-FR\"},{\"@type\":\"Organization\",\"@id\":\"https:\/\/hannacosmetica.com\/#organization\",\"name\":\"Hanna Cosm\u00e9tica\",\"url\":\"https:\/\/hannacosmetica.com\/\",\"logo\":{\"@type\":\"ImageObject\",\"inLanguage\":\"fr-FR\",\"@id\":\"https:\/\/hannacosmetica.com\/#\/schema\/logo\/image\/\",\"url\":\"https:\/\/hannacosmetica.com\/wp-content\/uploads\/2022\/07\/Logo-Joyeria-Femenino-Floral-Negro.png\",\"contentUrl\":\"https:\/\/hannacosmetica.com\/wp-content\/uploads\/2022\/07\/Logo-Joyeria-Femenino-Floral-Negro.png\",\"width\":361,\"height\":126,\"caption\":\"Hanna Cosm\u00e9tica\"},\"image\":{\"@id\":\"https:\/\/hannacosmetica.com\/#\/schema\/logo\/image\/\"}}]}<\/script>\n<!-- \/ Yoast SEO plugin. -->","yoast_head_json":{"title":"Tips de Punta soft gel, Diferentes formas - Hanna Cosm\u00e9tica","robots":{"index":"index","follow":"follow","max-snippet":"max-snippet:-1","max-image-preview":"max-image-preview:large","max-video-preview":"max-video-preview:-1"},"canonical":"https:\/\/hannacosmetica.com\/fr\/tienda\/manicura\/tips\/tips-de-punta-stiletto-xxl-440-pcs\/","og_locale":"fr_FR","og_type":"article","og_title":"Tips de Punta soft gel, Diferentes formas - Hanna Cosm\u00e9tica","og_description":"Material de primera calidad: Las Puntas de U\u00f1as Postizas\u00a0 440 Piezas est\u00e1n hechas de ABS duradero, ofreciendo una base fuerte y duradera&hellip;","og_url":"https:\/\/hannacosmetica.com\/fr\/tienda\/manicura\/tips\/tips-de-punta-stiletto-xxl-440-pcs\/","og_site_name":"Hanna Cosm\u00e9tica","article_modified_time":"2025-08-19T09:53:34+00:00","og_image":[{"width":1500,"height":1312,"url":"https:\/\/hannacosmetica.com\/wp-content\/uploads\/2025\/07\/5-Patas-para-una-mayor-firmeza-480-x-420-px-2025-07-08T125034.778.png","type":"image\/png"}],"twitter_card":"summary_large_image","schema":{"@context":"https:\/\/schema.org","@graph":[{"@type":"WebPage","@id":"https:\/\/hannacosmetica.com\/tienda\/manicura\/tips\/tips-de-punta-stiletto-xxl-440-pcs\/","url":"https:\/\/hannacosmetica.com\/tienda\/manicura\/tips\/tips-de-punta-stiletto-xxl-440-pcs\/","name":"Tips de Punta soft gel, Diferentes formas - Hanna Cosm\u00e9tica","isPartOf":{"@id":"https:\/\/hannacosmetica.com\/#website"},"datePublished":"2025-07-10T10:36:10+00:00","dateModified":"2025-08-19T09:53:34+00:00","breadcrumb":{"@id":"https:\/\/hannacosmetica.com\/tienda\/manicura\/tips\/tips-de-punta-stiletto-xxl-440-pcs\/#breadcrumb"},"inLanguage":"fr-FR","potentialAction":[{"@type":"ReadAction","target":["https:\/\/hannacosmetica.com\/tienda\/manicura\/tips\/tips-de-punta-stiletto-xxl-440-pcs\/"]}]},{"@type":"BreadcrumbList","@id":"https:\/\/hannacosmetica.com\/tienda\/manicura\/tips\/tips-de-punta-stiletto-xxl-440-pcs\/#breadcrumb","itemListElement":[{"@type":"ListItem","position":1,"name":"Portada","item":"https:\/\/hannacosmetica.com\/"},{"@type":"ListItem","position":2,"name":"Tienda","item":"https:\/\/hannacosmetica.com\/shop\/"},{"@type":"ListItem","position":3,"name":"Tips de Punta soft gel, Diferentes formas"}]},{"@type":"WebSite","@id":"https:\/\/hannacosmetica.com\/#website","url":"https:\/\/hannacosmetica.com\/","name":"Hanna Cosm\u00e9tica","description":"Tienda de productos u\u00f1as, bellezas y peluquer\u00edas","publisher":{"@id":"https:\/\/hannacosmetica.com\/#organization"},"potentialAction":[{"@type":"SearchAction","target":{"@type":"EntryPoint","urlTemplate":"https:\/\/hannacosmetica.com\/?s={search_term_string}"},"query-input":"required name=search_term_string"}],"inLanguage":"fr-FR"},{"@type":"Organization","@id":"https:\/\/hannacosmetica.com\/#organization","name":"Hanna Cosm\u00e9tica","url":"https:\/\/hannacosmetica.com\/","logo":{"@type":"ImageObject","inLanguage":"fr-FR","@id":"https:\/\/hannacosmetica.com\/#\/schema\/logo\/image\/","url":"https:\/\/hannacosmetica.com\/wp-content\/uploads\/2022\/07\/Logo-Joyeria-Femenino-Floral-Negro.png","contentUrl":"https:\/\/hannacosmetica.com\/wp-content\/uploads\/2022\/07\/Logo-Joyeria-Femenino-Floral-Negro.png","width":361,"height":126,"caption":"Hanna Cosm\u00e9tica"},"image":{"@id":"https:\/\/hannacosmetica.com\/#\/schema\/logo\/image\/"}}]}},"_links":{"self":[{"href":"https:\/\/hannacosmetica.com\/fr\/wp-json\/wp\/v2\/product\/20604"}],"collection":[{"href":"https:\/\/hannacosmetica.com\/fr\/wp-json\/wp\/v2\/product"}],"about":[{"href":"https:\/\/hannacosmetica.com\/fr\/wp-json\/wp\/v2\/types\/product"}],"replies":[{"embeddable":true,"href":"https:\/\/hannacosmetica.com\/fr\/wp-json\/wp\/v2\/comments?post=20604"}],"version-history":[{"count":3,"href":"https:\/\/hannacosmetica.com\/fr\/wp-json\/wp\/v2\/product\/20604\/revisions"}],"predecessor-version":[{"id":21180,"href":"https:\/\/hannacosmetica.com\/fr\/wp-json\/wp\/v2\/product\/20604\/revisions\/21180"}],"wp:featuredmedia":[{"embeddable":true,"href":"https:\/\/hannacosmetica.com\/fr\/wp-json\/wp\/v2\/media\/20559"}],"wp:attachment":[{"href":"https:\/\/hannacosmetica.com\/fr\/wp-json\/wp\/v2\/media?parent=20604"}],"wp:term":[{"taxonomy":"product_cat","embeddable":true,"href":"https:\/\/hannacosmetica.com\/fr\/wp-json\/wp\/v2\/product_cat?post=20604"},{"taxonomy":"product_tag","embeddable":true,"href":"https:\/\/hannacosmetica.com\/fr\/wp-json\/wp\/v2\/product_tag?post=20604"}],"curies":[{"name":"wp","href":"https:\/\/api.w.org\/{rel}","templated":true}]}}