{"id":20222,"date":"2025-07-02T15:21:53","date_gmt":"2025-07-02T15:21:53","guid":{"rendered":"https:\/\/hannacosmetica.com\/?post_type=product&#038;p=20222"},"modified":"2025-07-02T16:46:21","modified_gmt":"2025-07-02T16:46:21","slug":"pegatinas-5d-adhesivos-para-unas-2","status":"publish","type":"product","link":"https:\/\/hannacosmetica.com\/fr\/tienda\/hanna-exclusive\/pegatinas\/pegatinas-5d-adhesivos-para-unas-2\/","title":{"rendered":"Pegatinas 5D\/ Adhesivos para u\u00f1as"},"content":{"rendered":"<ul class=\"a-unordered-list a-vertical a-spacing-mini\">\n<li class=\"a-spacing-mini\"><span class=\"a-list-item\">.Juego perfecto de adhesivos para u\u00f1as: las pegatinas de hojas de los accesorios de moda perfectos. Gran cantidad de patrones diferentes para usar y reemplazar en la vida diaria, los adhesivos para u\u00f1as est\u00e1n llenos de sensualidad y elegancia, varios patrones encantadores te traen un estado de \u00e1nimo diferente.<\/span><\/li>\n<li class=\"a-spacing-mini\"><span class=\"a-list-item\">F\u00e1cil de usar: pegatinas de u\u00f1as 5D de dise\u00f1o autoadhesivo, puede seguirlo para decorar sus propias u\u00f1as de estilo, ideal para u\u00f1as naturales o acr\u00edlicas.<\/span><\/li>\n<li class=\"a-spacing-mini\"><span class=\"a-list-item\">Arte de u\u00f1as DIY: ideal para crear tus maravillosos y \u00fanicos dise\u00f1os de u\u00f1as. Es divertido hacer arte de u\u00f1as con su familia o amigos cuando se re\u00fanen y festejan, disfrute de sus propias u\u00f1as brillantes y de aspecto especial y del buen tiempo.<\/span><\/li>\n<li class=\"a-spacing-mini\"><span class=\"a-list-item\">Regalo perfecto: el mejor regalo para tus amigas, tu madre, tu esposa. Las pegatinas para u\u00f1as son ideales para las u\u00f1as de las manos, las u\u00f1as de los pies, el uso dom\u00e9stico y el sal\u00f3n de u\u00f1as.<\/span><\/li>\n<li>el paquete Incluye 1 hoja de pegatinas.<\/li>\n<\/ul>","protected":false},"excerpt":{"rendered":"<p>.Juego perfecto de adhesivos para u\u00f1as: las pegatinas de hojas de los accesorios de moda perfectos. Gran cantidad de patrones diferentes para&hellip;<\/p>","protected":false},"featured_media":20252,"comment_status":"open","ping_status":"closed","template":"","meta":[],"product_cat":[304,464,82,98,87],"product_tag":[],"yoast_head":"<!-- This site is optimized with the Yoast SEO plugin v19.9 - https:\/\/yoast.com\/wordpress\/plugins\/seo\/ -->\n<title>Pegatinas 5D\/ Adhesivos para u\u00f1as - Hanna Cosm\u00e9tica<\/title>\n<meta name=\"robots\" content=\"index, follow, max-snippet:-1, max-image-preview:large, max-video-preview:-1\" \/>\n<link rel=\"canonical\" href=\"https:\/\/hannacosmetica.com\/fr\/tienda\/hanna-exclusive\/pegatinas\/pegatinas-5d-adhesivos-para-unas-2\/\" \/>\n<meta property=\"og:locale\" content=\"fr_FR\" \/>\n<meta property=\"og:type\" content=\"article\" \/>\n<meta property=\"og:title\" content=\"Pegatinas 5D\/ Adhesivos para u\u00f1as - Hanna Cosm\u00e9tica\" \/>\n<meta property=\"og:description\" content=\".Juego perfecto de adhesivos para u\u00f1as: las pegatinas de hojas de los accesorios de moda perfectos. Gran cantidad de patrones diferentes para&hellip;\" \/>\n<meta property=\"og:url\" content=\"https:\/\/hannacosmetica.com\/fr\/tienda\/hanna-exclusive\/pegatinas\/pegatinas-5d-adhesivos-para-unas-2\/\" \/>\n<meta property=\"og:site_name\" content=\"Hanna Cosm\u00e9tica\" \/>\n<meta property=\"article:modified_time\" content=\"2025-07-02T16:46:21+00:00\" \/>\n<meta property=\"og:image\" content=\"https:\/\/hannacosmetica.com\/wp-content\/uploads\/2025\/07\/5-Patas-para-una-mayor-firmeza-480-x-420-px-2025-07-02T184331.381.png\" \/>\n\t<meta property=\"og:image:width\" content=\"1500\" \/>\n\t<meta property=\"og:image:height\" content=\"1313\" \/>\n\t<meta property=\"og:image:type\" content=\"image\/png\" \/>\n<meta name=\"twitter:card\" content=\"summary_large_image\" \/>\n<script type=\"application\/ld+json\" class=\"yoast-schema-graph\">{\"@context\":\"https:\/\/schema.org\",\"@graph\":[{\"@type\":\"WebPage\",\"@id\":\"https:\/\/hannacosmetica.com\/tienda\/hanna-exclusive\/pegatinas\/pegatinas-5d-adhesivos-para-unas-2\/\",\"url\":\"https:\/\/hannacosmetica.com\/tienda\/hanna-exclusive\/pegatinas\/pegatinas-5d-adhesivos-para-unas-2\/\",\"name\":\"Pegatinas 5D\/ Adhesivos para u\u00f1as - Hanna Cosm\u00e9tica\",\"isPartOf\":{\"@id\":\"https:\/\/hannacosmetica.com\/#website\"},\"datePublished\":\"2025-07-02T15:21:53+00:00\",\"dateModified\":\"2025-07-02T16:46:21+00:00\",\"breadcrumb\":{\"@id\":\"https:\/\/hannacosmetica.com\/tienda\/hanna-exclusive\/pegatinas\/pegatinas-5d-adhesivos-para-unas-2\/#breadcrumb\"},\"inLanguage\":\"fr-FR\",\"potentialAction\":[{\"@type\":\"ReadAction\",\"target\":[\"https:\/\/hannacosmetica.com\/tienda\/hanna-exclusive\/pegatinas\/pegatinas-5d-adhesivos-para-unas-2\/\"]}]},{\"@type\":\"BreadcrumbList\",\"@id\":\"https:\/\/hannacosmetica.com\/tienda\/hanna-exclusive\/pegatinas\/pegatinas-5d-adhesivos-para-unas-2\/#breadcrumb\",\"itemListElement\":[{\"@type\":\"ListItem\",\"position\":1,\"name\":\"Portada\",\"item\":\"https:\/\/hannacosmetica.com\/\"},{\"@type\":\"ListItem\",\"position\":2,\"name\":\"Tienda\",\"item\":\"https:\/\/hannacosmetica.com\/shop\/\"},{\"@type\":\"ListItem\",\"position\":3,\"name\":\"Pegatinas 5D\/ Adhesivos para u\u00f1as\"}]},{\"@type\":\"WebSite\",\"@id\":\"https:\/\/hannacosmetica.com\/#website\",\"url\":\"https:\/\/hannacosmetica.com\/\",\"name\":\"Hanna Cosm\u00e9tica\",\"description\":\"Tienda de productos u\u00f1as, bellezas y peluquer\u00edas\",\"publisher\":{\"@id\":\"https:\/\/hannacosmetica.com\/#organization\"},\"potentialAction\":[{\"@type\":\"SearchAction\",\"target\":{\"@type\":\"EntryPoint\",\"urlTemplate\":\"https:\/\/hannacosmetica.com\/?s={search_term_string}\"},\"query-input\":\"required name=search_term_string\"}],\"inLanguage\":\"fr-FR\"},{\"@type\":\"Organization\",\"@id\":\"https:\/\/hannacosmetica.com\/#organization\",\"name\":\"Hanna Cosm\u00e9tica\",\"url\":\"https:\/\/hannacosmetica.com\/\",\"logo\":{\"@type\":\"ImageObject\",\"inLanguage\":\"fr-FR\",\"@id\":\"https:\/\/hannacosmetica.com\/#\/schema\/logo\/image\/\",\"url\":\"https:\/\/hannacosmetica.com\/wp-content\/uploads\/2022\/07\/Logo-Joyeria-Femenino-Floral-Negro.png\",\"contentUrl\":\"https:\/\/hannacosmetica.com\/wp-content\/uploads\/2022\/07\/Logo-Joyeria-Femenino-Floral-Negro.png\",\"width\":361,\"height\":126,\"caption\":\"Hanna Cosm\u00e9tica\"},\"image\":{\"@id\":\"https:\/\/hannacosmetica.com\/#\/schema\/logo\/image\/\"}}]}<\/script>\n<!-- \/ Yoast SEO plugin. -->","yoast_head_json":{"title":"Pegatinas 5D\/ Adhesivos para u\u00f1as - Hanna Cosm\u00e9tica","robots":{"index":"index","follow":"follow","max-snippet":"max-snippet:-1","max-image-preview":"max-image-preview:large","max-video-preview":"max-video-preview:-1"},"canonical":"https:\/\/hannacosmetica.com\/fr\/tienda\/hanna-exclusive\/pegatinas\/pegatinas-5d-adhesivos-para-unas-2\/","og_locale":"fr_FR","og_type":"article","og_title":"Pegatinas 5D\/ Adhesivos para u\u00f1as - Hanna Cosm\u00e9tica","og_description":".Juego perfecto de adhesivos para u\u00f1as: las pegatinas de hojas de los accesorios de moda perfectos. Gran cantidad de patrones diferentes para&hellip;","og_url":"https:\/\/hannacosmetica.com\/fr\/tienda\/hanna-exclusive\/pegatinas\/pegatinas-5d-adhesivos-para-unas-2\/","og_site_name":"Hanna Cosm\u00e9tica","article_modified_time":"2025-07-02T16:46:21+00:00","og_image":[{"width":1500,"height":1313,"url":"https:\/\/hannacosmetica.com\/wp-content\/uploads\/2025\/07\/5-Patas-para-una-mayor-firmeza-480-x-420-px-2025-07-02T184331.381.png","type":"image\/png"}],"twitter_card":"summary_large_image","schema":{"@context":"https:\/\/schema.org","@graph":[{"@type":"WebPage","@id":"https:\/\/hannacosmetica.com\/tienda\/hanna-exclusive\/pegatinas\/pegatinas-5d-adhesivos-para-unas-2\/","url":"https:\/\/hannacosmetica.com\/tienda\/hanna-exclusive\/pegatinas\/pegatinas-5d-adhesivos-para-unas-2\/","name":"Pegatinas 5D\/ Adhesivos para u\u00f1as - Hanna Cosm\u00e9tica","isPartOf":{"@id":"https:\/\/hannacosmetica.com\/#website"},"datePublished":"2025-07-02T15:21:53+00:00","dateModified":"2025-07-02T16:46:21+00:00","breadcrumb":{"@id":"https:\/\/hannacosmetica.com\/tienda\/hanna-exclusive\/pegatinas\/pegatinas-5d-adhesivos-para-unas-2\/#breadcrumb"},"inLanguage":"fr-FR","potentialAction":[{"@type":"ReadAction","target":["https:\/\/hannacosmetica.com\/tienda\/hanna-exclusive\/pegatinas\/pegatinas-5d-adhesivos-para-unas-2\/"]}]},{"@type":"BreadcrumbList","@id":"https:\/\/hannacosmetica.com\/tienda\/hanna-exclusive\/pegatinas\/pegatinas-5d-adhesivos-para-unas-2\/#breadcrumb","itemListElement":[{"@type":"ListItem","position":1,"name":"Portada","item":"https:\/\/hannacosmetica.com\/"},{"@type":"ListItem","position":2,"name":"Tienda","item":"https:\/\/hannacosmetica.com\/shop\/"},{"@type":"ListItem","position":3,"name":"Pegatinas 5D\/ Adhesivos para u\u00f1as"}]},{"@type":"WebSite","@id":"https:\/\/hannacosmetica.com\/#website","url":"https:\/\/hannacosmetica.com\/","name":"Hanna Cosm\u00e9tica","description":"Tienda de productos u\u00f1as, bellezas y peluquer\u00edas","publisher":{"@id":"https:\/\/hannacosmetica.com\/#organization"},"potentialAction":[{"@type":"SearchAction","target":{"@type":"EntryPoint","urlTemplate":"https:\/\/hannacosmetica.com\/?s={search_term_string}"},"query-input":"required name=search_term_string"}],"inLanguage":"fr-FR"},{"@type":"Organization","@id":"https:\/\/hannacosmetica.com\/#organization","name":"Hanna Cosm\u00e9tica","url":"https:\/\/hannacosmetica.com\/","logo":{"@type":"ImageObject","inLanguage":"fr-FR","@id":"https:\/\/hannacosmetica.com\/#\/schema\/logo\/image\/","url":"https:\/\/hannacosmetica.com\/wp-content\/uploads\/2022\/07\/Logo-Joyeria-Femenino-Floral-Negro.png","contentUrl":"https:\/\/hannacosmetica.com\/wp-content\/uploads\/2022\/07\/Logo-Joyeria-Femenino-Floral-Negro.png","width":361,"height":126,"caption":"Hanna Cosm\u00e9tica"},"image":{"@id":"https:\/\/hannacosmetica.com\/#\/schema\/logo\/image\/"}}]}},"_links":{"self":[{"href":"https:\/\/hannacosmetica.com\/fr\/wp-json\/wp\/v2\/product\/20222"}],"collection":[{"href":"https:\/\/hannacosmetica.com\/fr\/wp-json\/wp\/v2\/product"}],"about":[{"href":"https:\/\/hannacosmetica.com\/fr\/wp-json\/wp\/v2\/types\/product"}],"replies":[{"embeddable":true,"href":"https:\/\/hannacosmetica.com\/fr\/wp-json\/wp\/v2\/comments?post=20222"}],"version-history":[{"count":1,"href":"https:\/\/hannacosmetica.com\/fr\/wp-json\/wp\/v2\/product\/20222\/revisions"}],"predecessor-version":[{"id":20251,"href":"https:\/\/hannacosmetica.com\/fr\/wp-json\/wp\/v2\/product\/20222\/revisions\/20251"}],"wp:featuredmedia":[{"embeddable":true,"href":"https:\/\/hannacosmetica.com\/fr\/wp-json\/wp\/v2\/media\/20252"}],"wp:attachment":[{"href":"https:\/\/hannacosmetica.com\/fr\/wp-json\/wp\/v2\/media?parent=20222"}],"wp:term":[{"taxonomy":"product_cat","embeddable":true,"href":"https:\/\/hannacosmetica.com\/fr\/wp-json\/wp\/v2\/product_cat?post=20222"},{"taxonomy":"product_tag","embeddable":true,"href":"https:\/\/hannacosmetica.com\/fr\/wp-json\/wp\/v2\/product_tag?post=20222"}],"curies":[{"name":"wp","href":"https:\/\/api.w.org\/{rel}","templated":true}]}}