{"id":20073,"date":"2025-07-01T13:19:50","date_gmt":"2025-07-01T13:19:50","guid":{"rendered":"https:\/\/hannacosmetica.com\/?post_type=product&#038;p=20073"},"modified":"2025-07-01T13:19:51","modified_gmt":"2025-07-01T13:19:51","slug":"torno-de-unas-t1-de-diamantes-35000rpm-pulidor-de-unas","status":"publish","type":"product","link":"https:\/\/hannacosmetica.com\/fr\/tienda\/maquinaria\/tornos-para-unas\/torno-de-unas-t1-de-diamantes-35000rpm-pulidor-de-unas\/","title":{"rendered":"Torno de u\u00f1as  T1 de Diamantes 35000RPM \/ Pulidor de u\u00f1as"},"content":{"rendered":"<p>Pulido de alta eficiencia: esta m\u00e1quina de esmalte de u\u00f1as tiene una velocidad de rotaci\u00f3n de hasta 35.000 revoluciones por minuto, capaz de pulir las u\u00f1as de forma r\u00e1pida y precisa, mejorando significativamente la eficiencia del arte de u\u00f1as y ahorrando un tiempo precioso.<br \/>\nControl inteligente: equipado con una gran pantalla LCD, muestra claramente informaci\u00f3n como la velocidad de rotaci\u00f3n, el nivel de la bater\u00eda y la direcci\u00f3n, lo que hace que el funcionamiento sea simple e intuitivo.<br \/>\nBater\u00eda de larga duraci\u00f3n: equipada con una bater\u00eda de litio de gran capacidad, ofrece una duraci\u00f3n extremadamente larga de la bater\u00eda, asegurando una alimentaci\u00f3n continua durante un uso prolongado sin necesidad de carga frecuente, por lo que es m\u00e1s c\u00f3modo de usar.<br \/>\nDise\u00f1o humanizado: dise\u00f1o de agarre ergon\u00f3mico para un uso m\u00e1s c\u00f3modo. El cuerpo compacto y port\u00e1til, combinado con un dise\u00f1o de clip para cintur\u00f3n, hace que sea c\u00f3modo de llevar.<br \/>\nAspecto exquisito: la carcasa adopta un dise\u00f1o moderno y est\u00e1 incrustada con diamantes de imitaci\u00f3n brillantes. No solo es pr\u00e1ctico, sino que tambi\u00e9n a\u00f1ade un toque de belleza y lujo, por lo que es una opci\u00f3n ideal para los entusiastas del arte de u\u00f1as.<\/p>","protected":false},"excerpt":{"rendered":"<p>Pulido de alta eficiencia: esta m\u00e1quina de esmalte de u\u00f1as tiene una velocidad de rotaci\u00f3n de hasta 35.000 revoluciones por minuto, capaz&hellip;<\/p>","protected":false},"featured_media":20066,"comment_status":"open","ping_status":"closed","template":"","meta":[],"product_cat":[304,82,101,86,118,87],"product_tag":[],"yoast_head":"<!-- This site is optimized with the Yoast SEO plugin v19.9 - https:\/\/yoast.com\/wordpress\/plugins\/seo\/ -->\n<title>Torno de u\u00f1as T1 de Diamantes 35000RPM \/ Pulidor de u\u00f1as - Hanna Cosm\u00e9tica<\/title>\n<meta name=\"robots\" content=\"index, follow, max-snippet:-1, max-image-preview:large, max-video-preview:-1\" \/>\n<link rel=\"canonical\" href=\"https:\/\/hannacosmetica.com\/fr\/tienda\/maquinaria\/tornos-para-unas\/torno-de-unas-t1-de-diamantes-35000rpm-pulidor-de-unas\/\" \/>\n<meta property=\"og:locale\" content=\"fr_FR\" \/>\n<meta property=\"og:type\" content=\"article\" \/>\n<meta property=\"og:title\" content=\"Torno de u\u00f1as T1 de Diamantes 35000RPM \/ Pulidor de u\u00f1as - Hanna Cosm\u00e9tica\" \/>\n<meta property=\"og:description\" content=\"Pulido de alta eficiencia: esta m\u00e1quina de esmalte de u\u00f1as tiene una velocidad de rotaci\u00f3n de hasta 35.000 revoluciones por minuto, capaz&hellip;\" \/>\n<meta property=\"og:url\" content=\"https:\/\/hannacosmetica.com\/fr\/tienda\/maquinaria\/tornos-para-unas\/torno-de-unas-t1-de-diamantes-35000rpm-pulidor-de-unas\/\" \/>\n<meta property=\"og:site_name\" content=\"Hanna Cosm\u00e9tica\" \/>\n<meta property=\"article:modified_time\" content=\"2025-07-01T13:19:51+00:00\" \/>\n<meta property=\"og:image\" content=\"https:\/\/hannacosmetica.com\/wp-content\/uploads\/2025\/06\/5-Patas-para-una-mayor-firmeza-480-x-420-px-52.png\" \/>\n\t<meta property=\"og:image:width\" content=\"1500\" \/>\n\t<meta property=\"og:image:height\" content=\"1312\" \/>\n\t<meta property=\"og:image:type\" content=\"image\/png\" \/>\n<meta name=\"twitter:card\" content=\"summary_large_image\" \/>\n<script type=\"application\/ld+json\" class=\"yoast-schema-graph\">{\"@context\":\"https:\/\/schema.org\",\"@graph\":[{\"@type\":\"WebPage\",\"@id\":\"https:\/\/hannacosmetica.com\/tienda\/maquinaria\/tornos-para-unas\/torno-de-unas-t1-de-diamantes-35000rpm-pulidor-de-unas\/\",\"url\":\"https:\/\/hannacosmetica.com\/tienda\/maquinaria\/tornos-para-unas\/torno-de-unas-t1-de-diamantes-35000rpm-pulidor-de-unas\/\",\"name\":\"Torno de u\u00f1as T1 de Diamantes 35000RPM \/ Pulidor de u\u00f1as - Hanna Cosm\u00e9tica\",\"isPartOf\":{\"@id\":\"https:\/\/hannacosmetica.com\/#website\"},\"datePublished\":\"2025-07-01T13:19:50+00:00\",\"dateModified\":\"2025-07-01T13:19:51+00:00\",\"breadcrumb\":{\"@id\":\"https:\/\/hannacosmetica.com\/tienda\/maquinaria\/tornos-para-unas\/torno-de-unas-t1-de-diamantes-35000rpm-pulidor-de-unas\/#breadcrumb\"},\"inLanguage\":\"fr-FR\",\"potentialAction\":[{\"@type\":\"ReadAction\",\"target\":[\"https:\/\/hannacosmetica.com\/tienda\/maquinaria\/tornos-para-unas\/torno-de-unas-t1-de-diamantes-35000rpm-pulidor-de-unas\/\"]}]},{\"@type\":\"BreadcrumbList\",\"@id\":\"https:\/\/hannacosmetica.com\/tienda\/maquinaria\/tornos-para-unas\/torno-de-unas-t1-de-diamantes-35000rpm-pulidor-de-unas\/#breadcrumb\",\"itemListElement\":[{\"@type\":\"ListItem\",\"position\":1,\"name\":\"Portada\",\"item\":\"https:\/\/hannacosmetica.com\/\"},{\"@type\":\"ListItem\",\"position\":2,\"name\":\"Tienda\",\"item\":\"https:\/\/hannacosmetica.com\/shop\/\"},{\"@type\":\"ListItem\",\"position\":3,\"name\":\"Torno de u\u00f1as T1 de Diamantes 35000RPM \/ Pulidor de u\u00f1as\"}]},{\"@type\":\"WebSite\",\"@id\":\"https:\/\/hannacosmetica.com\/#website\",\"url\":\"https:\/\/hannacosmetica.com\/\",\"name\":\"Hanna Cosm\u00e9tica\",\"description\":\"Tienda de productos u\u00f1as, bellezas y peluquer\u00edas\",\"publisher\":{\"@id\":\"https:\/\/hannacosmetica.com\/#organization\"},\"potentialAction\":[{\"@type\":\"SearchAction\",\"target\":{\"@type\":\"EntryPoint\",\"urlTemplate\":\"https:\/\/hannacosmetica.com\/?s={search_term_string}\"},\"query-input\":\"required name=search_term_string\"}],\"inLanguage\":\"fr-FR\"},{\"@type\":\"Organization\",\"@id\":\"https:\/\/hannacosmetica.com\/#organization\",\"name\":\"Hanna Cosm\u00e9tica\",\"url\":\"https:\/\/hannacosmetica.com\/\",\"logo\":{\"@type\":\"ImageObject\",\"inLanguage\":\"fr-FR\",\"@id\":\"https:\/\/hannacosmetica.com\/#\/schema\/logo\/image\/\",\"url\":\"https:\/\/hannacosmetica.com\/wp-content\/uploads\/2022\/07\/Logo-Joyeria-Femenino-Floral-Negro.png\",\"contentUrl\":\"https:\/\/hannacosmetica.com\/wp-content\/uploads\/2022\/07\/Logo-Joyeria-Femenino-Floral-Negro.png\",\"width\":361,\"height\":126,\"caption\":\"Hanna Cosm\u00e9tica\"},\"image\":{\"@id\":\"https:\/\/hannacosmetica.com\/#\/schema\/logo\/image\/\"}}]}<\/script>\n<!-- \/ Yoast SEO plugin. -->","yoast_head_json":{"title":"Torno de u\u00f1as T1 de Diamantes 35000RPM \/ Pulidor de u\u00f1as - Hanna Cosm\u00e9tica","robots":{"index":"index","follow":"follow","max-snippet":"max-snippet:-1","max-image-preview":"max-image-preview:large","max-video-preview":"max-video-preview:-1"},"canonical":"https:\/\/hannacosmetica.com\/fr\/tienda\/maquinaria\/tornos-para-unas\/torno-de-unas-t1-de-diamantes-35000rpm-pulidor-de-unas\/","og_locale":"fr_FR","og_type":"article","og_title":"Torno de u\u00f1as T1 de Diamantes 35000RPM \/ Pulidor de u\u00f1as - Hanna Cosm\u00e9tica","og_description":"Pulido de alta eficiencia: esta m\u00e1quina de esmalte de u\u00f1as tiene una velocidad de rotaci\u00f3n de hasta 35.000 revoluciones por minuto, capaz&hellip;","og_url":"https:\/\/hannacosmetica.com\/fr\/tienda\/maquinaria\/tornos-para-unas\/torno-de-unas-t1-de-diamantes-35000rpm-pulidor-de-unas\/","og_site_name":"Hanna Cosm\u00e9tica","article_modified_time":"2025-07-01T13:19:51+00:00","og_image":[{"width":1500,"height":1312,"url":"https:\/\/hannacosmetica.com\/wp-content\/uploads\/2025\/06\/5-Patas-para-una-mayor-firmeza-480-x-420-px-52.png","type":"image\/png"}],"twitter_card":"summary_large_image","schema":{"@context":"https:\/\/schema.org","@graph":[{"@type":"WebPage","@id":"https:\/\/hannacosmetica.com\/tienda\/maquinaria\/tornos-para-unas\/torno-de-unas-t1-de-diamantes-35000rpm-pulidor-de-unas\/","url":"https:\/\/hannacosmetica.com\/tienda\/maquinaria\/tornos-para-unas\/torno-de-unas-t1-de-diamantes-35000rpm-pulidor-de-unas\/","name":"Torno de u\u00f1as T1 de Diamantes 35000RPM \/ Pulidor de u\u00f1as - Hanna Cosm\u00e9tica","isPartOf":{"@id":"https:\/\/hannacosmetica.com\/#website"},"datePublished":"2025-07-01T13:19:50+00:00","dateModified":"2025-07-01T13:19:51+00:00","breadcrumb":{"@id":"https:\/\/hannacosmetica.com\/tienda\/maquinaria\/tornos-para-unas\/torno-de-unas-t1-de-diamantes-35000rpm-pulidor-de-unas\/#breadcrumb"},"inLanguage":"fr-FR","potentialAction":[{"@type":"ReadAction","target":["https:\/\/hannacosmetica.com\/tienda\/maquinaria\/tornos-para-unas\/torno-de-unas-t1-de-diamantes-35000rpm-pulidor-de-unas\/"]}]},{"@type":"BreadcrumbList","@id":"https:\/\/hannacosmetica.com\/tienda\/maquinaria\/tornos-para-unas\/torno-de-unas-t1-de-diamantes-35000rpm-pulidor-de-unas\/#breadcrumb","itemListElement":[{"@type":"ListItem","position":1,"name":"Portada","item":"https:\/\/hannacosmetica.com\/"},{"@type":"ListItem","position":2,"name":"Tienda","item":"https:\/\/hannacosmetica.com\/shop\/"},{"@type":"ListItem","position":3,"name":"Torno de u\u00f1as T1 de Diamantes 35000RPM \/ Pulidor de u\u00f1as"}]},{"@type":"WebSite","@id":"https:\/\/hannacosmetica.com\/#website","url":"https:\/\/hannacosmetica.com\/","name":"Hanna Cosm\u00e9tica","description":"Tienda de productos u\u00f1as, bellezas y peluquer\u00edas","publisher":{"@id":"https:\/\/hannacosmetica.com\/#organization"},"potentialAction":[{"@type":"SearchAction","target":{"@type":"EntryPoint","urlTemplate":"https:\/\/hannacosmetica.com\/?s={search_term_string}"},"query-input":"required name=search_term_string"}],"inLanguage":"fr-FR"},{"@type":"Organization","@id":"https:\/\/hannacosmetica.com\/#organization","name":"Hanna Cosm\u00e9tica","url":"https:\/\/hannacosmetica.com\/","logo":{"@type":"ImageObject","inLanguage":"fr-FR","@id":"https:\/\/hannacosmetica.com\/#\/schema\/logo\/image\/","url":"https:\/\/hannacosmetica.com\/wp-content\/uploads\/2022\/07\/Logo-Joyeria-Femenino-Floral-Negro.png","contentUrl":"https:\/\/hannacosmetica.com\/wp-content\/uploads\/2022\/07\/Logo-Joyeria-Femenino-Floral-Negro.png","width":361,"height":126,"caption":"Hanna Cosm\u00e9tica"},"image":{"@id":"https:\/\/hannacosmetica.com\/#\/schema\/logo\/image\/"}}]}},"_links":{"self":[{"href":"https:\/\/hannacosmetica.com\/fr\/wp-json\/wp\/v2\/product\/20073"}],"collection":[{"href":"https:\/\/hannacosmetica.com\/fr\/wp-json\/wp\/v2\/product"}],"about":[{"href":"https:\/\/hannacosmetica.com\/fr\/wp-json\/wp\/v2\/types\/product"}],"replies":[{"embeddable":true,"href":"https:\/\/hannacosmetica.com\/fr\/wp-json\/wp\/v2\/comments?post=20073"}],"version-history":[{"count":1,"href":"https:\/\/hannacosmetica.com\/fr\/wp-json\/wp\/v2\/product\/20073\/revisions"}],"predecessor-version":[{"id":20076,"href":"https:\/\/hannacosmetica.com\/fr\/wp-json\/wp\/v2\/product\/20073\/revisions\/20076"}],"wp:featuredmedia":[{"embeddable":true,"href":"https:\/\/hannacosmetica.com\/fr\/wp-json\/wp\/v2\/media\/20066"}],"wp:attachment":[{"href":"https:\/\/hannacosmetica.com\/fr\/wp-json\/wp\/v2\/media?parent=20073"}],"wp:term":[{"taxonomy":"product_cat","embeddable":true,"href":"https:\/\/hannacosmetica.com\/fr\/wp-json\/wp\/v2\/product_cat?post=20073"},{"taxonomy":"product_tag","embeddable":true,"href":"https:\/\/hannacosmetica.com\/fr\/wp-json\/wp\/v2\/product_tag?post=20073"}],"curies":[{"name":"wp","href":"https:\/\/api.w.org\/{rel}","templated":true}]}}