{"id":20027,"date":"2025-06-27T16:07:41","date_gmt":"2025-06-27T16:07:41","guid":{"rendered":"https:\/\/hannacosmetica.com\/?post_type=product&#038;p=20027"},"modified":"2025-06-27T16:07:41","modified_gmt":"2025-06-27T16:07:41","slug":"lampara-led-de-un-dedo-j10-3w","status":"publish","type":"product","link":"https:\/\/hannacosmetica.com\/fr\/tienda\/maquinaria\/lamparas-de-secado-de-unas\/lampara-led-de-un-dedo-j10-3w\/","title":{"rendered":"Lampara LED de un dedo J10 3w"},"content":{"rendered":"<p>Nuevo Mini Lampara UV Led U\u00f1as\u3011 lampara led u\u00f1as adopta el dise\u00f1o en forma de bol\u00edgrafo, trabaja con las u\u00f1as cortas y largas, y puede secar el pegamento de gel de forma r\u00e1pida y uniforme. la l\u00e1mpara de u\u00f1as perfecto para aquellos momentos en que usted necesita para arreglar s\u00f3lo una de sus u\u00f1as. Arregle sus u\u00f1as en casa como si estuviera en un sal\u00f3n de belleza, es un gran complemento para las herramientas de u\u00f1as de gel.<br \/>\n\u3010Mini UV LED Luz L\u00e1mpara Secadora R\u00e1pida , l\u00e1mpara de u\u00f1as de mano 2.0 adopta una versi\u00f3n mejorada de 8 veces lente convexa de n\u00facleo duro, 365+405nm perlas de l\u00e1mpara de alta calidad, para que el pegamento de esmalte de u\u00f1as se seque m\u00e1s r\u00e1pido. La l\u00e1mpara ilumina con precisi\u00f3n el \u00e1rea de la u\u00f1a, sin manos negras. (Nota: No exceso de esmalte de u\u00f1as en la piel cuando se utiliza, para evitar da\u00f1ar la piel)<br \/>\n\u3010Peque\u00f1o Tama\u00f1o, Grandes Posibilidades\u3011Nuestra lampara uv es de tama\u00f1o peque\u00f1o, ligero y port\u00e1til. Con 2 ajustes de tiempo: 1. pulsaci\u00f3n corta para iluminar durante 20s; 2. pulsaci\u00f3n larga para 60s. diferente arte de u\u00f1as para elegir el tiempo de curado. Nuestra luz LED cura todo tipo de geles de u\u00f1as como esmalte de u\u00f1as, pegamento de u\u00f1as LED, capa superior, pegamento de extensi\u00f3n de u\u00f1as, capa base, pegamento de piedras preciosas de u\u00f1as, etc.<br \/>\n\u3010Mini L\u00e1mpara UV con LED Dispaly &amp; Recargable\u3011 L\u00e1mpara uv de u\u00f1as con LED Dispaly, la pantalla de visualizaci\u00f3n de la l\u00e1mpara de u\u00f1as mini led puede ser muestra un medidor de bater\u00eda muy preciso y tiempos de curado de u\u00f1as. Utilice carga USB tipo c y capacidad de bater\u00eda de 400mAh, Cargue una vez, funciona hasta 90-120 minutos continuamente. Adem\u00e1s, funciona mientras se carga o sin cable ( Nota: No utilice adaptador que exceda 5V\/2A)<\/p>","protected":false},"excerpt":{"rendered":"<p>Nuevo Mini Lampara UV Led U\u00f1as\u3011 lampara led u\u00f1as adopta el dise\u00f1o en forma de bol\u00edgrafo, trabaja con las u\u00f1as cortas y&hellip;<\/p>","protected":false},"featured_media":20023,"comment_status":"open","ping_status":"closed","template":"","meta":[],"product_cat":[304,82,86,119,87],"product_tag":[],"yoast_head":"<!-- This site is optimized with the Yoast SEO plugin v19.9 - https:\/\/yoast.com\/wordpress\/plugins\/seo\/ -->\n<title>Lampara LED de un dedo J10 3w - Hanna Cosm\u00e9tica<\/title>\n<meta name=\"robots\" content=\"index, follow, max-snippet:-1, max-image-preview:large, max-video-preview:-1\" \/>\n<link rel=\"canonical\" href=\"https:\/\/hannacosmetica.com\/fr\/tienda\/maquinaria\/lamparas-de-secado-de-unas\/lampara-led-de-un-dedo-j10-3w\/\" \/>\n<meta property=\"og:locale\" content=\"fr_FR\" \/>\n<meta property=\"og:type\" content=\"article\" \/>\n<meta property=\"og:title\" content=\"Lampara LED de un dedo J10 3w - Hanna Cosm\u00e9tica\" \/>\n<meta property=\"og:description\" content=\"Nuevo Mini Lampara UV Led U\u00f1as\u3011 lampara led u\u00f1as adopta el dise\u00f1o en forma de bol\u00edgrafo, trabaja con las u\u00f1as cortas y&hellip;\" \/>\n<meta property=\"og:url\" content=\"https:\/\/hannacosmetica.com\/fr\/tienda\/maquinaria\/lamparas-de-secado-de-unas\/lampara-led-de-un-dedo-j10-3w\/\" \/>\n<meta property=\"og:site_name\" content=\"Hanna Cosm\u00e9tica\" \/>\n<meta property=\"og:image\" content=\"https:\/\/hannacosmetica.com\/wp-content\/uploads\/2025\/06\/5-Patas-para-una-mayor-firmeza-480-x-420-px-29.png\" \/>\n\t<meta property=\"og:image:width\" content=\"1500\" \/>\n\t<meta property=\"og:image:height\" content=\"1313\" \/>\n\t<meta property=\"og:image:type\" content=\"image\/png\" \/>\n<meta name=\"twitter:card\" content=\"summary_large_image\" \/>\n<script type=\"application\/ld+json\" class=\"yoast-schema-graph\">{\"@context\":\"https:\/\/schema.org\",\"@graph\":[{\"@type\":\"WebPage\",\"@id\":\"https:\/\/hannacosmetica.com\/tienda\/maquinaria\/lamparas-de-secado-de-unas\/lampara-led-de-un-dedo-j10-3w\/\",\"url\":\"https:\/\/hannacosmetica.com\/tienda\/maquinaria\/lamparas-de-secado-de-unas\/lampara-led-de-un-dedo-j10-3w\/\",\"name\":\"Lampara LED de un dedo J10 3w - Hanna Cosm\u00e9tica\",\"isPartOf\":{\"@id\":\"https:\/\/hannacosmetica.com\/#website\"},\"datePublished\":\"2025-06-27T16:07:41+00:00\",\"dateModified\":\"2025-06-27T16:07:41+00:00\",\"breadcrumb\":{\"@id\":\"https:\/\/hannacosmetica.com\/tienda\/maquinaria\/lamparas-de-secado-de-unas\/lampara-led-de-un-dedo-j10-3w\/#breadcrumb\"},\"inLanguage\":\"fr-FR\",\"potentialAction\":[{\"@type\":\"ReadAction\",\"target\":[\"https:\/\/hannacosmetica.com\/tienda\/maquinaria\/lamparas-de-secado-de-unas\/lampara-led-de-un-dedo-j10-3w\/\"]}]},{\"@type\":\"BreadcrumbList\",\"@id\":\"https:\/\/hannacosmetica.com\/tienda\/maquinaria\/lamparas-de-secado-de-unas\/lampara-led-de-un-dedo-j10-3w\/#breadcrumb\",\"itemListElement\":[{\"@type\":\"ListItem\",\"position\":1,\"name\":\"Portada\",\"item\":\"https:\/\/hannacosmetica.com\/\"},{\"@type\":\"ListItem\",\"position\":2,\"name\":\"Tienda\",\"item\":\"https:\/\/hannacosmetica.com\/shop\/\"},{\"@type\":\"ListItem\",\"position\":3,\"name\":\"Lampara LED de un dedo J10 3w\"}]},{\"@type\":\"WebSite\",\"@id\":\"https:\/\/hannacosmetica.com\/#website\",\"url\":\"https:\/\/hannacosmetica.com\/\",\"name\":\"Hanna Cosm\u00e9tica\",\"description\":\"Tienda de productos u\u00f1as, bellezas y peluquer\u00edas\",\"publisher\":{\"@id\":\"https:\/\/hannacosmetica.com\/#organization\"},\"potentialAction\":[{\"@type\":\"SearchAction\",\"target\":{\"@type\":\"EntryPoint\",\"urlTemplate\":\"https:\/\/hannacosmetica.com\/?s={search_term_string}\"},\"query-input\":\"required name=search_term_string\"}],\"inLanguage\":\"fr-FR\"},{\"@type\":\"Organization\",\"@id\":\"https:\/\/hannacosmetica.com\/#organization\",\"name\":\"Hanna Cosm\u00e9tica\",\"url\":\"https:\/\/hannacosmetica.com\/\",\"logo\":{\"@type\":\"ImageObject\",\"inLanguage\":\"fr-FR\",\"@id\":\"https:\/\/hannacosmetica.com\/#\/schema\/logo\/image\/\",\"url\":\"https:\/\/hannacosmetica.com\/wp-content\/uploads\/2022\/07\/Logo-Joyeria-Femenino-Floral-Negro.png\",\"contentUrl\":\"https:\/\/hannacosmetica.com\/wp-content\/uploads\/2022\/07\/Logo-Joyeria-Femenino-Floral-Negro.png\",\"width\":361,\"height\":126,\"caption\":\"Hanna Cosm\u00e9tica\"},\"image\":{\"@id\":\"https:\/\/hannacosmetica.com\/#\/schema\/logo\/image\/\"}}]}<\/script>\n<!-- \/ Yoast SEO plugin. -->","yoast_head_json":{"title":"Lampara LED de un dedo J10 3w - Hanna Cosm\u00e9tica","robots":{"index":"index","follow":"follow","max-snippet":"max-snippet:-1","max-image-preview":"max-image-preview:large","max-video-preview":"max-video-preview:-1"},"canonical":"https:\/\/hannacosmetica.com\/fr\/tienda\/maquinaria\/lamparas-de-secado-de-unas\/lampara-led-de-un-dedo-j10-3w\/","og_locale":"fr_FR","og_type":"article","og_title":"Lampara LED de un dedo J10 3w - Hanna Cosm\u00e9tica","og_description":"Nuevo Mini Lampara UV Led U\u00f1as\u3011 lampara led u\u00f1as adopta el dise\u00f1o en forma de bol\u00edgrafo, trabaja con las u\u00f1as cortas y&hellip;","og_url":"https:\/\/hannacosmetica.com\/fr\/tienda\/maquinaria\/lamparas-de-secado-de-unas\/lampara-led-de-un-dedo-j10-3w\/","og_site_name":"Hanna Cosm\u00e9tica","og_image":[{"width":1500,"height":1313,"url":"https:\/\/hannacosmetica.com\/wp-content\/uploads\/2025\/06\/5-Patas-para-una-mayor-firmeza-480-x-420-px-29.png","type":"image\/png"}],"twitter_card":"summary_large_image","schema":{"@context":"https:\/\/schema.org","@graph":[{"@type":"WebPage","@id":"https:\/\/hannacosmetica.com\/tienda\/maquinaria\/lamparas-de-secado-de-unas\/lampara-led-de-un-dedo-j10-3w\/","url":"https:\/\/hannacosmetica.com\/tienda\/maquinaria\/lamparas-de-secado-de-unas\/lampara-led-de-un-dedo-j10-3w\/","name":"Lampara LED de un dedo J10 3w - Hanna Cosm\u00e9tica","isPartOf":{"@id":"https:\/\/hannacosmetica.com\/#website"},"datePublished":"2025-06-27T16:07:41+00:00","dateModified":"2025-06-27T16:07:41+00:00","breadcrumb":{"@id":"https:\/\/hannacosmetica.com\/tienda\/maquinaria\/lamparas-de-secado-de-unas\/lampara-led-de-un-dedo-j10-3w\/#breadcrumb"},"inLanguage":"fr-FR","potentialAction":[{"@type":"ReadAction","target":["https:\/\/hannacosmetica.com\/tienda\/maquinaria\/lamparas-de-secado-de-unas\/lampara-led-de-un-dedo-j10-3w\/"]}]},{"@type":"BreadcrumbList","@id":"https:\/\/hannacosmetica.com\/tienda\/maquinaria\/lamparas-de-secado-de-unas\/lampara-led-de-un-dedo-j10-3w\/#breadcrumb","itemListElement":[{"@type":"ListItem","position":1,"name":"Portada","item":"https:\/\/hannacosmetica.com\/"},{"@type":"ListItem","position":2,"name":"Tienda","item":"https:\/\/hannacosmetica.com\/shop\/"},{"@type":"ListItem","position":3,"name":"Lampara LED de un dedo J10 3w"}]},{"@type":"WebSite","@id":"https:\/\/hannacosmetica.com\/#website","url":"https:\/\/hannacosmetica.com\/","name":"Hanna Cosm\u00e9tica","description":"Tienda de productos u\u00f1as, bellezas y peluquer\u00edas","publisher":{"@id":"https:\/\/hannacosmetica.com\/#organization"},"potentialAction":[{"@type":"SearchAction","target":{"@type":"EntryPoint","urlTemplate":"https:\/\/hannacosmetica.com\/?s={search_term_string}"},"query-input":"required name=search_term_string"}],"inLanguage":"fr-FR"},{"@type":"Organization","@id":"https:\/\/hannacosmetica.com\/#organization","name":"Hanna Cosm\u00e9tica","url":"https:\/\/hannacosmetica.com\/","logo":{"@type":"ImageObject","inLanguage":"fr-FR","@id":"https:\/\/hannacosmetica.com\/#\/schema\/logo\/image\/","url":"https:\/\/hannacosmetica.com\/wp-content\/uploads\/2022\/07\/Logo-Joyeria-Femenino-Floral-Negro.png","contentUrl":"https:\/\/hannacosmetica.com\/wp-content\/uploads\/2022\/07\/Logo-Joyeria-Femenino-Floral-Negro.png","width":361,"height":126,"caption":"Hanna Cosm\u00e9tica"},"image":{"@id":"https:\/\/hannacosmetica.com\/#\/schema\/logo\/image\/"}}]}},"_links":{"self":[{"href":"https:\/\/hannacosmetica.com\/fr\/wp-json\/wp\/v2\/product\/20027"}],"collection":[{"href":"https:\/\/hannacosmetica.com\/fr\/wp-json\/wp\/v2\/product"}],"about":[{"href":"https:\/\/hannacosmetica.com\/fr\/wp-json\/wp\/v2\/types\/product"}],"replies":[{"embeddable":true,"href":"https:\/\/hannacosmetica.com\/fr\/wp-json\/wp\/v2\/comments?post=20027"}],"version-history":[{"count":1,"href":"https:\/\/hannacosmetica.com\/fr\/wp-json\/wp\/v2\/product\/20027\/revisions"}],"predecessor-version":[{"id":20035,"href":"https:\/\/hannacosmetica.com\/fr\/wp-json\/wp\/v2\/product\/20027\/revisions\/20035"}],"wp:featuredmedia":[{"embeddable":true,"href":"https:\/\/hannacosmetica.com\/fr\/wp-json\/wp\/v2\/media\/20023"}],"wp:attachment":[{"href":"https:\/\/hannacosmetica.com\/fr\/wp-json\/wp\/v2\/media?parent=20027"}],"wp:term":[{"taxonomy":"product_cat","embeddable":true,"href":"https:\/\/hannacosmetica.com\/fr\/wp-json\/wp\/v2\/product_cat?post=20027"},{"taxonomy":"product_tag","embeddable":true,"href":"https:\/\/hannacosmetica.com\/fr\/wp-json\/wp\/v2\/product_tag?post=20027"}],"curies":[{"name":"wp","href":"https:\/\/api.w.org\/{rel}","templated":true}]}}