{"id":19964,"date":"2025-06-26T10:44:53","date_gmt":"2025-06-26T10:44:53","guid":{"rendered":"https:\/\/hannacosmetica.com\/?post_type=product&#038;p=19964"},"modified":"2025-06-26T10:44:53","modified_gmt":"2025-06-26T10:44:53","slug":"aspirador-de-polvo502-aspirador-de-manicura-4200rpm","status":"publish","type":"product","link":"https:\/\/hannacosmetica.com\/fr\/tienda\/maquinaria\/aspiradores\/aspirador-de-polvo502-aspirador-de-manicura-4200rpm\/","title":{"rendered":"Aspirador de polvo502\/ aspirador  de  manicura 4200RPM"},"content":{"rendered":"<p>Profesional Potente Aspirador de Polvo de U\u00f1as\u3011Equipado con un potente ventilador de succi\u00f3n de 56W y un filtro fino reutilizable, puede absorber f\u00e1cilmente el polvo de u\u00f1as de hasta 3,5 pulgadas por encima a una velocidad m\u00e1xima de 4200RPM.\u00a0 extractor de polvo de u\u00f1as puede recoger f\u00e1cilmente el polvo de pegamento de u\u00f1as, polvo de u\u00f1as de acr\u00edlico, polvo de polvo de inmersi\u00f3n, polvo de gel de u\u00f1as de extensi\u00f3n de constructor, etc, proporcionando a usted, sus hijos y sus clientes un ambiente de respiraci\u00f3n libre de polvo.<\/p>\n<p>\u3010F\u00e1cil de ajustar la succi\u00f3n\u3011El colector de polvo para u\u00f1as est\u00e1 equipado con una nueva generaci\u00f3n de ventiladores turbo sin escobillas, que pueden proporcionar una fuerte succi\u00f3n manteniendo un bajo nivel de ruido, haci\u00e9ndole m\u00e1s c\u00f3modo al pulir las u\u00f1as. Equipado con un controlador de velocidad de perilla, la fuerza de succi\u00f3n se puede ajustar f\u00e1cilmente girando suavemente la perilla.<\/p>\n<p>\u3010Dise\u00f1o f\u00e1cil de usar\u3011El aspirador de polvo de u\u00f1as est\u00e1 dise\u00f1ado con una c\u00f3moda almohada de mano, haciendo que la experiencia de la mano de su cliente sea m\u00e1s c\u00f3moda. La interfaz USB lateral le permite conectar otros dispositivos externamente, como la iluminaci\u00f3n, la m\u00e1quina de pulido o la carga del tel\u00e9fono. La almohadilla antideslizante en la parte posterior asegura que la m\u00e1quina funcione de forma estable en su lugar.<\/p>\n<p>\u3010Eficiente Disipaci\u00f3n de Calor\u3011El gran n\u00famero de orificios de ventilaci\u00f3n en la parte posterior tienen funci\u00f3n de disipaci\u00f3n de calor de larga duraci\u00f3n, asegurando que el aspirador de polvo del ventilador de u\u00f1as no se calentar\u00e1 incluso despu\u00e9s de una operaci\u00f3n a largo plazo, aumentando efectivamente la succi\u00f3n y extendiendo su vida \u00fatil.<\/p>\n<p>\u3010Filtro de polvo de u\u00f1as reutilizable\u3011Este aspirador de polvo de u\u00f1as viene con 2 filtros reutilizables y 1 exquisito cepillo. El filtro de alta densidad es m\u00e1s grueso que los filtros ordinarios, respetuoso con el medio ambiente y econ\u00f3mico. Puede abrir f\u00e1cilmente la cubierta met\u00e1lica de succi\u00f3n magn\u00e9tica, quitar el filtro, limpiarlo con el cepillo o el secador de pelo y reutilizarlo, lo cual es muy conveniente.<\/p>","protected":false},"excerpt":{"rendered":"<p>Profesional Potente Aspirador de Polvo de U\u00f1as\u3011Equipado con un potente ventilador de succi\u00f3n de 56W y un filtro fino reutilizable, puede absorber&hellip;<\/p>","protected":false},"featured_media":19955,"comment_status":"open","ping_status":"closed","template":"","meta":[],"product_cat":[304,82,86,120,87],"product_tag":[],"yoast_head":"<!-- This site is optimized with the Yoast SEO plugin v19.9 - https:\/\/yoast.com\/wordpress\/plugins\/seo\/ -->\n<title>Aspirador de polvo502\/ aspirador de manicura 4200RPM - Hanna Cosm\u00e9tica<\/title>\n<meta name=\"robots\" content=\"index, follow, max-snippet:-1, max-image-preview:large, max-video-preview:-1\" \/>\n<link rel=\"canonical\" href=\"https:\/\/hannacosmetica.com\/fr\/tienda\/maquinaria\/aspiradores\/aspirador-de-polvo502-aspirador-de-manicura-4200rpm\/\" \/>\n<meta property=\"og:locale\" content=\"fr_FR\" \/>\n<meta property=\"og:type\" content=\"article\" \/>\n<meta property=\"og:title\" content=\"Aspirador de polvo502\/ aspirador de manicura 4200RPM - Hanna Cosm\u00e9tica\" \/>\n<meta property=\"og:description\" content=\"Profesional Potente Aspirador de Polvo de U\u00f1as\u3011Equipado con un potente ventilador de succi\u00f3n de 56W y un filtro fino reutilizable, puede absorber&hellip;\" \/>\n<meta property=\"og:url\" content=\"https:\/\/hannacosmetica.com\/fr\/tienda\/maquinaria\/aspiradores\/aspirador-de-polvo502-aspirador-de-manicura-4200rpm\/\" \/>\n<meta property=\"og:site_name\" content=\"Hanna Cosm\u00e9tica\" \/>\n<meta property=\"og:image\" content=\"https:\/\/hannacosmetica.com\/wp-content\/uploads\/2025\/06\/5-Patas-para-una-mayor-firmeza-22.png\" \/>\n\t<meta property=\"og:image:width\" content=\"1469\" \/>\n\t<meta property=\"og:image:height\" content=\"1313\" \/>\n\t<meta property=\"og:image:type\" content=\"image\/png\" \/>\n<meta name=\"twitter:card\" content=\"summary_large_image\" \/>\n<script type=\"application\/ld+json\" class=\"yoast-schema-graph\">{\"@context\":\"https:\/\/schema.org\",\"@graph\":[{\"@type\":\"WebPage\",\"@id\":\"https:\/\/hannacosmetica.com\/tienda\/maquinaria\/aspiradores\/aspirador-de-polvo502-aspirador-de-manicura-4200rpm\/\",\"url\":\"https:\/\/hannacosmetica.com\/tienda\/maquinaria\/aspiradores\/aspirador-de-polvo502-aspirador-de-manicura-4200rpm\/\",\"name\":\"Aspirador de polvo502\/ aspirador de manicura 4200RPM - Hanna Cosm\u00e9tica\",\"isPartOf\":{\"@id\":\"https:\/\/hannacosmetica.com\/#website\"},\"datePublished\":\"2025-06-26T10:44:53+00:00\",\"dateModified\":\"2025-06-26T10:44:53+00:00\",\"breadcrumb\":{\"@id\":\"https:\/\/hannacosmetica.com\/tienda\/maquinaria\/aspiradores\/aspirador-de-polvo502-aspirador-de-manicura-4200rpm\/#breadcrumb\"},\"inLanguage\":\"fr-FR\",\"potentialAction\":[{\"@type\":\"ReadAction\",\"target\":[\"https:\/\/hannacosmetica.com\/tienda\/maquinaria\/aspiradores\/aspirador-de-polvo502-aspirador-de-manicura-4200rpm\/\"]}]},{\"@type\":\"BreadcrumbList\",\"@id\":\"https:\/\/hannacosmetica.com\/tienda\/maquinaria\/aspiradores\/aspirador-de-polvo502-aspirador-de-manicura-4200rpm\/#breadcrumb\",\"itemListElement\":[{\"@type\":\"ListItem\",\"position\":1,\"name\":\"Portada\",\"item\":\"https:\/\/hannacosmetica.com\/\"},{\"@type\":\"ListItem\",\"position\":2,\"name\":\"Tienda\",\"item\":\"https:\/\/hannacosmetica.com\/shop\/\"},{\"@type\":\"ListItem\",\"position\":3,\"name\":\"Aspirador de polvo502\/ aspirador de manicura 4200RPM\"}]},{\"@type\":\"WebSite\",\"@id\":\"https:\/\/hannacosmetica.com\/#website\",\"url\":\"https:\/\/hannacosmetica.com\/\",\"name\":\"Hanna Cosm\u00e9tica\",\"description\":\"Tienda de productos u\u00f1as, bellezas y peluquer\u00edas\",\"publisher\":{\"@id\":\"https:\/\/hannacosmetica.com\/#organization\"},\"potentialAction\":[{\"@type\":\"SearchAction\",\"target\":{\"@type\":\"EntryPoint\",\"urlTemplate\":\"https:\/\/hannacosmetica.com\/?s={search_term_string}\"},\"query-input\":\"required name=search_term_string\"}],\"inLanguage\":\"fr-FR\"},{\"@type\":\"Organization\",\"@id\":\"https:\/\/hannacosmetica.com\/#organization\",\"name\":\"Hanna Cosm\u00e9tica\",\"url\":\"https:\/\/hannacosmetica.com\/\",\"logo\":{\"@type\":\"ImageObject\",\"inLanguage\":\"fr-FR\",\"@id\":\"https:\/\/hannacosmetica.com\/#\/schema\/logo\/image\/\",\"url\":\"https:\/\/hannacosmetica.com\/wp-content\/uploads\/2022\/07\/Logo-Joyeria-Femenino-Floral-Negro.png\",\"contentUrl\":\"https:\/\/hannacosmetica.com\/wp-content\/uploads\/2022\/07\/Logo-Joyeria-Femenino-Floral-Negro.png\",\"width\":361,\"height\":126,\"caption\":\"Hanna Cosm\u00e9tica\"},\"image\":{\"@id\":\"https:\/\/hannacosmetica.com\/#\/schema\/logo\/image\/\"}}]}<\/script>\n<!-- \/ Yoast SEO plugin. -->","yoast_head_json":{"title":"Aspirador de polvo502\/ aspirador de manicura 4200RPM - Hanna Cosm\u00e9tica","robots":{"index":"index","follow":"follow","max-snippet":"max-snippet:-1","max-image-preview":"max-image-preview:large","max-video-preview":"max-video-preview:-1"},"canonical":"https:\/\/hannacosmetica.com\/fr\/tienda\/maquinaria\/aspiradores\/aspirador-de-polvo502-aspirador-de-manicura-4200rpm\/","og_locale":"fr_FR","og_type":"article","og_title":"Aspirador de polvo502\/ aspirador de manicura 4200RPM - Hanna Cosm\u00e9tica","og_description":"Profesional Potente Aspirador de Polvo de U\u00f1as\u3011Equipado con un potente ventilador de succi\u00f3n de 56W y un filtro fino reutilizable, puede absorber&hellip;","og_url":"https:\/\/hannacosmetica.com\/fr\/tienda\/maquinaria\/aspiradores\/aspirador-de-polvo502-aspirador-de-manicura-4200rpm\/","og_site_name":"Hanna Cosm\u00e9tica","og_image":[{"width":1469,"height":1313,"url":"https:\/\/hannacosmetica.com\/wp-content\/uploads\/2025\/06\/5-Patas-para-una-mayor-firmeza-22.png","type":"image\/png"}],"twitter_card":"summary_large_image","schema":{"@context":"https:\/\/schema.org","@graph":[{"@type":"WebPage","@id":"https:\/\/hannacosmetica.com\/tienda\/maquinaria\/aspiradores\/aspirador-de-polvo502-aspirador-de-manicura-4200rpm\/","url":"https:\/\/hannacosmetica.com\/tienda\/maquinaria\/aspiradores\/aspirador-de-polvo502-aspirador-de-manicura-4200rpm\/","name":"Aspirador de polvo502\/ aspirador de manicura 4200RPM - Hanna Cosm\u00e9tica","isPartOf":{"@id":"https:\/\/hannacosmetica.com\/#website"},"datePublished":"2025-06-26T10:44:53+00:00","dateModified":"2025-06-26T10:44:53+00:00","breadcrumb":{"@id":"https:\/\/hannacosmetica.com\/tienda\/maquinaria\/aspiradores\/aspirador-de-polvo502-aspirador-de-manicura-4200rpm\/#breadcrumb"},"inLanguage":"fr-FR","potentialAction":[{"@type":"ReadAction","target":["https:\/\/hannacosmetica.com\/tienda\/maquinaria\/aspiradores\/aspirador-de-polvo502-aspirador-de-manicura-4200rpm\/"]}]},{"@type":"BreadcrumbList","@id":"https:\/\/hannacosmetica.com\/tienda\/maquinaria\/aspiradores\/aspirador-de-polvo502-aspirador-de-manicura-4200rpm\/#breadcrumb","itemListElement":[{"@type":"ListItem","position":1,"name":"Portada","item":"https:\/\/hannacosmetica.com\/"},{"@type":"ListItem","position":2,"name":"Tienda","item":"https:\/\/hannacosmetica.com\/shop\/"},{"@type":"ListItem","position":3,"name":"Aspirador de polvo502\/ aspirador de manicura 4200RPM"}]},{"@type":"WebSite","@id":"https:\/\/hannacosmetica.com\/#website","url":"https:\/\/hannacosmetica.com\/","name":"Hanna Cosm\u00e9tica","description":"Tienda de productos u\u00f1as, bellezas y peluquer\u00edas","publisher":{"@id":"https:\/\/hannacosmetica.com\/#organization"},"potentialAction":[{"@type":"SearchAction","target":{"@type":"EntryPoint","urlTemplate":"https:\/\/hannacosmetica.com\/?s={search_term_string}"},"query-input":"required name=search_term_string"}],"inLanguage":"fr-FR"},{"@type":"Organization","@id":"https:\/\/hannacosmetica.com\/#organization","name":"Hanna Cosm\u00e9tica","url":"https:\/\/hannacosmetica.com\/","logo":{"@type":"ImageObject","inLanguage":"fr-FR","@id":"https:\/\/hannacosmetica.com\/#\/schema\/logo\/image\/","url":"https:\/\/hannacosmetica.com\/wp-content\/uploads\/2022\/07\/Logo-Joyeria-Femenino-Floral-Negro.png","contentUrl":"https:\/\/hannacosmetica.com\/wp-content\/uploads\/2022\/07\/Logo-Joyeria-Femenino-Floral-Negro.png","width":361,"height":126,"caption":"Hanna Cosm\u00e9tica"},"image":{"@id":"https:\/\/hannacosmetica.com\/#\/schema\/logo\/image\/"}}]}},"_links":{"self":[{"href":"https:\/\/hannacosmetica.com\/fr\/wp-json\/wp\/v2\/product\/19964"}],"collection":[{"href":"https:\/\/hannacosmetica.com\/fr\/wp-json\/wp\/v2\/product"}],"about":[{"href":"https:\/\/hannacosmetica.com\/fr\/wp-json\/wp\/v2\/types\/product"}],"replies":[{"embeddable":true,"href":"https:\/\/hannacosmetica.com\/fr\/wp-json\/wp\/v2\/comments?post=19964"}],"version-history":[{"count":1,"href":"https:\/\/hannacosmetica.com\/fr\/wp-json\/wp\/v2\/product\/19964\/revisions"}],"predecessor-version":[{"id":19967,"href":"https:\/\/hannacosmetica.com\/fr\/wp-json\/wp\/v2\/product\/19964\/revisions\/19967"}],"wp:featuredmedia":[{"embeddable":true,"href":"https:\/\/hannacosmetica.com\/fr\/wp-json\/wp\/v2\/media\/19955"}],"wp:attachment":[{"href":"https:\/\/hannacosmetica.com\/fr\/wp-json\/wp\/v2\/media?parent=19964"}],"wp:term":[{"taxonomy":"product_cat","embeddable":true,"href":"https:\/\/hannacosmetica.com\/fr\/wp-json\/wp\/v2\/product_cat?post=19964"},{"taxonomy":"product_tag","embeddable":true,"href":"https:\/\/hannacosmetica.com\/fr\/wp-json\/wp\/v2\/product_tag?post=19964"}],"curies":[{"name":"wp","href":"https:\/\/api.w.org\/{rel}","templated":true}]}}