{"id":19846,"date":"2025-06-23T15:39:32","date_gmt":"2025-06-23T15:39:32","guid":{"rendered":"https:\/\/hannacosmetica.com\/?post_type=product&#038;p=19846"},"modified":"2025-06-24T10:49:00","modified_gmt":"2025-06-24T10:49:00","slug":"taburete-montura-de-caballo-con-respaldo","status":"publish","type":"product","link":"https:\/\/hannacosmetica.com\/fr\/tienda\/mobiliario\/sillas\/taburete-montura-de-caballo-con-respaldo\/","title":{"rendered":"Taburete Montura de Caballo con Respaldo"},"content":{"rendered":"<ul class=\"a-unordered-list a-vertical a-spacing-mini\">\n<li class=\"a-spacing-mini\"><span class=\"a-list-item\">Dise\u00f1o de asiento montura de caballo para mayor comodidad para aliviar el estr\u00e9s y el dolor en la espalda y la columna vertebral.<\/span><\/li>\n<li class=\"a-spacing-mini\"><span class=\"a-list-item\">C\u00f3modo coj\u00edn hecho de esponja densa recubierta con cuero de PVC m\u00e1s grueso de primera calidad, costuras elegantes incluso para la parte inferior del asiento. Mucho mejor que el asiento de espuma reciclada.<\/span><\/li>\n<li class=\"a-spacing-mini\"><span class=\"a-list-item\">Base de metal resistente y tornillo estructurado que permiten una capacidad de peso de hasta 180 kg.<\/span><\/li>\n<li class=\"a-spacing-mini\"><span class=\"a-list-item\">Almohadilla giratoria de 360 grados, altura del asiento ajustada por elevaci\u00f3n hidr\u00e1ulica, ruedas de nailon reforzado duraderas y elegantes para un movimiento silencioso y suave en todos los suelos sin ara\u00f1azos.<\/span><\/li>\n<li class=\"a-spacing-mini\"><span class=\"a-list-item\">La placa antiexplosi\u00f3n unida debajo del coj\u00edn<\/span><\/li>\n<\/ul>","protected":false},"excerpt":{"rendered":"<p>Dise\u00f1o de asiento montura de caballo para mayor comodidad para aliviar el estr\u00e9s y el dolor en la espalda y la columna&hellip;<\/p>","protected":false},"featured_media":19889,"comment_status":"open","ping_status":"closed","template":"","meta":[],"product_cat":[152,304,294,295,82,101,83,84,115,85,117,87],"product_tag":[],"yoast_head":"<!-- This site is optimized with the Yoast SEO plugin v19.9 - https:\/\/yoast.com\/wordpress\/plugins\/seo\/ -->\n<title>Taburete Montura de Caballo con Respaldo - Hanna Cosm\u00e9tica<\/title>\n<meta name=\"robots\" content=\"index, follow, max-snippet:-1, max-image-preview:large, max-video-preview:-1\" \/>\n<link rel=\"canonical\" href=\"https:\/\/hannacosmetica.com\/fr\/tienda\/mobiliario\/sillas\/taburete-montura-de-caballo-con-respaldo\/\" \/>\n<meta property=\"og:locale\" content=\"fr_FR\" \/>\n<meta property=\"og:type\" content=\"article\" \/>\n<meta property=\"og:title\" content=\"Taburete Montura de Caballo con Respaldo - Hanna Cosm\u00e9tica\" \/>\n<meta property=\"og:description\" content=\"Dise\u00f1o de asiento montura de caballo para mayor comodidad para aliviar el estr\u00e9s y el dolor en la espalda y la columna&hellip;\" \/>\n<meta property=\"og:url\" content=\"https:\/\/hannacosmetica.com\/fr\/tienda\/mobiliario\/sillas\/taburete-montura-de-caballo-con-respaldo\/\" \/>\n<meta property=\"og:site_name\" content=\"Hanna Cosm\u00e9tica\" \/>\n<meta property=\"article:modified_time\" content=\"2025-06-24T10:49:00+00:00\" \/>\n<meta property=\"og:image\" content=\"https:\/\/hannacosmetica.com\/wp-content\/uploads\/2025\/06\/5-Patas-para-una-mayor-firmeza-3.png\" \/>\n\t<meta property=\"og:image:width\" content=\"1469\" \/>\n\t<meta property=\"og:image:height\" content=\"1313\" \/>\n\t<meta property=\"og:image:type\" content=\"image\/png\" \/>\n<meta name=\"twitter:card\" content=\"summary_large_image\" \/>\n<script type=\"application\/ld+json\" class=\"yoast-schema-graph\">{\"@context\":\"https:\/\/schema.org\",\"@graph\":[{\"@type\":\"WebPage\",\"@id\":\"https:\/\/hannacosmetica.com\/tienda\/mobiliario\/sillas\/taburete-montura-de-caballo-con-respaldo\/\",\"url\":\"https:\/\/hannacosmetica.com\/tienda\/mobiliario\/sillas\/taburete-montura-de-caballo-con-respaldo\/\",\"name\":\"Taburete Montura de Caballo con Respaldo - Hanna Cosm\u00e9tica\",\"isPartOf\":{\"@id\":\"https:\/\/hannacosmetica.com\/#website\"},\"datePublished\":\"2025-06-23T15:39:32+00:00\",\"dateModified\":\"2025-06-24T10:49:00+00:00\",\"breadcrumb\":{\"@id\":\"https:\/\/hannacosmetica.com\/tienda\/mobiliario\/sillas\/taburete-montura-de-caballo-con-respaldo\/#breadcrumb\"},\"inLanguage\":\"fr-FR\",\"potentialAction\":[{\"@type\":\"ReadAction\",\"target\":[\"https:\/\/hannacosmetica.com\/tienda\/mobiliario\/sillas\/taburete-montura-de-caballo-con-respaldo\/\"]}]},{\"@type\":\"BreadcrumbList\",\"@id\":\"https:\/\/hannacosmetica.com\/tienda\/mobiliario\/sillas\/taburete-montura-de-caballo-con-respaldo\/#breadcrumb\",\"itemListElement\":[{\"@type\":\"ListItem\",\"position\":1,\"name\":\"Portada\",\"item\":\"https:\/\/hannacosmetica.com\/\"},{\"@type\":\"ListItem\",\"position\":2,\"name\":\"Tienda\",\"item\":\"https:\/\/hannacosmetica.com\/shop\/\"},{\"@type\":\"ListItem\",\"position\":3,\"name\":\"Taburete Montura de Caballo con Respaldo\"}]},{\"@type\":\"WebSite\",\"@id\":\"https:\/\/hannacosmetica.com\/#website\",\"url\":\"https:\/\/hannacosmetica.com\/\",\"name\":\"Hanna Cosm\u00e9tica\",\"description\":\"Tienda de productos u\u00f1as, bellezas y peluquer\u00edas\",\"publisher\":{\"@id\":\"https:\/\/hannacosmetica.com\/#organization\"},\"potentialAction\":[{\"@type\":\"SearchAction\",\"target\":{\"@type\":\"EntryPoint\",\"urlTemplate\":\"https:\/\/hannacosmetica.com\/?s={search_term_string}\"},\"query-input\":\"required name=search_term_string\"}],\"inLanguage\":\"fr-FR\"},{\"@type\":\"Organization\",\"@id\":\"https:\/\/hannacosmetica.com\/#organization\",\"name\":\"Hanna Cosm\u00e9tica\",\"url\":\"https:\/\/hannacosmetica.com\/\",\"logo\":{\"@type\":\"ImageObject\",\"inLanguage\":\"fr-FR\",\"@id\":\"https:\/\/hannacosmetica.com\/#\/schema\/logo\/image\/\",\"url\":\"https:\/\/hannacosmetica.com\/wp-content\/uploads\/2022\/07\/Logo-Joyeria-Femenino-Floral-Negro.png\",\"contentUrl\":\"https:\/\/hannacosmetica.com\/wp-content\/uploads\/2022\/07\/Logo-Joyeria-Femenino-Floral-Negro.png\",\"width\":361,\"height\":126,\"caption\":\"Hanna Cosm\u00e9tica\"},\"image\":{\"@id\":\"https:\/\/hannacosmetica.com\/#\/schema\/logo\/image\/\"}}]}<\/script>\n<!-- \/ Yoast SEO plugin. -->","yoast_head_json":{"title":"Taburete Montura de Caballo con Respaldo - Hanna Cosm\u00e9tica","robots":{"index":"index","follow":"follow","max-snippet":"max-snippet:-1","max-image-preview":"max-image-preview:large","max-video-preview":"max-video-preview:-1"},"canonical":"https:\/\/hannacosmetica.com\/fr\/tienda\/mobiliario\/sillas\/taburete-montura-de-caballo-con-respaldo\/","og_locale":"fr_FR","og_type":"article","og_title":"Taburete Montura de Caballo con Respaldo - Hanna Cosm\u00e9tica","og_description":"Dise\u00f1o de asiento montura de caballo para mayor comodidad para aliviar el estr\u00e9s y el dolor en la espalda y la columna&hellip;","og_url":"https:\/\/hannacosmetica.com\/fr\/tienda\/mobiliario\/sillas\/taburete-montura-de-caballo-con-respaldo\/","og_site_name":"Hanna Cosm\u00e9tica","article_modified_time":"2025-06-24T10:49:00+00:00","og_image":[{"width":1469,"height":1313,"url":"https:\/\/hannacosmetica.com\/wp-content\/uploads\/2025\/06\/5-Patas-para-una-mayor-firmeza-3.png","type":"image\/png"}],"twitter_card":"summary_large_image","schema":{"@context":"https:\/\/schema.org","@graph":[{"@type":"WebPage","@id":"https:\/\/hannacosmetica.com\/tienda\/mobiliario\/sillas\/taburete-montura-de-caballo-con-respaldo\/","url":"https:\/\/hannacosmetica.com\/tienda\/mobiliario\/sillas\/taburete-montura-de-caballo-con-respaldo\/","name":"Taburete Montura de Caballo con Respaldo - Hanna Cosm\u00e9tica","isPartOf":{"@id":"https:\/\/hannacosmetica.com\/#website"},"datePublished":"2025-06-23T15:39:32+00:00","dateModified":"2025-06-24T10:49:00+00:00","breadcrumb":{"@id":"https:\/\/hannacosmetica.com\/tienda\/mobiliario\/sillas\/taburete-montura-de-caballo-con-respaldo\/#breadcrumb"},"inLanguage":"fr-FR","potentialAction":[{"@type":"ReadAction","target":["https:\/\/hannacosmetica.com\/tienda\/mobiliario\/sillas\/taburete-montura-de-caballo-con-respaldo\/"]}]},{"@type":"BreadcrumbList","@id":"https:\/\/hannacosmetica.com\/tienda\/mobiliario\/sillas\/taburete-montura-de-caballo-con-respaldo\/#breadcrumb","itemListElement":[{"@type":"ListItem","position":1,"name":"Portada","item":"https:\/\/hannacosmetica.com\/"},{"@type":"ListItem","position":2,"name":"Tienda","item":"https:\/\/hannacosmetica.com\/shop\/"},{"@type":"ListItem","position":3,"name":"Taburete Montura de Caballo con Respaldo"}]},{"@type":"WebSite","@id":"https:\/\/hannacosmetica.com\/#website","url":"https:\/\/hannacosmetica.com\/","name":"Hanna Cosm\u00e9tica","description":"Tienda de productos u\u00f1as, bellezas y peluquer\u00edas","publisher":{"@id":"https:\/\/hannacosmetica.com\/#organization"},"potentialAction":[{"@type":"SearchAction","target":{"@type":"EntryPoint","urlTemplate":"https:\/\/hannacosmetica.com\/?s={search_term_string}"},"query-input":"required name=search_term_string"}],"inLanguage":"fr-FR"},{"@type":"Organization","@id":"https:\/\/hannacosmetica.com\/#organization","name":"Hanna Cosm\u00e9tica","url":"https:\/\/hannacosmetica.com\/","logo":{"@type":"ImageObject","inLanguage":"fr-FR","@id":"https:\/\/hannacosmetica.com\/#\/schema\/logo\/image\/","url":"https:\/\/hannacosmetica.com\/wp-content\/uploads\/2022\/07\/Logo-Joyeria-Femenino-Floral-Negro.png","contentUrl":"https:\/\/hannacosmetica.com\/wp-content\/uploads\/2022\/07\/Logo-Joyeria-Femenino-Floral-Negro.png","width":361,"height":126,"caption":"Hanna Cosm\u00e9tica"},"image":{"@id":"https:\/\/hannacosmetica.com\/#\/schema\/logo\/image\/"}}]}},"_links":{"self":[{"href":"https:\/\/hannacosmetica.com\/fr\/wp-json\/wp\/v2\/product\/19846"}],"collection":[{"href":"https:\/\/hannacosmetica.com\/fr\/wp-json\/wp\/v2\/product"}],"about":[{"href":"https:\/\/hannacosmetica.com\/fr\/wp-json\/wp\/v2\/types\/product"}],"replies":[{"embeddable":true,"href":"https:\/\/hannacosmetica.com\/fr\/wp-json\/wp\/v2\/comments?post=19846"}],"version-history":[{"count":1,"href":"https:\/\/hannacosmetica.com\/fr\/wp-json\/wp\/v2\/product\/19846\/revisions"}],"predecessor-version":[{"id":19853,"href":"https:\/\/hannacosmetica.com\/fr\/wp-json\/wp\/v2\/product\/19846\/revisions\/19853"}],"wp:featuredmedia":[{"embeddable":true,"href":"https:\/\/hannacosmetica.com\/fr\/wp-json\/wp\/v2\/media\/19889"}],"wp:attachment":[{"href":"https:\/\/hannacosmetica.com\/fr\/wp-json\/wp\/v2\/media?parent=19846"}],"wp:term":[{"taxonomy":"product_cat","embeddable":true,"href":"https:\/\/hannacosmetica.com\/fr\/wp-json\/wp\/v2\/product_cat?post=19846"},{"taxonomy":"product_tag","embeddable":true,"href":"https:\/\/hannacosmetica.com\/fr\/wp-json\/wp\/v2\/product_tag?post=19846"}],"curies":[{"name":"wp","href":"https:\/\/api.w.org\/{rel}","templated":true}]}}