{"id":19826,"date":"2025-06-23T14:55:07","date_gmt":"2025-06-23T14:55:07","guid":{"rendered":"https:\/\/hannacosmetica.com\/?post_type=product&#038;p=19826"},"modified":"2026-01-07T17:07:23","modified_gmt":"2026-01-07T17:07:23","slug":"silla-de-manicura-con-respaldo-alto","status":"publish","type":"product","link":"https:\/\/hannacosmetica.com\/fr\/tienda\/hanna-exclusive\/complementos-hanna-exclusive\/silla-de-manicura-con-respaldo-alto\/","title":{"rendered":"Silla de Manicura con Respaldo alto\/ taburete con respaldo"},"content":{"rendered":"<ul class=\"a-unordered-list a-vertical a-spacing-mini\">\n<li class=\"a-spacing-mini\"><span class=\"a-list-item\">Silla con Material de Calidad\uff1a Adoptado el material superior, esta silla tiene (m\u00e1x. capacidad de peso: 140 kg). El asiento y el respaldo est\u00e1n acolchados con espuma de alta densidad, que es suave y no se deforma f\u00e1cilmente para brindarle una experiencia c\u00f3moda para sentarse<\/span><\/li>\n<li class=\"a-spacing-mini\"><span class=\"a-list-item\">Silla Altura Ajustable\uff1a Puede usar la palanca de ajuste debajo del asiento para adjustar libremente la silla dentro 47,5cm &#8211; 61,5cm.<\/span><\/li>\n<li class=\"a-spacing-mini\"><span class=\"a-list-item\">Sill\u00f3n Giratorio de 360 \u200b\u200bGrados\uff1a La funci\u00f3n giratorio de 360 \u200b\u200bgrados le brinda comodidad cuando pasa de una tarea de trabajo a otra. Nuestra silla giratoria para computadora se apoya en 5 ruedas, que est\u00e1n hechas de pl\u00e1stico y nailon de calidad y son capaces de mover en varias direcciones.<\/span><\/li>\n<li class=\"a-spacing-mini\"><span class=\"a-list-item\">Seguridad certificada: La silla ha superado la prueba funcional EN12520. Nuestra silla, capaz de soportar hasta 136 kg, est\u00e1 certificada por SGS (Informe n\u00ba SDHL241202405001FT). Su elevador de gas ha superado la prueba BIFMA, 100.000 pruebas de impacto y 120.000 de giro, aportando durabilidad, estabilidad y resistencia para su uso diario<\/span><\/li>\n<\/ul>","protected":false},"excerpt":{"rendered":"<p>Silla con Material de Calidad\uff1a Adoptado el material superior, esta silla tiene (m\u00e1x. capacidad de peso: 140 kg). El asiento y el&hellip;<\/p>","protected":false},"featured_media":19829,"comment_status":"open","ping_status":"closed","template":"","meta":[],"product_cat":[462,304,294,295,82,84,115,85,117,87],"product_tag":[],"yoast_head":"<!-- This site is optimized with the Yoast SEO plugin v19.9 - https:\/\/yoast.com\/wordpress\/plugins\/seo\/ -->\n<title>Silla de Manicura con Respaldo alto\/ taburete con respaldo - Hanna Cosm\u00e9tica<\/title>\n<meta name=\"robots\" content=\"index, follow, max-snippet:-1, max-image-preview:large, max-video-preview:-1\" \/>\n<link rel=\"canonical\" href=\"https:\/\/hannacosmetica.com\/fr\/tienda\/hanna-exclusive\/complementos-hanna-exclusive\/silla-de-manicura-con-respaldo-alto\/\" \/>\n<meta property=\"og:locale\" content=\"fr_FR\" \/>\n<meta property=\"og:type\" content=\"article\" \/>\n<meta property=\"og:title\" content=\"Silla de Manicura con Respaldo alto\/ taburete con respaldo - Hanna Cosm\u00e9tica\" \/>\n<meta property=\"og:description\" content=\"Silla con Material de Calidad\uff1a Adoptado el material superior, esta silla tiene (m\u00e1x. capacidad de peso: 140 kg). El asiento y el&hellip;\" \/>\n<meta property=\"og:url\" content=\"https:\/\/hannacosmetica.com\/fr\/tienda\/hanna-exclusive\/complementos-hanna-exclusive\/silla-de-manicura-con-respaldo-alto\/\" \/>\n<meta property=\"og:site_name\" content=\"Hanna Cosm\u00e9tica\" \/>\n<meta property=\"article:modified_time\" content=\"2026-01-07T17:07:23+00:00\" \/>\n<meta property=\"og:image\" content=\"https:\/\/hannacosmetica.com\/wp-content\/uploads\/2025\/06\/0280aac0d6ccdb9179263684a1f83b3.jpg\" \/>\n\t<meta property=\"og:image:width\" content=\"800\" \/>\n\t<meta property=\"og:image:height\" content=\"800\" \/>\n\t<meta property=\"og:image:type\" content=\"image\/jpeg\" \/>\n<meta name=\"twitter:card\" content=\"summary_large_image\" \/>\n<script type=\"application\/ld+json\" class=\"yoast-schema-graph\">{\"@context\":\"https:\/\/schema.org\",\"@graph\":[{\"@type\":\"WebPage\",\"@id\":\"https:\/\/hannacosmetica.com\/tienda\/hanna-exclusive\/complementos-hanna-exclusive\/silla-de-manicura-con-respaldo-alto\/\",\"url\":\"https:\/\/hannacosmetica.com\/tienda\/hanna-exclusive\/complementos-hanna-exclusive\/silla-de-manicura-con-respaldo-alto\/\",\"name\":\"Silla de Manicura con Respaldo alto\/ taburete con respaldo - Hanna Cosm\u00e9tica\",\"isPartOf\":{\"@id\":\"https:\/\/hannacosmetica.com\/#website\"},\"datePublished\":\"2025-06-23T14:55:07+00:00\",\"dateModified\":\"2026-01-07T17:07:23+00:00\",\"breadcrumb\":{\"@id\":\"https:\/\/hannacosmetica.com\/tienda\/hanna-exclusive\/complementos-hanna-exclusive\/silla-de-manicura-con-respaldo-alto\/#breadcrumb\"},\"inLanguage\":\"fr-FR\",\"potentialAction\":[{\"@type\":\"ReadAction\",\"target\":[\"https:\/\/hannacosmetica.com\/tienda\/hanna-exclusive\/complementos-hanna-exclusive\/silla-de-manicura-con-respaldo-alto\/\"]}]},{\"@type\":\"BreadcrumbList\",\"@id\":\"https:\/\/hannacosmetica.com\/tienda\/hanna-exclusive\/complementos-hanna-exclusive\/silla-de-manicura-con-respaldo-alto\/#breadcrumb\",\"itemListElement\":[{\"@type\":\"ListItem\",\"position\":1,\"name\":\"Portada\",\"item\":\"https:\/\/hannacosmetica.com\/\"},{\"@type\":\"ListItem\",\"position\":2,\"name\":\"Tienda\",\"item\":\"https:\/\/hannacosmetica.com\/shop\/\"},{\"@type\":\"ListItem\",\"position\":3,\"name\":\"Silla de Manicura con Respaldo alto\/ taburete con respaldo\"}]},{\"@type\":\"WebSite\",\"@id\":\"https:\/\/hannacosmetica.com\/#website\",\"url\":\"https:\/\/hannacosmetica.com\/\",\"name\":\"Hanna Cosm\u00e9tica\",\"description\":\"Tienda de productos u\u00f1as, bellezas y peluquer\u00edas\",\"publisher\":{\"@id\":\"https:\/\/hannacosmetica.com\/#organization\"},\"potentialAction\":[{\"@type\":\"SearchAction\",\"target\":{\"@type\":\"EntryPoint\",\"urlTemplate\":\"https:\/\/hannacosmetica.com\/?s={search_term_string}\"},\"query-input\":\"required name=search_term_string\"}],\"inLanguage\":\"fr-FR\"},{\"@type\":\"Organization\",\"@id\":\"https:\/\/hannacosmetica.com\/#organization\",\"name\":\"Hanna Cosm\u00e9tica\",\"url\":\"https:\/\/hannacosmetica.com\/\",\"logo\":{\"@type\":\"ImageObject\",\"inLanguage\":\"fr-FR\",\"@id\":\"https:\/\/hannacosmetica.com\/#\/schema\/logo\/image\/\",\"url\":\"https:\/\/hannacosmetica.com\/wp-content\/uploads\/2022\/07\/Logo-Joyeria-Femenino-Floral-Negro.png\",\"contentUrl\":\"https:\/\/hannacosmetica.com\/wp-content\/uploads\/2022\/07\/Logo-Joyeria-Femenino-Floral-Negro.png\",\"width\":361,\"height\":126,\"caption\":\"Hanna Cosm\u00e9tica\"},\"image\":{\"@id\":\"https:\/\/hannacosmetica.com\/#\/schema\/logo\/image\/\"}}]}<\/script>\n<!-- \/ Yoast SEO plugin. -->","yoast_head_json":{"title":"Silla de Manicura con Respaldo alto\/ taburete con respaldo - Hanna Cosm\u00e9tica","robots":{"index":"index","follow":"follow","max-snippet":"max-snippet:-1","max-image-preview":"max-image-preview:large","max-video-preview":"max-video-preview:-1"},"canonical":"https:\/\/hannacosmetica.com\/fr\/tienda\/hanna-exclusive\/complementos-hanna-exclusive\/silla-de-manicura-con-respaldo-alto\/","og_locale":"fr_FR","og_type":"article","og_title":"Silla de Manicura con Respaldo alto\/ taburete con respaldo - Hanna Cosm\u00e9tica","og_description":"Silla con Material de Calidad\uff1a Adoptado el material superior, esta silla tiene (m\u00e1x. capacidad de peso: 140 kg). El asiento y el&hellip;","og_url":"https:\/\/hannacosmetica.com\/fr\/tienda\/hanna-exclusive\/complementos-hanna-exclusive\/silla-de-manicura-con-respaldo-alto\/","og_site_name":"Hanna Cosm\u00e9tica","article_modified_time":"2026-01-07T17:07:23+00:00","og_image":[{"width":800,"height":800,"url":"https:\/\/hannacosmetica.com\/wp-content\/uploads\/2025\/06\/0280aac0d6ccdb9179263684a1f83b3.jpg","type":"image\/jpeg"}],"twitter_card":"summary_large_image","schema":{"@context":"https:\/\/schema.org","@graph":[{"@type":"WebPage","@id":"https:\/\/hannacosmetica.com\/tienda\/hanna-exclusive\/complementos-hanna-exclusive\/silla-de-manicura-con-respaldo-alto\/","url":"https:\/\/hannacosmetica.com\/tienda\/hanna-exclusive\/complementos-hanna-exclusive\/silla-de-manicura-con-respaldo-alto\/","name":"Silla de Manicura con Respaldo alto\/ taburete con respaldo - Hanna Cosm\u00e9tica","isPartOf":{"@id":"https:\/\/hannacosmetica.com\/#website"},"datePublished":"2025-06-23T14:55:07+00:00","dateModified":"2026-01-07T17:07:23+00:00","breadcrumb":{"@id":"https:\/\/hannacosmetica.com\/tienda\/hanna-exclusive\/complementos-hanna-exclusive\/silla-de-manicura-con-respaldo-alto\/#breadcrumb"},"inLanguage":"fr-FR","potentialAction":[{"@type":"ReadAction","target":["https:\/\/hannacosmetica.com\/tienda\/hanna-exclusive\/complementos-hanna-exclusive\/silla-de-manicura-con-respaldo-alto\/"]}]},{"@type":"BreadcrumbList","@id":"https:\/\/hannacosmetica.com\/tienda\/hanna-exclusive\/complementos-hanna-exclusive\/silla-de-manicura-con-respaldo-alto\/#breadcrumb","itemListElement":[{"@type":"ListItem","position":1,"name":"Portada","item":"https:\/\/hannacosmetica.com\/"},{"@type":"ListItem","position":2,"name":"Tienda","item":"https:\/\/hannacosmetica.com\/shop\/"},{"@type":"ListItem","position":3,"name":"Silla de Manicura con Respaldo alto\/ taburete con respaldo"}]},{"@type":"WebSite","@id":"https:\/\/hannacosmetica.com\/#website","url":"https:\/\/hannacosmetica.com\/","name":"Hanna Cosm\u00e9tica","description":"Tienda de productos u\u00f1as, bellezas y peluquer\u00edas","publisher":{"@id":"https:\/\/hannacosmetica.com\/#organization"},"potentialAction":[{"@type":"SearchAction","target":{"@type":"EntryPoint","urlTemplate":"https:\/\/hannacosmetica.com\/?s={search_term_string}"},"query-input":"required name=search_term_string"}],"inLanguage":"fr-FR"},{"@type":"Organization","@id":"https:\/\/hannacosmetica.com\/#organization","name":"Hanna Cosm\u00e9tica","url":"https:\/\/hannacosmetica.com\/","logo":{"@type":"ImageObject","inLanguage":"fr-FR","@id":"https:\/\/hannacosmetica.com\/#\/schema\/logo\/image\/","url":"https:\/\/hannacosmetica.com\/wp-content\/uploads\/2022\/07\/Logo-Joyeria-Femenino-Floral-Negro.png","contentUrl":"https:\/\/hannacosmetica.com\/wp-content\/uploads\/2022\/07\/Logo-Joyeria-Femenino-Floral-Negro.png","width":361,"height":126,"caption":"Hanna Cosm\u00e9tica"},"image":{"@id":"https:\/\/hannacosmetica.com\/#\/schema\/logo\/image\/"}}]}},"_links":{"self":[{"href":"https:\/\/hannacosmetica.com\/fr\/wp-json\/wp\/v2\/product\/19826"}],"collection":[{"href":"https:\/\/hannacosmetica.com\/fr\/wp-json\/wp\/v2\/product"}],"about":[{"href":"https:\/\/hannacosmetica.com\/fr\/wp-json\/wp\/v2\/types\/product"}],"replies":[{"embeddable":true,"href":"https:\/\/hannacosmetica.com\/fr\/wp-json\/wp\/v2\/comments?post=19826"}],"version-history":[{"count":2,"href":"https:\/\/hannacosmetica.com\/fr\/wp-json\/wp\/v2\/product\/19826\/revisions"}],"predecessor-version":[{"id":21919,"href":"https:\/\/hannacosmetica.com\/fr\/wp-json\/wp\/v2\/product\/19826\/revisions\/21919"}],"wp:featuredmedia":[{"embeddable":true,"href":"https:\/\/hannacosmetica.com\/fr\/wp-json\/wp\/v2\/media\/19829"}],"wp:attachment":[{"href":"https:\/\/hannacosmetica.com\/fr\/wp-json\/wp\/v2\/media?parent=19826"}],"wp:term":[{"taxonomy":"product_cat","embeddable":true,"href":"https:\/\/hannacosmetica.com\/fr\/wp-json\/wp\/v2\/product_cat?post=19826"},{"taxonomy":"product_tag","embeddable":true,"href":"https:\/\/hannacosmetica.com\/fr\/wp-json\/wp\/v2\/product_tag?post=19826"}],"curies":[{"name":"wp","href":"https:\/\/api.w.org\/{rel}","templated":true}]}}