{"id":19626,"date":"2025-05-13T11:42:58","date_gmt":"2025-05-13T11:42:58","guid":{"rendered":"https:\/\/hannacosmetica.com\/?post_type=product&#038;p=19626"},"modified":"2025-05-13T11:42:58","modified_gmt":"2025-05-13T11:42:58","slug":"polvo-acrilico-rose-30g","status":"publish","type":"product","link":"https:\/\/hannacosmetica.com\/fr\/tienda\/hanna-exclusive\/polvo-acrilico\/polvo-acrilico-rose-30g\/","title":{"rendered":"Polvo Acrilico Rose 30g"},"content":{"rendered":"<div id=\"featurebullets_feature_div\" class=\"celwidget\" data-feature-name=\"featurebullets\" data-csa-c-type=\"widget\" data-csa-c-content-id=\"featurebullets\" data-csa-c-slot-id=\"featurebullets_feature_div\" data-csa-c-asin=\"B09PM9LBLW\" data-csa-c-is-in-initial-active-row=\"false\" data-csa-c-id=\"omwxnr-o8q3uu-py3ycj-fsrwyj\" data-cel-widget=\"featurebullets_feature_div\">\n<div id=\"feature-bullets\" class=\"a-section a-spacing-medium a-spacing-top-small\">\n<ul class=\"a-unordered-list a-vertical a-spacing-mini\">\n<li class=\"a-spacing-mini\"><span class=\"a-list-item\">AUTONIVELACI\u00d3N Y ACABADO IMPECABLE\u2764 El polvo acr\u00edlico de ROSE es una f\u00f3rmula autonivelante de alta calidad que est\u00e1 dise\u00f1ada para brindarle un acabado perfectamente impecable y una separaci\u00f3n de color cero.<\/span><\/li>\n<li class=\"a-spacing-mini\"><span class=\"a-list-item\">\u2764se puede usar para extensiones de u\u00f1as, tallado de u\u00f1as en 3D y decoraciones adhesivas para u\u00f1as, para mejorar las u\u00f1as naturalmente d\u00e9biles y reparar las u\u00f1as rotas. Y puede ahorrar tiempo al curar las u\u00f1as porque el polvo acr\u00edlico no necesita curado.\u00a0<\/span><\/li>\n<li class=\"a-spacing-mini\"><span class=\"a-list-item\">\u2764 ALTA CALIDAD Y DURADERO\u2764 Este polvo acr\u00edlico para u\u00f1as es de alta calidad y puede garantizar la claridad del color, una larga duraci\u00f3n y evitar el amarilleo o el deslucido. El sistema de polvo acr\u00edlico crea una capa protectora, promueve u\u00f1as m\u00e1s largas y fuertes que no se parten ni se pelan. \u00a1Nuestro polvo de pol\u00edmero proporciona un acabado autonivelante suave y es maravilloso para hacer diferentes dise\u00f1os de u\u00f1as!<\/span><\/li>\n<li class=\"a-spacing-mini\"><span class=\"a-list-item\">\u2764 F\u00d3RMULA SALUDABLE Y CONSEJOS CALIENTES \u2764 El polvo acr\u00edlico para u\u00f1as\u00a0 no es t\u00f3xico, es saludable, libre de crueldad y respetuoso con el medio ambiente. Tenga en cuenta que el polvo acr\u00edlico funcionar\u00e1 de manera diferente cuando trabaje con diferentes mon\u00f3meros acr\u00edlicos l\u00edquidos o bajo diferentes temperaturas. La cantidad correcta de proporci\u00f3n de mezcla es muy importante.<\/span><\/li>\n<li class=\"a-spacing-mini\">Tama\u00f1o 30g.<\/li>\n<\/ul>\n<\/div>\n<\/div>\n<div id=\"brandSnapshot_feature_div\" class=\"celwidget\" data-feature-name=\"brandSnapshot_desktop\" data-csa-c-type=\"widget\" data-csa-c-content-id=\"brandSnapshot_desktop\" data-csa-c-slot-id=\"brandSnapshot_feature_div\" data-csa-c-asin=\"B09PM9LBLW\" data-csa-c-is-in-initial-active-row=\"false\" data-csa-c-id=\"3lrtg3-lkkws3-y0bo1l-8erqnj\" data-cel-widget=\"brandSnapshot_feature_div\"><\/div>\n<div id=\"provenanceCertifications_feature_div\" class=\"celwidget\" data-feature-name=\"provenanceCertifications\" data-csa-c-type=\"widget\" data-csa-c-content-id=\"provenanceCertifications\" data-csa-c-slot-id=\"provenanceCertifications_feature_div\" data-csa-c-asin=\"B09PM9LBLW\" data-csa-c-is-in-initial-active-row=\"false\" data-csa-c-id=\"grl8dt-flr6q3-i0ft9-ew0xyh\" data-cel-widget=\"provenanceCertifications_feature_div\"><\/div>\n<div id=\"handmadeArtisanCard_feature_div\" class=\"celwidget\" data-feature-name=\"handmadeArtisanCard\" data-csa-c-type=\"widget\" data-csa-c-content-id=\"handmadeArtisanCard\" data-csa-c-slot-id=\"handmadeArtisanCard_feature_div\" data-csa-c-asin=\"B09PM9LBLW\" data-csa-c-is-in-initial-active-row=\"false\" data-csa-c-id=\"isp3ov-eyga61-hoh0ml-askn6j\" data-cel-widget=\"handmadeArtisanCard_feature_div\"><\/div>\n<div id=\"globalStoreInfoBullets_feature_div\" class=\"celwidget flavor-1468\" data-feature-name=\"globalStoreInfoBullets\" data-csa-c-type=\"widget\" data-csa-c-content-id=\"globalStoreInfoBullets\" data-csa-c-slot-id=\"globalStoreInfoBullets_feature_div\" data-csa-c-asin=\"B09PM9LBLW\" data-csa-c-is-in-initial-active-row=\"false\" data-csa-c-id=\"xyq2fb-jw9e7s-bpnc4x-8jqm06\" data-cel-widget=\"globalStoreInfoBullets_feature_div\"><\/div>\n<div id=\"vendorPoweredCoupon_feature_div\" class=\"celwidget flavor-594\" data-feature-name=\"vendorPoweredCoupon\" data-csa-c-type=\"widget\" data-csa-c-content-id=\"vendorPoweredCoupon\" data-csa-c-slot-id=\"vendorPoweredCoupon_feature_div\" data-csa-c-asin=\"B09PM9LBLW\" data-csa-c-is-in-initial-active-row=\"false\" data-csa-c-id=\"sf8wuy-ixv7g9-x2d9rd-hbejob\" data-cel-widget=\"vendorPoweredCoupon_feature_div\"><\/div>\n<div id=\"addOnItem_feature_div\" class=\"celwidget flavor-884\" data-feature-name=\"addOnItem\" data-csa-c-type=\"widget\" data-csa-c-content-id=\"addOnItem\" data-csa-c-slot-id=\"addOnItem_feature_div\" data-csa-c-asin=\"B09PM9LBLW\" data-csa-c-is-in-initial-active-row=\"false\" data-csa-c-id=\"bcuiim-2hal32-z9ku67-kdcu4e\" data-cel-widget=\"addOnItem_feature_div\"><\/div>\n<div id=\"giftcard-holiday-availability-messaging_feature_div\" class=\"celwidget flavor-311\" data-feature-name=\"giftCardHolidayAvailabilityMessaging\" data-csa-c-type=\"widget\" data-csa-c-content-id=\"giftCardHolidayAvailabilityMessaging\" data-csa-c-slot-id=\"giftcard-holiday-availability-messaging_feature_div\" data-csa-c-asin=\"B09PM9LBLW\" data-csa-c-is-in-initial-active-row=\"false\" data-csa-c-id=\"ormp3c-nqukkm-wp4xdf-55ucuy\" data-cel-widget=\"giftcard-holiday-availability-messaging_feature_div\"><\/div>\n<div id=\"olp_feature_div\" class=\"celwidget flavor-813\" data-feature-name=\"olp\" data-csa-c-type=\"widget\" data-csa-c-content-id=\"olp\" data-csa-c-slot-id=\"olp_feature_div\" data-csa-c-asin=\"B09PM9LBLW\" data-csa-c-is-in-initial-active-row=\"false\" data-csa-c-id=\"ct7qzy-9gzbnm-ifqv6s-g7t6x7\" data-cel-widget=\"olp_feature_div\">\n<div id=\"all-offers-display\" class=\"a-section\"><\/div>\n<\/div>\n<div id=\"newerVersion_feature_div\" class=\"celwidget flavor-2887\" data-feature-name=\"newerVersion\" data-csa-c-type=\"widget\" data-csa-c-content-id=\"newerVersion\" data-csa-c-slot-id=\"newerVersion_feature_div\" data-csa-c-asin=\"B09PM9LBLW\" data-csa-c-is-in-initial-active-row=\"false\" data-csa-c-id=\"qeo2b5-nci3j6-1ybjmg-5j8p6r\" data-cel-widget=\"newerVersion_feature_div\"><\/div>\n<div id=\"valuePick_feature_div\" class=\"celwidget\" data-feature-name=\"valuePick\" data-csa-c-type=\"widget\" data-csa-c-content-id=\"valuePick\" data-csa-c-slot-id=\"valuePick_feature_div\" data-csa-c-asin=\"B09PM9LBLW\" data-csa-c-is-in-initial-active-row=\"false\" data-csa-c-id=\"i5gw2c-u2ief6-wivooh-o1ji3m\" data-cel-widget=\"valuePick_feature_div\"><\/div>\n<div id=\"recommendations_feature_div\" class=\"celwidget flavor-2618\" data-feature-name=\"recommendations\" data-csa-c-type=\"widget\" data-csa-c-content-id=\"recommendations\" data-csa-c-slot-id=\"recommendations_feature_div\" data-csa-c-asin=\"B09PM9LBLW\" data-csa-c-is-in-initial-active-row=\"false\" data-csa-c-id=\"lmg1r0-6u8jqw-yk7043-bjdoyj\" data-cel-widget=\"recommendations_feature_div\"><\/div>\n<div id=\"productAlert_feature_div\" class=\"celwidget\" data-feature-name=\"productAlert\" data-csa-c-type=\"widget\" data-csa-c-content-id=\"productAlert\" data-csa-c-slot-id=\"productAlert_feature_div\" data-csa-c-asin=\"B09PM9LBLW\" data-csa-c-is-in-initial-active-row=\"false\" data-csa-c-id=\"57upov-97vghg-bzs9ip-8y8w2e\" data-cel-widget=\"productAlert_feature_div\"><\/div>\n<div id=\"buyingOptionNostosBadge_feature_div\" class=\"celwidget\" data-feature-name=\"buyingOptionNostosBadge\" data-csa-c-type=\"widget\" data-csa-c-content-id=\"buyingOptionNostosBadge\" data-csa-c-slot-id=\"buyingOptionNostosBadge_feature_div\" data-csa-c-asin=\"B09PM9LBLW\" data-csa-c-is-in-initial-active-row=\"false\" data-csa-c-id=\"q5s47r-15b7i-bowooa-mpljhz\" data-cel-widget=\"buyingOptionNostosBadge_feature_div\"><\/div>\n<div id=\"tellAmazon_feature_div\" class=\"celwidget\" data-feature-name=\"tellAmazon\" data-csa-c-type=\"widget\" data-csa-c-content-id=\"tellAmazon\" data-csa-c-slot-id=\"tellAmazon_feature_div\" data-csa-c-asin=\"B09PM9LBLW\" data-csa-c-is-in-initial-active-row=\"false\" data-csa-c-id=\"a710eb-ryfwf2-jrmqds-39oy8i\" data-cel-widget=\"tellAmazon_feature_div\">\n<div class=\"celwidget c-f\" data-csa-op-log-render=\"\" data-csa-c-content-id=\"DsUnknown\" data-csa-c-slot-id=\"DsUnknown-3\" data-csa-c-type=\"widget\" data-csa-c-painter=\"tell-amazon-desktop-cards\" data-csa-c-id=\"k1gvex-pnywg2-teaznr-afckkj\" data-cel-widget=\"tell-amazon-desktop_DetailPage_2\">\n<div id=\"CardInstanceSjQsNao1WNvdNic61DX2cA\" data-card-metrics-id=\"tell-amazon-desktop_DetailPage_2\" data-acp-tracking=\"{}\" data-mix-claimed=\"true\">\n<div class=\"_tell-amazon-desktop_style_tell_amazon_div__1YDZk\" data-asin=\"B09PM9LBLW\" data-marketplace=\"A1RKKUPIHCS9HS\" data-logged-in=\"false\"><a class=\"a-link-normal _tell-amazon-desktop_style_tell_amazon_link__1KW5z\" href=\"https:\/\/www.amazon.es\/Acr%C3%ADlico-acrilicas-profesional-Suministros-acr%C3%ADlicas\/dp\/B09PM9LBLW\/ref=sr_1_5?__mk_es_ES=%C3%85M%C3%85%C5%BD%C3%95%C3%91&amp;crid=M8WRMWGXBOT5&amp;dib=eyJ2IjoiMSJ9.hUm6vut5dV1GUnNlIBFN0chP_3JzDAVpSJtWsgdgVnjXVdF7FSqLwMDHBF2iptJy3dNLKnV1X4Vg2kR4JS9OG5o_lvqeKyTcOSKQDAhtgDSUJVaK7qJdAp-MeD1HfFn2o0s2m0YRxqotUnlFU7JFWNF_3CzhHnfHJAQ05jAJOpnTZZggQ3qmDrpKXhTMZd6mCaEWnUU8ruZ8qbvwjncnLg7n7P4x42clWiIqVy_c4G5A0r7YEiFLNjm1NnNrbnI9BfFgJUr6lZ79uKAeBS79Z-KSOG-f3j0kFiBCt8ovjow.JhV9gfvRxy8p4Gp4SkGGk9R6OvW2mzKDb_GOGPR8Tck&amp;dib_tag=se&amp;keywords=polvo%2Bacr%C3%ADlico&amp;qid=1747135780&amp;sprefix=polvo%2Bacrilico%2B%2Caps%2C101&amp;sr=8-5&amp;th=1#\" data-mix-operations=\"openTellAmazonModal\"><i class=\"a-icon a-icon-share-sms a-icon-mini\" aria-hidden=\"true\"><\/i>\u00a0\u00a0 Informar de un problema con este producto<\/a><\/div>\n<\/div>\n<\/div>\n<\/div>","protected":false},"excerpt":{"rendered":"<p>AUTONIVELACI\u00d3N Y ACABADO IMPECABLE\u2764 El polvo acr\u00edlico de ROSE es una f\u00f3rmula autonivelante de alta calidad que est\u00e1 dise\u00f1ada para brindarle un&hellip;<\/p>","protected":false},"featured_media":19631,"comment_status":"open","ping_status":"closed","template":"","meta":[],"product_cat":[304,306,82,95,87],"product_tag":[],"yoast_head":"<!-- This site is optimized with the Yoast SEO plugin v19.9 - https:\/\/yoast.com\/wordpress\/plugins\/seo\/ -->\n<title>Polvo Acrilico Rose 30g - Hanna Cosm\u00e9tica<\/title>\n<meta name=\"robots\" content=\"index, follow, max-snippet:-1, max-image-preview:large, max-video-preview:-1\" \/>\n<link rel=\"canonical\" href=\"https:\/\/hannacosmetica.com\/fr\/tienda\/hanna-exclusive\/polvo-acrilico\/polvo-acrilico-rose-30g\/\" \/>\n<meta property=\"og:locale\" content=\"fr_FR\" \/>\n<meta property=\"og:type\" content=\"article\" \/>\n<meta property=\"og:title\" content=\"Polvo Acrilico Rose 30g - Hanna Cosm\u00e9tica\" \/>\n<meta property=\"og:description\" content=\"AUTONIVELACI\u00d3N Y ACABADO IMPECABLE\u2764 El polvo acr\u00edlico de ROSE es una f\u00f3rmula autonivelante de alta calidad que est\u00e1 dise\u00f1ada para brindarle un&hellip;\" \/>\n<meta property=\"og:url\" content=\"https:\/\/hannacosmetica.com\/fr\/tienda\/hanna-exclusive\/polvo-acrilico\/polvo-acrilico-rose-30g\/\" \/>\n<meta property=\"og:site_name\" content=\"Hanna Cosm\u00e9tica\" \/>\n<meta property=\"og:image\" content=\"https:\/\/hannacosmetica.com\/wp-content\/uploads\/2025\/05\/POLVO-ACRILICO-9.png\" \/>\n\t<meta property=\"og:image:width\" content=\"1469\" \/>\n\t<meta property=\"og:image:height\" content=\"1313\" \/>\n\t<meta property=\"og:image:type\" content=\"image\/png\" \/>\n<meta name=\"twitter:card\" content=\"summary_large_image\" \/>\n<script type=\"application\/ld+json\" class=\"yoast-schema-graph\">{\"@context\":\"https:\/\/schema.org\",\"@graph\":[{\"@type\":\"WebPage\",\"@id\":\"https:\/\/hannacosmetica.com\/tienda\/hanna-exclusive\/polvo-acrilico\/polvo-acrilico-rose-30g\/\",\"url\":\"https:\/\/hannacosmetica.com\/tienda\/hanna-exclusive\/polvo-acrilico\/polvo-acrilico-rose-30g\/\",\"name\":\"Polvo Acrilico Rose 30g - Hanna Cosm\u00e9tica\",\"isPartOf\":{\"@id\":\"https:\/\/hannacosmetica.com\/#website\"},\"datePublished\":\"2025-05-13T11:42:58+00:00\",\"dateModified\":\"2025-05-13T11:42:58+00:00\",\"breadcrumb\":{\"@id\":\"https:\/\/hannacosmetica.com\/tienda\/hanna-exclusive\/polvo-acrilico\/polvo-acrilico-rose-30g\/#breadcrumb\"},\"inLanguage\":\"fr-FR\",\"potentialAction\":[{\"@type\":\"ReadAction\",\"target\":[\"https:\/\/hannacosmetica.com\/tienda\/hanna-exclusive\/polvo-acrilico\/polvo-acrilico-rose-30g\/\"]}]},{\"@type\":\"BreadcrumbList\",\"@id\":\"https:\/\/hannacosmetica.com\/tienda\/hanna-exclusive\/polvo-acrilico\/polvo-acrilico-rose-30g\/#breadcrumb\",\"itemListElement\":[{\"@type\":\"ListItem\",\"position\":1,\"name\":\"Portada\",\"item\":\"https:\/\/hannacosmetica.com\/\"},{\"@type\":\"ListItem\",\"position\":2,\"name\":\"Tienda\",\"item\":\"https:\/\/hannacosmetica.com\/shop\/\"},{\"@type\":\"ListItem\",\"position\":3,\"name\":\"Polvo Acrilico Rose 30g\"}]},{\"@type\":\"WebSite\",\"@id\":\"https:\/\/hannacosmetica.com\/#website\",\"url\":\"https:\/\/hannacosmetica.com\/\",\"name\":\"Hanna Cosm\u00e9tica\",\"description\":\"Tienda de productos u\u00f1as, bellezas y peluquer\u00edas\",\"publisher\":{\"@id\":\"https:\/\/hannacosmetica.com\/#organization\"},\"potentialAction\":[{\"@type\":\"SearchAction\",\"target\":{\"@type\":\"EntryPoint\",\"urlTemplate\":\"https:\/\/hannacosmetica.com\/?s={search_term_string}\"},\"query-input\":\"required name=search_term_string\"}],\"inLanguage\":\"fr-FR\"},{\"@type\":\"Organization\",\"@id\":\"https:\/\/hannacosmetica.com\/#organization\",\"name\":\"Hanna Cosm\u00e9tica\",\"url\":\"https:\/\/hannacosmetica.com\/\",\"logo\":{\"@type\":\"ImageObject\",\"inLanguage\":\"fr-FR\",\"@id\":\"https:\/\/hannacosmetica.com\/#\/schema\/logo\/image\/\",\"url\":\"https:\/\/hannacosmetica.com\/wp-content\/uploads\/2022\/07\/Logo-Joyeria-Femenino-Floral-Negro.png\",\"contentUrl\":\"https:\/\/hannacosmetica.com\/wp-content\/uploads\/2022\/07\/Logo-Joyeria-Femenino-Floral-Negro.png\",\"width\":361,\"height\":126,\"caption\":\"Hanna Cosm\u00e9tica\"},\"image\":{\"@id\":\"https:\/\/hannacosmetica.com\/#\/schema\/logo\/image\/\"}}]}<\/script>\n<!-- \/ Yoast SEO plugin. -->","yoast_head_json":{"title":"Polvo Acrilico Rose 30g - Hanna Cosm\u00e9tica","robots":{"index":"index","follow":"follow","max-snippet":"max-snippet:-1","max-image-preview":"max-image-preview:large","max-video-preview":"max-video-preview:-1"},"canonical":"https:\/\/hannacosmetica.com\/fr\/tienda\/hanna-exclusive\/polvo-acrilico\/polvo-acrilico-rose-30g\/","og_locale":"fr_FR","og_type":"article","og_title":"Polvo Acrilico Rose 30g - Hanna Cosm\u00e9tica","og_description":"AUTONIVELACI\u00d3N Y ACABADO IMPECABLE\u2764 El polvo acr\u00edlico de ROSE es una f\u00f3rmula autonivelante de alta calidad que est\u00e1 dise\u00f1ada para brindarle un&hellip;","og_url":"https:\/\/hannacosmetica.com\/fr\/tienda\/hanna-exclusive\/polvo-acrilico\/polvo-acrilico-rose-30g\/","og_site_name":"Hanna Cosm\u00e9tica","og_image":[{"width":1469,"height":1313,"url":"https:\/\/hannacosmetica.com\/wp-content\/uploads\/2025\/05\/POLVO-ACRILICO-9.png","type":"image\/png"}],"twitter_card":"summary_large_image","schema":{"@context":"https:\/\/schema.org","@graph":[{"@type":"WebPage","@id":"https:\/\/hannacosmetica.com\/tienda\/hanna-exclusive\/polvo-acrilico\/polvo-acrilico-rose-30g\/","url":"https:\/\/hannacosmetica.com\/tienda\/hanna-exclusive\/polvo-acrilico\/polvo-acrilico-rose-30g\/","name":"Polvo Acrilico Rose 30g - Hanna Cosm\u00e9tica","isPartOf":{"@id":"https:\/\/hannacosmetica.com\/#website"},"datePublished":"2025-05-13T11:42:58+00:00","dateModified":"2025-05-13T11:42:58+00:00","breadcrumb":{"@id":"https:\/\/hannacosmetica.com\/tienda\/hanna-exclusive\/polvo-acrilico\/polvo-acrilico-rose-30g\/#breadcrumb"},"inLanguage":"fr-FR","potentialAction":[{"@type":"ReadAction","target":["https:\/\/hannacosmetica.com\/tienda\/hanna-exclusive\/polvo-acrilico\/polvo-acrilico-rose-30g\/"]}]},{"@type":"BreadcrumbList","@id":"https:\/\/hannacosmetica.com\/tienda\/hanna-exclusive\/polvo-acrilico\/polvo-acrilico-rose-30g\/#breadcrumb","itemListElement":[{"@type":"ListItem","position":1,"name":"Portada","item":"https:\/\/hannacosmetica.com\/"},{"@type":"ListItem","position":2,"name":"Tienda","item":"https:\/\/hannacosmetica.com\/shop\/"},{"@type":"ListItem","position":3,"name":"Polvo Acrilico Rose 30g"}]},{"@type":"WebSite","@id":"https:\/\/hannacosmetica.com\/#website","url":"https:\/\/hannacosmetica.com\/","name":"Hanna Cosm\u00e9tica","description":"Tienda de productos u\u00f1as, bellezas y peluquer\u00edas","publisher":{"@id":"https:\/\/hannacosmetica.com\/#organization"},"potentialAction":[{"@type":"SearchAction","target":{"@type":"EntryPoint","urlTemplate":"https:\/\/hannacosmetica.com\/?s={search_term_string}"},"query-input":"required name=search_term_string"}],"inLanguage":"fr-FR"},{"@type":"Organization","@id":"https:\/\/hannacosmetica.com\/#organization","name":"Hanna Cosm\u00e9tica","url":"https:\/\/hannacosmetica.com\/","logo":{"@type":"ImageObject","inLanguage":"fr-FR","@id":"https:\/\/hannacosmetica.com\/#\/schema\/logo\/image\/","url":"https:\/\/hannacosmetica.com\/wp-content\/uploads\/2022\/07\/Logo-Joyeria-Femenino-Floral-Negro.png","contentUrl":"https:\/\/hannacosmetica.com\/wp-content\/uploads\/2022\/07\/Logo-Joyeria-Femenino-Floral-Negro.png","width":361,"height":126,"caption":"Hanna Cosm\u00e9tica"},"image":{"@id":"https:\/\/hannacosmetica.com\/#\/schema\/logo\/image\/"}}]}},"_links":{"self":[{"href":"https:\/\/hannacosmetica.com\/fr\/wp-json\/wp\/v2\/product\/19626"}],"collection":[{"href":"https:\/\/hannacosmetica.com\/fr\/wp-json\/wp\/v2\/product"}],"about":[{"href":"https:\/\/hannacosmetica.com\/fr\/wp-json\/wp\/v2\/types\/product"}],"replies":[{"embeddable":true,"href":"https:\/\/hannacosmetica.com\/fr\/wp-json\/wp\/v2\/comments?post=19626"}],"version-history":[{"count":1,"href":"https:\/\/hannacosmetica.com\/fr\/wp-json\/wp\/v2\/product\/19626\/revisions"}],"predecessor-version":[{"id":19665,"href":"https:\/\/hannacosmetica.com\/fr\/wp-json\/wp\/v2\/product\/19626\/revisions\/19665"}],"wp:featuredmedia":[{"embeddable":true,"href":"https:\/\/hannacosmetica.com\/fr\/wp-json\/wp\/v2\/media\/19631"}],"wp:attachment":[{"href":"https:\/\/hannacosmetica.com\/fr\/wp-json\/wp\/v2\/media?parent=19626"}],"wp:term":[{"taxonomy":"product_cat","embeddable":true,"href":"https:\/\/hannacosmetica.com\/fr\/wp-json\/wp\/v2\/product_cat?post=19626"},{"taxonomy":"product_tag","embeddable":true,"href":"https:\/\/hannacosmetica.com\/fr\/wp-json\/wp\/v2\/product_tag?post=19626"}],"curies":[{"name":"wp","href":"https:\/\/api.w.org\/{rel}","templated":true}]}}