{"id":19598,"date":"2025-05-07T14:56:42","date_gmt":"2025-05-07T14:56:42","guid":{"rendered":"https:\/\/hannacosmetica.com\/?post_type=product&#038;p=19598"},"modified":"2025-05-07T14:56:42","modified_gmt":"2025-05-07T14:56:42","slug":"acrygel-polygel-30ml-p","status":"publish","type":"product","link":"https:\/\/hannacosmetica.com\/fr\/tienda\/hanna-exclusive\/complementos-hanna-exclusive\/acrygel-polygel-30ml-p\/","title":{"rendered":"Acrygel \/PolyGel 30ml -P"},"content":{"rendered":"<ul class=\"a-unordered-list a-vertical a-spacing-mini\">\n<li class=\"a-spacing-mini\"><span class=\"a-list-item\">ACRYLGEL\/POLYGEL DE HANNA es un acr\u00edlo-gel que se distingue por\u00a0 su facil aplicacion con una cobertura\u00a0 una cobertura total, dando a las u\u00f1as un aspecto cl\u00e1sico y natural, ideal para cualquier ocasi\u00f3n. La f\u00f3rmula del acrylgel combina las ventajas del acr\u00edlico y del gel, ofreciendo durabilidad y resistencia sin compromisos. Es ideal para la extensi\u00f3n y modelado de u\u00f1as. No se desliza hacia las cut\u00edculas gracias a su f\u00f3rmula densa.<\/span><\/li>\n<li class=\"a-spacing-mini\"><span class=\"a-list-item\">[Innovaci\u00f3n en manicura duradera] Con este producto, lograr\u00e1s una manicura resistente a da\u00f1os. Siempre lucir\u00e1 excepcionalmente reciente durante el tiempo que la lleves. Es un m\u00e9todo comprobado para obtener una manicura moderna.<\/span><\/li>\n<li class=\"a-spacing-mini\"><span class=\"a-list-item\">[Extensi\u00f3n de u\u00f1as] Descubre un producto multifuncional que combina las caracter\u00edsticas de un gel constructor y un acr\u00edlico. Garantiza la durabilidad del acr\u00edlico junto con la ligereza y elasticidad de la forma de gel con acabado cl\u00e1sico.<\/span><\/li>\n<li class=\"a-spacing-mini\"><span class=\"a-list-item\">[Aplicaci\u00f3n sin complicaciones] El acrylgel ofrece la facilidad de aplicaci\u00f3n, gracias a su densa consistencia. \u00a1Es una gran soluci\u00f3n para principiantes!<\/span><\/li>\n<li class=\"a-spacing-mini\"><span class=\"a-list-item\">[Proceso r\u00e1pido de manicura] La f\u00f3rmula excepcional proporciona resultados r\u00e1pidos que impresionan.<\/span><\/li>\n<li>tama\u00f1o 30ml<\/li>\n<\/ul>\n","protected":false},"excerpt":{"rendered":"<p>ACRYLGEL\/POLYGEL DE HANNA es un acr\u00edlo-gel que se distingue por\u00a0 su facil aplicacion con una cobertura\u00a0 una cobertura total, dando a las&hellip;<\/p>","protected":false},"featured_media":19527,"comment_status":"open","ping_status":"closed","template":"","meta":[],"product_cat":[462,304,82,96,87],"product_tag":[],"yoast_head":"<!-- This site is optimized with the Yoast SEO plugin v19.9 - https:\/\/yoast.com\/wordpress\/plugins\/seo\/ -->\n<title>Acrygel \/PolyGel 30ml -P - Hanna Cosm\u00e9tica<\/title>\n<meta name=\"robots\" content=\"index, follow, max-snippet:-1, max-image-preview:large, max-video-preview:-1\" \/>\n<link rel=\"canonical\" href=\"https:\/\/hannacosmetica.com\/fr\/tienda\/hanna-exclusive\/complementos-hanna-exclusive\/acrygel-polygel-30ml-p\/\" \/>\n<meta property=\"og:locale\" content=\"fr_FR\" \/>\n<meta property=\"og:type\" content=\"article\" \/>\n<meta property=\"og:title\" content=\"Acrygel \/PolyGel 30ml -P - Hanna Cosm\u00e9tica\" \/>\n<meta property=\"og:description\" content=\"ACRYLGEL\/POLYGEL DE HANNA es un acr\u00edlo-gel que se distingue por\u00a0 su facil aplicacion con una cobertura\u00a0 una cobertura total, dando a las&hellip;\" \/>\n<meta property=\"og:url\" content=\"https:\/\/hannacosmetica.com\/fr\/tienda\/hanna-exclusive\/complementos-hanna-exclusive\/acrygel-polygel-30ml-p\/\" \/>\n<meta property=\"og:site_name\" content=\"Hanna Cosm\u00e9tica\" \/>\n<meta property=\"og:image\" content=\"https:\/\/hannacosmetica.com\/wp-content\/uploads\/2025\/05\/Sin-titulo-470-x-420-px-31.png\" \/>\n\t<meta property=\"og:image:width\" content=\"1469\" \/>\n\t<meta property=\"og:image:height\" content=\"1313\" \/>\n\t<meta property=\"og:image:type\" content=\"image\/png\" \/>\n<meta name=\"twitter:card\" content=\"summary_large_image\" \/>\n<script type=\"application\/ld+json\" class=\"yoast-schema-graph\">{\"@context\":\"https:\/\/schema.org\",\"@graph\":[{\"@type\":\"WebPage\",\"@id\":\"https:\/\/hannacosmetica.com\/tienda\/hanna-exclusive\/complementos-hanna-exclusive\/acrygel-polygel-30ml-p\/\",\"url\":\"https:\/\/hannacosmetica.com\/tienda\/hanna-exclusive\/complementos-hanna-exclusive\/acrygel-polygel-30ml-p\/\",\"name\":\"Acrygel \/PolyGel 30ml -P - Hanna Cosm\u00e9tica\",\"isPartOf\":{\"@id\":\"https:\/\/hannacosmetica.com\/#website\"},\"datePublished\":\"2025-05-07T14:56:42+00:00\",\"dateModified\":\"2025-05-07T14:56:42+00:00\",\"breadcrumb\":{\"@id\":\"https:\/\/hannacosmetica.com\/tienda\/hanna-exclusive\/complementos-hanna-exclusive\/acrygel-polygel-30ml-p\/#breadcrumb\"},\"inLanguage\":\"fr-FR\",\"potentialAction\":[{\"@type\":\"ReadAction\",\"target\":[\"https:\/\/hannacosmetica.com\/tienda\/hanna-exclusive\/complementos-hanna-exclusive\/acrygel-polygel-30ml-p\/\"]}]},{\"@type\":\"BreadcrumbList\",\"@id\":\"https:\/\/hannacosmetica.com\/tienda\/hanna-exclusive\/complementos-hanna-exclusive\/acrygel-polygel-30ml-p\/#breadcrumb\",\"itemListElement\":[{\"@type\":\"ListItem\",\"position\":1,\"name\":\"Portada\",\"item\":\"https:\/\/hannacosmetica.com\/\"},{\"@type\":\"ListItem\",\"position\":2,\"name\":\"Tienda\",\"item\":\"https:\/\/hannacosmetica.com\/shop\/\"},{\"@type\":\"ListItem\",\"position\":3,\"name\":\"Acrygel \/PolyGel 30ml -P\"}]},{\"@type\":\"WebSite\",\"@id\":\"https:\/\/hannacosmetica.com\/#website\",\"url\":\"https:\/\/hannacosmetica.com\/\",\"name\":\"Hanna Cosm\u00e9tica\",\"description\":\"Tienda de productos u\u00f1as, bellezas y peluquer\u00edas\",\"publisher\":{\"@id\":\"https:\/\/hannacosmetica.com\/#organization\"},\"potentialAction\":[{\"@type\":\"SearchAction\",\"target\":{\"@type\":\"EntryPoint\",\"urlTemplate\":\"https:\/\/hannacosmetica.com\/?s={search_term_string}\"},\"query-input\":\"required name=search_term_string\"}],\"inLanguage\":\"fr-FR\"},{\"@type\":\"Organization\",\"@id\":\"https:\/\/hannacosmetica.com\/#organization\",\"name\":\"Hanna Cosm\u00e9tica\",\"url\":\"https:\/\/hannacosmetica.com\/\",\"logo\":{\"@type\":\"ImageObject\",\"inLanguage\":\"fr-FR\",\"@id\":\"https:\/\/hannacosmetica.com\/#\/schema\/logo\/image\/\",\"url\":\"https:\/\/hannacosmetica.com\/wp-content\/uploads\/2022\/07\/Logo-Joyeria-Femenino-Floral-Negro.png\",\"contentUrl\":\"https:\/\/hannacosmetica.com\/wp-content\/uploads\/2022\/07\/Logo-Joyeria-Femenino-Floral-Negro.png\",\"width\":361,\"height\":126,\"caption\":\"Hanna Cosm\u00e9tica\"},\"image\":{\"@id\":\"https:\/\/hannacosmetica.com\/#\/schema\/logo\/image\/\"}}]}<\/script>\n<!-- \/ Yoast SEO plugin. -->","yoast_head_json":{"title":"Acrygel \/PolyGel 30ml -P - Hanna Cosm\u00e9tica","robots":{"index":"index","follow":"follow","max-snippet":"max-snippet:-1","max-image-preview":"max-image-preview:large","max-video-preview":"max-video-preview:-1"},"canonical":"https:\/\/hannacosmetica.com\/fr\/tienda\/hanna-exclusive\/complementos-hanna-exclusive\/acrygel-polygel-30ml-p\/","og_locale":"fr_FR","og_type":"article","og_title":"Acrygel \/PolyGel 30ml -P - Hanna Cosm\u00e9tica","og_description":"ACRYLGEL\/POLYGEL DE HANNA es un acr\u00edlo-gel que se distingue por\u00a0 su facil aplicacion con una cobertura\u00a0 una cobertura total, dando a las&hellip;","og_url":"https:\/\/hannacosmetica.com\/fr\/tienda\/hanna-exclusive\/complementos-hanna-exclusive\/acrygel-polygel-30ml-p\/","og_site_name":"Hanna Cosm\u00e9tica","og_image":[{"width":1469,"height":1313,"url":"https:\/\/hannacosmetica.com\/wp-content\/uploads\/2025\/05\/Sin-titulo-470-x-420-px-31.png","type":"image\/png"}],"twitter_card":"summary_large_image","schema":{"@context":"https:\/\/schema.org","@graph":[{"@type":"WebPage","@id":"https:\/\/hannacosmetica.com\/tienda\/hanna-exclusive\/complementos-hanna-exclusive\/acrygel-polygel-30ml-p\/","url":"https:\/\/hannacosmetica.com\/tienda\/hanna-exclusive\/complementos-hanna-exclusive\/acrygel-polygel-30ml-p\/","name":"Acrygel \/PolyGel 30ml -P - Hanna Cosm\u00e9tica","isPartOf":{"@id":"https:\/\/hannacosmetica.com\/#website"},"datePublished":"2025-05-07T14:56:42+00:00","dateModified":"2025-05-07T14:56:42+00:00","breadcrumb":{"@id":"https:\/\/hannacosmetica.com\/tienda\/hanna-exclusive\/complementos-hanna-exclusive\/acrygel-polygel-30ml-p\/#breadcrumb"},"inLanguage":"fr-FR","potentialAction":[{"@type":"ReadAction","target":["https:\/\/hannacosmetica.com\/tienda\/hanna-exclusive\/complementos-hanna-exclusive\/acrygel-polygel-30ml-p\/"]}]},{"@type":"BreadcrumbList","@id":"https:\/\/hannacosmetica.com\/tienda\/hanna-exclusive\/complementos-hanna-exclusive\/acrygel-polygel-30ml-p\/#breadcrumb","itemListElement":[{"@type":"ListItem","position":1,"name":"Portada","item":"https:\/\/hannacosmetica.com\/"},{"@type":"ListItem","position":2,"name":"Tienda","item":"https:\/\/hannacosmetica.com\/shop\/"},{"@type":"ListItem","position":3,"name":"Acrygel \/PolyGel 30ml -P"}]},{"@type":"WebSite","@id":"https:\/\/hannacosmetica.com\/#website","url":"https:\/\/hannacosmetica.com\/","name":"Hanna Cosm\u00e9tica","description":"Tienda de productos u\u00f1as, bellezas y peluquer\u00edas","publisher":{"@id":"https:\/\/hannacosmetica.com\/#organization"},"potentialAction":[{"@type":"SearchAction","target":{"@type":"EntryPoint","urlTemplate":"https:\/\/hannacosmetica.com\/?s={search_term_string}"},"query-input":"required name=search_term_string"}],"inLanguage":"fr-FR"},{"@type":"Organization","@id":"https:\/\/hannacosmetica.com\/#organization","name":"Hanna Cosm\u00e9tica","url":"https:\/\/hannacosmetica.com\/","logo":{"@type":"ImageObject","inLanguage":"fr-FR","@id":"https:\/\/hannacosmetica.com\/#\/schema\/logo\/image\/","url":"https:\/\/hannacosmetica.com\/wp-content\/uploads\/2022\/07\/Logo-Joyeria-Femenino-Floral-Negro.png","contentUrl":"https:\/\/hannacosmetica.com\/wp-content\/uploads\/2022\/07\/Logo-Joyeria-Femenino-Floral-Negro.png","width":361,"height":126,"caption":"Hanna Cosm\u00e9tica"},"image":{"@id":"https:\/\/hannacosmetica.com\/#\/schema\/logo\/image\/"}}]}},"_links":{"self":[{"href":"https:\/\/hannacosmetica.com\/fr\/wp-json\/wp\/v2\/product\/19598"}],"collection":[{"href":"https:\/\/hannacosmetica.com\/fr\/wp-json\/wp\/v2\/product"}],"about":[{"href":"https:\/\/hannacosmetica.com\/fr\/wp-json\/wp\/v2\/types\/product"}],"replies":[{"embeddable":true,"href":"https:\/\/hannacosmetica.com\/fr\/wp-json\/wp\/v2\/comments?post=19598"}],"version-history":[{"count":1,"href":"https:\/\/hannacosmetica.com\/fr\/wp-json\/wp\/v2\/product\/19598\/revisions"}],"predecessor-version":[{"id":19601,"href":"https:\/\/hannacosmetica.com\/fr\/wp-json\/wp\/v2\/product\/19598\/revisions\/19601"}],"wp:featuredmedia":[{"embeddable":true,"href":"https:\/\/hannacosmetica.com\/fr\/wp-json\/wp\/v2\/media\/19527"}],"wp:attachment":[{"href":"https:\/\/hannacosmetica.com\/fr\/wp-json\/wp\/v2\/media?parent=19598"}],"wp:term":[{"taxonomy":"product_cat","embeddable":true,"href":"https:\/\/hannacosmetica.com\/fr\/wp-json\/wp\/v2\/product_cat?post=19598"},{"taxonomy":"product_tag","embeddable":true,"href":"https:\/\/hannacosmetica.com\/fr\/wp-json\/wp\/v2\/product_tag?post=19598"}],"curies":[{"name":"wp","href":"https:\/\/api.w.org\/{rel}","templated":true}]}}