{"id":19592,"date":"2025-05-07T14:48:02","date_gmt":"2025-05-07T14:48:02","guid":{"rendered":"https:\/\/hannacosmetica.com\/?post_type=product&#038;p=19592"},"modified":"2025-05-07T14:48:02","modified_gmt":"2025-05-07T14:48:02","slug":"base-rubber-hanna-30ml-p","status":"publish","type":"product","link":"https:\/\/hannacosmetica.com\/fr\/tienda\/hanna-exclusive\/base-rubber\/base-rubber-hanna-30ml-p\/","title":{"rendered":"Base Rubber Hanna 30ml -P"},"content":{"rendered":"<p>Base Rubber el\u00e1stica universal de consistencia media. Apto para aplicaci\u00f3n en capa fina y nivelaci\u00f3n de u\u00f1as. aportando reistencia a la vez que protege tus u\u00f1as<\/p>\n<p>Tiene buena adherencia a la u\u00f1a natural y proporciona un recubrimiento confiable sin levantamiento.<br \/>\nTiene acidez media.<\/p>\n<p>duracion:45d\u00edas<\/p>\n<p><strong>Volumen:<\/strong>\u00a0 30ml<\/p>\n<p><strong>M\u00e9todo de aplicaci\u00f3n :<\/strong><br \/>\nAplicar \u00abRubber Base \u00bb en la u\u00f1a preparada con una o dos capas. Se seca en una l\u00e1mpara UV\/LED durante 60 segundos.<\/p>","protected":false},"excerpt":{"rendered":"<p>Base Rubber el\u00e1stica universal de consistencia media. Apto para aplicaci\u00f3n en capa fina y nivelaci\u00f3n de u\u00f1as. aportando reistencia a la vez&hellip;<\/p>","protected":false},"featured_media":19523,"comment_status":"open","ping_status":"closed","template":"","meta":[],"product_cat":[310,143,304,82,101,84,115,87],"product_tag":[],"yoast_head":"<!-- This site is optimized with the Yoast SEO plugin v19.9 - https:\/\/yoast.com\/wordpress\/plugins\/seo\/ -->\n<title>Base Rubber Hanna 30ml -P - Hanna Cosm\u00e9tica<\/title>\n<meta name=\"robots\" content=\"index, follow, max-snippet:-1, max-image-preview:large, max-video-preview:-1\" \/>\n<link rel=\"canonical\" href=\"https:\/\/hannacosmetica.com\/fr\/tienda\/hanna-exclusive\/base-rubber\/base-rubber-hanna-30ml-p\/\" \/>\n<meta property=\"og:locale\" content=\"fr_FR\" \/>\n<meta property=\"og:type\" content=\"article\" \/>\n<meta property=\"og:title\" content=\"Base Rubber Hanna 30ml -P - Hanna Cosm\u00e9tica\" \/>\n<meta property=\"og:description\" content=\"Base Rubber el\u00e1stica universal de consistencia media. Apto para aplicaci\u00f3n en capa fina y nivelaci\u00f3n de u\u00f1as. aportando reistencia a la vez&hellip;\" \/>\n<meta property=\"og:url\" content=\"https:\/\/hannacosmetica.com\/fr\/tienda\/hanna-exclusive\/base-rubber\/base-rubber-hanna-30ml-p\/\" \/>\n<meta property=\"og:site_name\" content=\"Hanna Cosm\u00e9tica\" \/>\n<meta property=\"og:image\" content=\"https:\/\/hannacosmetica.com\/wp-content\/uploads\/2025\/05\/Sin-titulo-470-x-420-px-27.png\" \/>\n\t<meta property=\"og:image:width\" content=\"1469\" \/>\n\t<meta property=\"og:image:height\" content=\"1313\" \/>\n\t<meta property=\"og:image:type\" content=\"image\/png\" \/>\n<meta name=\"twitter:card\" content=\"summary_large_image\" \/>\n<script type=\"application\/ld+json\" class=\"yoast-schema-graph\">{\"@context\":\"https:\/\/schema.org\",\"@graph\":[{\"@type\":\"WebPage\",\"@id\":\"https:\/\/hannacosmetica.com\/tienda\/hanna-exclusive\/base-rubber\/base-rubber-hanna-30ml-p\/\",\"url\":\"https:\/\/hannacosmetica.com\/tienda\/hanna-exclusive\/base-rubber\/base-rubber-hanna-30ml-p\/\",\"name\":\"Base Rubber Hanna 30ml -P - Hanna Cosm\u00e9tica\",\"isPartOf\":{\"@id\":\"https:\/\/hannacosmetica.com\/#website\"},\"datePublished\":\"2025-05-07T14:48:02+00:00\",\"dateModified\":\"2025-05-07T14:48:02+00:00\",\"breadcrumb\":{\"@id\":\"https:\/\/hannacosmetica.com\/tienda\/hanna-exclusive\/base-rubber\/base-rubber-hanna-30ml-p\/#breadcrumb\"},\"inLanguage\":\"fr-FR\",\"potentialAction\":[{\"@type\":\"ReadAction\",\"target\":[\"https:\/\/hannacosmetica.com\/tienda\/hanna-exclusive\/base-rubber\/base-rubber-hanna-30ml-p\/\"]}]},{\"@type\":\"BreadcrumbList\",\"@id\":\"https:\/\/hannacosmetica.com\/tienda\/hanna-exclusive\/base-rubber\/base-rubber-hanna-30ml-p\/#breadcrumb\",\"itemListElement\":[{\"@type\":\"ListItem\",\"position\":1,\"name\":\"Portada\",\"item\":\"https:\/\/hannacosmetica.com\/\"},{\"@type\":\"ListItem\",\"position\":2,\"name\":\"Tienda\",\"item\":\"https:\/\/hannacosmetica.com\/shop\/\"},{\"@type\":\"ListItem\",\"position\":3,\"name\":\"Base Rubber Hanna 30ml -P\"}]},{\"@type\":\"WebSite\",\"@id\":\"https:\/\/hannacosmetica.com\/#website\",\"url\":\"https:\/\/hannacosmetica.com\/\",\"name\":\"Hanna Cosm\u00e9tica\",\"description\":\"Tienda de productos u\u00f1as, bellezas y peluquer\u00edas\",\"publisher\":{\"@id\":\"https:\/\/hannacosmetica.com\/#organization\"},\"potentialAction\":[{\"@type\":\"SearchAction\",\"target\":{\"@type\":\"EntryPoint\",\"urlTemplate\":\"https:\/\/hannacosmetica.com\/?s={search_term_string}\"},\"query-input\":\"required name=search_term_string\"}],\"inLanguage\":\"fr-FR\"},{\"@type\":\"Organization\",\"@id\":\"https:\/\/hannacosmetica.com\/#organization\",\"name\":\"Hanna Cosm\u00e9tica\",\"url\":\"https:\/\/hannacosmetica.com\/\",\"logo\":{\"@type\":\"ImageObject\",\"inLanguage\":\"fr-FR\",\"@id\":\"https:\/\/hannacosmetica.com\/#\/schema\/logo\/image\/\",\"url\":\"https:\/\/hannacosmetica.com\/wp-content\/uploads\/2022\/07\/Logo-Joyeria-Femenino-Floral-Negro.png\",\"contentUrl\":\"https:\/\/hannacosmetica.com\/wp-content\/uploads\/2022\/07\/Logo-Joyeria-Femenino-Floral-Negro.png\",\"width\":361,\"height\":126,\"caption\":\"Hanna Cosm\u00e9tica\"},\"image\":{\"@id\":\"https:\/\/hannacosmetica.com\/#\/schema\/logo\/image\/\"}}]}<\/script>\n<!-- \/ Yoast SEO plugin. -->","yoast_head_json":{"title":"Base Rubber Hanna 30ml -P - Hanna Cosm\u00e9tica","robots":{"index":"index","follow":"follow","max-snippet":"max-snippet:-1","max-image-preview":"max-image-preview:large","max-video-preview":"max-video-preview:-1"},"canonical":"https:\/\/hannacosmetica.com\/fr\/tienda\/hanna-exclusive\/base-rubber\/base-rubber-hanna-30ml-p\/","og_locale":"fr_FR","og_type":"article","og_title":"Base Rubber Hanna 30ml -P - Hanna Cosm\u00e9tica","og_description":"Base Rubber el\u00e1stica universal de consistencia media. Apto para aplicaci\u00f3n en capa fina y nivelaci\u00f3n de u\u00f1as. aportando reistencia a la vez&hellip;","og_url":"https:\/\/hannacosmetica.com\/fr\/tienda\/hanna-exclusive\/base-rubber\/base-rubber-hanna-30ml-p\/","og_site_name":"Hanna Cosm\u00e9tica","og_image":[{"width":1469,"height":1313,"url":"https:\/\/hannacosmetica.com\/wp-content\/uploads\/2025\/05\/Sin-titulo-470-x-420-px-27.png","type":"image\/png"}],"twitter_card":"summary_large_image","schema":{"@context":"https:\/\/schema.org","@graph":[{"@type":"WebPage","@id":"https:\/\/hannacosmetica.com\/tienda\/hanna-exclusive\/base-rubber\/base-rubber-hanna-30ml-p\/","url":"https:\/\/hannacosmetica.com\/tienda\/hanna-exclusive\/base-rubber\/base-rubber-hanna-30ml-p\/","name":"Base Rubber Hanna 30ml -P - Hanna Cosm\u00e9tica","isPartOf":{"@id":"https:\/\/hannacosmetica.com\/#website"},"datePublished":"2025-05-07T14:48:02+00:00","dateModified":"2025-05-07T14:48:02+00:00","breadcrumb":{"@id":"https:\/\/hannacosmetica.com\/tienda\/hanna-exclusive\/base-rubber\/base-rubber-hanna-30ml-p\/#breadcrumb"},"inLanguage":"fr-FR","potentialAction":[{"@type":"ReadAction","target":["https:\/\/hannacosmetica.com\/tienda\/hanna-exclusive\/base-rubber\/base-rubber-hanna-30ml-p\/"]}]},{"@type":"BreadcrumbList","@id":"https:\/\/hannacosmetica.com\/tienda\/hanna-exclusive\/base-rubber\/base-rubber-hanna-30ml-p\/#breadcrumb","itemListElement":[{"@type":"ListItem","position":1,"name":"Portada","item":"https:\/\/hannacosmetica.com\/"},{"@type":"ListItem","position":2,"name":"Tienda","item":"https:\/\/hannacosmetica.com\/shop\/"},{"@type":"ListItem","position":3,"name":"Base Rubber Hanna 30ml -P"}]},{"@type":"WebSite","@id":"https:\/\/hannacosmetica.com\/#website","url":"https:\/\/hannacosmetica.com\/","name":"Hanna Cosm\u00e9tica","description":"Tienda de productos u\u00f1as, bellezas y peluquer\u00edas","publisher":{"@id":"https:\/\/hannacosmetica.com\/#organization"},"potentialAction":[{"@type":"SearchAction","target":{"@type":"EntryPoint","urlTemplate":"https:\/\/hannacosmetica.com\/?s={search_term_string}"},"query-input":"required name=search_term_string"}],"inLanguage":"fr-FR"},{"@type":"Organization","@id":"https:\/\/hannacosmetica.com\/#organization","name":"Hanna Cosm\u00e9tica","url":"https:\/\/hannacosmetica.com\/","logo":{"@type":"ImageObject","inLanguage":"fr-FR","@id":"https:\/\/hannacosmetica.com\/#\/schema\/logo\/image\/","url":"https:\/\/hannacosmetica.com\/wp-content\/uploads\/2022\/07\/Logo-Joyeria-Femenino-Floral-Negro.png","contentUrl":"https:\/\/hannacosmetica.com\/wp-content\/uploads\/2022\/07\/Logo-Joyeria-Femenino-Floral-Negro.png","width":361,"height":126,"caption":"Hanna Cosm\u00e9tica"},"image":{"@id":"https:\/\/hannacosmetica.com\/#\/schema\/logo\/image\/"}}]}},"_links":{"self":[{"href":"https:\/\/hannacosmetica.com\/fr\/wp-json\/wp\/v2\/product\/19592"}],"collection":[{"href":"https:\/\/hannacosmetica.com\/fr\/wp-json\/wp\/v2\/product"}],"about":[{"href":"https:\/\/hannacosmetica.com\/fr\/wp-json\/wp\/v2\/types\/product"}],"replies":[{"embeddable":true,"href":"https:\/\/hannacosmetica.com\/fr\/wp-json\/wp\/v2\/comments?post=19592"}],"version-history":[{"count":1,"href":"https:\/\/hannacosmetica.com\/fr\/wp-json\/wp\/v2\/product\/19592\/revisions"}],"predecessor-version":[{"id":19597,"href":"https:\/\/hannacosmetica.com\/fr\/wp-json\/wp\/v2\/product\/19592\/revisions\/19597"}],"wp:featuredmedia":[{"embeddable":true,"href":"https:\/\/hannacosmetica.com\/fr\/wp-json\/wp\/v2\/media\/19523"}],"wp:attachment":[{"href":"https:\/\/hannacosmetica.com\/fr\/wp-json\/wp\/v2\/media?parent=19592"}],"wp:term":[{"taxonomy":"product_cat","embeddable":true,"href":"https:\/\/hannacosmetica.com\/fr\/wp-json\/wp\/v2\/product_cat?post=19592"},{"taxonomy":"product_tag","embeddable":true,"href":"https:\/\/hannacosmetica.com\/fr\/wp-json\/wp\/v2\/product_tag?post=19592"}],"curies":[{"name":"wp","href":"https:\/\/api.w.org\/{rel}","templated":true}]}}