{"id":19584,"date":"2025-05-07T14:08:06","date_gmt":"2025-05-07T14:08:06","guid":{"rendered":"https:\/\/hannacosmetica.com\/?post_type=product&#038;p=19584"},"modified":"2025-05-07T14:31:46","modified_gmt":"2025-05-07T14:31:46","slug":"super-top-coat-diamante-hanna-30ml-p","status":"publish","type":"product","link":"https:\/\/hannacosmetica.com\/fr\/tienda\/hanna-exclusive\/base-y-top\/super-top-coat-diamante-hanna-30ml-p\/","title":{"rendered":"Super Top Coat Diamante Hanna 30ml &#8211; P"},"content":{"rendered":"<ul class=\"a-unordered-list a-vertical a-spacing-mini\">\n<li class=\"a-spacing-mini\"><span class=\"a-list-item\">Ultra Alta Dureza\u3011 Diamond Top Coat Semipermanente Brillante est\u00e1 formulado profesionalmente para ser m\u00e1s fuerte y m\u00e1s brillante que los top coat para u\u00f1as de gel ordinarios, resistente akl desgaste. cepille una capa delgada en su manicura para proporcionar una protecci\u00f3n duradera para su manicura. Evita eficazmente el problema del desgaste y los ara\u00f1azos de las u\u00f1as.<\/span><\/li>\n<li class=\"a-spacing-mini\"><span class=\"a-list-item\">\ud83e\udd47\u3010Diamond Shine\u3011Top Coat No Wipe profesional proporciona una superficie brillante de larga duraci\u00f3n para su manicura, de modo que los bellos colores de sus u\u00f1as ya no se ver\u00e1n apagados por el paso del tiempo. Su f\u00f3rmula sin necesidad de frotar deja un acabado suave y brillante sin dejar residuos pegajosos.<\/span><\/li>\n<li class=\"a-spacing-mini\"><span class=\"a-list-item\">\ud83e\udd47\u3010F\u00e1cil de aplicar\u3011Super Top Coat Semipermanente Professional\u00a0 tiene excelentes propiedades autonivelantes que hacen que sea f\u00e1cil para los principiantes aplicarlo uniformemente sin dejar marcas de pincel en la superficie de la u\u00f1a. Dura +45 d\u00edas con una aplicaci\u00f3n adecuada.<\/span><\/li>\n<li class=\"a-spacing-mini\"><span class=\"a-list-item\">\ud83e\udd47\u3010Safe &amp; Healthy\u3011Los ingredientes de resina natural de alta calidad le proporcionan un gel de u\u00f1as saludable, no t\u00f3xico y de bajo olor que es seguro para la piel y las u\u00f1as. Sin embargo, si es la primera vez que utiliza estos top coat para u\u00f1as de gel, le recomendamos que experimente. Si siente molestias, interrumpa su uso inmediatamente y solicite atenci\u00f3n m\u00e9dica. Evite el contacto con los ojos, la boca y la piel y mant\u00e9ngalo fuera del alcance de los ni\u00f1os.<\/span><\/li>\n<li>tama\u00f1o 30ml<\/li>\n<\/ul>","protected":false},"excerpt":{"rendered":"<p>Ultra Alta Dureza\u3011 Diamond Top Coat Semipermanente Brillante est\u00e1 formulado profesionalmente para ser m\u00e1s fuerte y m\u00e1s brillante que los top coat&hellip;<\/p>","protected":false},"featured_media":19521,"comment_status":"open","ping_status":"closed","template":"","meta":[],"product_cat":[318,143,462,304,87],"product_tag":[],"yoast_head":"<!-- This site is optimized with the Yoast SEO plugin v19.9 - https:\/\/yoast.com\/wordpress\/plugins\/seo\/ -->\n<title>Super Top Coat Diamante Hanna 30ml - P - Hanna Cosm\u00e9tica<\/title>\n<meta name=\"robots\" content=\"index, follow, max-snippet:-1, max-image-preview:large, max-video-preview:-1\" \/>\n<link rel=\"canonical\" href=\"https:\/\/hannacosmetica.com\/fr\/tienda\/hanna-exclusive\/base-y-top\/super-top-coat-diamante-hanna-30ml-p\/\" \/>\n<meta property=\"og:locale\" content=\"fr_FR\" \/>\n<meta property=\"og:type\" content=\"article\" \/>\n<meta property=\"og:title\" content=\"Super Top Coat Diamante Hanna 30ml - P - Hanna Cosm\u00e9tica\" \/>\n<meta property=\"og:description\" content=\"Ultra Alta Dureza\u3011 Diamond Top Coat Semipermanente Brillante est\u00e1 formulado profesionalmente para ser m\u00e1s fuerte y m\u00e1s brillante que los top coat&hellip;\" \/>\n<meta property=\"og:url\" content=\"https:\/\/hannacosmetica.com\/fr\/tienda\/hanna-exclusive\/base-y-top\/super-top-coat-diamante-hanna-30ml-p\/\" \/>\n<meta property=\"og:site_name\" content=\"Hanna Cosm\u00e9tica\" \/>\n<meta property=\"article:modified_time\" content=\"2025-05-07T14:31:46+00:00\" \/>\n<meta property=\"og:image\" content=\"https:\/\/hannacosmetica.com\/wp-content\/uploads\/2025\/05\/Sin-titulo-470-x-420-px-25.png\" \/>\n\t<meta property=\"og:image:width\" content=\"1469\" \/>\n\t<meta property=\"og:image:height\" content=\"1313\" \/>\n\t<meta property=\"og:image:type\" content=\"image\/png\" \/>\n<meta name=\"twitter:card\" content=\"summary_large_image\" \/>\n<script type=\"application\/ld+json\" class=\"yoast-schema-graph\">{\"@context\":\"https:\/\/schema.org\",\"@graph\":[{\"@type\":\"WebPage\",\"@id\":\"https:\/\/hannacosmetica.com\/tienda\/hanna-exclusive\/base-y-top\/super-top-coat-diamante-hanna-30ml-p\/\",\"url\":\"https:\/\/hannacosmetica.com\/tienda\/hanna-exclusive\/base-y-top\/super-top-coat-diamante-hanna-30ml-p\/\",\"name\":\"Super Top Coat Diamante Hanna 30ml - P - Hanna Cosm\u00e9tica\",\"isPartOf\":{\"@id\":\"https:\/\/hannacosmetica.com\/#website\"},\"datePublished\":\"2025-05-07T14:08:06+00:00\",\"dateModified\":\"2025-05-07T14:31:46+00:00\",\"breadcrumb\":{\"@id\":\"https:\/\/hannacosmetica.com\/tienda\/hanna-exclusive\/base-y-top\/super-top-coat-diamante-hanna-30ml-p\/#breadcrumb\"},\"inLanguage\":\"fr-FR\",\"potentialAction\":[{\"@type\":\"ReadAction\",\"target\":[\"https:\/\/hannacosmetica.com\/tienda\/hanna-exclusive\/base-y-top\/super-top-coat-diamante-hanna-30ml-p\/\"]}]},{\"@type\":\"BreadcrumbList\",\"@id\":\"https:\/\/hannacosmetica.com\/tienda\/hanna-exclusive\/base-y-top\/super-top-coat-diamante-hanna-30ml-p\/#breadcrumb\",\"itemListElement\":[{\"@type\":\"ListItem\",\"position\":1,\"name\":\"Portada\",\"item\":\"https:\/\/hannacosmetica.com\/\"},{\"@type\":\"ListItem\",\"position\":2,\"name\":\"Tienda\",\"item\":\"https:\/\/hannacosmetica.com\/shop\/\"},{\"@type\":\"ListItem\",\"position\":3,\"name\":\"Super Top Coat Diamante Hanna 30ml &#8211; P\"}]},{\"@type\":\"WebSite\",\"@id\":\"https:\/\/hannacosmetica.com\/#website\",\"url\":\"https:\/\/hannacosmetica.com\/\",\"name\":\"Hanna Cosm\u00e9tica\",\"description\":\"Tienda de productos u\u00f1as, bellezas y peluquer\u00edas\",\"publisher\":{\"@id\":\"https:\/\/hannacosmetica.com\/#organization\"},\"potentialAction\":[{\"@type\":\"SearchAction\",\"target\":{\"@type\":\"EntryPoint\",\"urlTemplate\":\"https:\/\/hannacosmetica.com\/?s={search_term_string}\"},\"query-input\":\"required name=search_term_string\"}],\"inLanguage\":\"fr-FR\"},{\"@type\":\"Organization\",\"@id\":\"https:\/\/hannacosmetica.com\/#organization\",\"name\":\"Hanna Cosm\u00e9tica\",\"url\":\"https:\/\/hannacosmetica.com\/\",\"logo\":{\"@type\":\"ImageObject\",\"inLanguage\":\"fr-FR\",\"@id\":\"https:\/\/hannacosmetica.com\/#\/schema\/logo\/image\/\",\"url\":\"https:\/\/hannacosmetica.com\/wp-content\/uploads\/2022\/07\/Logo-Joyeria-Femenino-Floral-Negro.png\",\"contentUrl\":\"https:\/\/hannacosmetica.com\/wp-content\/uploads\/2022\/07\/Logo-Joyeria-Femenino-Floral-Negro.png\",\"width\":361,\"height\":126,\"caption\":\"Hanna Cosm\u00e9tica\"},\"image\":{\"@id\":\"https:\/\/hannacosmetica.com\/#\/schema\/logo\/image\/\"}}]}<\/script>\n<!-- \/ Yoast SEO plugin. -->","yoast_head_json":{"title":"Super Top Coat Diamante Hanna 30ml - P - Hanna Cosm\u00e9tica","robots":{"index":"index","follow":"follow","max-snippet":"max-snippet:-1","max-image-preview":"max-image-preview:large","max-video-preview":"max-video-preview:-1"},"canonical":"https:\/\/hannacosmetica.com\/fr\/tienda\/hanna-exclusive\/base-y-top\/super-top-coat-diamante-hanna-30ml-p\/","og_locale":"fr_FR","og_type":"article","og_title":"Super Top Coat Diamante Hanna 30ml - P - Hanna Cosm\u00e9tica","og_description":"Ultra Alta Dureza\u3011 Diamond Top Coat Semipermanente Brillante est\u00e1 formulado profesionalmente para ser m\u00e1s fuerte y m\u00e1s brillante que los top coat&hellip;","og_url":"https:\/\/hannacosmetica.com\/fr\/tienda\/hanna-exclusive\/base-y-top\/super-top-coat-diamante-hanna-30ml-p\/","og_site_name":"Hanna Cosm\u00e9tica","article_modified_time":"2025-05-07T14:31:46+00:00","og_image":[{"width":1469,"height":1313,"url":"https:\/\/hannacosmetica.com\/wp-content\/uploads\/2025\/05\/Sin-titulo-470-x-420-px-25.png","type":"image\/png"}],"twitter_card":"summary_large_image","schema":{"@context":"https:\/\/schema.org","@graph":[{"@type":"WebPage","@id":"https:\/\/hannacosmetica.com\/tienda\/hanna-exclusive\/base-y-top\/super-top-coat-diamante-hanna-30ml-p\/","url":"https:\/\/hannacosmetica.com\/tienda\/hanna-exclusive\/base-y-top\/super-top-coat-diamante-hanna-30ml-p\/","name":"Super Top Coat Diamante Hanna 30ml - P - Hanna Cosm\u00e9tica","isPartOf":{"@id":"https:\/\/hannacosmetica.com\/#website"},"datePublished":"2025-05-07T14:08:06+00:00","dateModified":"2025-05-07T14:31:46+00:00","breadcrumb":{"@id":"https:\/\/hannacosmetica.com\/tienda\/hanna-exclusive\/base-y-top\/super-top-coat-diamante-hanna-30ml-p\/#breadcrumb"},"inLanguage":"fr-FR","potentialAction":[{"@type":"ReadAction","target":["https:\/\/hannacosmetica.com\/tienda\/hanna-exclusive\/base-y-top\/super-top-coat-diamante-hanna-30ml-p\/"]}]},{"@type":"BreadcrumbList","@id":"https:\/\/hannacosmetica.com\/tienda\/hanna-exclusive\/base-y-top\/super-top-coat-diamante-hanna-30ml-p\/#breadcrumb","itemListElement":[{"@type":"ListItem","position":1,"name":"Portada","item":"https:\/\/hannacosmetica.com\/"},{"@type":"ListItem","position":2,"name":"Tienda","item":"https:\/\/hannacosmetica.com\/shop\/"},{"@type":"ListItem","position":3,"name":"Super Top Coat Diamante Hanna 30ml &#8211; P"}]},{"@type":"WebSite","@id":"https:\/\/hannacosmetica.com\/#website","url":"https:\/\/hannacosmetica.com\/","name":"Hanna Cosm\u00e9tica","description":"Tienda de productos u\u00f1as, bellezas y peluquer\u00edas","publisher":{"@id":"https:\/\/hannacosmetica.com\/#organization"},"potentialAction":[{"@type":"SearchAction","target":{"@type":"EntryPoint","urlTemplate":"https:\/\/hannacosmetica.com\/?s={search_term_string}"},"query-input":"required name=search_term_string"}],"inLanguage":"fr-FR"},{"@type":"Organization","@id":"https:\/\/hannacosmetica.com\/#organization","name":"Hanna Cosm\u00e9tica","url":"https:\/\/hannacosmetica.com\/","logo":{"@type":"ImageObject","inLanguage":"fr-FR","@id":"https:\/\/hannacosmetica.com\/#\/schema\/logo\/image\/","url":"https:\/\/hannacosmetica.com\/wp-content\/uploads\/2022\/07\/Logo-Joyeria-Femenino-Floral-Negro.png","contentUrl":"https:\/\/hannacosmetica.com\/wp-content\/uploads\/2022\/07\/Logo-Joyeria-Femenino-Floral-Negro.png","width":361,"height":126,"caption":"Hanna Cosm\u00e9tica"},"image":{"@id":"https:\/\/hannacosmetica.com\/#\/schema\/logo\/image\/"}}]}},"_links":{"self":[{"href":"https:\/\/hannacosmetica.com\/fr\/wp-json\/wp\/v2\/product\/19584"}],"collection":[{"href":"https:\/\/hannacosmetica.com\/fr\/wp-json\/wp\/v2\/product"}],"about":[{"href":"https:\/\/hannacosmetica.com\/fr\/wp-json\/wp\/v2\/types\/product"}],"replies":[{"embeddable":true,"href":"https:\/\/hannacosmetica.com\/fr\/wp-json\/wp\/v2\/comments?post=19584"}],"version-history":[{"count":4,"href":"https:\/\/hannacosmetica.com\/fr\/wp-json\/wp\/v2\/product\/19584\/revisions"}],"predecessor-version":[{"id":19591,"href":"https:\/\/hannacosmetica.com\/fr\/wp-json\/wp\/v2\/product\/19584\/revisions\/19591"}],"wp:featuredmedia":[{"embeddable":true,"href":"https:\/\/hannacosmetica.com\/fr\/wp-json\/wp\/v2\/media\/19521"}],"wp:attachment":[{"href":"https:\/\/hannacosmetica.com\/fr\/wp-json\/wp\/v2\/media?parent=19584"}],"wp:term":[{"taxonomy":"product_cat","embeddable":true,"href":"https:\/\/hannacosmetica.com\/fr\/wp-json\/wp\/v2\/product_cat?post=19584"},{"taxonomy":"product_tag","embeddable":true,"href":"https:\/\/hannacosmetica.com\/fr\/wp-json\/wp\/v2\/product_tag?post=19584"}],"curies":[{"name":"wp","href":"https:\/\/api.w.org\/{rel}","templated":true}]}}