{"id":19581,"date":"2025-05-07T13:58:02","date_gmt":"2025-05-07T13:58:02","guid":{"rendered":"https:\/\/hannacosmetica.com\/?post_type=product&#038;p=19581"},"modified":"2026-01-20T09:23:00","modified_gmt":"2026-01-20T09:23:00","slug":"gel-adhesivo-extra-fuete-hanna-30ml-p","status":"publish","type":"product","link":"https:\/\/hannacosmetica.com\/fr\/tienda\/hanna-exclusive\/complementos-hanna-exclusive\/gel-adhesivo-extra-fuete-hanna-30ml-p\/","title":{"rendered":"Gel Adhesivo Extra Fuete Hanna 30ml -P"},"content":{"rendered":"<ul class=\"a-unordered-list a-vertical a-spacing-mini\">\n<li class=\"a-spacing-mini\"><span class=\"a-list-item\">Gel ADHESIVO\u00a0 s\u00f3lido para u\u00f1as, diamantes\u00a0 y todo tipo de docroaciones\u00a0 el gel de pegamento s\u00f3lido para u\u00f1as es un nuevo tipo de gel de pegamento, el pegamento para u\u00f1as postizas est\u00e1 en estado s\u00f3lido,\u00a0 pegamento f\u00e1cil de obtener, con excelente flexibilidad y capacidad de ajuste, lo que le permite colocarlo f\u00e1cilmente. u\u00f1as postizas.<\/span><\/li>\n<li class=\"a-spacing-mini\"><span class=\"a-list-item\">Gel de pegamento s\u00f3lido con ingredientes saludables: nuestro gel de pegamento HANNA para u\u00f1as est\u00e1 hecho de resina natural, olor ligero e ingredientes muy seguros, el pegamento s\u00f3lido para u\u00f1as extra fuerte tiene una apariencia cristalina e inofensivo para las u\u00f1as y la piel.<\/span><\/li>\n<li class=\"a-spacing-mini\"><span class=\"a-list-item\">Cuida la salud de tus u\u00f1as con nuestro gel adhesivo con ingredientes saludables. Puede proporcionarte una c\u00f3moda experiencia de u\u00f1as. Necesita curado: cura este gel adhesivo s\u00f3lido para u\u00f1as bajo un secador de u\u00f1as con luz UV\/LED durante 60 a 90 segundos. Tiene buena flexibilidad\u00a0 Se puede reposicionar antes de curar.<\/span><\/li>\n<li class=\"a-spacing-mini\"><span class=\"a-list-item\">Uni\u00f3n fuerte: ya sea que est\u00e9 aplicando u\u00f1as acr\u00edlicas, u\u00f1as postizas o u\u00f1as postizas, su material similar al caucho garantiza una aplicaci\u00f3n perfecta. Una vez curado bajo una l\u00e1mpara de u\u00f1as, proporciona una uni\u00f3n m\u00e1s fuerte que el adhesivo l\u00edquido, lo que hace que los resultados duren m\u00e1s, hasta m\u00e1s de +30 d\u00edas.<\/span><\/li>\n<li class=\"a-spacing-mini\"><span class=\"a-list-item\">Perfecto para decoraci\u00f3n de u\u00f1as DIY: el gel de pegamento para u\u00f1as s\u00f3lido se puede usar para pegar piezas de u\u00f1as postizas, diamantes de imitaci\u00f3n, decoraciones de u\u00f1as y se puede utilizar para crear dise\u00f1os 3D, ademas se puede aplicar efectos sobre el, ya que no deja una capa pegajosa, ideal\u00a0 para satisfacer sus diversas imaginaciones de arte de u\u00f1as. Te permite disfrutar de la alegr\u00eda del arte de u\u00f1as DIY.\u00a0 Adecuado para manicuristas profesionales y amantes de las u\u00f1as.<\/span><\/li>\n<\/ul>","protected":false},"excerpt":{"rendered":"<p>Gel ADHESIVO\u00a0 s\u00f3lido para u\u00f1as, diamantes\u00a0 y todo tipo de docroaciones\u00a0 el gel de pegamento s\u00f3lido para u\u00f1as es un nuevo tipo&hellip;<\/p>","protected":false},"featured_media":19520,"comment_status":"open","ping_status":"closed","template":"","meta":[],"product_cat":[462,304,82,96,101,87],"product_tag":[],"yoast_head":"<!-- This site is optimized with the Yoast SEO plugin v19.9 - https:\/\/yoast.com\/wordpress\/plugins\/seo\/ -->\n<title>Gel Adhesivo Extra Fuete Hanna 30ml -P - Hanna Cosm\u00e9tica<\/title>\n<meta name=\"robots\" content=\"index, follow, max-snippet:-1, max-image-preview:large, max-video-preview:-1\" \/>\n<link rel=\"canonical\" href=\"https:\/\/hannacosmetica.com\/fr\/tienda\/hanna-exclusive\/complementos-hanna-exclusive\/gel-adhesivo-extra-fuete-hanna-30ml-p\/\" \/>\n<meta property=\"og:locale\" content=\"fr_FR\" \/>\n<meta property=\"og:type\" content=\"article\" \/>\n<meta property=\"og:title\" content=\"Gel Adhesivo Extra Fuete Hanna 30ml -P - Hanna Cosm\u00e9tica\" \/>\n<meta property=\"og:description\" content=\"Gel ADHESIVO\u00a0 s\u00f3lido para u\u00f1as, diamantes\u00a0 y todo tipo de docroaciones\u00a0 el gel de pegamento s\u00f3lido para u\u00f1as es un nuevo tipo&hellip;\" \/>\n<meta property=\"og:url\" content=\"https:\/\/hannacosmetica.com\/fr\/tienda\/hanna-exclusive\/complementos-hanna-exclusive\/gel-adhesivo-extra-fuete-hanna-30ml-p\/\" \/>\n<meta property=\"og:site_name\" content=\"Hanna Cosm\u00e9tica\" \/>\n<meta property=\"article:modified_time\" content=\"2026-01-20T09:23:00+00:00\" \/>\n<meta property=\"og:image\" content=\"https:\/\/hannacosmetica.com\/wp-content\/uploads\/2025\/05\/Sin-titulo-470-x-420-px-24.png\" \/>\n\t<meta property=\"og:image:width\" content=\"1469\" \/>\n\t<meta property=\"og:image:height\" content=\"1313\" \/>\n\t<meta property=\"og:image:type\" content=\"image\/png\" \/>\n<meta name=\"twitter:card\" content=\"summary_large_image\" \/>\n<script type=\"application\/ld+json\" class=\"yoast-schema-graph\">{\"@context\":\"https:\/\/schema.org\",\"@graph\":[{\"@type\":\"WebPage\",\"@id\":\"https:\/\/hannacosmetica.com\/tienda\/hanna-exclusive\/complementos-hanna-exclusive\/gel-adhesivo-extra-fuete-hanna-30ml-p\/\",\"url\":\"https:\/\/hannacosmetica.com\/tienda\/hanna-exclusive\/complementos-hanna-exclusive\/gel-adhesivo-extra-fuete-hanna-30ml-p\/\",\"name\":\"Gel Adhesivo Extra Fuete Hanna 30ml -P - Hanna Cosm\u00e9tica\",\"isPartOf\":{\"@id\":\"https:\/\/hannacosmetica.com\/#website\"},\"datePublished\":\"2025-05-07T13:58:02+00:00\",\"dateModified\":\"2026-01-20T09:23:00+00:00\",\"breadcrumb\":{\"@id\":\"https:\/\/hannacosmetica.com\/tienda\/hanna-exclusive\/complementos-hanna-exclusive\/gel-adhesivo-extra-fuete-hanna-30ml-p\/#breadcrumb\"},\"inLanguage\":\"fr-FR\",\"potentialAction\":[{\"@type\":\"ReadAction\",\"target\":[\"https:\/\/hannacosmetica.com\/tienda\/hanna-exclusive\/complementos-hanna-exclusive\/gel-adhesivo-extra-fuete-hanna-30ml-p\/\"]}]},{\"@type\":\"BreadcrumbList\",\"@id\":\"https:\/\/hannacosmetica.com\/tienda\/hanna-exclusive\/complementos-hanna-exclusive\/gel-adhesivo-extra-fuete-hanna-30ml-p\/#breadcrumb\",\"itemListElement\":[{\"@type\":\"ListItem\",\"position\":1,\"name\":\"Portada\",\"item\":\"https:\/\/hannacosmetica.com\/\"},{\"@type\":\"ListItem\",\"position\":2,\"name\":\"Tienda\",\"item\":\"https:\/\/hannacosmetica.com\/shop\/\"},{\"@type\":\"ListItem\",\"position\":3,\"name\":\"Gel Adhesivo Extra Fuete Hanna 30ml -P\"}]},{\"@type\":\"WebSite\",\"@id\":\"https:\/\/hannacosmetica.com\/#website\",\"url\":\"https:\/\/hannacosmetica.com\/\",\"name\":\"Hanna Cosm\u00e9tica\",\"description\":\"Tienda de productos u\u00f1as, bellezas y peluquer\u00edas\",\"publisher\":{\"@id\":\"https:\/\/hannacosmetica.com\/#organization\"},\"potentialAction\":[{\"@type\":\"SearchAction\",\"target\":{\"@type\":\"EntryPoint\",\"urlTemplate\":\"https:\/\/hannacosmetica.com\/?s={search_term_string}\"},\"query-input\":\"required name=search_term_string\"}],\"inLanguage\":\"fr-FR\"},{\"@type\":\"Organization\",\"@id\":\"https:\/\/hannacosmetica.com\/#organization\",\"name\":\"Hanna Cosm\u00e9tica\",\"url\":\"https:\/\/hannacosmetica.com\/\",\"logo\":{\"@type\":\"ImageObject\",\"inLanguage\":\"fr-FR\",\"@id\":\"https:\/\/hannacosmetica.com\/#\/schema\/logo\/image\/\",\"url\":\"https:\/\/hannacosmetica.com\/wp-content\/uploads\/2022\/07\/Logo-Joyeria-Femenino-Floral-Negro.png\",\"contentUrl\":\"https:\/\/hannacosmetica.com\/wp-content\/uploads\/2022\/07\/Logo-Joyeria-Femenino-Floral-Negro.png\",\"width\":361,\"height\":126,\"caption\":\"Hanna Cosm\u00e9tica\"},\"image\":{\"@id\":\"https:\/\/hannacosmetica.com\/#\/schema\/logo\/image\/\"}}]}<\/script>\n<!-- \/ Yoast SEO plugin. -->","yoast_head_json":{"title":"Gel Adhesivo Extra Fuete Hanna 30ml -P - Hanna Cosm\u00e9tica","robots":{"index":"index","follow":"follow","max-snippet":"max-snippet:-1","max-image-preview":"max-image-preview:large","max-video-preview":"max-video-preview:-1"},"canonical":"https:\/\/hannacosmetica.com\/fr\/tienda\/hanna-exclusive\/complementos-hanna-exclusive\/gel-adhesivo-extra-fuete-hanna-30ml-p\/","og_locale":"fr_FR","og_type":"article","og_title":"Gel Adhesivo Extra Fuete Hanna 30ml -P - Hanna Cosm\u00e9tica","og_description":"Gel ADHESIVO\u00a0 s\u00f3lido para u\u00f1as, diamantes\u00a0 y todo tipo de docroaciones\u00a0 el gel de pegamento s\u00f3lido para u\u00f1as es un nuevo tipo&hellip;","og_url":"https:\/\/hannacosmetica.com\/fr\/tienda\/hanna-exclusive\/complementos-hanna-exclusive\/gel-adhesivo-extra-fuete-hanna-30ml-p\/","og_site_name":"Hanna Cosm\u00e9tica","article_modified_time":"2026-01-20T09:23:00+00:00","og_image":[{"width":1469,"height":1313,"url":"https:\/\/hannacosmetica.com\/wp-content\/uploads\/2025\/05\/Sin-titulo-470-x-420-px-24.png","type":"image\/png"}],"twitter_card":"summary_large_image","schema":{"@context":"https:\/\/schema.org","@graph":[{"@type":"WebPage","@id":"https:\/\/hannacosmetica.com\/tienda\/hanna-exclusive\/complementos-hanna-exclusive\/gel-adhesivo-extra-fuete-hanna-30ml-p\/","url":"https:\/\/hannacosmetica.com\/tienda\/hanna-exclusive\/complementos-hanna-exclusive\/gel-adhesivo-extra-fuete-hanna-30ml-p\/","name":"Gel Adhesivo Extra Fuete Hanna 30ml -P - Hanna Cosm\u00e9tica","isPartOf":{"@id":"https:\/\/hannacosmetica.com\/#website"},"datePublished":"2025-05-07T13:58:02+00:00","dateModified":"2026-01-20T09:23:00+00:00","breadcrumb":{"@id":"https:\/\/hannacosmetica.com\/tienda\/hanna-exclusive\/complementos-hanna-exclusive\/gel-adhesivo-extra-fuete-hanna-30ml-p\/#breadcrumb"},"inLanguage":"fr-FR","potentialAction":[{"@type":"ReadAction","target":["https:\/\/hannacosmetica.com\/tienda\/hanna-exclusive\/complementos-hanna-exclusive\/gel-adhesivo-extra-fuete-hanna-30ml-p\/"]}]},{"@type":"BreadcrumbList","@id":"https:\/\/hannacosmetica.com\/tienda\/hanna-exclusive\/complementos-hanna-exclusive\/gel-adhesivo-extra-fuete-hanna-30ml-p\/#breadcrumb","itemListElement":[{"@type":"ListItem","position":1,"name":"Portada","item":"https:\/\/hannacosmetica.com\/"},{"@type":"ListItem","position":2,"name":"Tienda","item":"https:\/\/hannacosmetica.com\/shop\/"},{"@type":"ListItem","position":3,"name":"Gel Adhesivo Extra Fuete Hanna 30ml -P"}]},{"@type":"WebSite","@id":"https:\/\/hannacosmetica.com\/#website","url":"https:\/\/hannacosmetica.com\/","name":"Hanna Cosm\u00e9tica","description":"Tienda de productos u\u00f1as, bellezas y peluquer\u00edas","publisher":{"@id":"https:\/\/hannacosmetica.com\/#organization"},"potentialAction":[{"@type":"SearchAction","target":{"@type":"EntryPoint","urlTemplate":"https:\/\/hannacosmetica.com\/?s={search_term_string}"},"query-input":"required name=search_term_string"}],"inLanguage":"fr-FR"},{"@type":"Organization","@id":"https:\/\/hannacosmetica.com\/#organization","name":"Hanna Cosm\u00e9tica","url":"https:\/\/hannacosmetica.com\/","logo":{"@type":"ImageObject","inLanguage":"fr-FR","@id":"https:\/\/hannacosmetica.com\/#\/schema\/logo\/image\/","url":"https:\/\/hannacosmetica.com\/wp-content\/uploads\/2022\/07\/Logo-Joyeria-Femenino-Floral-Negro.png","contentUrl":"https:\/\/hannacosmetica.com\/wp-content\/uploads\/2022\/07\/Logo-Joyeria-Femenino-Floral-Negro.png","width":361,"height":126,"caption":"Hanna Cosm\u00e9tica"},"image":{"@id":"https:\/\/hannacosmetica.com\/#\/schema\/logo\/image\/"}}]}},"_links":{"self":[{"href":"https:\/\/hannacosmetica.com\/fr\/wp-json\/wp\/v2\/product\/19581"}],"collection":[{"href":"https:\/\/hannacosmetica.com\/fr\/wp-json\/wp\/v2\/product"}],"about":[{"href":"https:\/\/hannacosmetica.com\/fr\/wp-json\/wp\/v2\/types\/product"}],"replies":[{"embeddable":true,"href":"https:\/\/hannacosmetica.com\/fr\/wp-json\/wp\/v2\/comments?post=19581"}],"version-history":[{"count":1,"href":"https:\/\/hannacosmetica.com\/fr\/wp-json\/wp\/v2\/product\/19581\/revisions"}],"predecessor-version":[{"id":19582,"href":"https:\/\/hannacosmetica.com\/fr\/wp-json\/wp\/v2\/product\/19581\/revisions\/19582"}],"wp:featuredmedia":[{"embeddable":true,"href":"https:\/\/hannacosmetica.com\/fr\/wp-json\/wp\/v2\/media\/19520"}],"wp:attachment":[{"href":"https:\/\/hannacosmetica.com\/fr\/wp-json\/wp\/v2\/media?parent=19581"}],"wp:term":[{"taxonomy":"product_cat","embeddable":true,"href":"https:\/\/hannacosmetica.com\/fr\/wp-json\/wp\/v2\/product_cat?post=19581"},{"taxonomy":"product_tag","embeddable":true,"href":"https:\/\/hannacosmetica.com\/fr\/wp-json\/wp\/v2\/product_tag?post=19581"}],"curies":[{"name":"wp","href":"https:\/\/api.w.org\/{rel}","templated":true}]}}