{"id":19571,"date":"2025-05-07T13:18:53","date_gmt":"2025-05-07T13:18:53","guid":{"rendered":"https:\/\/hannacosmetica.com\/?post_type=product&#038;p=19571"},"modified":"2025-09-15T08:54:39","modified_gmt":"2025-09-15T08:54:39","slug":"desinfectante-bactericida-ragnar-1000ml","status":"publish","type":"product","link":"https:\/\/hannacosmetica.com\/fr\/tienda\/estetica\/complementos-estetica\/desinfectante-bactericida-ragnar-1000ml\/","title":{"rendered":"Desinfectante Bactericida Ragnar 1000ml"},"content":{"rendered":"<p><strong>Desinfecta de manera eficaz<\/strong><\/p>\n<p>Con el nuevo desinfectante y bactericida de ragnar conseguir\u00e1s una completa higiene, limpieza y desinfecci\u00f3n de utensilios profesionales ideales para tu barber\u00eda, peluquer\u00eda o sal\u00f3n. Es un producto que desinfectar\u00e1 todo tipo de superficies as\u00ed como suelos, paredes, mobiliario, cuartos de ba\u00f1o&#8230; etc. Cuida y proporciona el mejor servicio para tus cliente con este producto de Ragnar, cuyo formato de 1 litro te ser\u00e1 de gran ayuda.<\/p>\n<p><strong>Caracter\u00edsticas:<\/strong><\/p>\n<p>&#8211; Desinfectante<br \/>\n&#8211; Bactericida<br \/>\n&#8211; 1 Litro<br \/>\n&#8211; Higiene, limpieza y desinfecci\u00f3n<br \/>\n&#8211; Para utensilios y herraminetas\u00a0 profesionales<br \/>\n&#8211; Todo tipo de superficies<\/p>\n<p><strong>Modo de empleo:<\/strong><\/p>\n<p>Es importante, previamente, enjuague de utensilios ante de la inmersi\u00f3n<\/p>\n<p><strong>&#8211; Desinfecci\u00f3n de utensilios:<\/strong>\u00a0Mezclar concentrado desinfectante Ragnar con agua en una proporci\u00f3n de 400 ml con 1 litro de agua. Sumerja las tijeras e instrumentos de metal en la soluci\u00f3n Ragnar, durante un m\u00ednimo de 10 minutos y no m\u00e1s de una hora para la desinfecci\u00f3n total. Los utensilios nunca deben dejarse en la soluci\u00f3n durante la noche. Enjuagarlos con agua despu\u00e9s de la inmersi\u00f3n. El concentrado tiene una f\u00f3rmula de protecci\u00f3n antioxidante. Una vez diluido el producto se puede mantener estable 60 d\u00edas salvo contaminaci\u00f3n excesiva.<\/p>\n<p><strong>&#8211; Desinfecci\u00f3n de contacto superficies:<\/strong>\u00a0Aplicaci\u00f3n manual (pa\u00f1o o fregona) del producto previamente diluido en agua al 40 %. Se deber\u00e1n aclarar con agua de consumo las superficies tratadas o expuestas que vayan a estar en contacto con las personas. Desinfecci\u00f3n segura y eficaz de superficies acr\u00edlicas (sol\u00e1rium), acero inoxidable, pl\u00e1stico, peines, cepillos, tijeras e instrumentos de manicura. El concentrado tiene una f\u00f3rmula de protecci\u00f3n antioxidante. F\u00c1CIL DE USAR.<\/p>","protected":false},"excerpt":{"rendered":"<p>Desinfecta de manera eficaz Con el nuevo desinfectante y bactericida de ragnar conseguir\u00e1s una completa higiene, limpieza y desinfecci\u00f3n de utensilios profesionales&hellip;<\/p>","protected":false},"featured_media":19511,"comment_status":"open","ping_status":"closed","template":"","meta":[],"product_cat":[152,82,101,115,87],"product_tag":[],"yoast_head":"<!-- This site is optimized with the Yoast SEO plugin v19.9 - https:\/\/yoast.com\/wordpress\/plugins\/seo\/ -->\n<title>Desinfectante Bactericida Ragnar 1000ml - Hanna Cosm\u00e9tica<\/title>\n<meta name=\"robots\" content=\"index, follow, max-snippet:-1, max-image-preview:large, max-video-preview:-1\" \/>\n<link rel=\"canonical\" href=\"https:\/\/hannacosmetica.com\/fr\/tienda\/estetica\/complementos-estetica\/desinfectante-bactericida-ragnar-1000ml\/\" \/>\n<meta property=\"og:locale\" content=\"fr_FR\" \/>\n<meta property=\"og:type\" content=\"article\" \/>\n<meta property=\"og:title\" content=\"Desinfectante Bactericida Ragnar 1000ml - Hanna Cosm\u00e9tica\" \/>\n<meta property=\"og:description\" content=\"Desinfecta de manera eficaz Con el nuevo desinfectante y bactericida de ragnar conseguir\u00e1s una completa higiene, limpieza y desinfecci\u00f3n de utensilios profesionales&hellip;\" \/>\n<meta property=\"og:url\" content=\"https:\/\/hannacosmetica.com\/fr\/tienda\/estetica\/complementos-estetica\/desinfectante-bactericida-ragnar-1000ml\/\" \/>\n<meta property=\"og:site_name\" content=\"Hanna Cosm\u00e9tica\" \/>\n<meta property=\"article:modified_time\" content=\"2025-09-15T08:54:39+00:00\" \/>\n<meta property=\"og:image\" content=\"https:\/\/hannacosmetica.com\/wp-content\/uploads\/2025\/05\/Sin-titulo-470-x-420-px-22.png\" \/>\n\t<meta property=\"og:image:width\" content=\"1500\" \/>\n\t<meta property=\"og:image:height\" content=\"1312\" \/>\n\t<meta property=\"og:image:type\" content=\"image\/png\" \/>\n<meta name=\"twitter:card\" content=\"summary_large_image\" \/>\n<script type=\"application\/ld+json\" class=\"yoast-schema-graph\">{\"@context\":\"https:\/\/schema.org\",\"@graph\":[{\"@type\":\"WebPage\",\"@id\":\"https:\/\/hannacosmetica.com\/tienda\/estetica\/complementos-estetica\/desinfectante-bactericida-ragnar-1000ml\/\",\"url\":\"https:\/\/hannacosmetica.com\/tienda\/estetica\/complementos-estetica\/desinfectante-bactericida-ragnar-1000ml\/\",\"name\":\"Desinfectante Bactericida Ragnar 1000ml - Hanna Cosm\u00e9tica\",\"isPartOf\":{\"@id\":\"https:\/\/hannacosmetica.com\/#website\"},\"datePublished\":\"2025-05-07T13:18:53+00:00\",\"dateModified\":\"2025-09-15T08:54:39+00:00\",\"breadcrumb\":{\"@id\":\"https:\/\/hannacosmetica.com\/tienda\/estetica\/complementos-estetica\/desinfectante-bactericida-ragnar-1000ml\/#breadcrumb\"},\"inLanguage\":\"fr-FR\",\"potentialAction\":[{\"@type\":\"ReadAction\",\"target\":[\"https:\/\/hannacosmetica.com\/tienda\/estetica\/complementos-estetica\/desinfectante-bactericida-ragnar-1000ml\/\"]}]},{\"@type\":\"BreadcrumbList\",\"@id\":\"https:\/\/hannacosmetica.com\/tienda\/estetica\/complementos-estetica\/desinfectante-bactericida-ragnar-1000ml\/#breadcrumb\",\"itemListElement\":[{\"@type\":\"ListItem\",\"position\":1,\"name\":\"Portada\",\"item\":\"https:\/\/hannacosmetica.com\/\"},{\"@type\":\"ListItem\",\"position\":2,\"name\":\"Tienda\",\"item\":\"https:\/\/hannacosmetica.com\/shop\/\"},{\"@type\":\"ListItem\",\"position\":3,\"name\":\"Desinfectante Bactericida Ragnar 1000ml\"}]},{\"@type\":\"WebSite\",\"@id\":\"https:\/\/hannacosmetica.com\/#website\",\"url\":\"https:\/\/hannacosmetica.com\/\",\"name\":\"Hanna Cosm\u00e9tica\",\"description\":\"Tienda de productos u\u00f1as, bellezas y peluquer\u00edas\",\"publisher\":{\"@id\":\"https:\/\/hannacosmetica.com\/#organization\"},\"potentialAction\":[{\"@type\":\"SearchAction\",\"target\":{\"@type\":\"EntryPoint\",\"urlTemplate\":\"https:\/\/hannacosmetica.com\/?s={search_term_string}\"},\"query-input\":\"required name=search_term_string\"}],\"inLanguage\":\"fr-FR\"},{\"@type\":\"Organization\",\"@id\":\"https:\/\/hannacosmetica.com\/#organization\",\"name\":\"Hanna Cosm\u00e9tica\",\"url\":\"https:\/\/hannacosmetica.com\/\",\"logo\":{\"@type\":\"ImageObject\",\"inLanguage\":\"fr-FR\",\"@id\":\"https:\/\/hannacosmetica.com\/#\/schema\/logo\/image\/\",\"url\":\"https:\/\/hannacosmetica.com\/wp-content\/uploads\/2022\/07\/Logo-Joyeria-Femenino-Floral-Negro.png\",\"contentUrl\":\"https:\/\/hannacosmetica.com\/wp-content\/uploads\/2022\/07\/Logo-Joyeria-Femenino-Floral-Negro.png\",\"width\":361,\"height\":126,\"caption\":\"Hanna Cosm\u00e9tica\"},\"image\":{\"@id\":\"https:\/\/hannacosmetica.com\/#\/schema\/logo\/image\/\"}}]}<\/script>\n<!-- \/ Yoast SEO plugin. -->","yoast_head_json":{"title":"Desinfectante Bactericida Ragnar 1000ml - Hanna Cosm\u00e9tica","robots":{"index":"index","follow":"follow","max-snippet":"max-snippet:-1","max-image-preview":"max-image-preview:large","max-video-preview":"max-video-preview:-1"},"canonical":"https:\/\/hannacosmetica.com\/fr\/tienda\/estetica\/complementos-estetica\/desinfectante-bactericida-ragnar-1000ml\/","og_locale":"fr_FR","og_type":"article","og_title":"Desinfectante Bactericida Ragnar 1000ml - Hanna Cosm\u00e9tica","og_description":"Desinfecta de manera eficaz Con el nuevo desinfectante y bactericida de ragnar conseguir\u00e1s una completa higiene, limpieza y desinfecci\u00f3n de utensilios profesionales&hellip;","og_url":"https:\/\/hannacosmetica.com\/fr\/tienda\/estetica\/complementos-estetica\/desinfectante-bactericida-ragnar-1000ml\/","og_site_name":"Hanna Cosm\u00e9tica","article_modified_time":"2025-09-15T08:54:39+00:00","og_image":[{"width":1500,"height":1312,"url":"https:\/\/hannacosmetica.com\/wp-content\/uploads\/2025\/05\/Sin-titulo-470-x-420-px-22.png","type":"image\/png"}],"twitter_card":"summary_large_image","schema":{"@context":"https:\/\/schema.org","@graph":[{"@type":"WebPage","@id":"https:\/\/hannacosmetica.com\/tienda\/estetica\/complementos-estetica\/desinfectante-bactericida-ragnar-1000ml\/","url":"https:\/\/hannacosmetica.com\/tienda\/estetica\/complementos-estetica\/desinfectante-bactericida-ragnar-1000ml\/","name":"Desinfectante Bactericida Ragnar 1000ml - Hanna Cosm\u00e9tica","isPartOf":{"@id":"https:\/\/hannacosmetica.com\/#website"},"datePublished":"2025-05-07T13:18:53+00:00","dateModified":"2025-09-15T08:54:39+00:00","breadcrumb":{"@id":"https:\/\/hannacosmetica.com\/tienda\/estetica\/complementos-estetica\/desinfectante-bactericida-ragnar-1000ml\/#breadcrumb"},"inLanguage":"fr-FR","potentialAction":[{"@type":"ReadAction","target":["https:\/\/hannacosmetica.com\/tienda\/estetica\/complementos-estetica\/desinfectante-bactericida-ragnar-1000ml\/"]}]},{"@type":"BreadcrumbList","@id":"https:\/\/hannacosmetica.com\/tienda\/estetica\/complementos-estetica\/desinfectante-bactericida-ragnar-1000ml\/#breadcrumb","itemListElement":[{"@type":"ListItem","position":1,"name":"Portada","item":"https:\/\/hannacosmetica.com\/"},{"@type":"ListItem","position":2,"name":"Tienda","item":"https:\/\/hannacosmetica.com\/shop\/"},{"@type":"ListItem","position":3,"name":"Desinfectante Bactericida Ragnar 1000ml"}]},{"@type":"WebSite","@id":"https:\/\/hannacosmetica.com\/#website","url":"https:\/\/hannacosmetica.com\/","name":"Hanna Cosm\u00e9tica","description":"Tienda de productos u\u00f1as, bellezas y peluquer\u00edas","publisher":{"@id":"https:\/\/hannacosmetica.com\/#organization"},"potentialAction":[{"@type":"SearchAction","target":{"@type":"EntryPoint","urlTemplate":"https:\/\/hannacosmetica.com\/?s={search_term_string}"},"query-input":"required name=search_term_string"}],"inLanguage":"fr-FR"},{"@type":"Organization","@id":"https:\/\/hannacosmetica.com\/#organization","name":"Hanna Cosm\u00e9tica","url":"https:\/\/hannacosmetica.com\/","logo":{"@type":"ImageObject","inLanguage":"fr-FR","@id":"https:\/\/hannacosmetica.com\/#\/schema\/logo\/image\/","url":"https:\/\/hannacosmetica.com\/wp-content\/uploads\/2022\/07\/Logo-Joyeria-Femenino-Floral-Negro.png","contentUrl":"https:\/\/hannacosmetica.com\/wp-content\/uploads\/2022\/07\/Logo-Joyeria-Femenino-Floral-Negro.png","width":361,"height":126,"caption":"Hanna Cosm\u00e9tica"},"image":{"@id":"https:\/\/hannacosmetica.com\/#\/schema\/logo\/image\/"}}]}},"_links":{"self":[{"href":"https:\/\/hannacosmetica.com\/fr\/wp-json\/wp\/v2\/product\/19571"}],"collection":[{"href":"https:\/\/hannacosmetica.com\/fr\/wp-json\/wp\/v2\/product"}],"about":[{"href":"https:\/\/hannacosmetica.com\/fr\/wp-json\/wp\/v2\/types\/product"}],"replies":[{"embeddable":true,"href":"https:\/\/hannacosmetica.com\/fr\/wp-json\/wp\/v2\/comments?post=19571"}],"version-history":[{"count":1,"href":"https:\/\/hannacosmetica.com\/fr\/wp-json\/wp\/v2\/product\/19571\/revisions"}],"predecessor-version":[{"id":19572,"href":"https:\/\/hannacosmetica.com\/fr\/wp-json\/wp\/v2\/product\/19571\/revisions\/19572"}],"wp:featuredmedia":[{"embeddable":true,"href":"https:\/\/hannacosmetica.com\/fr\/wp-json\/wp\/v2\/media\/19511"}],"wp:attachment":[{"href":"https:\/\/hannacosmetica.com\/fr\/wp-json\/wp\/v2\/media?parent=19571"}],"wp:term":[{"taxonomy":"product_cat","embeddable":true,"href":"https:\/\/hannacosmetica.com\/fr\/wp-json\/wp\/v2\/product_cat?post=19571"},{"taxonomy":"product_tag","embeddable":true,"href":"https:\/\/hannacosmetica.com\/fr\/wp-json\/wp\/v2\/product_tag?post=19571"}],"curies":[{"name":"wp","href":"https:\/\/api.w.org\/{rel}","templated":true}]}}