{"id":19529,"date":"2025-05-07T10:23:26","date_gmt":"2025-05-07T10:23:26","guid":{"rendered":"https:\/\/hannacosmetica.com\/?post_type=product&#038;p=19529"},"modified":"2025-10-08T14:27:57","modified_gmt":"2025-10-08T14:27:57","slug":"bolsa-de-pedicura-desechable","status":"publish","type":"product","link":"https:\/\/hannacosmetica.com\/fr\/tienda\/hanna-exclusive\/complementos-hanna-exclusive\/bolsa-de-pedicura-desechable\/","title":{"rendered":"Bolsa de Pedicura Desechable"},"content":{"rendered":"<div id=\"apex_desktop\" class=\"celwidget\" data-feature-name=\"apex_desktop\" data-csa-c-type=\"widget\" data-csa-c-content-id=\"apex_desktop\" data-csa-c-slot-id=\"apex_desktop\" data-csa-c-asin=\"B0D95GD8YM\" data-csa-c-is-in-initial-active-row=\"false\" data-csa-c-id=\"r3wi44-b2ybjb-j349h8-wc66gg\" data-cel-widget=\"apex_desktop\">\n<div data-csa-c-type=\"widget\" data-csa-c-slot-id=\"apex_dp_center_column\" data-csa-c-content-id=\"apex\" data-csa-c-id=\"dyi654-656t0d-98lwy4-3pk70r\">\n<div data-csa-c-type=\"widget\" data-csa-c-slot-id=\"apex_dp_center_column\" data-csa-c-content-id=\"apex_with_rio_cx\" data-csa-c-id=\"6nb-tv209b-43qvjp-nqp6zj\">\n<div id=\"amazonGlobal_feature_div\" class=\"celwidget\" data-feature-name=\"amazonGlobal\" data-csa-c-type=\"widget\" data-csa-c-content-id=\"amazonGlobal\" data-csa-c-slot-id=\"amazonGlobal_feature_div\" data-csa-c-asin=\"B0D95GD8YM\" data-csa-c-is-in-initial-active-row=\"false\" data-csa-c-id=\"r1dswr-ihczbk-xn3zux-fcs1d3\" data-cel-widget=\"amazonGlobal_feature_div\">BOLSA DE PEDICURA disponible en 2 tama\u00f1os<\/div>\n<div class=\"celwidget\" data-feature-name=\"amazonGlobal\" data-csa-c-type=\"widget\" data-csa-c-content-id=\"amazonGlobal\" data-csa-c-slot-id=\"amazonGlobal_feature_div\" data-csa-c-asin=\"B0D95GD8YM\" data-csa-c-is-in-initial-active-row=\"false\" data-csa-c-id=\"r1dswr-ihczbk-xn3zux-fcs1d3\" data-cel-widget=\"amazonGlobal_feature_div\">Grande: 110*70CM<\/div>\n<div class=\"celwidget\" data-feature-name=\"amazonGlobal\" data-csa-c-type=\"widget\" data-csa-c-content-id=\"amazonGlobal\" data-csa-c-slot-id=\"amazonGlobal_feature_div\" data-csa-c-asin=\"B0D95GD8YM\" data-csa-c-is-in-initial-active-row=\"false\" data-csa-c-id=\"r1dswr-ihczbk-xn3zux-fcs1d3\" data-cel-widget=\"amazonGlobal_feature_div\">Peque\u00f1a: 75*55<\/div>\n<div class=\"celwidget\" data-feature-name=\"amazonGlobal\" data-csa-c-type=\"widget\" data-csa-c-content-id=\"amazonGlobal\" data-csa-c-slot-id=\"amazonGlobal_feature_div\" data-csa-c-asin=\"B0D95GD8YM\" data-csa-c-is-in-initial-active-row=\"false\" data-csa-c-id=\"r1dswr-ihczbk-xn3zux-fcs1d3\" data-cel-widget=\"amazonGlobal_feature_div\">Color:\u00a0 transparente<\/div>\n<\/div>\n<\/div>\n<\/div>\n<div id=\"featurebullets_feature_div\" class=\"celwidget\" data-feature-name=\"featurebullets\" data-csa-c-type=\"widget\" data-csa-c-content-id=\"featurebullets\" data-csa-c-slot-id=\"featurebullets_feature_div\" data-csa-c-asin=\"B0D95GD8YM\" data-csa-c-is-in-initial-active-row=\"false\" data-csa-c-id=\"qypvy6-prtvei-ye3kad-txmj53\" data-cel-widget=\"featurebullets_feature_div\">\n<div id=\"feature-bullets\" class=\"a-section a-spacing-medium a-spacing-top-small\">\n<ul class=\"a-unordered-list a-vertical a-spacing-mini\">\n<li class=\"a-spacing-mini\"><span class=\"a-list-item\">Perfecto para centros de masaje de pies, centros de est\u00e9tica hospitales, centro de u\u00f1as\u00a0 y hogar<\/span><\/li>\n<li class=\"a-spacing-mini\"><span class=\"a-list-item\">Hecho de material pl\u00e1stico, no t\u00f3xico, alta resistencia a la temperatura y liviano.<\/span><\/li>\n<li class=\"a-spacing-mini\"><span class=\"a-list-item\">\u00a0se adaptan a la mayor\u00eda de las ba\u00f1eras de spa de pedicura. <\/span><\/li>\n<li class=\"a-spacing-mini\"><span class=\"a-list-item\">\u00a0desechable, sanitario y muy conveniente de usar.<\/span><\/li>\n<\/ul>\n<\/div>\n<\/div>","protected":false},"excerpt":{"rendered":"<p>BOLSA DE PEDICURA disponible en 2 tama\u00f1os Grande: 110*70CM Peque\u00f1a: 75*55 Color:\u00a0 transparente Perfecto para centros de masaje de pies, centros de&hellip;<\/p>","protected":false},"featured_media":19492,"comment_status":"open","ping_status":"closed","template":"","meta":[],"product_cat":[462,304,82,101,84,115,87],"product_tag":[],"yoast_head":"<!-- This site is optimized with the Yoast SEO plugin v19.9 - https:\/\/yoast.com\/wordpress\/plugins\/seo\/ -->\n<title>Bolsa de Pedicura Desechable - Hanna Cosm\u00e9tica<\/title>\n<meta name=\"robots\" content=\"index, follow, max-snippet:-1, max-image-preview:large, max-video-preview:-1\" \/>\n<link rel=\"canonical\" href=\"https:\/\/hannacosmetica.com\/fr\/tienda\/hanna-exclusive\/complementos-hanna-exclusive\/bolsa-de-pedicura-desechable\/\" \/>\n<meta property=\"og:locale\" content=\"fr_FR\" \/>\n<meta property=\"og:type\" content=\"article\" \/>\n<meta property=\"og:title\" content=\"Bolsa de Pedicura Desechable - Hanna Cosm\u00e9tica\" \/>\n<meta property=\"og:description\" content=\"BOLSA DE PEDICURA disponible en 2 tama\u00f1os Grande: 110*70CM Peque\u00f1a: 75*55 Color:\u00a0 transparente Perfecto para centros de masaje de pies, centros de&hellip;\" \/>\n<meta property=\"og:url\" content=\"https:\/\/hannacosmetica.com\/fr\/tienda\/hanna-exclusive\/complementos-hanna-exclusive\/bolsa-de-pedicura-desechable\/\" \/>\n<meta property=\"og:site_name\" content=\"Hanna Cosm\u00e9tica\" \/>\n<meta property=\"article:modified_time\" content=\"2025-10-08T14:27:57+00:00\" \/>\n<meta property=\"og:image\" content=\"https:\/\/hannacosmetica.com\/wp-content\/uploads\/2025\/05\/Sin-titulo-470-x-420-px-7.png\" \/>\n\t<meta property=\"og:image:width\" content=\"1500\" \/>\n\t<meta property=\"og:image:height\" content=\"1313\" \/>\n\t<meta property=\"og:image:type\" content=\"image\/png\" \/>\n<meta name=\"twitter:card\" content=\"summary_large_image\" \/>\n<script type=\"application\/ld+json\" class=\"yoast-schema-graph\">{\"@context\":\"https:\/\/schema.org\",\"@graph\":[{\"@type\":\"WebPage\",\"@id\":\"https:\/\/hannacosmetica.com\/tienda\/hanna-exclusive\/complementos-hanna-exclusive\/bolsa-de-pedicura-desechable\/\",\"url\":\"https:\/\/hannacosmetica.com\/tienda\/hanna-exclusive\/complementos-hanna-exclusive\/bolsa-de-pedicura-desechable\/\",\"name\":\"Bolsa de Pedicura Desechable - Hanna Cosm\u00e9tica\",\"isPartOf\":{\"@id\":\"https:\/\/hannacosmetica.com\/#website\"},\"datePublished\":\"2025-05-07T10:23:26+00:00\",\"dateModified\":\"2025-10-08T14:27:57+00:00\",\"breadcrumb\":{\"@id\":\"https:\/\/hannacosmetica.com\/tienda\/hanna-exclusive\/complementos-hanna-exclusive\/bolsa-de-pedicura-desechable\/#breadcrumb\"},\"inLanguage\":\"fr-FR\",\"potentialAction\":[{\"@type\":\"ReadAction\",\"target\":[\"https:\/\/hannacosmetica.com\/tienda\/hanna-exclusive\/complementos-hanna-exclusive\/bolsa-de-pedicura-desechable\/\"]}]},{\"@type\":\"BreadcrumbList\",\"@id\":\"https:\/\/hannacosmetica.com\/tienda\/hanna-exclusive\/complementos-hanna-exclusive\/bolsa-de-pedicura-desechable\/#breadcrumb\",\"itemListElement\":[{\"@type\":\"ListItem\",\"position\":1,\"name\":\"Portada\",\"item\":\"https:\/\/hannacosmetica.com\/\"},{\"@type\":\"ListItem\",\"position\":2,\"name\":\"Tienda\",\"item\":\"https:\/\/hannacosmetica.com\/shop\/\"},{\"@type\":\"ListItem\",\"position\":3,\"name\":\"Bolsa de Pedicura Desechable\"}]},{\"@type\":\"WebSite\",\"@id\":\"https:\/\/hannacosmetica.com\/#website\",\"url\":\"https:\/\/hannacosmetica.com\/\",\"name\":\"Hanna Cosm\u00e9tica\",\"description\":\"Tienda de productos u\u00f1as, bellezas y peluquer\u00edas\",\"publisher\":{\"@id\":\"https:\/\/hannacosmetica.com\/#organization\"},\"potentialAction\":[{\"@type\":\"SearchAction\",\"target\":{\"@type\":\"EntryPoint\",\"urlTemplate\":\"https:\/\/hannacosmetica.com\/?s={search_term_string}\"},\"query-input\":\"required name=search_term_string\"}],\"inLanguage\":\"fr-FR\"},{\"@type\":\"Organization\",\"@id\":\"https:\/\/hannacosmetica.com\/#organization\",\"name\":\"Hanna Cosm\u00e9tica\",\"url\":\"https:\/\/hannacosmetica.com\/\",\"logo\":{\"@type\":\"ImageObject\",\"inLanguage\":\"fr-FR\",\"@id\":\"https:\/\/hannacosmetica.com\/#\/schema\/logo\/image\/\",\"url\":\"https:\/\/hannacosmetica.com\/wp-content\/uploads\/2022\/07\/Logo-Joyeria-Femenino-Floral-Negro.png\",\"contentUrl\":\"https:\/\/hannacosmetica.com\/wp-content\/uploads\/2022\/07\/Logo-Joyeria-Femenino-Floral-Negro.png\",\"width\":361,\"height\":126,\"caption\":\"Hanna Cosm\u00e9tica\"},\"image\":{\"@id\":\"https:\/\/hannacosmetica.com\/#\/schema\/logo\/image\/\"}}]}<\/script>\n<!-- \/ Yoast SEO plugin. -->","yoast_head_json":{"title":"Bolsa de Pedicura Desechable - Hanna Cosm\u00e9tica","robots":{"index":"index","follow":"follow","max-snippet":"max-snippet:-1","max-image-preview":"max-image-preview:large","max-video-preview":"max-video-preview:-1"},"canonical":"https:\/\/hannacosmetica.com\/fr\/tienda\/hanna-exclusive\/complementos-hanna-exclusive\/bolsa-de-pedicura-desechable\/","og_locale":"fr_FR","og_type":"article","og_title":"Bolsa de Pedicura Desechable - Hanna Cosm\u00e9tica","og_description":"BOLSA DE PEDICURA disponible en 2 tama\u00f1os Grande: 110*70CM Peque\u00f1a: 75*55 Color:\u00a0 transparente Perfecto para centros de masaje de pies, centros de&hellip;","og_url":"https:\/\/hannacosmetica.com\/fr\/tienda\/hanna-exclusive\/complementos-hanna-exclusive\/bolsa-de-pedicura-desechable\/","og_site_name":"Hanna Cosm\u00e9tica","article_modified_time":"2025-10-08T14:27:57+00:00","og_image":[{"width":1500,"height":1313,"url":"https:\/\/hannacosmetica.com\/wp-content\/uploads\/2025\/05\/Sin-titulo-470-x-420-px-7.png","type":"image\/png"}],"twitter_card":"summary_large_image","schema":{"@context":"https:\/\/schema.org","@graph":[{"@type":"WebPage","@id":"https:\/\/hannacosmetica.com\/tienda\/hanna-exclusive\/complementos-hanna-exclusive\/bolsa-de-pedicura-desechable\/","url":"https:\/\/hannacosmetica.com\/tienda\/hanna-exclusive\/complementos-hanna-exclusive\/bolsa-de-pedicura-desechable\/","name":"Bolsa de Pedicura Desechable - Hanna Cosm\u00e9tica","isPartOf":{"@id":"https:\/\/hannacosmetica.com\/#website"},"datePublished":"2025-05-07T10:23:26+00:00","dateModified":"2025-10-08T14:27:57+00:00","breadcrumb":{"@id":"https:\/\/hannacosmetica.com\/tienda\/hanna-exclusive\/complementos-hanna-exclusive\/bolsa-de-pedicura-desechable\/#breadcrumb"},"inLanguage":"fr-FR","potentialAction":[{"@type":"ReadAction","target":["https:\/\/hannacosmetica.com\/tienda\/hanna-exclusive\/complementos-hanna-exclusive\/bolsa-de-pedicura-desechable\/"]}]},{"@type":"BreadcrumbList","@id":"https:\/\/hannacosmetica.com\/tienda\/hanna-exclusive\/complementos-hanna-exclusive\/bolsa-de-pedicura-desechable\/#breadcrumb","itemListElement":[{"@type":"ListItem","position":1,"name":"Portada","item":"https:\/\/hannacosmetica.com\/"},{"@type":"ListItem","position":2,"name":"Tienda","item":"https:\/\/hannacosmetica.com\/shop\/"},{"@type":"ListItem","position":3,"name":"Bolsa de Pedicura Desechable"}]},{"@type":"WebSite","@id":"https:\/\/hannacosmetica.com\/#website","url":"https:\/\/hannacosmetica.com\/","name":"Hanna Cosm\u00e9tica","description":"Tienda de productos u\u00f1as, bellezas y peluquer\u00edas","publisher":{"@id":"https:\/\/hannacosmetica.com\/#organization"},"potentialAction":[{"@type":"SearchAction","target":{"@type":"EntryPoint","urlTemplate":"https:\/\/hannacosmetica.com\/?s={search_term_string}"},"query-input":"required name=search_term_string"}],"inLanguage":"fr-FR"},{"@type":"Organization","@id":"https:\/\/hannacosmetica.com\/#organization","name":"Hanna Cosm\u00e9tica","url":"https:\/\/hannacosmetica.com\/","logo":{"@type":"ImageObject","inLanguage":"fr-FR","@id":"https:\/\/hannacosmetica.com\/#\/schema\/logo\/image\/","url":"https:\/\/hannacosmetica.com\/wp-content\/uploads\/2022\/07\/Logo-Joyeria-Femenino-Floral-Negro.png","contentUrl":"https:\/\/hannacosmetica.com\/wp-content\/uploads\/2022\/07\/Logo-Joyeria-Femenino-Floral-Negro.png","width":361,"height":126,"caption":"Hanna Cosm\u00e9tica"},"image":{"@id":"https:\/\/hannacosmetica.com\/#\/schema\/logo\/image\/"}}]}},"_links":{"self":[{"href":"https:\/\/hannacosmetica.com\/fr\/wp-json\/wp\/v2\/product\/19529"}],"collection":[{"href":"https:\/\/hannacosmetica.com\/fr\/wp-json\/wp\/v2\/product"}],"about":[{"href":"https:\/\/hannacosmetica.com\/fr\/wp-json\/wp\/v2\/types\/product"}],"replies":[{"embeddable":true,"href":"https:\/\/hannacosmetica.com\/fr\/wp-json\/wp\/v2\/comments?post=19529"}],"version-history":[{"count":2,"href":"https:\/\/hannacosmetica.com\/fr\/wp-json\/wp\/v2\/product\/19529\/revisions"}],"predecessor-version":[{"id":21361,"href":"https:\/\/hannacosmetica.com\/fr\/wp-json\/wp\/v2\/product\/19529\/revisions\/21361"}],"wp:featuredmedia":[{"embeddable":true,"href":"https:\/\/hannacosmetica.com\/fr\/wp-json\/wp\/v2\/media\/19492"}],"wp:attachment":[{"href":"https:\/\/hannacosmetica.com\/fr\/wp-json\/wp\/v2\/media?parent=19529"}],"wp:term":[{"taxonomy":"product_cat","embeddable":true,"href":"https:\/\/hannacosmetica.com\/fr\/wp-json\/wp\/v2\/product_cat?post=19529"},{"taxonomy":"product_tag","embeddable":true,"href":"https:\/\/hannacosmetica.com\/fr\/wp-json\/wp\/v2\/product_tag?post=19529"}],"curies":[{"name":"wp","href":"https:\/\/api.w.org\/{rel}","templated":true}]}}