{"id":19463,"date":"2025-04-18T13:11:29","date_gmt":"2025-04-18T13:11:29","guid":{"rendered":"https:\/\/hannacosmetica.com\/?post_type=product&#038;p=19463"},"modified":"2026-01-16T10:42:45","modified_gmt":"2026-01-16T10:42:45","slug":"base-coat-16ml-hanna","status":"publish","type":"product","link":"https:\/\/hannacosmetica.com\/fr\/tienda\/hanna-exclusive\/base-y-top\/base-coat-16ml-hanna\/","title":{"rendered":"BASE COAT 16ML HANNA"},"content":{"rendered":"<p>Base coat hanna de 16 m<\/p>\n<div id=\"featurebullets_feature_div\" class=\"celwidget\" data-feature-name=\"featurebullets\" data-csa-c-type=\"widget\" data-csa-c-content-id=\"featurebullets\" data-csa-c-slot-id=\"featurebullets_feature_div\" data-csa-c-asin=\"B0C81CSSXQ\" data-csa-c-is-in-initial-active-row=\"false\" data-csa-c-id=\"vvsgz9-jcefq4-eijjzv-a5y7v9\" data-cel-widget=\"featurebullets_feature_div\">\n<div id=\"feature-bullets\" class=\"a-section a-spacing-medium a-spacing-top-small\">\n<ul class=\"a-unordered-list a-vertical a-spacing-mini\">\n<li class=\"a-spacing-mini\"><span class=\"a-list-item\">APTO PARA TODOS: Ahora todo el mundo puede beneficiarse de unas bonitas u\u00f1as de gel. Dise\u00f1ado para todo tipo de u\u00f1as naturales, incluyendo u\u00f1as finas, quebradizas e incluso problem\u00e1ticas, este gel base de goma para u\u00f1as protege y prepara el lecho ungueal para la adhesi\u00f3n del esmalte de gel.<\/span><\/li>\n<li class=\"a-spacing-mini\"><span class=\"a-list-item\">PREVIENE el desconchado: Di hola a unas u\u00f1as bonitas y duraderas. Especialmente formulado con propiedades resistentes al desconchado, cuando utilices\u00a0 base coat HANNA, puedes estar segura de que tus u\u00f1as estar\u00e1n impecables d\u00eda tras d\u00eda. Adem\u00e1s, favorece la salud de las u\u00f1as.<\/span><\/li>\n<li class=\"a-spacing-mini\"><span class=\"a-list-item\">F\u00c1CIL DE APLICAR: La manicura en casa es ahora mejor con la base de goma Kodi Professional. La f\u00f3rmula se desliza sobre las u\u00f1as y proporciona una cobertura uniforme sin riesgo de manchas y prepara el lecho ungueal para la aplicaci\u00f3n del esmalte de gel.<\/span><\/li>\n<li class=\"a-spacing-mini\"><span class=\"a-list-item\">LARGA DURACI\u00d3N: Olv\u00eddese de los molestos desconchones en las u\u00f1as. Nuestra base de esmalte de u\u00f1as de gel est\u00e1 dise\u00f1ada para una larga duraci\u00f3n. Adem\u00e1s de crear la base perfecta para el color de gel, su f\u00f3rmula refuerza la capa de gel y proporciona resistencia al desgaste y elasticidad.<\/span><\/li>\n<li class=\"a-spacing-mini\"><span class=\"a-list-item\">CONSISTENCIA VISCOSA: nuestra base de esmalte en gel para constructores est\u00e1 dise\u00f1ada para que s\u00f3lo se necesite una peque\u00f1a cantidad para preparar las u\u00f1as para el esmalte en gel UV. Esto significa que es f\u00e1cil de aplicar y tambi\u00e9n favorece un consumo econ\u00f3mico, \u00a1as\u00ed que obtendr\u00e1 m\u00e1s por menos!<\/span><\/li>\n<\/ul>\n<\/div>\n<\/div>\n<div id=\"brandSnapshot_feature_div\" class=\"celwidget\" data-feature-name=\"brandSnapshot_desktop\" data-csa-c-type=\"widget\" data-csa-c-content-id=\"brandSnapshot_desktop\" data-csa-c-slot-id=\"brandSnapshot_feature_div\" data-csa-c-asin=\"B0C81CSSXQ\" data-csa-c-is-in-initial-active-row=\"false\" data-csa-c-id=\"sf6dxw-d5w55w-744swu-dsov7y\" data-cel-widget=\"brandSnapshot_feature_div\"><\/div>\n<div id=\"provenanceCertifications_feature_div\" class=\"celwidget\" data-feature-name=\"provenanceCertifications\" data-csa-c-type=\"widget\" data-csa-c-content-id=\"provenanceCertifications\" data-csa-c-slot-id=\"provenanceCertifications_feature_div\" data-csa-c-asin=\"B0C81CSSXQ\" data-csa-c-is-in-initial-active-row=\"false\" data-csa-c-id=\"8efu5q-22jqnk-99yd80-gtgma4\" data-cel-widget=\"provenanceCertifications_feature_div\"><\/div>\n<div id=\"handmadeArtisanCard_feature_div\" class=\"celwidget\" data-feature-name=\"handmadeArtisanCard\" data-csa-c-type=\"widget\" data-csa-c-content-id=\"handmadeArtisanCard\" data-csa-c-slot-id=\"handmadeArtisanCard_feature_div\" data-csa-c-asin=\"B0C81CSSXQ\" data-csa-c-is-in-initial-active-row=\"false\" data-csa-c-id=\"c0cbyq-kpiamc-wwhr8w-62encc\" data-cel-widget=\"handmadeArtisanCard_feature_div\"><\/div>\n<div id=\"globalStoreInfoBullets_feature_div\" class=\"celwidget\" data-feature-name=\"globalStoreInfoBullets\" data-csa-c-type=\"widget\" data-csa-c-content-id=\"globalStoreInfoBullets\" data-csa-c-slot-id=\"globalStoreInfoBullets_feature_div\" data-csa-c-asin=\"B0C81CSSXQ\" data-csa-c-is-in-initial-active-row=\"false\" data-csa-c-id=\"1as2sw-bf13si-fn0r12-hkqz4u\" data-cel-widget=\"globalStoreInfoBullets_feature_div\"><\/div>\n<div id=\"vendorPoweredCoupon_feature_div\" class=\"celwidget\" data-feature-name=\"vendorPoweredCoupon\" data-csa-c-type=\"widget\" data-csa-c-content-id=\"vendorPoweredCoupon\" data-csa-c-slot-id=\"vendorPoweredCoupon_feature_div\" data-csa-c-asin=\"B0C81CSSXQ\" data-csa-c-is-in-initial-active-row=\"false\" data-csa-c-id=\"x33m2-gjm1hr-ipw7ii-dz7ywa\" data-cel-widget=\"vendorPoweredCoupon_feature_div\"><\/div>\n<div id=\"addOnItem_feature_div\" class=\"celwidget\" data-feature-name=\"addOnItem\" data-csa-c-type=\"widget\" data-csa-c-content-id=\"addOnItem\" data-csa-c-slot-id=\"addOnItem_feature_div\" data-csa-c-asin=\"B0C81CSSXQ\" data-csa-c-is-in-initial-active-row=\"false\" data-csa-c-id=\"a5cfo4-fzjd5s-k08thx-slnb9u\" data-cel-widget=\"addOnItem_feature_div\"><\/div>\n<div id=\"giftcard-holiday-availability-messaging_feature_div\" class=\"celwidget\" data-feature-name=\"giftCardHolidayAvailabilityMessaging\" data-csa-c-type=\"widget\" data-csa-c-content-id=\"giftCardHolidayAvailabilityMessaging\" data-csa-c-slot-id=\"giftcard-holiday-availability-messaging_feature_div\" data-csa-c-asin=\"B0C81CSSXQ\" data-csa-c-is-in-initial-active-row=\"false\" data-csa-c-id=\"cgre2v-x1p9bv-bcgopl-pkpxx3\" data-cel-widget=\"giftcard-holiday-availability-messaging_feature_div\"><\/div>\n<div id=\"olp_feature_div\" class=\"celwidget\" data-feature-name=\"olp\" data-csa-c-type=\"widget\" data-csa-c-content-id=\"olp\" data-csa-c-slot-id=\"olp_feature_div\" data-csa-c-asin=\"B0C81CSSXQ\" data-csa-c-is-in-initial-active-row=\"false\" data-csa-c-id=\"umtfzo-utvnp6-hw5awx-d9kqgx\" data-cel-widget=\"olp_feature_div\">\n<div id=\"all-offers-display\" class=\"a-section\"><\/div>\n<\/div>\n<div id=\"newerVersion_feature_div\" class=\"celwidget\" data-feature-name=\"newerVersion\" data-csa-c-type=\"widget\" data-csa-c-content-id=\"newerVersion\" data-csa-c-slot-id=\"newerVersion_feature_div\" data-csa-c-asin=\"B0C81CSSXQ\" data-csa-c-is-in-initial-active-row=\"false\" data-csa-c-id=\"xrznsb-d1nq44-sgqqov-isogkr\" data-cel-widget=\"newerVersion_feature_div\"><\/div>\n<div id=\"valuePick_feature_div\" class=\"celwidget\" data-feature-name=\"valuePick\" data-csa-c-type=\"widget\" data-csa-c-content-id=\"valuePick\" data-csa-c-slot-id=\"valuePick_feature_div\" data-csa-c-asin=\"B0C81CSSXQ\" data-csa-c-is-in-initial-active-row=\"false\" data-csa-c-id=\"jv2y87-t0nfoo-hp2psx-an96ov\" data-cel-widget=\"valuePick_feature_div\"><\/div>\n<div id=\"recommendations_feature_div\" class=\"celwidget\" data-feature-name=\"recommendations\" data-csa-c-type=\"widget\" data-csa-c-content-id=\"recommendations\" data-csa-c-slot-id=\"recommendations_feature_div\" data-csa-c-asin=\"B0C81CSSXQ\" data-csa-c-is-in-initial-active-row=\"false\" data-csa-c-id=\"qilfg5-cs6y7l-rqzj8s-yvvkvk\" data-cel-widget=\"recommendations_feature_div\"><\/div>\n<div id=\"productAlert_feature_div\" class=\"celwidget\" data-feature-name=\"productAlert\" data-csa-c-type=\"widget\" data-csa-c-content-id=\"productAlert\" data-csa-c-slot-id=\"productAlert_feature_div\" data-csa-c-asin=\"B0C81CSSXQ\" data-csa-c-is-in-initial-active-row=\"false\" data-csa-c-id=\"1u64t8-k3qozf-v4bdl0-rmgwnb\" data-cel-widget=\"productAlert_feature_div\"><\/div>\n<div id=\"buyingOptionNostosBadge_feature_div\" class=\"celwidget\" data-feature-name=\"buyingOptionNostosBadge\" data-csa-c-type=\"widget\" data-csa-c-content-id=\"buyingOptionNostosBadge\" data-csa-c-slot-id=\"buyingOptionNostosBadge_feature_div\" data-csa-c-asin=\"B0C81CSSXQ\" data-csa-c-is-in-initial-active-row=\"false\" data-csa-c-id=\"3w9osm-tv8dd-fokec8-bbaacc\" data-cel-widget=\"buyingOptionNostosBadge_feature_div\"><\/div>\n<div id=\"tellAmazon_feature_div\" class=\"celwidget\" data-feature-name=\"tellAmazon\" data-csa-c-type=\"widget\" data-csa-c-content-id=\"tellAmazon\" data-csa-c-slot-id=\"tellAmazon_feature_div\" data-csa-c-asin=\"B0C81CSSXQ\" data-csa-c-is-in-initial-active-row=\"false\" data-csa-c-id=\"b562r6-qu8u68-r3wuy7-h3mt1k\" data-cel-widget=\"tellAmazon_feature_div\">\n<div class=\"celwidget c-f\" data-csa-op-log-render=\"\" data-csa-c-content-id=\"DsUnknown\" data-csa-c-slot-id=\"DsUnknown-2\" data-csa-c-type=\"widget\" data-csa-c-painter=\"tell-amazon-desktop-cards\" data-csa-c-id=\"yavd5a-y9tg1y-1hr1mf-jy7m9d\" data-cel-widget=\"tell-amazon-desktop_DetailPage_1\">\n<div id=\"CardInstancebG86fDX3O-1WtTf3GIXxkQ\" data-card-metrics-id=\"tell-amazon-desktop_DetailPage_1\" data-acp-tracking=\"{}\" data-mix-claimed=\"true\">\n<div class=\"_tell-amazon-desktop_style_tell_amazon_div__1YDZk\" data-asin=\"B0C81CSSXQ\" data-marketplace=\"A1RKKUPIHCS9HS\" data-logged-in=\"false\"><a class=\"a-link-normal _tell-amazon-desktop_style_tell_amazon_link__1KW5z\" href=\"https:\/\/www.amazon.es\/Kodi-Professional-Rubber-Polish-Color\/dp\/B0C81CSSXQ\/ref=sr_1_206?__mk_es_ES=%C3%85M%C3%85%C5%BD%C3%95%C3%91&amp;crid=1NFTL9WH1SC21&amp;dib=eyJ2IjoiMSJ9.9faZOIAxKI23BM7ufchiyD8vQl8L9VtMuJWBYSiD4f8mLAIkRpUA95Q8ssFXNQNuBWqDDZKSNFIQEhPIebc-9BfeODa7WMO5lffs0T_L8fd8nmk03uwn23KFTSJdUPAaaRz4WC5xDSQkrK3UEfKa9bcOYMn9NgN6dqYZgF9JsAWwghvXSYu1GUbAvbIrAa70_qTnfKNjJ2clraeYtDP-Jlylf_tTwGm7OstogWbQsNgXzcvj1DBpWqaTU5F3P726g14okn-hxwDx2Sq_ZXecZQJG8hkNqqFQNDGfbYP-EPU.sJYlmUVTnme_2pTnlCMpdY1XzeZ84cUTeocd6bjsJA0&amp;dib_tag=se&amp;keywords=BASE%2BCOAT&amp;qid=1744981256&amp;sprefix=base%2Bcoat%2Caps%2C115&amp;sr=8-206&amp;xpid=S_ksmt7rrtEyx&amp;th=1#\" data-mix-operations=\"openTellAmazonModal\"><i class=\"a-icon a-icon-share-sms a-icon-mini\" aria-hidden=\"true\"><\/i>\u00a0\u00a0 Informar de un problema con este producto<\/a><\/div>\n<\/div>\n<\/div>\n<\/div>","protected":false},"excerpt":{"rendered":"<p>Base coat hanna de 16 m APTO PARA TODOS: Ahora todo el mundo puede beneficiarse de unas bonitas u\u00f1as de gel. Dise\u00f1ado&hellip;<\/p>","protected":false},"featured_media":19464,"comment_status":"open","ping_status":"closed","template":"","meta":[],"product_cat":[318,143,304,82,87],"product_tag":[],"yoast_head":"<!-- This site is optimized with the Yoast SEO plugin v19.9 - https:\/\/yoast.com\/wordpress\/plugins\/seo\/ -->\n<title>BASE COAT 16ML HANNA - Hanna Cosm\u00e9tica<\/title>\n<meta name=\"robots\" content=\"index, follow, max-snippet:-1, max-image-preview:large, max-video-preview:-1\" \/>\n<link rel=\"canonical\" href=\"https:\/\/hannacosmetica.com\/fr\/tienda\/hanna-exclusive\/base-y-top\/base-coat-16ml-hanna\/\" \/>\n<meta property=\"og:locale\" content=\"fr_FR\" \/>\n<meta property=\"og:type\" content=\"article\" \/>\n<meta property=\"og:title\" content=\"BASE COAT 16ML HANNA - Hanna Cosm\u00e9tica\" \/>\n<meta property=\"og:description\" content=\"Base coat hanna de 16 m APTO PARA TODOS: Ahora todo el mundo puede beneficiarse de unas bonitas u\u00f1as de gel. Dise\u00f1ado&hellip;\" \/>\n<meta property=\"og:url\" content=\"https:\/\/hannacosmetica.com\/fr\/tienda\/hanna-exclusive\/base-y-top\/base-coat-16ml-hanna\/\" \/>\n<meta property=\"og:site_name\" content=\"Hanna Cosm\u00e9tica\" \/>\n<meta property=\"article:modified_time\" content=\"2026-01-16T10:42:45+00:00\" \/>\n<meta property=\"og:image\" content=\"https:\/\/hannacosmetica.com\/wp-content\/uploads\/2025\/04\/08-2025-04-18T141102.362.png\" \/>\n\t<meta property=\"og:image:width\" content=\"1500\" \/>\n\t<meta property=\"og:image:height\" content=\"1312\" \/>\n\t<meta property=\"og:image:type\" content=\"image\/png\" \/>\n<meta name=\"twitter:card\" content=\"summary_large_image\" \/>\n<script type=\"application\/ld+json\" class=\"yoast-schema-graph\">{\"@context\":\"https:\/\/schema.org\",\"@graph\":[{\"@type\":\"WebPage\",\"@id\":\"https:\/\/hannacosmetica.com\/tienda\/hanna-exclusive\/base-y-top\/base-coat-16ml-hanna\/\",\"url\":\"https:\/\/hannacosmetica.com\/tienda\/hanna-exclusive\/base-y-top\/base-coat-16ml-hanna\/\",\"name\":\"BASE COAT 16ML HANNA - Hanna Cosm\u00e9tica\",\"isPartOf\":{\"@id\":\"https:\/\/hannacosmetica.com\/#website\"},\"datePublished\":\"2025-04-18T13:11:29+00:00\",\"dateModified\":\"2026-01-16T10:42:45+00:00\",\"breadcrumb\":{\"@id\":\"https:\/\/hannacosmetica.com\/tienda\/hanna-exclusive\/base-y-top\/base-coat-16ml-hanna\/#breadcrumb\"},\"inLanguage\":\"fr-FR\",\"potentialAction\":[{\"@type\":\"ReadAction\",\"target\":[\"https:\/\/hannacosmetica.com\/tienda\/hanna-exclusive\/base-y-top\/base-coat-16ml-hanna\/\"]}]},{\"@type\":\"BreadcrumbList\",\"@id\":\"https:\/\/hannacosmetica.com\/tienda\/hanna-exclusive\/base-y-top\/base-coat-16ml-hanna\/#breadcrumb\",\"itemListElement\":[{\"@type\":\"ListItem\",\"position\":1,\"name\":\"Portada\",\"item\":\"https:\/\/hannacosmetica.com\/\"},{\"@type\":\"ListItem\",\"position\":2,\"name\":\"Tienda\",\"item\":\"https:\/\/hannacosmetica.com\/shop\/\"},{\"@type\":\"ListItem\",\"position\":3,\"name\":\"BASE COAT 16ML HANNA\"}]},{\"@type\":\"WebSite\",\"@id\":\"https:\/\/hannacosmetica.com\/#website\",\"url\":\"https:\/\/hannacosmetica.com\/\",\"name\":\"Hanna Cosm\u00e9tica\",\"description\":\"Tienda de productos u\u00f1as, bellezas y peluquer\u00edas\",\"publisher\":{\"@id\":\"https:\/\/hannacosmetica.com\/#organization\"},\"potentialAction\":[{\"@type\":\"SearchAction\",\"target\":{\"@type\":\"EntryPoint\",\"urlTemplate\":\"https:\/\/hannacosmetica.com\/?s={search_term_string}\"},\"query-input\":\"required name=search_term_string\"}],\"inLanguage\":\"fr-FR\"},{\"@type\":\"Organization\",\"@id\":\"https:\/\/hannacosmetica.com\/#organization\",\"name\":\"Hanna Cosm\u00e9tica\",\"url\":\"https:\/\/hannacosmetica.com\/\",\"logo\":{\"@type\":\"ImageObject\",\"inLanguage\":\"fr-FR\",\"@id\":\"https:\/\/hannacosmetica.com\/#\/schema\/logo\/image\/\",\"url\":\"https:\/\/hannacosmetica.com\/wp-content\/uploads\/2022\/07\/Logo-Joyeria-Femenino-Floral-Negro.png\",\"contentUrl\":\"https:\/\/hannacosmetica.com\/wp-content\/uploads\/2022\/07\/Logo-Joyeria-Femenino-Floral-Negro.png\",\"width\":361,\"height\":126,\"caption\":\"Hanna Cosm\u00e9tica\"},\"image\":{\"@id\":\"https:\/\/hannacosmetica.com\/#\/schema\/logo\/image\/\"}}]}<\/script>\n<!-- \/ Yoast SEO plugin. -->","yoast_head_json":{"title":"BASE COAT 16ML HANNA - Hanna Cosm\u00e9tica","robots":{"index":"index","follow":"follow","max-snippet":"max-snippet:-1","max-image-preview":"max-image-preview:large","max-video-preview":"max-video-preview:-1"},"canonical":"https:\/\/hannacosmetica.com\/fr\/tienda\/hanna-exclusive\/base-y-top\/base-coat-16ml-hanna\/","og_locale":"fr_FR","og_type":"article","og_title":"BASE COAT 16ML HANNA - Hanna Cosm\u00e9tica","og_description":"Base coat hanna de 16 m APTO PARA TODOS: Ahora todo el mundo puede beneficiarse de unas bonitas u\u00f1as de gel. Dise\u00f1ado&hellip;","og_url":"https:\/\/hannacosmetica.com\/fr\/tienda\/hanna-exclusive\/base-y-top\/base-coat-16ml-hanna\/","og_site_name":"Hanna Cosm\u00e9tica","article_modified_time":"2026-01-16T10:42:45+00:00","og_image":[{"width":1500,"height":1312,"url":"https:\/\/hannacosmetica.com\/wp-content\/uploads\/2025\/04\/08-2025-04-18T141102.362.png","type":"image\/png"}],"twitter_card":"summary_large_image","schema":{"@context":"https:\/\/schema.org","@graph":[{"@type":"WebPage","@id":"https:\/\/hannacosmetica.com\/tienda\/hanna-exclusive\/base-y-top\/base-coat-16ml-hanna\/","url":"https:\/\/hannacosmetica.com\/tienda\/hanna-exclusive\/base-y-top\/base-coat-16ml-hanna\/","name":"BASE COAT 16ML HANNA - Hanna Cosm\u00e9tica","isPartOf":{"@id":"https:\/\/hannacosmetica.com\/#website"},"datePublished":"2025-04-18T13:11:29+00:00","dateModified":"2026-01-16T10:42:45+00:00","breadcrumb":{"@id":"https:\/\/hannacosmetica.com\/tienda\/hanna-exclusive\/base-y-top\/base-coat-16ml-hanna\/#breadcrumb"},"inLanguage":"fr-FR","potentialAction":[{"@type":"ReadAction","target":["https:\/\/hannacosmetica.com\/tienda\/hanna-exclusive\/base-y-top\/base-coat-16ml-hanna\/"]}]},{"@type":"BreadcrumbList","@id":"https:\/\/hannacosmetica.com\/tienda\/hanna-exclusive\/base-y-top\/base-coat-16ml-hanna\/#breadcrumb","itemListElement":[{"@type":"ListItem","position":1,"name":"Portada","item":"https:\/\/hannacosmetica.com\/"},{"@type":"ListItem","position":2,"name":"Tienda","item":"https:\/\/hannacosmetica.com\/shop\/"},{"@type":"ListItem","position":3,"name":"BASE COAT 16ML HANNA"}]},{"@type":"WebSite","@id":"https:\/\/hannacosmetica.com\/#website","url":"https:\/\/hannacosmetica.com\/","name":"Hanna Cosm\u00e9tica","description":"Tienda de productos u\u00f1as, bellezas y peluquer\u00edas","publisher":{"@id":"https:\/\/hannacosmetica.com\/#organization"},"potentialAction":[{"@type":"SearchAction","target":{"@type":"EntryPoint","urlTemplate":"https:\/\/hannacosmetica.com\/?s={search_term_string}"},"query-input":"required name=search_term_string"}],"inLanguage":"fr-FR"},{"@type":"Organization","@id":"https:\/\/hannacosmetica.com\/#organization","name":"Hanna Cosm\u00e9tica","url":"https:\/\/hannacosmetica.com\/","logo":{"@type":"ImageObject","inLanguage":"fr-FR","@id":"https:\/\/hannacosmetica.com\/#\/schema\/logo\/image\/","url":"https:\/\/hannacosmetica.com\/wp-content\/uploads\/2022\/07\/Logo-Joyeria-Femenino-Floral-Negro.png","contentUrl":"https:\/\/hannacosmetica.com\/wp-content\/uploads\/2022\/07\/Logo-Joyeria-Femenino-Floral-Negro.png","width":361,"height":126,"caption":"Hanna Cosm\u00e9tica"},"image":{"@id":"https:\/\/hannacosmetica.com\/#\/schema\/logo\/image\/"}}]}},"_links":{"self":[{"href":"https:\/\/hannacosmetica.com\/fr\/wp-json\/wp\/v2\/product\/19463"}],"collection":[{"href":"https:\/\/hannacosmetica.com\/fr\/wp-json\/wp\/v2\/product"}],"about":[{"href":"https:\/\/hannacosmetica.com\/fr\/wp-json\/wp\/v2\/types\/product"}],"replies":[{"embeddable":true,"href":"https:\/\/hannacosmetica.com\/fr\/wp-json\/wp\/v2\/comments?post=19463"}],"version-history":[{"count":2,"href":"https:\/\/hannacosmetica.com\/fr\/wp-json\/wp\/v2\/product\/19463\/revisions"}],"predecessor-version":[{"id":19466,"href":"https:\/\/hannacosmetica.com\/fr\/wp-json\/wp\/v2\/product\/19463\/revisions\/19466"}],"wp:featuredmedia":[{"embeddable":true,"href":"https:\/\/hannacosmetica.com\/fr\/wp-json\/wp\/v2\/media\/19464"}],"wp:attachment":[{"href":"https:\/\/hannacosmetica.com\/fr\/wp-json\/wp\/v2\/media?parent=19463"}],"wp:term":[{"taxonomy":"product_cat","embeddable":true,"href":"https:\/\/hannacosmetica.com\/fr\/wp-json\/wp\/v2\/product_cat?post=19463"},{"taxonomy":"product_tag","embeddable":true,"href":"https:\/\/hannacosmetica.com\/fr\/wp-json\/wp\/v2\/product_tag?post=19463"}],"curies":[{"name":"wp","href":"https:\/\/api.w.org\/{rel}","templated":true}]}}