{"id":19436,"date":"2025-04-17T14:46:55","date_gmt":"2025-04-17T14:46:55","guid":{"rendered":"https:\/\/hannacosmetica.com\/?post_type=product&#038;p=19436"},"modified":"2025-04-17T14:46:56","modified_gmt":"2025-04-17T14:46:56","slug":"lampara-led-uv-by10-recargable","status":"publish","type":"product","link":"https:\/\/hannacosmetica.com\/fr\/tienda\/mobiliario\/lamparas\/lampara-led-uv-by10-recargable\/","title":{"rendered":"LAMPARA LED\/UV BY10 RECARGABLE"},"content":{"rendered":"<p>Potente y seguro\u3011La luz ultravioleta de alta potencia de 220 W para u\u00f1as puede acortar el tiempo de curado. La luz ultravioleta para u\u00f1as con 48 perlas de l\u00e1mpara distribuidas uniformemente, seca el esmalte de u\u00f1as en gel r\u00e1pidamente. Adem\u00e1s, el dise\u00f1o de protecci\u00f3n de temperatura incorporado evita quemaduras y mantiene sus manos seguras.<\/p>\n<p>\u30103 ajustes de temporizador\u3011Nuestra l\u00e1mpara de u\u00f1as LED cuenta con una pantalla inteligente de forma grande, completa con 3 botones de selecci\u00f3n de temporizador (30 s, 45 s, 60 s). Puede elegir f\u00e1cilmente el tiempo de curado deseado con un simple toque, mientras la pantalla muestra claramente el tiempo de curado y el nivel de la bater\u00eda.<\/p>\n<p>\u3010Bater\u00eda de gran capacidad\u3011Equipado con una bater\u00eda de alta capacidad. Una carga de 3 horas proporciona hasta 7 horas de funcionamiento, lo que le permite arreglarse las u\u00f1as en cualquier momento y en cualquier lugar. El dise\u00f1o inal\u00e1mbrico aumenta la comodidad e incluso funciona como cargador de tel\u00e9fono cuando es necesario, satisfaciendo todas sus necesidades mientras viaja.<\/p>\n<p>\u3010Inducci\u00f3n autom\u00e1tica\u3011Experimenta un tratamiento de u\u00f1as a nivel de sal\u00f3n con la funci\u00f3n de sensor infrarrojo inteligente de nuestra l\u00e1mpara de u\u00f1as. Que se enciende autom\u00e1ticamente cuando se coloca la mano en la l\u00e1mpara de u\u00f1as. Al sacar la mano, las l\u00e1mparas se apagan, lo que le permite curar las u\u00f1as con esmalte de gel de forma c\u00f3moda y ahorra tiempo.<\/p>\n<p>\u3010Base extra\u00edble y gran espacio\u3011La luz de u\u00f1as puede desmontar la base, lo que hace que sea f\u00e1cil de quitar y limpiar. El dise\u00f1o espacioso se adapta tanto a las u\u00f1as de las manos como a las de los pies, lo que lo hace ideal para salones profesionales y uso dom\u00e9stico.<\/p>","protected":false},"excerpt":{"rendered":"<p>Potente y seguro\u3011La luz ultravioleta de alta potencia de 220 W para u\u00f1as puede acortar el tiempo de curado. La luz ultravioleta&hellip;<\/p>","protected":false},"featured_media":19437,"comment_status":"open","ping_status":"closed","template":"","meta":[],"product_cat":[304,303,82,119,87],"product_tag":[],"yoast_head":"<!-- This site is optimized with the Yoast SEO plugin v19.9 - https:\/\/yoast.com\/wordpress\/plugins\/seo\/ -->\n<title>LAMPARA LED\/UV BY10 RECARGABLE - Hanna Cosm\u00e9tica<\/title>\n<meta name=\"robots\" content=\"index, follow, max-snippet:-1, max-image-preview:large, max-video-preview:-1\" \/>\n<link rel=\"canonical\" href=\"https:\/\/hannacosmetica.com\/fr\/tienda\/mobiliario\/lamparas\/lampara-led-uv-by10-recargable\/\" \/>\n<meta property=\"og:locale\" content=\"fr_FR\" \/>\n<meta property=\"og:type\" content=\"article\" \/>\n<meta property=\"og:title\" content=\"LAMPARA LED\/UV BY10 RECARGABLE - Hanna Cosm\u00e9tica\" \/>\n<meta property=\"og:description\" content=\"Potente y seguro\u3011La luz ultravioleta de alta potencia de 220 W para u\u00f1as puede acortar el tiempo de curado. La luz ultravioleta&hellip;\" \/>\n<meta property=\"og:url\" content=\"https:\/\/hannacosmetica.com\/fr\/tienda\/mobiliario\/lamparas\/lampara-led-uv-by10-recargable\/\" \/>\n<meta property=\"og:site_name\" content=\"Hanna Cosm\u00e9tica\" \/>\n<meta property=\"article:modified_time\" content=\"2025-04-17T14:46:56+00:00\" \/>\n<meta property=\"og:image\" content=\"https:\/\/hannacosmetica.com\/wp-content\/uploads\/2025\/04\/UV.png\" \/>\n\t<meta property=\"og:image:width\" content=\"1500\" \/>\n\t<meta property=\"og:image:height\" content=\"1312\" \/>\n\t<meta property=\"og:image:type\" content=\"image\/png\" \/>\n<meta name=\"twitter:card\" content=\"summary_large_image\" \/>\n<script type=\"application\/ld+json\" class=\"yoast-schema-graph\">{\"@context\":\"https:\/\/schema.org\",\"@graph\":[{\"@type\":\"WebPage\",\"@id\":\"https:\/\/hannacosmetica.com\/tienda\/mobiliario\/lamparas\/lampara-led-uv-by10-recargable\/\",\"url\":\"https:\/\/hannacosmetica.com\/tienda\/mobiliario\/lamparas\/lampara-led-uv-by10-recargable\/\",\"name\":\"LAMPARA LED\/UV BY10 RECARGABLE - Hanna Cosm\u00e9tica\",\"isPartOf\":{\"@id\":\"https:\/\/hannacosmetica.com\/#website\"},\"datePublished\":\"2025-04-17T14:46:55+00:00\",\"dateModified\":\"2025-04-17T14:46:56+00:00\",\"breadcrumb\":{\"@id\":\"https:\/\/hannacosmetica.com\/tienda\/mobiliario\/lamparas\/lampara-led-uv-by10-recargable\/#breadcrumb\"},\"inLanguage\":\"fr-FR\",\"potentialAction\":[{\"@type\":\"ReadAction\",\"target\":[\"https:\/\/hannacosmetica.com\/tienda\/mobiliario\/lamparas\/lampara-led-uv-by10-recargable\/\"]}]},{\"@type\":\"BreadcrumbList\",\"@id\":\"https:\/\/hannacosmetica.com\/tienda\/mobiliario\/lamparas\/lampara-led-uv-by10-recargable\/#breadcrumb\",\"itemListElement\":[{\"@type\":\"ListItem\",\"position\":1,\"name\":\"Portada\",\"item\":\"https:\/\/hannacosmetica.com\/\"},{\"@type\":\"ListItem\",\"position\":2,\"name\":\"Tienda\",\"item\":\"https:\/\/hannacosmetica.com\/shop\/\"},{\"@type\":\"ListItem\",\"position\":3,\"name\":\"LAMPARA LED\/UV BY10 RECARGABLE\"}]},{\"@type\":\"WebSite\",\"@id\":\"https:\/\/hannacosmetica.com\/#website\",\"url\":\"https:\/\/hannacosmetica.com\/\",\"name\":\"Hanna Cosm\u00e9tica\",\"description\":\"Tienda de productos u\u00f1as, bellezas y peluquer\u00edas\",\"publisher\":{\"@id\":\"https:\/\/hannacosmetica.com\/#organization\"},\"potentialAction\":[{\"@type\":\"SearchAction\",\"target\":{\"@type\":\"EntryPoint\",\"urlTemplate\":\"https:\/\/hannacosmetica.com\/?s={search_term_string}\"},\"query-input\":\"required name=search_term_string\"}],\"inLanguage\":\"fr-FR\"},{\"@type\":\"Organization\",\"@id\":\"https:\/\/hannacosmetica.com\/#organization\",\"name\":\"Hanna Cosm\u00e9tica\",\"url\":\"https:\/\/hannacosmetica.com\/\",\"logo\":{\"@type\":\"ImageObject\",\"inLanguage\":\"fr-FR\",\"@id\":\"https:\/\/hannacosmetica.com\/#\/schema\/logo\/image\/\",\"url\":\"https:\/\/hannacosmetica.com\/wp-content\/uploads\/2022\/07\/Logo-Joyeria-Femenino-Floral-Negro.png\",\"contentUrl\":\"https:\/\/hannacosmetica.com\/wp-content\/uploads\/2022\/07\/Logo-Joyeria-Femenino-Floral-Negro.png\",\"width\":361,\"height\":126,\"caption\":\"Hanna Cosm\u00e9tica\"},\"image\":{\"@id\":\"https:\/\/hannacosmetica.com\/#\/schema\/logo\/image\/\"}}]}<\/script>\n<!-- \/ Yoast SEO plugin. -->","yoast_head_json":{"title":"LAMPARA LED\/UV BY10 RECARGABLE - Hanna Cosm\u00e9tica","robots":{"index":"index","follow":"follow","max-snippet":"max-snippet:-1","max-image-preview":"max-image-preview:large","max-video-preview":"max-video-preview:-1"},"canonical":"https:\/\/hannacosmetica.com\/fr\/tienda\/mobiliario\/lamparas\/lampara-led-uv-by10-recargable\/","og_locale":"fr_FR","og_type":"article","og_title":"LAMPARA LED\/UV BY10 RECARGABLE - Hanna Cosm\u00e9tica","og_description":"Potente y seguro\u3011La luz ultravioleta de alta potencia de 220 W para u\u00f1as puede acortar el tiempo de curado. La luz ultravioleta&hellip;","og_url":"https:\/\/hannacosmetica.com\/fr\/tienda\/mobiliario\/lamparas\/lampara-led-uv-by10-recargable\/","og_site_name":"Hanna Cosm\u00e9tica","article_modified_time":"2025-04-17T14:46:56+00:00","og_image":[{"width":1500,"height":1312,"url":"https:\/\/hannacosmetica.com\/wp-content\/uploads\/2025\/04\/UV.png","type":"image\/png"}],"twitter_card":"summary_large_image","schema":{"@context":"https:\/\/schema.org","@graph":[{"@type":"WebPage","@id":"https:\/\/hannacosmetica.com\/tienda\/mobiliario\/lamparas\/lampara-led-uv-by10-recargable\/","url":"https:\/\/hannacosmetica.com\/tienda\/mobiliario\/lamparas\/lampara-led-uv-by10-recargable\/","name":"LAMPARA LED\/UV BY10 RECARGABLE - Hanna Cosm\u00e9tica","isPartOf":{"@id":"https:\/\/hannacosmetica.com\/#website"},"datePublished":"2025-04-17T14:46:55+00:00","dateModified":"2025-04-17T14:46:56+00:00","breadcrumb":{"@id":"https:\/\/hannacosmetica.com\/tienda\/mobiliario\/lamparas\/lampara-led-uv-by10-recargable\/#breadcrumb"},"inLanguage":"fr-FR","potentialAction":[{"@type":"ReadAction","target":["https:\/\/hannacosmetica.com\/tienda\/mobiliario\/lamparas\/lampara-led-uv-by10-recargable\/"]}]},{"@type":"BreadcrumbList","@id":"https:\/\/hannacosmetica.com\/tienda\/mobiliario\/lamparas\/lampara-led-uv-by10-recargable\/#breadcrumb","itemListElement":[{"@type":"ListItem","position":1,"name":"Portada","item":"https:\/\/hannacosmetica.com\/"},{"@type":"ListItem","position":2,"name":"Tienda","item":"https:\/\/hannacosmetica.com\/shop\/"},{"@type":"ListItem","position":3,"name":"LAMPARA LED\/UV BY10 RECARGABLE"}]},{"@type":"WebSite","@id":"https:\/\/hannacosmetica.com\/#website","url":"https:\/\/hannacosmetica.com\/","name":"Hanna Cosm\u00e9tica","description":"Tienda de productos u\u00f1as, bellezas y peluquer\u00edas","publisher":{"@id":"https:\/\/hannacosmetica.com\/#organization"},"potentialAction":[{"@type":"SearchAction","target":{"@type":"EntryPoint","urlTemplate":"https:\/\/hannacosmetica.com\/?s={search_term_string}"},"query-input":"required name=search_term_string"}],"inLanguage":"fr-FR"},{"@type":"Organization","@id":"https:\/\/hannacosmetica.com\/#organization","name":"Hanna Cosm\u00e9tica","url":"https:\/\/hannacosmetica.com\/","logo":{"@type":"ImageObject","inLanguage":"fr-FR","@id":"https:\/\/hannacosmetica.com\/#\/schema\/logo\/image\/","url":"https:\/\/hannacosmetica.com\/wp-content\/uploads\/2022\/07\/Logo-Joyeria-Femenino-Floral-Negro.png","contentUrl":"https:\/\/hannacosmetica.com\/wp-content\/uploads\/2022\/07\/Logo-Joyeria-Femenino-Floral-Negro.png","width":361,"height":126,"caption":"Hanna Cosm\u00e9tica"},"image":{"@id":"https:\/\/hannacosmetica.com\/#\/schema\/logo\/image\/"}}]}},"_links":{"self":[{"href":"https:\/\/hannacosmetica.com\/fr\/wp-json\/wp\/v2\/product\/19436"}],"collection":[{"href":"https:\/\/hannacosmetica.com\/fr\/wp-json\/wp\/v2\/product"}],"about":[{"href":"https:\/\/hannacosmetica.com\/fr\/wp-json\/wp\/v2\/types\/product"}],"replies":[{"embeddable":true,"href":"https:\/\/hannacosmetica.com\/fr\/wp-json\/wp\/v2\/comments?post=19436"}],"version-history":[{"count":1,"href":"https:\/\/hannacosmetica.com\/fr\/wp-json\/wp\/v2\/product\/19436\/revisions"}],"predecessor-version":[{"id":19449,"href":"https:\/\/hannacosmetica.com\/fr\/wp-json\/wp\/v2\/product\/19436\/revisions\/19449"}],"wp:featuredmedia":[{"embeddable":true,"href":"https:\/\/hannacosmetica.com\/fr\/wp-json\/wp\/v2\/media\/19437"}],"wp:attachment":[{"href":"https:\/\/hannacosmetica.com\/fr\/wp-json\/wp\/v2\/media?parent=19436"}],"wp:term":[{"taxonomy":"product_cat","embeddable":true,"href":"https:\/\/hannacosmetica.com\/fr\/wp-json\/wp\/v2\/product_cat?post=19436"},{"taxonomy":"product_tag","embeddable":true,"href":"https:\/\/hannacosmetica.com\/fr\/wp-json\/wp\/v2\/product_tag?post=19436"}],"curies":[{"name":"wp","href":"https:\/\/api.w.org\/{rel}","templated":true}]}}