{"id":19084,"date":"2025-02-06T15:21:17","date_gmt":"2025-02-06T15:21:17","guid":{"rendered":"https:\/\/hannacosmetica.com\/?post_type=product&#038;p=19084"},"modified":"2025-06-03T14:52:48","modified_gmt":"2025-06-03T14:52:48","slug":"kit-de-120-esmaltes-de-unas-de-gel-para-manicura-profesional-hanna-para-uso-en-salon-uv-led-12ml","status":"publish","type":"product","link":"https:\/\/hannacosmetica.com\/fr\/tienda\/hanna-exclusive\/esmalte-hanna\/kit-de-120-esmaltes-de-unas-de-gel-para-manicura-profesional-hanna-para-uso-en-salon-uv-led-12ml\/","title":{"rendered":"Kit de 120 Esmaltes +Carta Pintada de U\u00f1as de Gel para Manicura Profesional HANNA Para uso en sal\u00f3n UV LED  12ML"},"content":{"rendered":"<ul class=\"a-unordered-list a-vertical a-spacing-mini\">\n<li class=\"a-spacing-mini\"><span class=\"a-list-item\">Regalo ideal para ti: el juego de esmalte de u\u00f1as en gel HANNA viene en un bonito BOTE 12ML,\u00a0 Carta de colores muy bonita de colores bien pintada. una gran selecci\u00f3n de colores y dise\u00f1os te dar\u00e1n un aspecto atractivo. Si no sabes qu\u00e9 regalarte a tu amada, la sorprender\u00e1s con este regalo sorpresa.<\/span><\/li>\n<li class=\"a-spacing-mini\"><span class=\"a-list-item\">Saludable y duradero: el esmalte de u\u00f1as en gel est\u00e1 hecho de resina natural, ingredientes saludables, sin olor, f\u00f3rmula no t\u00f3xica, dura de 21 a 30 d\u00edas<\/span><\/li>\n<li class=\"a-spacing-mini\"><span class=\"a-list-item\">Consejos: antes de aplicar la base, es muy importante limar y limpiar las u\u00f1as para evitar que se descascare o no se adhiera bien. Por favor, no apliques una capa muy gruesa de esmalte en gel, aplica 1-2 capas finas y s\u00e9calas para que no se resquebrajen. Si la temperatura es baja, el esmalte de u\u00f1as se vuelve pegajoso.<\/span><\/li>\n<li class=\"a-spacing-mini\"><span class=\"a-list-item\">Punta c\u00e1lida: si tienes la piel sensible, por favor haz una prueba antes de usarlo. Solo para u\u00f1as, evitar el contacto con ojos y boca. En caso de contacto, enjuagar inmediatamente. Si tienes problemas con el gel de u\u00f1as HANNA, no dudes en ponerte en contacto con nosotros. Siempre a tu servicio.<\/span><\/li>\n<\/ul>","protected":false},"excerpt":{"rendered":"<p>Regalo ideal para ti: el juego de esmalte de u\u00f1as en gel HANNA viene en un bonito BOTE 12ML,\u00a0 Carta de colores&hellip;<\/p>","protected":false},"featured_media":19741,"comment_status":"open","ping_status":"closed","template":"","meta":[],"product_cat":[305,323,156,304,82,89,87,88],"product_tag":[],"yoast_head":"<!-- This site is optimized with the Yoast SEO plugin v19.9 - https:\/\/yoast.com\/wordpress\/plugins\/seo\/ -->\n<title>Kit de 120 Esmaltes +Carta Pintada de U\u00f1as de Gel para Manicura Profesional HANNA Para uso en sal\u00f3n UV LED 12ML - Hanna Cosm\u00e9tica<\/title>\n<meta name=\"robots\" content=\"index, follow, max-snippet:-1, max-image-preview:large, max-video-preview:-1\" \/>\n<link rel=\"canonical\" href=\"https:\/\/hannacosmetica.com\/fr\/tienda\/hanna-exclusive\/esmalte-hanna\/kit-de-120-esmaltes-de-unas-de-gel-para-manicura-profesional-hanna-para-uso-en-salon-uv-led-12ml\/\" \/>\n<meta property=\"og:locale\" content=\"fr_FR\" \/>\n<meta property=\"og:type\" content=\"article\" \/>\n<meta property=\"og:title\" content=\"Kit de 120 Esmaltes +Carta Pintada de U\u00f1as de Gel para Manicura Profesional HANNA Para uso en sal\u00f3n UV LED 12ML - Hanna Cosm\u00e9tica\" \/>\n<meta property=\"og:description\" content=\"Regalo ideal para ti: el juego de esmalte de u\u00f1as en gel HANNA viene en un bonito BOTE 12ML,\u00a0 Carta de colores&hellip;\" \/>\n<meta property=\"og:url\" content=\"https:\/\/hannacosmetica.com\/fr\/tienda\/hanna-exclusive\/esmalte-hanna\/kit-de-120-esmaltes-de-unas-de-gel-para-manicura-profesional-hanna-para-uso-en-salon-uv-led-12ml\/\" \/>\n<meta property=\"og:site_name\" content=\"Hanna Cosm\u00e9tica\" \/>\n<meta property=\"article:modified_time\" content=\"2025-06-03T14:52:48+00:00\" \/>\n<meta property=\"og:image\" content=\"https:\/\/hannacosmetica.com\/wp-content\/uploads\/2025\/02\/3024578d68a142ec9e087c731497f2f1-scaled.jpg\" \/>\n\t<meta property=\"og:image:width\" content=\"3360\" \/>\n\t<meta property=\"og:image:height\" content=\"2615\" \/>\n\t<meta property=\"og:image:type\" content=\"image\/jpeg\" \/>\n<meta name=\"twitter:card\" content=\"summary_large_image\" \/>\n<script type=\"application\/ld+json\" class=\"yoast-schema-graph\">{\"@context\":\"https:\/\/schema.org\",\"@graph\":[{\"@type\":\"WebPage\",\"@id\":\"https:\/\/hannacosmetica.com\/tienda\/hanna-exclusive\/esmalte-hanna\/kit-de-120-esmaltes-de-unas-de-gel-para-manicura-profesional-hanna-para-uso-en-salon-uv-led-12ml\/\",\"url\":\"https:\/\/hannacosmetica.com\/tienda\/hanna-exclusive\/esmalte-hanna\/kit-de-120-esmaltes-de-unas-de-gel-para-manicura-profesional-hanna-para-uso-en-salon-uv-led-12ml\/\",\"name\":\"Kit de 120 Esmaltes +Carta Pintada de U\u00f1as de Gel para Manicura Profesional HANNA Para uso en sal\u00f3n UV LED 12ML - Hanna Cosm\u00e9tica\",\"isPartOf\":{\"@id\":\"https:\/\/hannacosmetica.com\/#website\"},\"datePublished\":\"2025-02-06T15:21:17+00:00\",\"dateModified\":\"2025-06-03T14:52:48+00:00\",\"breadcrumb\":{\"@id\":\"https:\/\/hannacosmetica.com\/tienda\/hanna-exclusive\/esmalte-hanna\/kit-de-120-esmaltes-de-unas-de-gel-para-manicura-profesional-hanna-para-uso-en-salon-uv-led-12ml\/#breadcrumb\"},\"inLanguage\":\"fr-FR\",\"potentialAction\":[{\"@type\":\"ReadAction\",\"target\":[\"https:\/\/hannacosmetica.com\/tienda\/hanna-exclusive\/esmalte-hanna\/kit-de-120-esmaltes-de-unas-de-gel-para-manicura-profesional-hanna-para-uso-en-salon-uv-led-12ml\/\"]}]},{\"@type\":\"BreadcrumbList\",\"@id\":\"https:\/\/hannacosmetica.com\/tienda\/hanna-exclusive\/esmalte-hanna\/kit-de-120-esmaltes-de-unas-de-gel-para-manicura-profesional-hanna-para-uso-en-salon-uv-led-12ml\/#breadcrumb\",\"itemListElement\":[{\"@type\":\"ListItem\",\"position\":1,\"name\":\"Portada\",\"item\":\"https:\/\/hannacosmetica.com\/\"},{\"@type\":\"ListItem\",\"position\":2,\"name\":\"Tienda\",\"item\":\"https:\/\/hannacosmetica.com\/shop\/\"},{\"@type\":\"ListItem\",\"position\":3,\"name\":\"Kit de 120 Esmaltes +Carta Pintada de U\u00f1as de Gel para Manicura Profesional HANNA Para uso en sal\u00f3n UV LED 12ML\"}]},{\"@type\":\"WebSite\",\"@id\":\"https:\/\/hannacosmetica.com\/#website\",\"url\":\"https:\/\/hannacosmetica.com\/\",\"name\":\"Hanna Cosm\u00e9tica\",\"description\":\"Tienda de productos u\u00f1as, bellezas y peluquer\u00edas\",\"publisher\":{\"@id\":\"https:\/\/hannacosmetica.com\/#organization\"},\"potentialAction\":[{\"@type\":\"SearchAction\",\"target\":{\"@type\":\"EntryPoint\",\"urlTemplate\":\"https:\/\/hannacosmetica.com\/?s={search_term_string}\"},\"query-input\":\"required name=search_term_string\"}],\"inLanguage\":\"fr-FR\"},{\"@type\":\"Organization\",\"@id\":\"https:\/\/hannacosmetica.com\/#organization\",\"name\":\"Hanna Cosm\u00e9tica\",\"url\":\"https:\/\/hannacosmetica.com\/\",\"logo\":{\"@type\":\"ImageObject\",\"inLanguage\":\"fr-FR\",\"@id\":\"https:\/\/hannacosmetica.com\/#\/schema\/logo\/image\/\",\"url\":\"https:\/\/hannacosmetica.com\/wp-content\/uploads\/2022\/07\/Logo-Joyeria-Femenino-Floral-Negro.png\",\"contentUrl\":\"https:\/\/hannacosmetica.com\/wp-content\/uploads\/2022\/07\/Logo-Joyeria-Femenino-Floral-Negro.png\",\"width\":361,\"height\":126,\"caption\":\"Hanna Cosm\u00e9tica\"},\"image\":{\"@id\":\"https:\/\/hannacosmetica.com\/#\/schema\/logo\/image\/\"}}]}<\/script>\n<!-- \/ Yoast SEO plugin. -->","yoast_head_json":{"title":"Kit de 120 Esmaltes +Carta Pintada de U\u00f1as de Gel para Manicura Profesional HANNA Para uso en sal\u00f3n UV LED 12ML - Hanna Cosm\u00e9tica","robots":{"index":"index","follow":"follow","max-snippet":"max-snippet:-1","max-image-preview":"max-image-preview:large","max-video-preview":"max-video-preview:-1"},"canonical":"https:\/\/hannacosmetica.com\/fr\/tienda\/hanna-exclusive\/esmalte-hanna\/kit-de-120-esmaltes-de-unas-de-gel-para-manicura-profesional-hanna-para-uso-en-salon-uv-led-12ml\/","og_locale":"fr_FR","og_type":"article","og_title":"Kit de 120 Esmaltes +Carta Pintada de U\u00f1as de Gel para Manicura Profesional HANNA Para uso en sal\u00f3n UV LED 12ML - Hanna Cosm\u00e9tica","og_description":"Regalo ideal para ti: el juego de esmalte de u\u00f1as en gel HANNA viene en un bonito BOTE 12ML,\u00a0 Carta de colores&hellip;","og_url":"https:\/\/hannacosmetica.com\/fr\/tienda\/hanna-exclusive\/esmalte-hanna\/kit-de-120-esmaltes-de-unas-de-gel-para-manicura-profesional-hanna-para-uso-en-salon-uv-led-12ml\/","og_site_name":"Hanna Cosm\u00e9tica","article_modified_time":"2025-06-03T14:52:48+00:00","og_image":[{"width":3360,"height":2615,"url":"https:\/\/hannacosmetica.com\/wp-content\/uploads\/2025\/02\/3024578d68a142ec9e087c731497f2f1-scaled.jpg","type":"image\/jpeg"}],"twitter_card":"summary_large_image","schema":{"@context":"https:\/\/schema.org","@graph":[{"@type":"WebPage","@id":"https:\/\/hannacosmetica.com\/tienda\/hanna-exclusive\/esmalte-hanna\/kit-de-120-esmaltes-de-unas-de-gel-para-manicura-profesional-hanna-para-uso-en-salon-uv-led-12ml\/","url":"https:\/\/hannacosmetica.com\/tienda\/hanna-exclusive\/esmalte-hanna\/kit-de-120-esmaltes-de-unas-de-gel-para-manicura-profesional-hanna-para-uso-en-salon-uv-led-12ml\/","name":"Kit de 120 Esmaltes +Carta Pintada de U\u00f1as de Gel para Manicura Profesional HANNA Para uso en sal\u00f3n UV LED 12ML - Hanna Cosm\u00e9tica","isPartOf":{"@id":"https:\/\/hannacosmetica.com\/#website"},"datePublished":"2025-02-06T15:21:17+00:00","dateModified":"2025-06-03T14:52:48+00:00","breadcrumb":{"@id":"https:\/\/hannacosmetica.com\/tienda\/hanna-exclusive\/esmalte-hanna\/kit-de-120-esmaltes-de-unas-de-gel-para-manicura-profesional-hanna-para-uso-en-salon-uv-led-12ml\/#breadcrumb"},"inLanguage":"fr-FR","potentialAction":[{"@type":"ReadAction","target":["https:\/\/hannacosmetica.com\/tienda\/hanna-exclusive\/esmalte-hanna\/kit-de-120-esmaltes-de-unas-de-gel-para-manicura-profesional-hanna-para-uso-en-salon-uv-led-12ml\/"]}]},{"@type":"BreadcrumbList","@id":"https:\/\/hannacosmetica.com\/tienda\/hanna-exclusive\/esmalte-hanna\/kit-de-120-esmaltes-de-unas-de-gel-para-manicura-profesional-hanna-para-uso-en-salon-uv-led-12ml\/#breadcrumb","itemListElement":[{"@type":"ListItem","position":1,"name":"Portada","item":"https:\/\/hannacosmetica.com\/"},{"@type":"ListItem","position":2,"name":"Tienda","item":"https:\/\/hannacosmetica.com\/shop\/"},{"@type":"ListItem","position":3,"name":"Kit de 120 Esmaltes +Carta Pintada de U\u00f1as de Gel para Manicura Profesional HANNA Para uso en sal\u00f3n UV LED 12ML"}]},{"@type":"WebSite","@id":"https:\/\/hannacosmetica.com\/#website","url":"https:\/\/hannacosmetica.com\/","name":"Hanna Cosm\u00e9tica","description":"Tienda de productos u\u00f1as, bellezas y peluquer\u00edas","publisher":{"@id":"https:\/\/hannacosmetica.com\/#organization"},"potentialAction":[{"@type":"SearchAction","target":{"@type":"EntryPoint","urlTemplate":"https:\/\/hannacosmetica.com\/?s={search_term_string}"},"query-input":"required name=search_term_string"}],"inLanguage":"fr-FR"},{"@type":"Organization","@id":"https:\/\/hannacosmetica.com\/#organization","name":"Hanna Cosm\u00e9tica","url":"https:\/\/hannacosmetica.com\/","logo":{"@type":"ImageObject","inLanguage":"fr-FR","@id":"https:\/\/hannacosmetica.com\/#\/schema\/logo\/image\/","url":"https:\/\/hannacosmetica.com\/wp-content\/uploads\/2022\/07\/Logo-Joyeria-Femenino-Floral-Negro.png","contentUrl":"https:\/\/hannacosmetica.com\/wp-content\/uploads\/2022\/07\/Logo-Joyeria-Femenino-Floral-Negro.png","width":361,"height":126,"caption":"Hanna Cosm\u00e9tica"},"image":{"@id":"https:\/\/hannacosmetica.com\/#\/schema\/logo\/image\/"}}]}},"_links":{"self":[{"href":"https:\/\/hannacosmetica.com\/fr\/wp-json\/wp\/v2\/product\/19084"}],"collection":[{"href":"https:\/\/hannacosmetica.com\/fr\/wp-json\/wp\/v2\/product"}],"about":[{"href":"https:\/\/hannacosmetica.com\/fr\/wp-json\/wp\/v2\/types\/product"}],"replies":[{"embeddable":true,"href":"https:\/\/hannacosmetica.com\/fr\/wp-json\/wp\/v2\/comments?post=19084"}],"version-history":[{"count":3,"href":"https:\/\/hannacosmetica.com\/fr\/wp-json\/wp\/v2\/product\/19084\/revisions"}],"predecessor-version":[{"id":19099,"href":"https:\/\/hannacosmetica.com\/fr\/wp-json\/wp\/v2\/product\/19084\/revisions\/19099"}],"wp:featuredmedia":[{"embeddable":true,"href":"https:\/\/hannacosmetica.com\/fr\/wp-json\/wp\/v2\/media\/19741"}],"wp:attachment":[{"href":"https:\/\/hannacosmetica.com\/fr\/wp-json\/wp\/v2\/media?parent=19084"}],"wp:term":[{"taxonomy":"product_cat","embeddable":true,"href":"https:\/\/hannacosmetica.com\/fr\/wp-json\/wp\/v2\/product_cat?post=19084"},{"taxonomy":"product_tag","embeddable":true,"href":"https:\/\/hannacosmetica.com\/fr\/wp-json\/wp\/v2\/product_tag?post=19084"}],"curies":[{"name":"wp","href":"https:\/\/api.w.org\/{rel}","templated":true}]}}