{"id":19036,"date":"2025-01-22T11:54:14","date_gmt":"2025-01-22T11:54:14","guid":{"rendered":"https:\/\/hannacosmetica.com\/?post_type=product&#038;p=19036"},"modified":"2026-03-18T15:46:40","modified_gmt":"2026-03-18T15:46:40","slug":"base-rubber-hanna-12-15ml","status":"publish","type":"product","link":"https:\/\/hannacosmetica.com\/fr\/tienda\/hanna-exclusive\/base-rubber\/base-rubber-hanna-12-15ml\/","title":{"rendered":"Base Rubber Hanna15ml, 7 colores"},"content":{"rendered":"<ul>\n<li><span class=\"a-list-item\">\u00a0La Rubber Base de HANNA\u00a0 es m\u00e1s espesa que la consistencia habitual de otras bases de esmalte de gel, lo que le permite ser f\u00e1cil de trabajar, formar la arquitectura de la u\u00f1a, nivelar y reconstruirla hasta 5 mm manteniendo el arco natural de la u\u00f1a en forma de C.<\/span><\/li>\n<li><span class=\"a-list-item\">\ud83d\udc8e Su textura moderadamente viscosa hace que el producto sea perfecto para formar y cubrir uniformemente la placa de la u\u00f1a, ocultando al instante cualquier protuberancia o irregularidad de la u\u00f1a.<\/span><\/li>\n<\/ul>\n<ul class=\"a-unordered-list a-vertical a-spacing-mini\">\n<li>Puede aplicarlo en 1 capa para obtener un bonito efecto transl\u00facido o proceder con 2 capas para obtener una cobertura m\u00e1s opaca. La aplicaci\u00f3n de capas m\u00e1s gruesas garantiza una cobertura completa de la u\u00f1a.<\/li>\n<\/ul>","protected":false},"excerpt":{"rendered":"<p>\u00a0La Rubber Base de HANNA\u00a0 es m\u00e1s espesa que la consistencia habitual de otras bases de esmalte de gel, lo que le&hellip;<\/p>","protected":false},"featured_media":22842,"comment_status":"open","ping_status":"closed","template":"","meta":[],"product_cat":[310,156,304,82,87],"product_tag":[],"yoast_head":"<!-- This site is optimized with the Yoast SEO plugin v19.9 - https:\/\/yoast.com\/wordpress\/plugins\/seo\/ -->\n<title>Base Rubber Hanna15ml, 7 colores - Hanna Cosm\u00e9tica<\/title>\n<meta name=\"robots\" content=\"index, follow, max-snippet:-1, max-image-preview:large, max-video-preview:-1\" \/>\n<link rel=\"canonical\" href=\"https:\/\/hannacosmetica.com\/fr\/tienda\/hanna-exclusive\/base-rubber\/base-rubber-hanna-12-15ml\/\" \/>\n<meta property=\"og:locale\" content=\"fr_FR\" \/>\n<meta property=\"og:type\" content=\"article\" \/>\n<meta property=\"og:title\" content=\"Base Rubber Hanna15ml, 7 colores - Hanna Cosm\u00e9tica\" \/>\n<meta property=\"og:description\" content=\"\u00a0La Rubber Base de HANNA\u00a0 es m\u00e1s espesa que la consistencia habitual de otras bases de esmalte de gel, lo que le&hellip;\" \/>\n<meta property=\"og:url\" content=\"https:\/\/hannacosmetica.com\/fr\/tienda\/hanna-exclusive\/base-rubber\/base-rubber-hanna-12-15ml\/\" \/>\n<meta property=\"og:site_name\" content=\"Hanna Cosm\u00e9tica\" \/>\n<meta property=\"article:modified_time\" content=\"2026-03-18T15:46:40+00:00\" \/>\n<meta property=\"og:image\" content=\"https:\/\/hannacosmetica.com\/wp-content\/uploads\/2026\/03\/320E-53.png\" \/>\n\t<meta property=\"og:image:width\" content=\"1469\" \/>\n\t<meta property=\"og:image:height\" content=\"1313\" \/>\n\t<meta property=\"og:image:type\" content=\"image\/png\" \/>\n<meta name=\"twitter:card\" content=\"summary_large_image\" \/>\n<script type=\"application\/ld+json\" class=\"yoast-schema-graph\">{\"@context\":\"https:\/\/schema.org\",\"@graph\":[{\"@type\":\"WebPage\",\"@id\":\"https:\/\/hannacosmetica.com\/tienda\/hanna-exclusive\/base-rubber\/base-rubber-hanna-12-15ml\/\",\"url\":\"https:\/\/hannacosmetica.com\/tienda\/hanna-exclusive\/base-rubber\/base-rubber-hanna-12-15ml\/\",\"name\":\"Base Rubber Hanna15ml, 7 colores - Hanna Cosm\u00e9tica\",\"isPartOf\":{\"@id\":\"https:\/\/hannacosmetica.com\/#website\"},\"datePublished\":\"2025-01-22T11:54:14+00:00\",\"dateModified\":\"2026-03-18T15:46:40+00:00\",\"breadcrumb\":{\"@id\":\"https:\/\/hannacosmetica.com\/tienda\/hanna-exclusive\/base-rubber\/base-rubber-hanna-12-15ml\/#breadcrumb\"},\"inLanguage\":\"fr-FR\",\"potentialAction\":[{\"@type\":\"ReadAction\",\"target\":[\"https:\/\/hannacosmetica.com\/tienda\/hanna-exclusive\/base-rubber\/base-rubber-hanna-12-15ml\/\"]}]},{\"@type\":\"BreadcrumbList\",\"@id\":\"https:\/\/hannacosmetica.com\/tienda\/hanna-exclusive\/base-rubber\/base-rubber-hanna-12-15ml\/#breadcrumb\",\"itemListElement\":[{\"@type\":\"ListItem\",\"position\":1,\"name\":\"Portada\",\"item\":\"https:\/\/hannacosmetica.com\/\"},{\"@type\":\"ListItem\",\"position\":2,\"name\":\"Tienda\",\"item\":\"https:\/\/hannacosmetica.com\/shop\/\"},{\"@type\":\"ListItem\",\"position\":3,\"name\":\"Base Rubber Hanna15ml, 7 colores\"}]},{\"@type\":\"WebSite\",\"@id\":\"https:\/\/hannacosmetica.com\/#website\",\"url\":\"https:\/\/hannacosmetica.com\/\",\"name\":\"Hanna Cosm\u00e9tica\",\"description\":\"Tienda de productos u\u00f1as, bellezas y peluquer\u00edas\",\"publisher\":{\"@id\":\"https:\/\/hannacosmetica.com\/#organization\"},\"potentialAction\":[{\"@type\":\"SearchAction\",\"target\":{\"@type\":\"EntryPoint\",\"urlTemplate\":\"https:\/\/hannacosmetica.com\/?s={search_term_string}\"},\"query-input\":\"required name=search_term_string\"}],\"inLanguage\":\"fr-FR\"},{\"@type\":\"Organization\",\"@id\":\"https:\/\/hannacosmetica.com\/#organization\",\"name\":\"Hanna Cosm\u00e9tica\",\"url\":\"https:\/\/hannacosmetica.com\/\",\"logo\":{\"@type\":\"ImageObject\",\"inLanguage\":\"fr-FR\",\"@id\":\"https:\/\/hannacosmetica.com\/#\/schema\/logo\/image\/\",\"url\":\"https:\/\/hannacosmetica.com\/wp-content\/uploads\/2022\/07\/Logo-Joyeria-Femenino-Floral-Negro.png\",\"contentUrl\":\"https:\/\/hannacosmetica.com\/wp-content\/uploads\/2022\/07\/Logo-Joyeria-Femenino-Floral-Negro.png\",\"width\":361,\"height\":126,\"caption\":\"Hanna Cosm\u00e9tica\"},\"image\":{\"@id\":\"https:\/\/hannacosmetica.com\/#\/schema\/logo\/image\/\"}}]}<\/script>\n<!-- \/ Yoast SEO plugin. -->","yoast_head_json":{"title":"Base Rubber Hanna15ml, 7 colores - Hanna Cosm\u00e9tica","robots":{"index":"index","follow":"follow","max-snippet":"max-snippet:-1","max-image-preview":"max-image-preview:large","max-video-preview":"max-video-preview:-1"},"canonical":"https:\/\/hannacosmetica.com\/fr\/tienda\/hanna-exclusive\/base-rubber\/base-rubber-hanna-12-15ml\/","og_locale":"fr_FR","og_type":"article","og_title":"Base Rubber Hanna15ml, 7 colores - Hanna Cosm\u00e9tica","og_description":"\u00a0La Rubber Base de HANNA\u00a0 es m\u00e1s espesa que la consistencia habitual de otras bases de esmalte de gel, lo que le&hellip;","og_url":"https:\/\/hannacosmetica.com\/fr\/tienda\/hanna-exclusive\/base-rubber\/base-rubber-hanna-12-15ml\/","og_site_name":"Hanna Cosm\u00e9tica","article_modified_time":"2026-03-18T15:46:40+00:00","og_image":[{"width":1469,"height":1313,"url":"https:\/\/hannacosmetica.com\/wp-content\/uploads\/2026\/03\/320E-53.png","type":"image\/png"}],"twitter_card":"summary_large_image","schema":{"@context":"https:\/\/schema.org","@graph":[{"@type":"WebPage","@id":"https:\/\/hannacosmetica.com\/tienda\/hanna-exclusive\/base-rubber\/base-rubber-hanna-12-15ml\/","url":"https:\/\/hannacosmetica.com\/tienda\/hanna-exclusive\/base-rubber\/base-rubber-hanna-12-15ml\/","name":"Base Rubber Hanna15ml, 7 colores - Hanna Cosm\u00e9tica","isPartOf":{"@id":"https:\/\/hannacosmetica.com\/#website"},"datePublished":"2025-01-22T11:54:14+00:00","dateModified":"2026-03-18T15:46:40+00:00","breadcrumb":{"@id":"https:\/\/hannacosmetica.com\/tienda\/hanna-exclusive\/base-rubber\/base-rubber-hanna-12-15ml\/#breadcrumb"},"inLanguage":"fr-FR","potentialAction":[{"@type":"ReadAction","target":["https:\/\/hannacosmetica.com\/tienda\/hanna-exclusive\/base-rubber\/base-rubber-hanna-12-15ml\/"]}]},{"@type":"BreadcrumbList","@id":"https:\/\/hannacosmetica.com\/tienda\/hanna-exclusive\/base-rubber\/base-rubber-hanna-12-15ml\/#breadcrumb","itemListElement":[{"@type":"ListItem","position":1,"name":"Portada","item":"https:\/\/hannacosmetica.com\/"},{"@type":"ListItem","position":2,"name":"Tienda","item":"https:\/\/hannacosmetica.com\/shop\/"},{"@type":"ListItem","position":3,"name":"Base Rubber Hanna15ml, 7 colores"}]},{"@type":"WebSite","@id":"https:\/\/hannacosmetica.com\/#website","url":"https:\/\/hannacosmetica.com\/","name":"Hanna Cosm\u00e9tica","description":"Tienda de productos u\u00f1as, bellezas y peluquer\u00edas","publisher":{"@id":"https:\/\/hannacosmetica.com\/#organization"},"potentialAction":[{"@type":"SearchAction","target":{"@type":"EntryPoint","urlTemplate":"https:\/\/hannacosmetica.com\/?s={search_term_string}"},"query-input":"required name=search_term_string"}],"inLanguage":"fr-FR"},{"@type":"Organization","@id":"https:\/\/hannacosmetica.com\/#organization","name":"Hanna Cosm\u00e9tica","url":"https:\/\/hannacosmetica.com\/","logo":{"@type":"ImageObject","inLanguage":"fr-FR","@id":"https:\/\/hannacosmetica.com\/#\/schema\/logo\/image\/","url":"https:\/\/hannacosmetica.com\/wp-content\/uploads\/2022\/07\/Logo-Joyeria-Femenino-Floral-Negro.png","contentUrl":"https:\/\/hannacosmetica.com\/wp-content\/uploads\/2022\/07\/Logo-Joyeria-Femenino-Floral-Negro.png","width":361,"height":126,"caption":"Hanna Cosm\u00e9tica"},"image":{"@id":"https:\/\/hannacosmetica.com\/#\/schema\/logo\/image\/"}}]}},"_links":{"self":[{"href":"https:\/\/hannacosmetica.com\/fr\/wp-json\/wp\/v2\/product\/19036"}],"collection":[{"href":"https:\/\/hannacosmetica.com\/fr\/wp-json\/wp\/v2\/product"}],"about":[{"href":"https:\/\/hannacosmetica.com\/fr\/wp-json\/wp\/v2\/types\/product"}],"replies":[{"embeddable":true,"href":"https:\/\/hannacosmetica.com\/fr\/wp-json\/wp\/v2\/comments?post=19036"}],"version-history":[{"count":3,"href":"https:\/\/hannacosmetica.com\/fr\/wp-json\/wp\/v2\/product\/19036\/revisions"}],"predecessor-version":[{"id":21202,"href":"https:\/\/hannacosmetica.com\/fr\/wp-json\/wp\/v2\/product\/19036\/revisions\/21202"}],"wp:featuredmedia":[{"embeddable":true,"href":"https:\/\/hannacosmetica.com\/fr\/wp-json\/wp\/v2\/media\/22842"}],"wp:attachment":[{"href":"https:\/\/hannacosmetica.com\/fr\/wp-json\/wp\/v2\/media?parent=19036"}],"wp:term":[{"taxonomy":"product_cat","embeddable":true,"href":"https:\/\/hannacosmetica.com\/fr\/wp-json\/wp\/v2\/product_cat?post=19036"},{"taxonomy":"product_tag","embeddable":true,"href":"https:\/\/hannacosmetica.com\/fr\/wp-json\/wp\/v2\/product_tag?post=19036"}],"curies":[{"name":"wp","href":"https:\/\/api.w.org\/{rel}","templated":true}]}}