{"id":18989,"date":"2025-01-06T16:29:40","date_gmt":"2025-01-06T16:29:40","guid":{"rendered":"https:\/\/hannacosmetica.com\/?post_type=product&#038;p=18989"},"modified":"2025-01-06T16:59:39","modified_gmt":"2025-01-06T16:59:39","slug":"kit-de-gel-30pcs","status":"publish","type":"product","link":"https:\/\/hannacosmetica.com\/fr\/tienda\/manicura\/kit-de-gel-30pcs\/","title":{"rendered":"KIT DE GEL 30PCS"},"content":{"rendered":"<p>KIT DE 30 PCS PAR A INICIACION, CURSOS DE ACADEMIAS O REGALO.<\/p>\n<p>UNCLUYE:<\/p>\n<p>1 PAQUETE CELULOSAS 1000 UNIDADES<\/p>\n<p>1 ALICATE HANNA<\/p>\n<p>1 LIMA 100\/100 HANNA<\/p>\n<p>1 LIOMA 100\/120 HANNA<\/p>\n<p>1 EMPUJADOR<\/p>\n<p>2 GEL 10G<\/p>\n<p>1 ESMALTE\u00a0 ROSA FRANCESA<\/p>\n<p>1 ESMALTE BLANCO<\/p>\n<p>1 PAR DE SEPARADORES DE DEDO<\/p>\n<p>2 PEGATINAS (DISE\u00d1OS ELEJIDOS AL AZAR )<\/p>\n<p>6\u00a0 UNIDADES DE DECORACIONES\u00a0 (ELEJIDAS AL AZAR)<\/p>\n<p>1 CAJA DE TIPS XXL\u00a0 (LA FORMA PODRIA VARIAR)<\/p>\n<p>1 BASE COAT<\/p>\n<p>1 TOP COAT<\/p>\n<p>1 ACEITE DE CUTICULA EN BOLI ( FRAGANCIA VARIABLE)<\/p>\n<p>1 CORTAS TIPS<\/p>\n<p>1 PINCEL FINO DE DIBUJO<\/p>\n<p>1 PINCEL DE GEL<\/p>\n<p>2 UNIDADES DE PEGAMENTO DE TIPS<\/p>\n<p>1 CEPILLO PEQUE\u00d1O<\/p>\n<p>1 LIMPIA PINCELES DE\u00a0 160 ML<\/p>\n<p>1 CAJA DE TIPS XXL\u00a0 DE\u00a0 240 UNIDADES<\/p>\n<p>ALGUNOS DE LOS PRODUCTOS SON ELEGIDOS ALEATORIAMENTE Y PUEDEN VARIAR\u00a0 SU DISE\u00d1O Y COLOR<\/p>\n<p>&nbsp;<\/p>","protected":false},"excerpt":{"rendered":"<p>KIT DE 30 PCS PAR A INICIACION, CURSOS DE ACADEMIAS O REGALO. UNCLUYE: 1 PAQUETE CELULOSAS 1000 UNIDADES 1 ALICATE HANNA 1&hellip;<\/p>","protected":false},"featured_media":18990,"comment_status":"open","ping_status":"closed","template":"","meta":[],"product_cat":[304,82,87],"product_tag":[],"yoast_head":"<!-- This site is optimized with the Yoast SEO plugin v19.9 - https:\/\/yoast.com\/wordpress\/plugins\/seo\/ -->\n<title>KIT DE GEL 30PCS - Hanna Cosm\u00e9tica<\/title>\n<meta name=\"robots\" content=\"index, follow, max-snippet:-1, max-image-preview:large, max-video-preview:-1\" \/>\n<link rel=\"canonical\" href=\"https:\/\/hannacosmetica.com\/fr\/tienda\/manicura\/kit-de-gel-30pcs\/\" \/>\n<meta property=\"og:locale\" content=\"fr_FR\" \/>\n<meta property=\"og:type\" content=\"article\" \/>\n<meta property=\"og:title\" content=\"KIT DE GEL 30PCS - Hanna Cosm\u00e9tica\" \/>\n<meta property=\"og:description\" content=\"KIT DE 30 PCS PAR A INICIACION, CURSOS DE ACADEMIAS O REGALO. UNCLUYE: 1 PAQUETE CELULOSAS 1000 UNIDADES 1 ALICATE HANNA 1&hellip;\" \/>\n<meta property=\"og:url\" content=\"https:\/\/hannacosmetica.com\/fr\/tienda\/manicura\/kit-de-gel-30pcs\/\" \/>\n<meta property=\"og:site_name\" content=\"Hanna Cosm\u00e9tica\" \/>\n<meta property=\"article:modified_time\" content=\"2025-01-06T16:59:39+00:00\" \/>\n<meta property=\"og:image\" content=\"https:\/\/hannacosmetica.com\/wp-content\/uploads\/2025\/01\/HANNA-760x665.png\" \/>\n\t<meta property=\"og:image:width\" content=\"760\" \/>\n\t<meta property=\"og:image:height\" content=\"665\" \/>\n\t<meta property=\"og:image:type\" content=\"image\/png\" \/>\n<meta name=\"twitter:card\" content=\"summary_large_image\" \/>\n<script type=\"application\/ld+json\" class=\"yoast-schema-graph\">{\"@context\":\"https:\/\/schema.org\",\"@graph\":[{\"@type\":\"WebPage\",\"@id\":\"https:\/\/hannacosmetica.com\/tienda\/manicura\/kit-de-gel-30pcs\/\",\"url\":\"https:\/\/hannacosmetica.com\/tienda\/manicura\/kit-de-gel-30pcs\/\",\"name\":\"KIT DE GEL 30PCS - Hanna Cosm\u00e9tica\",\"isPartOf\":{\"@id\":\"https:\/\/hannacosmetica.com\/#website\"},\"datePublished\":\"2025-01-06T16:29:40+00:00\",\"dateModified\":\"2025-01-06T16:59:39+00:00\",\"breadcrumb\":{\"@id\":\"https:\/\/hannacosmetica.com\/tienda\/manicura\/kit-de-gel-30pcs\/#breadcrumb\"},\"inLanguage\":\"fr-FR\",\"potentialAction\":[{\"@type\":\"ReadAction\",\"target\":[\"https:\/\/hannacosmetica.com\/tienda\/manicura\/kit-de-gel-30pcs\/\"]}]},{\"@type\":\"BreadcrumbList\",\"@id\":\"https:\/\/hannacosmetica.com\/tienda\/manicura\/kit-de-gel-30pcs\/#breadcrumb\",\"itemListElement\":[{\"@type\":\"ListItem\",\"position\":1,\"name\":\"Portada\",\"item\":\"https:\/\/hannacosmetica.com\/\"},{\"@type\":\"ListItem\",\"position\":2,\"name\":\"Tienda\",\"item\":\"https:\/\/hannacosmetica.com\/shop\/\"},{\"@type\":\"ListItem\",\"position\":3,\"name\":\"KIT DE GEL 30PCS\"}]},{\"@type\":\"WebSite\",\"@id\":\"https:\/\/hannacosmetica.com\/#website\",\"url\":\"https:\/\/hannacosmetica.com\/\",\"name\":\"Hanna Cosm\u00e9tica\",\"description\":\"Tienda de productos u\u00f1as, bellezas y peluquer\u00edas\",\"publisher\":{\"@id\":\"https:\/\/hannacosmetica.com\/#organization\"},\"potentialAction\":[{\"@type\":\"SearchAction\",\"target\":{\"@type\":\"EntryPoint\",\"urlTemplate\":\"https:\/\/hannacosmetica.com\/?s={search_term_string}\"},\"query-input\":\"required name=search_term_string\"}],\"inLanguage\":\"fr-FR\"},{\"@type\":\"Organization\",\"@id\":\"https:\/\/hannacosmetica.com\/#organization\",\"name\":\"Hanna Cosm\u00e9tica\",\"url\":\"https:\/\/hannacosmetica.com\/\",\"logo\":{\"@type\":\"ImageObject\",\"inLanguage\":\"fr-FR\",\"@id\":\"https:\/\/hannacosmetica.com\/#\/schema\/logo\/image\/\",\"url\":\"https:\/\/hannacosmetica.com\/wp-content\/uploads\/2022\/07\/Logo-Joyeria-Femenino-Floral-Negro.png\",\"contentUrl\":\"https:\/\/hannacosmetica.com\/wp-content\/uploads\/2022\/07\/Logo-Joyeria-Femenino-Floral-Negro.png\",\"width\":361,\"height\":126,\"caption\":\"Hanna Cosm\u00e9tica\"},\"image\":{\"@id\":\"https:\/\/hannacosmetica.com\/#\/schema\/logo\/image\/\"}}]}<\/script>\n<!-- \/ Yoast SEO plugin. -->","yoast_head_json":{"title":"KIT DE GEL 30PCS - Hanna Cosm\u00e9tica","robots":{"index":"index","follow":"follow","max-snippet":"max-snippet:-1","max-image-preview":"max-image-preview:large","max-video-preview":"max-video-preview:-1"},"canonical":"https:\/\/hannacosmetica.com\/fr\/tienda\/manicura\/kit-de-gel-30pcs\/","og_locale":"fr_FR","og_type":"article","og_title":"KIT DE GEL 30PCS - Hanna Cosm\u00e9tica","og_description":"KIT DE 30 PCS PAR A INICIACION, CURSOS DE ACADEMIAS O REGALO. UNCLUYE: 1 PAQUETE CELULOSAS 1000 UNIDADES 1 ALICATE HANNA 1&hellip;","og_url":"https:\/\/hannacosmetica.com\/fr\/tienda\/manicura\/kit-de-gel-30pcs\/","og_site_name":"Hanna Cosm\u00e9tica","article_modified_time":"2025-01-06T16:59:39+00:00","og_image":[{"width":760,"height":665,"url":"https:\/\/hannacosmetica.com\/wp-content\/uploads\/2025\/01\/HANNA-760x665.png","type":"image\/png"}],"twitter_card":"summary_large_image","schema":{"@context":"https:\/\/schema.org","@graph":[{"@type":"WebPage","@id":"https:\/\/hannacosmetica.com\/tienda\/manicura\/kit-de-gel-30pcs\/","url":"https:\/\/hannacosmetica.com\/tienda\/manicura\/kit-de-gel-30pcs\/","name":"KIT DE GEL 30PCS - Hanna Cosm\u00e9tica","isPartOf":{"@id":"https:\/\/hannacosmetica.com\/#website"},"datePublished":"2025-01-06T16:29:40+00:00","dateModified":"2025-01-06T16:59:39+00:00","breadcrumb":{"@id":"https:\/\/hannacosmetica.com\/tienda\/manicura\/kit-de-gel-30pcs\/#breadcrumb"},"inLanguage":"fr-FR","potentialAction":[{"@type":"ReadAction","target":["https:\/\/hannacosmetica.com\/tienda\/manicura\/kit-de-gel-30pcs\/"]}]},{"@type":"BreadcrumbList","@id":"https:\/\/hannacosmetica.com\/tienda\/manicura\/kit-de-gel-30pcs\/#breadcrumb","itemListElement":[{"@type":"ListItem","position":1,"name":"Portada","item":"https:\/\/hannacosmetica.com\/"},{"@type":"ListItem","position":2,"name":"Tienda","item":"https:\/\/hannacosmetica.com\/shop\/"},{"@type":"ListItem","position":3,"name":"KIT DE GEL 30PCS"}]},{"@type":"WebSite","@id":"https:\/\/hannacosmetica.com\/#website","url":"https:\/\/hannacosmetica.com\/","name":"Hanna Cosm\u00e9tica","description":"Tienda de productos u\u00f1as, bellezas y peluquer\u00edas","publisher":{"@id":"https:\/\/hannacosmetica.com\/#organization"},"potentialAction":[{"@type":"SearchAction","target":{"@type":"EntryPoint","urlTemplate":"https:\/\/hannacosmetica.com\/?s={search_term_string}"},"query-input":"required name=search_term_string"}],"inLanguage":"fr-FR"},{"@type":"Organization","@id":"https:\/\/hannacosmetica.com\/#organization","name":"Hanna Cosm\u00e9tica","url":"https:\/\/hannacosmetica.com\/","logo":{"@type":"ImageObject","inLanguage":"fr-FR","@id":"https:\/\/hannacosmetica.com\/#\/schema\/logo\/image\/","url":"https:\/\/hannacosmetica.com\/wp-content\/uploads\/2022\/07\/Logo-Joyeria-Femenino-Floral-Negro.png","contentUrl":"https:\/\/hannacosmetica.com\/wp-content\/uploads\/2022\/07\/Logo-Joyeria-Femenino-Floral-Negro.png","width":361,"height":126,"caption":"Hanna Cosm\u00e9tica"},"image":{"@id":"https:\/\/hannacosmetica.com\/#\/schema\/logo\/image\/"}}]}},"_links":{"self":[{"href":"https:\/\/hannacosmetica.com\/fr\/wp-json\/wp\/v2\/product\/18989"}],"collection":[{"href":"https:\/\/hannacosmetica.com\/fr\/wp-json\/wp\/v2\/product"}],"about":[{"href":"https:\/\/hannacosmetica.com\/fr\/wp-json\/wp\/v2\/types\/product"}],"replies":[{"embeddable":true,"href":"https:\/\/hannacosmetica.com\/fr\/wp-json\/wp\/v2\/comments?post=18989"}],"version-history":[{"count":1,"href":"https:\/\/hannacosmetica.com\/fr\/wp-json\/wp\/v2\/product\/18989\/revisions"}],"predecessor-version":[{"id":18991,"href":"https:\/\/hannacosmetica.com\/fr\/wp-json\/wp\/v2\/product\/18989\/revisions\/18991"}],"wp:featuredmedia":[{"embeddable":true,"href":"https:\/\/hannacosmetica.com\/fr\/wp-json\/wp\/v2\/media\/18990"}],"wp:attachment":[{"href":"https:\/\/hannacosmetica.com\/fr\/wp-json\/wp\/v2\/media?parent=18989"}],"wp:term":[{"taxonomy":"product_cat","embeddable":true,"href":"https:\/\/hannacosmetica.com\/fr\/wp-json\/wp\/v2\/product_cat?post=18989"},{"taxonomy":"product_tag","embeddable":true,"href":"https:\/\/hannacosmetica.com\/fr\/wp-json\/wp\/v2\/product_tag?post=18989"}],"curies":[{"name":"wp","href":"https:\/\/api.w.org\/{rel}","templated":true}]}}