{"id":18925,"date":"2024-12-02T16:55:18","date_gmt":"2024-12-02T16:55:18","guid":{"rendered":"https:\/\/hannacosmetica.com\/?post_type=product&#038;p=18925"},"modified":"2024-12-02T16:55:37","modified_gmt":"2024-12-02T16:55:37","slug":"iman-para-ojo-de-gato","status":"publish","type":"product","link":"https:\/\/hannacosmetica.com\/fr\/tienda\/manicura\/complementos\/iman-para-ojo-de-gato\/","title":{"rendered":"Iman para  Ojo de gato."},"content":{"rendered":"<ul class=\"a-unordered-list a-vertical a-spacing-mini\">\n<li class=\"a-spacing-mini\"><span class=\"a-list-item\">Nuevo dise\u00f1o: el im\u00e1n hexagonal de ojo de gato redise\u00f1ado te permite controlar mejor la barra magn\u00e9tica y te ayuda a hacer una mejor manicura de ojos de gato (Nota: solo dos extremos son magn\u00e9ticos, el centro no es magn\u00e9tico)<\/span><\/li>\n<li class=\"a-spacing-mini\"><span class=\"a-list-item\">Im\u00e1n de ojo de gato eficiente: el im\u00e1n de ojo de gato tiene un fuerte magnetismo en ambos extremos, que puede atraer f\u00e1cilmente las part\u00edculas en el esmalte de u\u00f1as de gel magn\u00e9tico para crear diferentes patrones de manicura profesionales en las puntas de las u\u00f1as. El magnetismo s\u00faper fuerte te permite lograr f\u00e1cilmente el efecto de ojo de gato en 5-10 segundos. (Nota: esta herramienta debe usarse con gel de pulido de ojos de gato)<\/span><\/li>\n<li class=\"a-spacing-mini\"><span class=\"a-list-item\">Alta calidad: con nuevos materiales magn\u00e9ticos y tecnolog\u00eda de fabricaci\u00f3n, es f\u00e1cil de usar, seguro y duradero, y es la mejor opci\u00f3n para jugadores principiantes y manicura profesional.<\/span><\/li>\n<li class=\"a-spacing-mini\"><span class=\"a-list-item\">F\u00e1cil de usar. Paso 1: aplica el esmalte de u\u00f1as de gel de ojo de gato. Paso 2: coloca el im\u00e1n en la u\u00f1a durante 10 \u2013 15 segundos para efecto ojo de gato (coloca el im\u00e1n en el lado de la u\u00f1a, pero no toques la superficie de la u\u00f1a). Paso 3: Aplicar inmediatamente una luz UV durante 2 minutos o una luz LED durante 60 segundos.<\/span><\/li>\n<li class=\"a-spacing-mini\"><span class=\"a-list-item\">F\u00e1cil de transportar: el peque\u00f1o tama\u00f1o del im\u00e1n de ojo de gato es f\u00e1cil de transportar y almacenar, es una buena opci\u00f3n para los amantes de las u\u00f1as, adecuado para bricolaje personal, sal\u00f3n de u\u00f1as .<\/span><\/li>\n<\/ul>","protected":false},"excerpt":{"rendered":"<p>Nuevo dise\u00f1o: el im\u00e1n hexagonal de ojo de gato redise\u00f1ado te permite controlar mejor la barra magn\u00e9tica y te ayuda a hacer&hellip;<\/p>","protected":false},"featured_media":18926,"comment_status":"open","ping_status":"closed","template":"","meta":[],"product_cat":[304,82,101,87],"product_tag":[],"yoast_head":"<!-- This site is optimized with the Yoast SEO plugin v19.9 - https:\/\/yoast.com\/wordpress\/plugins\/seo\/ -->\n<title>Iman para Ojo de gato. - Hanna Cosm\u00e9tica<\/title>\n<meta name=\"robots\" content=\"index, follow, max-snippet:-1, max-image-preview:large, max-video-preview:-1\" \/>\n<link rel=\"canonical\" href=\"https:\/\/hannacosmetica.com\/fr\/tienda\/manicura\/complementos\/iman-para-ojo-de-gato\/\" \/>\n<meta property=\"og:locale\" content=\"fr_FR\" \/>\n<meta property=\"og:type\" content=\"article\" \/>\n<meta property=\"og:title\" content=\"Iman para Ojo de gato. - Hanna Cosm\u00e9tica\" \/>\n<meta property=\"og:description\" content=\"Nuevo dise\u00f1o: el im\u00e1n hexagonal de ojo de gato redise\u00f1ado te permite controlar mejor la barra magn\u00e9tica y te ayuda a hacer&hellip;\" \/>\n<meta property=\"og:url\" content=\"https:\/\/hannacosmetica.com\/fr\/tienda\/manicura\/complementos\/iman-para-ojo-de-gato\/\" \/>\n<meta property=\"og:site_name\" content=\"Hanna Cosm\u00e9tica\" \/>\n<meta property=\"article:modified_time\" content=\"2024-12-02T16:55:37+00:00\" \/>\n<meta property=\"og:image\" content=\"https:\/\/hannacosmetica.com\/wp-content\/uploads\/2024\/12\/Sin-titulo-480-x-420-px-43.png\" \/>\n\t<meta property=\"og:image:width\" content=\"1500\" \/>\n\t<meta property=\"og:image:height\" content=\"1313\" \/>\n\t<meta property=\"og:image:type\" content=\"image\/png\" \/>\n<meta name=\"twitter:card\" content=\"summary_large_image\" \/>\n<script type=\"application\/ld+json\" class=\"yoast-schema-graph\">{\"@context\":\"https:\/\/schema.org\",\"@graph\":[{\"@type\":\"WebPage\",\"@id\":\"https:\/\/hannacosmetica.com\/tienda\/manicura\/complementos\/iman-para-ojo-de-gato\/\",\"url\":\"https:\/\/hannacosmetica.com\/tienda\/manicura\/complementos\/iman-para-ojo-de-gato\/\",\"name\":\"Iman para Ojo de gato. - Hanna Cosm\u00e9tica\",\"isPartOf\":{\"@id\":\"https:\/\/hannacosmetica.com\/#website\"},\"datePublished\":\"2024-12-02T16:55:18+00:00\",\"dateModified\":\"2024-12-02T16:55:37+00:00\",\"breadcrumb\":{\"@id\":\"https:\/\/hannacosmetica.com\/tienda\/manicura\/complementos\/iman-para-ojo-de-gato\/#breadcrumb\"},\"inLanguage\":\"fr-FR\",\"potentialAction\":[{\"@type\":\"ReadAction\",\"target\":[\"https:\/\/hannacosmetica.com\/tienda\/manicura\/complementos\/iman-para-ojo-de-gato\/\"]}]},{\"@type\":\"BreadcrumbList\",\"@id\":\"https:\/\/hannacosmetica.com\/tienda\/manicura\/complementos\/iman-para-ojo-de-gato\/#breadcrumb\",\"itemListElement\":[{\"@type\":\"ListItem\",\"position\":1,\"name\":\"Portada\",\"item\":\"https:\/\/hannacosmetica.com\/\"},{\"@type\":\"ListItem\",\"position\":2,\"name\":\"Tienda\",\"item\":\"https:\/\/hannacosmetica.com\/shop\/\"},{\"@type\":\"ListItem\",\"position\":3,\"name\":\"Iman para Ojo de gato.\"}]},{\"@type\":\"WebSite\",\"@id\":\"https:\/\/hannacosmetica.com\/#website\",\"url\":\"https:\/\/hannacosmetica.com\/\",\"name\":\"Hanna Cosm\u00e9tica\",\"description\":\"Tienda de productos u\u00f1as, bellezas y peluquer\u00edas\",\"publisher\":{\"@id\":\"https:\/\/hannacosmetica.com\/#organization\"},\"potentialAction\":[{\"@type\":\"SearchAction\",\"target\":{\"@type\":\"EntryPoint\",\"urlTemplate\":\"https:\/\/hannacosmetica.com\/?s={search_term_string}\"},\"query-input\":\"required name=search_term_string\"}],\"inLanguage\":\"fr-FR\"},{\"@type\":\"Organization\",\"@id\":\"https:\/\/hannacosmetica.com\/#organization\",\"name\":\"Hanna Cosm\u00e9tica\",\"url\":\"https:\/\/hannacosmetica.com\/\",\"logo\":{\"@type\":\"ImageObject\",\"inLanguage\":\"fr-FR\",\"@id\":\"https:\/\/hannacosmetica.com\/#\/schema\/logo\/image\/\",\"url\":\"https:\/\/hannacosmetica.com\/wp-content\/uploads\/2022\/07\/Logo-Joyeria-Femenino-Floral-Negro.png\",\"contentUrl\":\"https:\/\/hannacosmetica.com\/wp-content\/uploads\/2022\/07\/Logo-Joyeria-Femenino-Floral-Negro.png\",\"width\":361,\"height\":126,\"caption\":\"Hanna Cosm\u00e9tica\"},\"image\":{\"@id\":\"https:\/\/hannacosmetica.com\/#\/schema\/logo\/image\/\"}}]}<\/script>\n<!-- \/ Yoast SEO plugin. -->","yoast_head_json":{"title":"Iman para Ojo de gato. - Hanna Cosm\u00e9tica","robots":{"index":"index","follow":"follow","max-snippet":"max-snippet:-1","max-image-preview":"max-image-preview:large","max-video-preview":"max-video-preview:-1"},"canonical":"https:\/\/hannacosmetica.com\/fr\/tienda\/manicura\/complementos\/iman-para-ojo-de-gato\/","og_locale":"fr_FR","og_type":"article","og_title":"Iman para Ojo de gato. - Hanna Cosm\u00e9tica","og_description":"Nuevo dise\u00f1o: el im\u00e1n hexagonal de ojo de gato redise\u00f1ado te permite controlar mejor la barra magn\u00e9tica y te ayuda a hacer&hellip;","og_url":"https:\/\/hannacosmetica.com\/fr\/tienda\/manicura\/complementos\/iman-para-ojo-de-gato\/","og_site_name":"Hanna Cosm\u00e9tica","article_modified_time":"2024-12-02T16:55:37+00:00","og_image":[{"width":1500,"height":1313,"url":"https:\/\/hannacosmetica.com\/wp-content\/uploads\/2024\/12\/Sin-titulo-480-x-420-px-43.png","type":"image\/png"}],"twitter_card":"summary_large_image","schema":{"@context":"https:\/\/schema.org","@graph":[{"@type":"WebPage","@id":"https:\/\/hannacosmetica.com\/tienda\/manicura\/complementos\/iman-para-ojo-de-gato\/","url":"https:\/\/hannacosmetica.com\/tienda\/manicura\/complementos\/iman-para-ojo-de-gato\/","name":"Iman para Ojo de gato. - Hanna Cosm\u00e9tica","isPartOf":{"@id":"https:\/\/hannacosmetica.com\/#website"},"datePublished":"2024-12-02T16:55:18+00:00","dateModified":"2024-12-02T16:55:37+00:00","breadcrumb":{"@id":"https:\/\/hannacosmetica.com\/tienda\/manicura\/complementos\/iman-para-ojo-de-gato\/#breadcrumb"},"inLanguage":"fr-FR","potentialAction":[{"@type":"ReadAction","target":["https:\/\/hannacosmetica.com\/tienda\/manicura\/complementos\/iman-para-ojo-de-gato\/"]}]},{"@type":"BreadcrumbList","@id":"https:\/\/hannacosmetica.com\/tienda\/manicura\/complementos\/iman-para-ojo-de-gato\/#breadcrumb","itemListElement":[{"@type":"ListItem","position":1,"name":"Portada","item":"https:\/\/hannacosmetica.com\/"},{"@type":"ListItem","position":2,"name":"Tienda","item":"https:\/\/hannacosmetica.com\/shop\/"},{"@type":"ListItem","position":3,"name":"Iman para Ojo de gato."}]},{"@type":"WebSite","@id":"https:\/\/hannacosmetica.com\/#website","url":"https:\/\/hannacosmetica.com\/","name":"Hanna Cosm\u00e9tica","description":"Tienda de productos u\u00f1as, bellezas y peluquer\u00edas","publisher":{"@id":"https:\/\/hannacosmetica.com\/#organization"},"potentialAction":[{"@type":"SearchAction","target":{"@type":"EntryPoint","urlTemplate":"https:\/\/hannacosmetica.com\/?s={search_term_string}"},"query-input":"required name=search_term_string"}],"inLanguage":"fr-FR"},{"@type":"Organization","@id":"https:\/\/hannacosmetica.com\/#organization","name":"Hanna Cosm\u00e9tica","url":"https:\/\/hannacosmetica.com\/","logo":{"@type":"ImageObject","inLanguage":"fr-FR","@id":"https:\/\/hannacosmetica.com\/#\/schema\/logo\/image\/","url":"https:\/\/hannacosmetica.com\/wp-content\/uploads\/2022\/07\/Logo-Joyeria-Femenino-Floral-Negro.png","contentUrl":"https:\/\/hannacosmetica.com\/wp-content\/uploads\/2022\/07\/Logo-Joyeria-Femenino-Floral-Negro.png","width":361,"height":126,"caption":"Hanna Cosm\u00e9tica"},"image":{"@id":"https:\/\/hannacosmetica.com\/#\/schema\/logo\/image\/"}}]}},"_links":{"self":[{"href":"https:\/\/hannacosmetica.com\/fr\/wp-json\/wp\/v2\/product\/18925"}],"collection":[{"href":"https:\/\/hannacosmetica.com\/fr\/wp-json\/wp\/v2\/product"}],"about":[{"href":"https:\/\/hannacosmetica.com\/fr\/wp-json\/wp\/v2\/types\/product"}],"replies":[{"embeddable":true,"href":"https:\/\/hannacosmetica.com\/fr\/wp-json\/wp\/v2\/comments?post=18925"}],"version-history":[{"count":2,"href":"https:\/\/hannacosmetica.com\/fr\/wp-json\/wp\/v2\/product\/18925\/revisions"}],"predecessor-version":[{"id":18934,"href":"https:\/\/hannacosmetica.com\/fr\/wp-json\/wp\/v2\/product\/18925\/revisions\/18934"}],"wp:featuredmedia":[{"embeddable":true,"href":"https:\/\/hannacosmetica.com\/fr\/wp-json\/wp\/v2\/media\/18926"}],"wp:attachment":[{"href":"https:\/\/hannacosmetica.com\/fr\/wp-json\/wp\/v2\/media?parent=18925"}],"wp:term":[{"taxonomy":"product_cat","embeddable":true,"href":"https:\/\/hannacosmetica.com\/fr\/wp-json\/wp\/v2\/product_cat?post=18925"},{"taxonomy":"product_tag","embeddable":true,"href":"https:\/\/hannacosmetica.com\/fr\/wp-json\/wp\/v2\/product_tag?post=18925"}],"curies":[{"name":"wp","href":"https:\/\/api.w.org\/{rel}","templated":true}]}}