{"id":18468,"date":"2024-10-08T09:51:13","date_gmt":"2024-10-08T09:51:13","guid":{"rendered":"https:\/\/hannacosmetica.com\/?post_type=product&#038;p=18468"},"modified":"2026-01-16T16:39:15","modified_gmt":"2026-01-16T16:39:15","slug":"cuchilla-de-durezas-micra-100-u","status":"publish","type":"product","link":"https:\/\/hannacosmetica.com\/fr\/tienda\/hanna-exclusive\/complementos-hanna-exclusive\/cuchilla-de-durezas-micra-100-u\/","title":{"rendered":"Cuchilla  de Durezas Micra 100\/u"},"content":{"rendered":"<ul class=\"a-unordered-list a-vertical a-spacing-mini\">\n<li class=\"a-spacing-mini\"><span class=\"a-list-item\">Hojas profesionales para eliminar callosidades: estas cuchillas profesionales para eliminar callos est\u00e1n hechas de acero inoxidable pulido, no se oxidan, no se deforman. Ser\u00e1n la mejor opci\u00f3n. Haz el cuidado de los pies en el hogar como un profesional.<\/span><\/li>\n<li class=\"a-spacing-mini\"><span class=\"a-list-item\">100 hojas para cortacallos: 100 hojas de repuesto para cuchilla cortacallos. Podr\u00e1s cuidar de tus pies en casa como un profesional y tendr\u00e1s una cantidad suficiente para satisfacer tus necesidades de repuestos.<\/span><\/li>\n<li class=\"a-spacing-mini\"><span class=\"a-list-item\">Ahorra tiempo y dinero: con estas hojas profesionales para eliminar callos. Podr\u00e1s cuidar tus pies de manera regular con este gran producto que dejar\u00e1 tus pies m\u00e1s lisos, suaves y hermosos. Cuidado de pies sin acudir a salones de pedicura; lo que supone un ahorro de tiempo y dinero. \u00a1Te lo mereces!<\/span><\/li>\n<li class=\"a-spacing-mini\"><span class=\"a-list-item\">Gran variedad de usos y f\u00e1cil almacenamiento: estas hojas son adecuadas para todo tipo de cortacallos. Vienen en una caja f\u00e1cil de transportar y almacenar, son f\u00e1ciles de cambiar para herramientas de cuidado de pies y pedicura. Te permiten cuidar de tus pies o manos en cualquier lugar y en cualquier momento, como viajes de ocio o de negocios.<\/span><\/li>\n<\/ul>","protected":false},"excerpt":{"rendered":"<p>Hojas profesionales para eliminar callosidades: estas cuchillas profesionales para eliminar callos est\u00e1n hechas de acero inoxidable pulido, no se oxidan, no se&hellip;<\/p>","protected":false},"featured_media":18469,"comment_status":"open","ping_status":"closed","template":"","meta":[],"product_cat":[462,304,82,101,84,115,87],"product_tag":[],"yoast_head":"<!-- This site is optimized with the Yoast SEO plugin v19.9 - https:\/\/yoast.com\/wordpress\/plugins\/seo\/ -->\n<title>Cuchilla de Durezas Micra 100\/u - Hanna Cosm\u00e9tica<\/title>\n<meta name=\"robots\" content=\"index, follow, max-snippet:-1, max-image-preview:large, max-video-preview:-1\" \/>\n<link rel=\"canonical\" href=\"https:\/\/hannacosmetica.com\/fr\/tienda\/hanna-exclusive\/complementos-hanna-exclusive\/cuchilla-de-durezas-micra-100-u\/\" \/>\n<meta property=\"og:locale\" content=\"fr_FR\" \/>\n<meta property=\"og:type\" content=\"article\" \/>\n<meta property=\"og:title\" content=\"Cuchilla de Durezas Micra 100\/u - Hanna Cosm\u00e9tica\" \/>\n<meta property=\"og:description\" content=\"Hojas profesionales para eliminar callosidades: estas cuchillas profesionales para eliminar callos est\u00e1n hechas de acero inoxidable pulido, no se oxidan, no se&hellip;\" \/>\n<meta property=\"og:url\" content=\"https:\/\/hannacosmetica.com\/fr\/tienda\/hanna-exclusive\/complementos-hanna-exclusive\/cuchilla-de-durezas-micra-100-u\/\" \/>\n<meta property=\"og:site_name\" content=\"Hanna Cosm\u00e9tica\" \/>\n<meta property=\"article:modified_time\" content=\"2026-01-16T16:39:15+00:00\" \/>\n<meta property=\"og:image\" content=\"https:\/\/hannacosmetica.com\/wp-content\/uploads\/2024\/10\/Sin-titulo-520-x-480-px-480-x-420-px-15.png\" \/>\n\t<meta property=\"og:image:width\" content=\"480\" \/>\n\t<meta property=\"og:image:height\" content=\"420\" \/>\n\t<meta property=\"og:image:type\" content=\"image\/png\" \/>\n<meta name=\"twitter:card\" content=\"summary_large_image\" \/>\n<script type=\"application\/ld+json\" class=\"yoast-schema-graph\">{\"@context\":\"https:\/\/schema.org\",\"@graph\":[{\"@type\":\"WebPage\",\"@id\":\"https:\/\/hannacosmetica.com\/tienda\/hanna-exclusive\/complementos-hanna-exclusive\/cuchilla-de-durezas-micra-100-u\/\",\"url\":\"https:\/\/hannacosmetica.com\/tienda\/hanna-exclusive\/complementos-hanna-exclusive\/cuchilla-de-durezas-micra-100-u\/\",\"name\":\"Cuchilla de Durezas Micra 100\/u - Hanna Cosm\u00e9tica\",\"isPartOf\":{\"@id\":\"https:\/\/hannacosmetica.com\/#website\"},\"datePublished\":\"2024-10-08T09:51:13+00:00\",\"dateModified\":\"2026-01-16T16:39:15+00:00\",\"breadcrumb\":{\"@id\":\"https:\/\/hannacosmetica.com\/tienda\/hanna-exclusive\/complementos-hanna-exclusive\/cuchilla-de-durezas-micra-100-u\/#breadcrumb\"},\"inLanguage\":\"fr-FR\",\"potentialAction\":[{\"@type\":\"ReadAction\",\"target\":[\"https:\/\/hannacosmetica.com\/tienda\/hanna-exclusive\/complementos-hanna-exclusive\/cuchilla-de-durezas-micra-100-u\/\"]}]},{\"@type\":\"BreadcrumbList\",\"@id\":\"https:\/\/hannacosmetica.com\/tienda\/hanna-exclusive\/complementos-hanna-exclusive\/cuchilla-de-durezas-micra-100-u\/#breadcrumb\",\"itemListElement\":[{\"@type\":\"ListItem\",\"position\":1,\"name\":\"Portada\",\"item\":\"https:\/\/hannacosmetica.com\/\"},{\"@type\":\"ListItem\",\"position\":2,\"name\":\"Tienda\",\"item\":\"https:\/\/hannacosmetica.com\/shop\/\"},{\"@type\":\"ListItem\",\"position\":3,\"name\":\"Cuchilla de Durezas Micra 100\/u\"}]},{\"@type\":\"WebSite\",\"@id\":\"https:\/\/hannacosmetica.com\/#website\",\"url\":\"https:\/\/hannacosmetica.com\/\",\"name\":\"Hanna Cosm\u00e9tica\",\"description\":\"Tienda de productos u\u00f1as, bellezas y peluquer\u00edas\",\"publisher\":{\"@id\":\"https:\/\/hannacosmetica.com\/#organization\"},\"potentialAction\":[{\"@type\":\"SearchAction\",\"target\":{\"@type\":\"EntryPoint\",\"urlTemplate\":\"https:\/\/hannacosmetica.com\/?s={search_term_string}\"},\"query-input\":\"required name=search_term_string\"}],\"inLanguage\":\"fr-FR\"},{\"@type\":\"Organization\",\"@id\":\"https:\/\/hannacosmetica.com\/#organization\",\"name\":\"Hanna Cosm\u00e9tica\",\"url\":\"https:\/\/hannacosmetica.com\/\",\"logo\":{\"@type\":\"ImageObject\",\"inLanguage\":\"fr-FR\",\"@id\":\"https:\/\/hannacosmetica.com\/#\/schema\/logo\/image\/\",\"url\":\"https:\/\/hannacosmetica.com\/wp-content\/uploads\/2022\/07\/Logo-Joyeria-Femenino-Floral-Negro.png\",\"contentUrl\":\"https:\/\/hannacosmetica.com\/wp-content\/uploads\/2022\/07\/Logo-Joyeria-Femenino-Floral-Negro.png\",\"width\":361,\"height\":126,\"caption\":\"Hanna Cosm\u00e9tica\"},\"image\":{\"@id\":\"https:\/\/hannacosmetica.com\/#\/schema\/logo\/image\/\"}}]}<\/script>\n<!-- \/ Yoast SEO plugin. -->","yoast_head_json":{"title":"Cuchilla de Durezas Micra 100\/u - Hanna Cosm\u00e9tica","robots":{"index":"index","follow":"follow","max-snippet":"max-snippet:-1","max-image-preview":"max-image-preview:large","max-video-preview":"max-video-preview:-1"},"canonical":"https:\/\/hannacosmetica.com\/fr\/tienda\/hanna-exclusive\/complementos-hanna-exclusive\/cuchilla-de-durezas-micra-100-u\/","og_locale":"fr_FR","og_type":"article","og_title":"Cuchilla de Durezas Micra 100\/u - Hanna Cosm\u00e9tica","og_description":"Hojas profesionales para eliminar callosidades: estas cuchillas profesionales para eliminar callos est\u00e1n hechas de acero inoxidable pulido, no se oxidan, no se&hellip;","og_url":"https:\/\/hannacosmetica.com\/fr\/tienda\/hanna-exclusive\/complementos-hanna-exclusive\/cuchilla-de-durezas-micra-100-u\/","og_site_name":"Hanna Cosm\u00e9tica","article_modified_time":"2026-01-16T16:39:15+00:00","og_image":[{"width":480,"height":420,"url":"https:\/\/hannacosmetica.com\/wp-content\/uploads\/2024\/10\/Sin-titulo-520-x-480-px-480-x-420-px-15.png","type":"image\/png"}],"twitter_card":"summary_large_image","schema":{"@context":"https:\/\/schema.org","@graph":[{"@type":"WebPage","@id":"https:\/\/hannacosmetica.com\/tienda\/hanna-exclusive\/complementos-hanna-exclusive\/cuchilla-de-durezas-micra-100-u\/","url":"https:\/\/hannacosmetica.com\/tienda\/hanna-exclusive\/complementos-hanna-exclusive\/cuchilla-de-durezas-micra-100-u\/","name":"Cuchilla de Durezas Micra 100\/u - Hanna Cosm\u00e9tica","isPartOf":{"@id":"https:\/\/hannacosmetica.com\/#website"},"datePublished":"2024-10-08T09:51:13+00:00","dateModified":"2026-01-16T16:39:15+00:00","breadcrumb":{"@id":"https:\/\/hannacosmetica.com\/tienda\/hanna-exclusive\/complementos-hanna-exclusive\/cuchilla-de-durezas-micra-100-u\/#breadcrumb"},"inLanguage":"fr-FR","potentialAction":[{"@type":"ReadAction","target":["https:\/\/hannacosmetica.com\/tienda\/hanna-exclusive\/complementos-hanna-exclusive\/cuchilla-de-durezas-micra-100-u\/"]}]},{"@type":"BreadcrumbList","@id":"https:\/\/hannacosmetica.com\/tienda\/hanna-exclusive\/complementos-hanna-exclusive\/cuchilla-de-durezas-micra-100-u\/#breadcrumb","itemListElement":[{"@type":"ListItem","position":1,"name":"Portada","item":"https:\/\/hannacosmetica.com\/"},{"@type":"ListItem","position":2,"name":"Tienda","item":"https:\/\/hannacosmetica.com\/shop\/"},{"@type":"ListItem","position":3,"name":"Cuchilla de Durezas Micra 100\/u"}]},{"@type":"WebSite","@id":"https:\/\/hannacosmetica.com\/#website","url":"https:\/\/hannacosmetica.com\/","name":"Hanna Cosm\u00e9tica","description":"Tienda de productos u\u00f1as, bellezas y peluquer\u00edas","publisher":{"@id":"https:\/\/hannacosmetica.com\/#organization"},"potentialAction":[{"@type":"SearchAction","target":{"@type":"EntryPoint","urlTemplate":"https:\/\/hannacosmetica.com\/?s={search_term_string}"},"query-input":"required name=search_term_string"}],"inLanguage":"fr-FR"},{"@type":"Organization","@id":"https:\/\/hannacosmetica.com\/#organization","name":"Hanna Cosm\u00e9tica","url":"https:\/\/hannacosmetica.com\/","logo":{"@type":"ImageObject","inLanguage":"fr-FR","@id":"https:\/\/hannacosmetica.com\/#\/schema\/logo\/image\/","url":"https:\/\/hannacosmetica.com\/wp-content\/uploads\/2022\/07\/Logo-Joyeria-Femenino-Floral-Negro.png","contentUrl":"https:\/\/hannacosmetica.com\/wp-content\/uploads\/2022\/07\/Logo-Joyeria-Femenino-Floral-Negro.png","width":361,"height":126,"caption":"Hanna Cosm\u00e9tica"},"image":{"@id":"https:\/\/hannacosmetica.com\/#\/schema\/logo\/image\/"}}]}},"_links":{"self":[{"href":"https:\/\/hannacosmetica.com\/fr\/wp-json\/wp\/v2\/product\/18468"}],"collection":[{"href":"https:\/\/hannacosmetica.com\/fr\/wp-json\/wp\/v2\/product"}],"about":[{"href":"https:\/\/hannacosmetica.com\/fr\/wp-json\/wp\/v2\/types\/product"}],"replies":[{"embeddable":true,"href":"https:\/\/hannacosmetica.com\/fr\/wp-json\/wp\/v2\/comments?post=18468"}],"version-history":[{"count":1,"href":"https:\/\/hannacosmetica.com\/fr\/wp-json\/wp\/v2\/product\/18468\/revisions"}],"predecessor-version":[{"id":18472,"href":"https:\/\/hannacosmetica.com\/fr\/wp-json\/wp\/v2\/product\/18468\/revisions\/18472"}],"wp:featuredmedia":[{"embeddable":true,"href":"https:\/\/hannacosmetica.com\/fr\/wp-json\/wp\/v2\/media\/18469"}],"wp:attachment":[{"href":"https:\/\/hannacosmetica.com\/fr\/wp-json\/wp\/v2\/media?parent=18468"}],"wp:term":[{"taxonomy":"product_cat","embeddable":true,"href":"https:\/\/hannacosmetica.com\/fr\/wp-json\/wp\/v2\/product_cat?post=18468"},{"taxonomy":"product_tag","embeddable":true,"href":"https:\/\/hannacosmetica.com\/fr\/wp-json\/wp\/v2\/product_tag?post=18468"}],"curies":[{"name":"wp","href":"https:\/\/api.w.org\/{rel}","templated":true}]}}