{"id":18173,"date":"2024-07-25T10:47:41","date_gmt":"2024-07-25T10:47:41","guid":{"rendered":"https:\/\/hannacosmetica.com\/?post_type=product&#038;p=18173"},"modified":"2024-07-25T10:47:42","modified_gmt":"2024-07-25T10:47:42","slug":"sillon-de-pedicura-y-manicura-con-masaje","status":"publish","type":"product","link":"https:\/\/hannacosmetica.com\/fr\/tienda\/mobiliario\/sofas\/sillon-de-pedicura-y-manicura-con-masaje\/","title":{"rendered":"Sillon de Pedicura y Manicura con Masaje"},"content":{"rendered":"<p>Sillon de Pedicura\u00a0 y manicura, con masaje de\u00a0 cuello y espalda.<\/p>\n<p>Sillon ideal para centro de estetica,<\/p>\n<p>reclinable 180\u00ba lo cual te permite poder ralizar trabajos\u00a0 de\u00a0 micropigmentacion de cejas y Pesta\u00f1as a la vez\u00a0 que realizas\u00a0 diferentes\u00a0 tipos de\u00a0 Servicios, como manicura\u00a0 y pedicura , cuenta\u00a0 con enchufes tradicionales y USB grifo de agua\u00a0 fria\u00a0 y caliente, desague, reposamanos\u00a0 y reposapies.<\/p>\n<p>Este\u00a0 moderno Sillon en tendencia lo tienes\u00a0 disponible en 3\u00a0 colores, negro, beige y gris.<\/p>\n<p>Puedes\u00a0 realizar\u00a0 cualquier\u00a0 consulta\u00a0 por\u00a0 whatssapp 688-120-909<\/p>\n<p>&nbsp;<\/p>","protected":false},"excerpt":{"rendered":"<p>Sillon de Pedicura\u00a0 y manicura, con masaje de\u00a0 cuello y espalda. Sillon ideal para centro de estetica, reclinable 180\u00ba lo cual te&hellip;<\/p>","protected":false},"featured_media":18138,"comment_status":"open","ping_status":"closed","template":"","meta":[],"product_cat":[304,297,82,87],"product_tag":[],"yoast_head":"<!-- This site is optimized with the Yoast SEO plugin v19.9 - https:\/\/yoast.com\/wordpress\/plugins\/seo\/ -->\n<title>Sillon de Pedicura y Manicura con Masaje - Hanna Cosm\u00e9tica<\/title>\n<meta name=\"robots\" content=\"index, follow, max-snippet:-1, max-image-preview:large, max-video-preview:-1\" \/>\n<link rel=\"canonical\" href=\"https:\/\/hannacosmetica.com\/fr\/tienda\/mobiliario\/sofas\/sillon-de-pedicura-y-manicura-con-masaje\/\" \/>\n<meta property=\"og:locale\" content=\"fr_FR\" \/>\n<meta property=\"og:type\" content=\"article\" \/>\n<meta property=\"og:title\" content=\"Sillon de Pedicura y Manicura con Masaje - Hanna Cosm\u00e9tica\" \/>\n<meta property=\"og:description\" content=\"Sillon de Pedicura\u00a0 y manicura, con masaje de\u00a0 cuello y espalda. Sillon ideal para centro de estetica, reclinable 180\u00ba lo cual te&hellip;\" \/>\n<meta property=\"og:url\" content=\"https:\/\/hannacosmetica.com\/fr\/tienda\/mobiliario\/sofas\/sillon-de-pedicura-y-manicura-con-masaje\/\" \/>\n<meta property=\"og:site_name\" content=\"Hanna Cosm\u00e9tica\" \/>\n<meta property=\"article:modified_time\" content=\"2024-07-25T10:47:42+00:00\" \/>\n<meta property=\"og:image\" content=\"https:\/\/hannacosmetica.com\/wp-content\/uploads\/2024\/07\/TOP-COAT-MATE-1.png\" \/>\n\t<meta property=\"og:image:width\" content=\"480\" \/>\n\t<meta property=\"og:image:height\" content=\"440\" \/>\n\t<meta property=\"og:image:type\" content=\"image\/png\" \/>\n<meta name=\"twitter:card\" content=\"summary_large_image\" \/>\n<script type=\"application\/ld+json\" class=\"yoast-schema-graph\">{\"@context\":\"https:\/\/schema.org\",\"@graph\":[{\"@type\":\"WebPage\",\"@id\":\"https:\/\/hannacosmetica.com\/tienda\/mobiliario\/sofas\/sillon-de-pedicura-y-manicura-con-masaje\/\",\"url\":\"https:\/\/hannacosmetica.com\/tienda\/mobiliario\/sofas\/sillon-de-pedicura-y-manicura-con-masaje\/\",\"name\":\"Sillon de Pedicura y Manicura con Masaje - Hanna Cosm\u00e9tica\",\"isPartOf\":{\"@id\":\"https:\/\/hannacosmetica.com\/#website\"},\"datePublished\":\"2024-07-25T10:47:41+00:00\",\"dateModified\":\"2024-07-25T10:47:42+00:00\",\"breadcrumb\":{\"@id\":\"https:\/\/hannacosmetica.com\/tienda\/mobiliario\/sofas\/sillon-de-pedicura-y-manicura-con-masaje\/#breadcrumb\"},\"inLanguage\":\"fr-FR\",\"potentialAction\":[{\"@type\":\"ReadAction\",\"target\":[\"https:\/\/hannacosmetica.com\/tienda\/mobiliario\/sofas\/sillon-de-pedicura-y-manicura-con-masaje\/\"]}]},{\"@type\":\"BreadcrumbList\",\"@id\":\"https:\/\/hannacosmetica.com\/tienda\/mobiliario\/sofas\/sillon-de-pedicura-y-manicura-con-masaje\/#breadcrumb\",\"itemListElement\":[{\"@type\":\"ListItem\",\"position\":1,\"name\":\"Portada\",\"item\":\"https:\/\/hannacosmetica.com\/\"},{\"@type\":\"ListItem\",\"position\":2,\"name\":\"Tienda\",\"item\":\"https:\/\/hannacosmetica.com\/shop\/\"},{\"@type\":\"ListItem\",\"position\":3,\"name\":\"Sillon de Pedicura y Manicura con Masaje\"}]},{\"@type\":\"WebSite\",\"@id\":\"https:\/\/hannacosmetica.com\/#website\",\"url\":\"https:\/\/hannacosmetica.com\/\",\"name\":\"Hanna Cosm\u00e9tica\",\"description\":\"Tienda de productos u\u00f1as, bellezas y peluquer\u00edas\",\"publisher\":{\"@id\":\"https:\/\/hannacosmetica.com\/#organization\"},\"potentialAction\":[{\"@type\":\"SearchAction\",\"target\":{\"@type\":\"EntryPoint\",\"urlTemplate\":\"https:\/\/hannacosmetica.com\/?s={search_term_string}\"},\"query-input\":\"required name=search_term_string\"}],\"inLanguage\":\"fr-FR\"},{\"@type\":\"Organization\",\"@id\":\"https:\/\/hannacosmetica.com\/#organization\",\"name\":\"Hanna Cosm\u00e9tica\",\"url\":\"https:\/\/hannacosmetica.com\/\",\"logo\":{\"@type\":\"ImageObject\",\"inLanguage\":\"fr-FR\",\"@id\":\"https:\/\/hannacosmetica.com\/#\/schema\/logo\/image\/\",\"url\":\"https:\/\/hannacosmetica.com\/wp-content\/uploads\/2022\/07\/Logo-Joyeria-Femenino-Floral-Negro.png\",\"contentUrl\":\"https:\/\/hannacosmetica.com\/wp-content\/uploads\/2022\/07\/Logo-Joyeria-Femenino-Floral-Negro.png\",\"width\":361,\"height\":126,\"caption\":\"Hanna Cosm\u00e9tica\"},\"image\":{\"@id\":\"https:\/\/hannacosmetica.com\/#\/schema\/logo\/image\/\"}}]}<\/script>\n<!-- \/ Yoast SEO plugin. -->","yoast_head_json":{"title":"Sillon de Pedicura y Manicura con Masaje - Hanna Cosm\u00e9tica","robots":{"index":"index","follow":"follow","max-snippet":"max-snippet:-1","max-image-preview":"max-image-preview:large","max-video-preview":"max-video-preview:-1"},"canonical":"https:\/\/hannacosmetica.com\/fr\/tienda\/mobiliario\/sofas\/sillon-de-pedicura-y-manicura-con-masaje\/","og_locale":"fr_FR","og_type":"article","og_title":"Sillon de Pedicura y Manicura con Masaje - Hanna Cosm\u00e9tica","og_description":"Sillon de Pedicura\u00a0 y manicura, con masaje de\u00a0 cuello y espalda. Sillon ideal para centro de estetica, reclinable 180\u00ba lo cual te&hellip;","og_url":"https:\/\/hannacosmetica.com\/fr\/tienda\/mobiliario\/sofas\/sillon-de-pedicura-y-manicura-con-masaje\/","og_site_name":"Hanna Cosm\u00e9tica","article_modified_time":"2024-07-25T10:47:42+00:00","og_image":[{"width":480,"height":440,"url":"https:\/\/hannacosmetica.com\/wp-content\/uploads\/2024\/07\/TOP-COAT-MATE-1.png","type":"image\/png"}],"twitter_card":"summary_large_image","schema":{"@context":"https:\/\/schema.org","@graph":[{"@type":"WebPage","@id":"https:\/\/hannacosmetica.com\/tienda\/mobiliario\/sofas\/sillon-de-pedicura-y-manicura-con-masaje\/","url":"https:\/\/hannacosmetica.com\/tienda\/mobiliario\/sofas\/sillon-de-pedicura-y-manicura-con-masaje\/","name":"Sillon de Pedicura y Manicura con Masaje - Hanna Cosm\u00e9tica","isPartOf":{"@id":"https:\/\/hannacosmetica.com\/#website"},"datePublished":"2024-07-25T10:47:41+00:00","dateModified":"2024-07-25T10:47:42+00:00","breadcrumb":{"@id":"https:\/\/hannacosmetica.com\/tienda\/mobiliario\/sofas\/sillon-de-pedicura-y-manicura-con-masaje\/#breadcrumb"},"inLanguage":"fr-FR","potentialAction":[{"@type":"ReadAction","target":["https:\/\/hannacosmetica.com\/tienda\/mobiliario\/sofas\/sillon-de-pedicura-y-manicura-con-masaje\/"]}]},{"@type":"BreadcrumbList","@id":"https:\/\/hannacosmetica.com\/tienda\/mobiliario\/sofas\/sillon-de-pedicura-y-manicura-con-masaje\/#breadcrumb","itemListElement":[{"@type":"ListItem","position":1,"name":"Portada","item":"https:\/\/hannacosmetica.com\/"},{"@type":"ListItem","position":2,"name":"Tienda","item":"https:\/\/hannacosmetica.com\/shop\/"},{"@type":"ListItem","position":3,"name":"Sillon de Pedicura y Manicura con Masaje"}]},{"@type":"WebSite","@id":"https:\/\/hannacosmetica.com\/#website","url":"https:\/\/hannacosmetica.com\/","name":"Hanna Cosm\u00e9tica","description":"Tienda de productos u\u00f1as, bellezas y peluquer\u00edas","publisher":{"@id":"https:\/\/hannacosmetica.com\/#organization"},"potentialAction":[{"@type":"SearchAction","target":{"@type":"EntryPoint","urlTemplate":"https:\/\/hannacosmetica.com\/?s={search_term_string}"},"query-input":"required name=search_term_string"}],"inLanguage":"fr-FR"},{"@type":"Organization","@id":"https:\/\/hannacosmetica.com\/#organization","name":"Hanna Cosm\u00e9tica","url":"https:\/\/hannacosmetica.com\/","logo":{"@type":"ImageObject","inLanguage":"fr-FR","@id":"https:\/\/hannacosmetica.com\/#\/schema\/logo\/image\/","url":"https:\/\/hannacosmetica.com\/wp-content\/uploads\/2022\/07\/Logo-Joyeria-Femenino-Floral-Negro.png","contentUrl":"https:\/\/hannacosmetica.com\/wp-content\/uploads\/2022\/07\/Logo-Joyeria-Femenino-Floral-Negro.png","width":361,"height":126,"caption":"Hanna Cosm\u00e9tica"},"image":{"@id":"https:\/\/hannacosmetica.com\/#\/schema\/logo\/image\/"}}]}},"_links":{"self":[{"href":"https:\/\/hannacosmetica.com\/fr\/wp-json\/wp\/v2\/product\/18173"}],"collection":[{"href":"https:\/\/hannacosmetica.com\/fr\/wp-json\/wp\/v2\/product"}],"about":[{"href":"https:\/\/hannacosmetica.com\/fr\/wp-json\/wp\/v2\/types\/product"}],"replies":[{"embeddable":true,"href":"https:\/\/hannacosmetica.com\/fr\/wp-json\/wp\/v2\/comments?post=18173"}],"version-history":[{"count":1,"href":"https:\/\/hannacosmetica.com\/fr\/wp-json\/wp\/v2\/product\/18173\/revisions"}],"predecessor-version":[{"id":18174,"href":"https:\/\/hannacosmetica.com\/fr\/wp-json\/wp\/v2\/product\/18173\/revisions\/18174"}],"wp:featuredmedia":[{"embeddable":true,"href":"https:\/\/hannacosmetica.com\/fr\/wp-json\/wp\/v2\/media\/18138"}],"wp:attachment":[{"href":"https:\/\/hannacosmetica.com\/fr\/wp-json\/wp\/v2\/media?parent=18173"}],"wp:term":[{"taxonomy":"product_cat","embeddable":true,"href":"https:\/\/hannacosmetica.com\/fr\/wp-json\/wp\/v2\/product_cat?post=18173"},{"taxonomy":"product_tag","embeddable":true,"href":"https:\/\/hannacosmetica.com\/fr\/wp-json\/wp\/v2\/product_tag?post=18173"}],"curies":[{"name":"wp","href":"https:\/\/api.w.org\/{rel}","templated":true}]}}