{"id":18166,"date":"2024-07-23T10:57:03","date_gmt":"2024-07-23T10:57:03","guid":{"rendered":"https:\/\/hannacosmetica.com\/?post_type=product&#038;p=18166"},"modified":"2025-10-01T12:32:56","modified_gmt":"2025-10-01T12:32:56","slug":"top-matte-ruso-hanna-15ml","status":"publish","type":"product","link":"https:\/\/hannacosmetica.com\/fr\/tienda\/hanna-exclusive\/base-y-top\/top-matte-ruso-hanna-15ml\/","title":{"rendered":"TOP MATTE RUSO HANNA 15ML"},"content":{"rendered":"<ul class=\"a-unordered-list a-vertical a-spacing-mini\">\n<li class=\"a-spacing-mini\"><span class=\"a-list-item\">EFECTO MATE: para un aspecto mate elegante, aplique esta capa superior mate\u00a0 No Wipe como el toque final perfecto para su manicura en gel. Con una aplicaci\u00f3n r\u00e1pida y f\u00e1cil, esta capa superior resistente y de larga duraci\u00f3n brinda resultados de calidad de sal\u00f3n con un acabado impecable. Simplemente aplique sobre cualquier capa de color para crear un efecto mate de moda para sus u\u00f1as.<\/span><\/li>\n<li class=\"a-spacing-mini\"><span class=\"a-list-item\">F\u00d3RMULA SIN LIMPIEZA: ahorre tiempo con esta pr\u00e1ctica capa superior que no se limpia, especialmente formulada para curar sin dejar una capa pegajosa. A diferencia de las capas superiores regulares, con la capa superior mate HANNA No Wipe no es necesario limpiar las u\u00f1as despu\u00e9s del secado. Una vez curadas, las u\u00f1as se secan al instante y \u00a1listo! Ya sea que est\u00e9 en casa o en el sal\u00f3n, no podr\u00eda ser m\u00e1s f\u00e1cil crear una hermosa manicura mate.<\/span><\/li>\n<li class=\"a-spacing-mini\"><span class=\"a-list-item\">ACABADO IMPECABLE: \u00bfAnhelas ese aspecto mate moderno? Es f\u00e1cil convertir cualquier esmalte en gel de color brillante en un impresionante acabado mate. Con un efecto llamativo, es la manera perfecta de darle un giro a una manicura diaria.\u00a0 esta capa superior de grado profesional se puede aplicar como un esmalte regular y curar con una l\u00e1mpara UV o LED para obtener un resultado mate impresionante.<\/span><\/li>\n<li class=\"a-spacing-mini\"><span class=\"a-list-item\">F\u00c1CIL DE APLICAR: con resultados simplemente sorprendentes, esta capa superior facilita la creaci\u00f3n de hermosas u\u00f1as mate. Dise\u00f1ado para una aplicaci\u00f3n r\u00e1pida y f\u00e1cil, es ideal para profesionales de sal\u00f3n o usuarios dom\u00e9sticos. Simplemente aplique\u00a0 Matte Top Coat sobre cualquier color y cure con una l\u00e1mpara UV o LED para revelar un efecto mate. Adem\u00e1s, una vez curado, no hay una capa pegajosa para limpiar, \u00bfqu\u00e9 podr\u00eda ser m\u00e1s f\u00e1cil?<\/span><\/li>\n<li class=\"a-spacing-mini\"><span class=\"a-list-item\">DURADERO: haga que su manicura dure con esta capa superior mate duradera, especialmente formulada para mantener sus u\u00f1as hermosas por m\u00e1s tiempo. Sin residuos pegajosos, esta capa superior de larga duraci\u00f3n protege tu manicura con resultados de calidad de sal\u00f3n.\u00a0<\/span><\/li>\n<\/ul>","protected":false},"excerpt":{"rendered":"<p>EFECTO MATE: para un aspecto mate elegante, aplique esta capa superior mate\u00a0 No Wipe como el toque final perfecto para su manicura&hellip;<\/p>","protected":false},"featured_media":18167,"comment_status":"open","ping_status":"closed","template":"","meta":[],"product_cat":[318,143,304,82,87],"product_tag":[],"yoast_head":"<!-- This site is optimized with the Yoast SEO plugin v19.9 - https:\/\/yoast.com\/wordpress\/plugins\/seo\/ -->\n<title>TOP MATTE RUSO HANNA 15ML - Hanna Cosm\u00e9tica<\/title>\n<meta name=\"robots\" content=\"index, follow, max-snippet:-1, max-image-preview:large, max-video-preview:-1\" \/>\n<link rel=\"canonical\" href=\"https:\/\/hannacosmetica.com\/fr\/tienda\/hanna-exclusive\/base-y-top\/top-matte-ruso-hanna-15ml\/\" \/>\n<meta property=\"og:locale\" content=\"fr_FR\" \/>\n<meta property=\"og:type\" content=\"article\" \/>\n<meta property=\"og:title\" content=\"TOP MATTE RUSO HANNA 15ML - Hanna Cosm\u00e9tica\" \/>\n<meta property=\"og:description\" content=\"EFECTO MATE: para un aspecto mate elegante, aplique esta capa superior mate\u00a0 No Wipe como el toque final perfecto para su manicura&hellip;\" \/>\n<meta property=\"og:url\" content=\"https:\/\/hannacosmetica.com\/fr\/tienda\/hanna-exclusive\/base-y-top\/top-matte-ruso-hanna-15ml\/\" \/>\n<meta property=\"og:site_name\" content=\"Hanna Cosm\u00e9tica\" \/>\n<meta property=\"article:modified_time\" content=\"2025-10-01T12:32:56+00:00\" \/>\n<meta property=\"og:image\" content=\"https:\/\/hannacosmetica.com\/wp-content\/uploads\/2024\/07\/TOP-COAT-MATE-10.png\" \/>\n\t<meta property=\"og:image:width\" content=\"480\" \/>\n\t<meta property=\"og:image:height\" content=\"440\" \/>\n\t<meta property=\"og:image:type\" content=\"image\/png\" \/>\n<meta name=\"twitter:card\" content=\"summary_large_image\" \/>\n<script type=\"application\/ld+json\" class=\"yoast-schema-graph\">{\"@context\":\"https:\/\/schema.org\",\"@graph\":[{\"@type\":\"WebPage\",\"@id\":\"https:\/\/hannacosmetica.com\/tienda\/hanna-exclusive\/base-y-top\/top-matte-ruso-hanna-15ml\/\",\"url\":\"https:\/\/hannacosmetica.com\/tienda\/hanna-exclusive\/base-y-top\/top-matte-ruso-hanna-15ml\/\",\"name\":\"TOP MATTE RUSO HANNA 15ML - Hanna Cosm\u00e9tica\",\"isPartOf\":{\"@id\":\"https:\/\/hannacosmetica.com\/#website\"},\"datePublished\":\"2024-07-23T10:57:03+00:00\",\"dateModified\":\"2025-10-01T12:32:56+00:00\",\"breadcrumb\":{\"@id\":\"https:\/\/hannacosmetica.com\/tienda\/hanna-exclusive\/base-y-top\/top-matte-ruso-hanna-15ml\/#breadcrumb\"},\"inLanguage\":\"fr-FR\",\"potentialAction\":[{\"@type\":\"ReadAction\",\"target\":[\"https:\/\/hannacosmetica.com\/tienda\/hanna-exclusive\/base-y-top\/top-matte-ruso-hanna-15ml\/\"]}]},{\"@type\":\"BreadcrumbList\",\"@id\":\"https:\/\/hannacosmetica.com\/tienda\/hanna-exclusive\/base-y-top\/top-matte-ruso-hanna-15ml\/#breadcrumb\",\"itemListElement\":[{\"@type\":\"ListItem\",\"position\":1,\"name\":\"Portada\",\"item\":\"https:\/\/hannacosmetica.com\/\"},{\"@type\":\"ListItem\",\"position\":2,\"name\":\"Tienda\",\"item\":\"https:\/\/hannacosmetica.com\/shop\/\"},{\"@type\":\"ListItem\",\"position\":3,\"name\":\"TOP MATTE RUSO HANNA 15ML\"}]},{\"@type\":\"WebSite\",\"@id\":\"https:\/\/hannacosmetica.com\/#website\",\"url\":\"https:\/\/hannacosmetica.com\/\",\"name\":\"Hanna Cosm\u00e9tica\",\"description\":\"Tienda de productos u\u00f1as, bellezas y peluquer\u00edas\",\"publisher\":{\"@id\":\"https:\/\/hannacosmetica.com\/#organization\"},\"potentialAction\":[{\"@type\":\"SearchAction\",\"target\":{\"@type\":\"EntryPoint\",\"urlTemplate\":\"https:\/\/hannacosmetica.com\/?s={search_term_string}\"},\"query-input\":\"required name=search_term_string\"}],\"inLanguage\":\"fr-FR\"},{\"@type\":\"Organization\",\"@id\":\"https:\/\/hannacosmetica.com\/#organization\",\"name\":\"Hanna Cosm\u00e9tica\",\"url\":\"https:\/\/hannacosmetica.com\/\",\"logo\":{\"@type\":\"ImageObject\",\"inLanguage\":\"fr-FR\",\"@id\":\"https:\/\/hannacosmetica.com\/#\/schema\/logo\/image\/\",\"url\":\"https:\/\/hannacosmetica.com\/wp-content\/uploads\/2022\/07\/Logo-Joyeria-Femenino-Floral-Negro.png\",\"contentUrl\":\"https:\/\/hannacosmetica.com\/wp-content\/uploads\/2022\/07\/Logo-Joyeria-Femenino-Floral-Negro.png\",\"width\":361,\"height\":126,\"caption\":\"Hanna Cosm\u00e9tica\"},\"image\":{\"@id\":\"https:\/\/hannacosmetica.com\/#\/schema\/logo\/image\/\"}}]}<\/script>\n<!-- \/ Yoast SEO plugin. -->","yoast_head_json":{"title":"TOP MATTE RUSO HANNA 15ML - Hanna Cosm\u00e9tica","robots":{"index":"index","follow":"follow","max-snippet":"max-snippet:-1","max-image-preview":"max-image-preview:large","max-video-preview":"max-video-preview:-1"},"canonical":"https:\/\/hannacosmetica.com\/fr\/tienda\/hanna-exclusive\/base-y-top\/top-matte-ruso-hanna-15ml\/","og_locale":"fr_FR","og_type":"article","og_title":"TOP MATTE RUSO HANNA 15ML - Hanna Cosm\u00e9tica","og_description":"EFECTO MATE: para un aspecto mate elegante, aplique esta capa superior mate\u00a0 No Wipe como el toque final perfecto para su manicura&hellip;","og_url":"https:\/\/hannacosmetica.com\/fr\/tienda\/hanna-exclusive\/base-y-top\/top-matte-ruso-hanna-15ml\/","og_site_name":"Hanna Cosm\u00e9tica","article_modified_time":"2025-10-01T12:32:56+00:00","og_image":[{"width":480,"height":440,"url":"https:\/\/hannacosmetica.com\/wp-content\/uploads\/2024\/07\/TOP-COAT-MATE-10.png","type":"image\/png"}],"twitter_card":"summary_large_image","schema":{"@context":"https:\/\/schema.org","@graph":[{"@type":"WebPage","@id":"https:\/\/hannacosmetica.com\/tienda\/hanna-exclusive\/base-y-top\/top-matte-ruso-hanna-15ml\/","url":"https:\/\/hannacosmetica.com\/tienda\/hanna-exclusive\/base-y-top\/top-matte-ruso-hanna-15ml\/","name":"TOP MATTE RUSO HANNA 15ML - Hanna Cosm\u00e9tica","isPartOf":{"@id":"https:\/\/hannacosmetica.com\/#website"},"datePublished":"2024-07-23T10:57:03+00:00","dateModified":"2025-10-01T12:32:56+00:00","breadcrumb":{"@id":"https:\/\/hannacosmetica.com\/tienda\/hanna-exclusive\/base-y-top\/top-matte-ruso-hanna-15ml\/#breadcrumb"},"inLanguage":"fr-FR","potentialAction":[{"@type":"ReadAction","target":["https:\/\/hannacosmetica.com\/tienda\/hanna-exclusive\/base-y-top\/top-matte-ruso-hanna-15ml\/"]}]},{"@type":"BreadcrumbList","@id":"https:\/\/hannacosmetica.com\/tienda\/hanna-exclusive\/base-y-top\/top-matte-ruso-hanna-15ml\/#breadcrumb","itemListElement":[{"@type":"ListItem","position":1,"name":"Portada","item":"https:\/\/hannacosmetica.com\/"},{"@type":"ListItem","position":2,"name":"Tienda","item":"https:\/\/hannacosmetica.com\/shop\/"},{"@type":"ListItem","position":3,"name":"TOP MATTE RUSO HANNA 15ML"}]},{"@type":"WebSite","@id":"https:\/\/hannacosmetica.com\/#website","url":"https:\/\/hannacosmetica.com\/","name":"Hanna Cosm\u00e9tica","description":"Tienda de productos u\u00f1as, bellezas y peluquer\u00edas","publisher":{"@id":"https:\/\/hannacosmetica.com\/#organization"},"potentialAction":[{"@type":"SearchAction","target":{"@type":"EntryPoint","urlTemplate":"https:\/\/hannacosmetica.com\/?s={search_term_string}"},"query-input":"required name=search_term_string"}],"inLanguage":"fr-FR"},{"@type":"Organization","@id":"https:\/\/hannacosmetica.com\/#organization","name":"Hanna Cosm\u00e9tica","url":"https:\/\/hannacosmetica.com\/","logo":{"@type":"ImageObject","inLanguage":"fr-FR","@id":"https:\/\/hannacosmetica.com\/#\/schema\/logo\/image\/","url":"https:\/\/hannacosmetica.com\/wp-content\/uploads\/2022\/07\/Logo-Joyeria-Femenino-Floral-Negro.png","contentUrl":"https:\/\/hannacosmetica.com\/wp-content\/uploads\/2022\/07\/Logo-Joyeria-Femenino-Floral-Negro.png","width":361,"height":126,"caption":"Hanna Cosm\u00e9tica"},"image":{"@id":"https:\/\/hannacosmetica.com\/#\/schema\/logo\/image\/"}}]}},"_links":{"self":[{"href":"https:\/\/hannacosmetica.com\/fr\/wp-json\/wp\/v2\/product\/18166"}],"collection":[{"href":"https:\/\/hannacosmetica.com\/fr\/wp-json\/wp\/v2\/product"}],"about":[{"href":"https:\/\/hannacosmetica.com\/fr\/wp-json\/wp\/v2\/types\/product"}],"replies":[{"embeddable":true,"href":"https:\/\/hannacosmetica.com\/fr\/wp-json\/wp\/v2\/comments?post=18166"}],"version-history":[{"count":2,"href":"https:\/\/hannacosmetica.com\/fr\/wp-json\/wp\/v2\/product\/18166\/revisions"}],"predecessor-version":[{"id":18724,"href":"https:\/\/hannacosmetica.com\/fr\/wp-json\/wp\/v2\/product\/18166\/revisions\/18724"}],"wp:featuredmedia":[{"embeddable":true,"href":"https:\/\/hannacosmetica.com\/fr\/wp-json\/wp\/v2\/media\/18167"}],"wp:attachment":[{"href":"https:\/\/hannacosmetica.com\/fr\/wp-json\/wp\/v2\/media?parent=18166"}],"wp:term":[{"taxonomy":"product_cat","embeddable":true,"href":"https:\/\/hannacosmetica.com\/fr\/wp-json\/wp\/v2\/product_cat?post=18166"},{"taxonomy":"product_tag","embeddable":true,"href":"https:\/\/hannacosmetica.com\/fr\/wp-json\/wp\/v2\/product_tag?post=18166"}],"curies":[{"name":"wp","href":"https:\/\/api.w.org\/{rel}","templated":true}]}}