{"id":18049,"date":"2024-06-21T16:32:23","date_gmt":"2024-06-21T16:32:23","guid":{"rendered":"https:\/\/hannacosmetica.com\/?post_type=product&#038;p=18049"},"modified":"2026-03-02T11:49:20","modified_gmt":"2026-03-02T11:49:20","slug":"pincel-de-gel-punzon-5-unidades","status":"publish","type":"product","link":"https:\/\/hannacosmetica.com\/fr\/tienda\/hanna-exclusive\/pincel\/pincel-de-gel-punzon-5-unidades\/","title":{"rendered":"Pincel de  Gel+ Punz\u00f3n 5 unidades"},"content":{"rendered":"<ul class=\"a-unordered-list a-vertical a-spacing-mini\">\n<li class=\"a-spacing-mini\"><span class=\"a-list-item\">Varios Tama\u00f1os: Bol\u00edgrafo de pincel de u\u00f1as de 5 piezas con 5 tama\u00f1os diferentes, el tama\u00f1o del cabezal del cepillo y de\u00a0 la\u00a0 punta esferica.<\/span><\/li>\n<li class=\"a-spacing-mini\"><span class=\"a-list-item\">Material de Alta Calidad: El bol\u00edgrafo nail art est\u00e1 hecho de acrilico\u00a0 de alta calidad, que no se deforma ni corroe, y es duradero.<\/span><\/li>\n<li class=\"a-spacing-mini\"><span class=\"a-list-item\">Dise\u00f1o de Doble Punta: Cada cepillo tiene 2 cabezales\u00a0 diferentes. El cabezal del cepillo se utiliza para aplicar geles, esmaltes,y otras decoraciones\u00a0 y el cabezal de bola de metal se utiliza para hacer puntos. Es conveniente para que hagas diferentes manualidades para satisfacer diferentes necesidades.<\/span><\/li>\n<li class=\"a-spacing-mini\"><span class=\"a-list-item\">F\u00e1cil de Usar y Limpiar: Port\u00e1til, ligero acr\u00edlico, c\u00f3modo y f\u00e1cil de sostener y pintar, hace que tus u\u00f1as sean m\u00e1s hermosas y encantadoras, despu\u00e9s de su uso, puedes utilizar alcohol o acetona para limpiar las cerdas sin esfuerzo.<\/span><\/li>\n<li class=\"a-spacing-mini\"><span class=\"a-list-item\">Amplia Gama de Usos: Pinceles en diferentes tama\u00f1os con diferentes funciones, aptos para uso dom\u00e9stico y sal\u00f3n de manicura profesional, ideales para hacer nail art en gel, dibujos finos, pintar flores y patrones diferentes en las u\u00f1as.<\/span><\/li>\n<\/ul>","protected":false},"excerpt":{"rendered":"<p>Varios Tama\u00f1os: Bol\u00edgrafo de pincel de u\u00f1as de 5 piezas con 5 tama\u00f1os diferentes, el tama\u00f1o del cabezal del cepillo y de\u00a0&hellip;<\/p>","protected":false},"featured_media":18050,"comment_status":"open","ping_status":"closed","template":"","meta":[],"product_cat":[304,316,82,97,87],"product_tag":[],"yoast_head":"<!-- This site is optimized with the Yoast SEO plugin v19.9 - https:\/\/yoast.com\/wordpress\/plugins\/seo\/ -->\n<title>Pincel de Gel+ Punz\u00f3n 5 unidades - Hanna Cosm\u00e9tica<\/title>\n<meta name=\"robots\" content=\"index, follow, max-snippet:-1, max-image-preview:large, max-video-preview:-1\" \/>\n<link rel=\"canonical\" href=\"https:\/\/hannacosmetica.com\/fr\/tienda\/hanna-exclusive\/pincel\/pincel-de-gel-punzon-5-unidades\/\" \/>\n<meta property=\"og:locale\" content=\"fr_FR\" \/>\n<meta property=\"og:type\" content=\"article\" \/>\n<meta property=\"og:title\" content=\"Pincel de Gel+ Punz\u00f3n 5 unidades - Hanna Cosm\u00e9tica\" \/>\n<meta property=\"og:description\" content=\"Varios Tama\u00f1os: Bol\u00edgrafo de pincel de u\u00f1as de 5 piezas con 5 tama\u00f1os diferentes, el tama\u00f1o del cabezal del cepillo y de\u00a0&hellip;\" \/>\n<meta property=\"og:url\" content=\"https:\/\/hannacosmetica.com\/fr\/tienda\/hanna-exclusive\/pincel\/pincel-de-gel-punzon-5-unidades\/\" \/>\n<meta property=\"og:site_name\" content=\"Hanna Cosm\u00e9tica\" \/>\n<meta property=\"article:modified_time\" content=\"2026-03-02T11:49:20+00:00\" \/>\n<meta property=\"og:image\" content=\"https:\/\/hannacosmetica.com\/wp-content\/uploads\/2024\/06\/Sin-titulo-480-x-440-px-2024-06-21T174136.646.png\" \/>\n\t<meta property=\"og:image:width\" content=\"480\" \/>\n\t<meta property=\"og:image:height\" content=\"440\" \/>\n\t<meta property=\"og:image:type\" content=\"image\/png\" \/>\n<meta name=\"twitter:card\" content=\"summary_large_image\" \/>\n<script type=\"application\/ld+json\" class=\"yoast-schema-graph\">{\"@context\":\"https:\/\/schema.org\",\"@graph\":[{\"@type\":\"WebPage\",\"@id\":\"https:\/\/hannacosmetica.com\/tienda\/hanna-exclusive\/pincel\/pincel-de-gel-punzon-5-unidades\/\",\"url\":\"https:\/\/hannacosmetica.com\/tienda\/hanna-exclusive\/pincel\/pincel-de-gel-punzon-5-unidades\/\",\"name\":\"Pincel de Gel+ Punz\u00f3n 5 unidades - Hanna Cosm\u00e9tica\",\"isPartOf\":{\"@id\":\"https:\/\/hannacosmetica.com\/#website\"},\"datePublished\":\"2024-06-21T16:32:23+00:00\",\"dateModified\":\"2026-03-02T11:49:20+00:00\",\"breadcrumb\":{\"@id\":\"https:\/\/hannacosmetica.com\/tienda\/hanna-exclusive\/pincel\/pincel-de-gel-punzon-5-unidades\/#breadcrumb\"},\"inLanguage\":\"fr-FR\",\"potentialAction\":[{\"@type\":\"ReadAction\",\"target\":[\"https:\/\/hannacosmetica.com\/tienda\/hanna-exclusive\/pincel\/pincel-de-gel-punzon-5-unidades\/\"]}]},{\"@type\":\"BreadcrumbList\",\"@id\":\"https:\/\/hannacosmetica.com\/tienda\/hanna-exclusive\/pincel\/pincel-de-gel-punzon-5-unidades\/#breadcrumb\",\"itemListElement\":[{\"@type\":\"ListItem\",\"position\":1,\"name\":\"Portada\",\"item\":\"https:\/\/hannacosmetica.com\/\"},{\"@type\":\"ListItem\",\"position\":2,\"name\":\"Tienda\",\"item\":\"https:\/\/hannacosmetica.com\/shop\/\"},{\"@type\":\"ListItem\",\"position\":3,\"name\":\"Pincel de Gel+ Punz\u00f3n 5 unidades\"}]},{\"@type\":\"WebSite\",\"@id\":\"https:\/\/hannacosmetica.com\/#website\",\"url\":\"https:\/\/hannacosmetica.com\/\",\"name\":\"Hanna Cosm\u00e9tica\",\"description\":\"Tienda de productos u\u00f1as, bellezas y peluquer\u00edas\",\"publisher\":{\"@id\":\"https:\/\/hannacosmetica.com\/#organization\"},\"potentialAction\":[{\"@type\":\"SearchAction\",\"target\":{\"@type\":\"EntryPoint\",\"urlTemplate\":\"https:\/\/hannacosmetica.com\/?s={search_term_string}\"},\"query-input\":\"required name=search_term_string\"}],\"inLanguage\":\"fr-FR\"},{\"@type\":\"Organization\",\"@id\":\"https:\/\/hannacosmetica.com\/#organization\",\"name\":\"Hanna Cosm\u00e9tica\",\"url\":\"https:\/\/hannacosmetica.com\/\",\"logo\":{\"@type\":\"ImageObject\",\"inLanguage\":\"fr-FR\",\"@id\":\"https:\/\/hannacosmetica.com\/#\/schema\/logo\/image\/\",\"url\":\"https:\/\/hannacosmetica.com\/wp-content\/uploads\/2022\/07\/Logo-Joyeria-Femenino-Floral-Negro.png\",\"contentUrl\":\"https:\/\/hannacosmetica.com\/wp-content\/uploads\/2022\/07\/Logo-Joyeria-Femenino-Floral-Negro.png\",\"width\":361,\"height\":126,\"caption\":\"Hanna Cosm\u00e9tica\"},\"image\":{\"@id\":\"https:\/\/hannacosmetica.com\/#\/schema\/logo\/image\/\"}}]}<\/script>\n<!-- \/ Yoast SEO plugin. -->","yoast_head_json":{"title":"Pincel de Gel+ Punz\u00f3n 5 unidades - Hanna Cosm\u00e9tica","robots":{"index":"index","follow":"follow","max-snippet":"max-snippet:-1","max-image-preview":"max-image-preview:large","max-video-preview":"max-video-preview:-1"},"canonical":"https:\/\/hannacosmetica.com\/fr\/tienda\/hanna-exclusive\/pincel\/pincel-de-gel-punzon-5-unidades\/","og_locale":"fr_FR","og_type":"article","og_title":"Pincel de Gel+ Punz\u00f3n 5 unidades - Hanna Cosm\u00e9tica","og_description":"Varios Tama\u00f1os: Bol\u00edgrafo de pincel de u\u00f1as de 5 piezas con 5 tama\u00f1os diferentes, el tama\u00f1o del cabezal del cepillo y de\u00a0&hellip;","og_url":"https:\/\/hannacosmetica.com\/fr\/tienda\/hanna-exclusive\/pincel\/pincel-de-gel-punzon-5-unidades\/","og_site_name":"Hanna Cosm\u00e9tica","article_modified_time":"2026-03-02T11:49:20+00:00","og_image":[{"width":480,"height":440,"url":"https:\/\/hannacosmetica.com\/wp-content\/uploads\/2024\/06\/Sin-titulo-480-x-440-px-2024-06-21T174136.646.png","type":"image\/png"}],"twitter_card":"summary_large_image","schema":{"@context":"https:\/\/schema.org","@graph":[{"@type":"WebPage","@id":"https:\/\/hannacosmetica.com\/tienda\/hanna-exclusive\/pincel\/pincel-de-gel-punzon-5-unidades\/","url":"https:\/\/hannacosmetica.com\/tienda\/hanna-exclusive\/pincel\/pincel-de-gel-punzon-5-unidades\/","name":"Pincel de Gel+ Punz\u00f3n 5 unidades - Hanna Cosm\u00e9tica","isPartOf":{"@id":"https:\/\/hannacosmetica.com\/#website"},"datePublished":"2024-06-21T16:32:23+00:00","dateModified":"2026-03-02T11:49:20+00:00","breadcrumb":{"@id":"https:\/\/hannacosmetica.com\/tienda\/hanna-exclusive\/pincel\/pincel-de-gel-punzon-5-unidades\/#breadcrumb"},"inLanguage":"fr-FR","potentialAction":[{"@type":"ReadAction","target":["https:\/\/hannacosmetica.com\/tienda\/hanna-exclusive\/pincel\/pincel-de-gel-punzon-5-unidades\/"]}]},{"@type":"BreadcrumbList","@id":"https:\/\/hannacosmetica.com\/tienda\/hanna-exclusive\/pincel\/pincel-de-gel-punzon-5-unidades\/#breadcrumb","itemListElement":[{"@type":"ListItem","position":1,"name":"Portada","item":"https:\/\/hannacosmetica.com\/"},{"@type":"ListItem","position":2,"name":"Tienda","item":"https:\/\/hannacosmetica.com\/shop\/"},{"@type":"ListItem","position":3,"name":"Pincel de Gel+ Punz\u00f3n 5 unidades"}]},{"@type":"WebSite","@id":"https:\/\/hannacosmetica.com\/#website","url":"https:\/\/hannacosmetica.com\/","name":"Hanna Cosm\u00e9tica","description":"Tienda de productos u\u00f1as, bellezas y peluquer\u00edas","publisher":{"@id":"https:\/\/hannacosmetica.com\/#organization"},"potentialAction":[{"@type":"SearchAction","target":{"@type":"EntryPoint","urlTemplate":"https:\/\/hannacosmetica.com\/?s={search_term_string}"},"query-input":"required name=search_term_string"}],"inLanguage":"fr-FR"},{"@type":"Organization","@id":"https:\/\/hannacosmetica.com\/#organization","name":"Hanna Cosm\u00e9tica","url":"https:\/\/hannacosmetica.com\/","logo":{"@type":"ImageObject","inLanguage":"fr-FR","@id":"https:\/\/hannacosmetica.com\/#\/schema\/logo\/image\/","url":"https:\/\/hannacosmetica.com\/wp-content\/uploads\/2022\/07\/Logo-Joyeria-Femenino-Floral-Negro.png","contentUrl":"https:\/\/hannacosmetica.com\/wp-content\/uploads\/2022\/07\/Logo-Joyeria-Femenino-Floral-Negro.png","width":361,"height":126,"caption":"Hanna Cosm\u00e9tica"},"image":{"@id":"https:\/\/hannacosmetica.com\/#\/schema\/logo\/image\/"}}]}},"_links":{"self":[{"href":"https:\/\/hannacosmetica.com\/fr\/wp-json\/wp\/v2\/product\/18049"}],"collection":[{"href":"https:\/\/hannacosmetica.com\/fr\/wp-json\/wp\/v2\/product"}],"about":[{"href":"https:\/\/hannacosmetica.com\/fr\/wp-json\/wp\/v2\/types\/product"}],"replies":[{"embeddable":true,"href":"https:\/\/hannacosmetica.com\/fr\/wp-json\/wp\/v2\/comments?post=18049"}],"version-history":[{"count":1,"href":"https:\/\/hannacosmetica.com\/fr\/wp-json\/wp\/v2\/product\/18049\/revisions"}],"predecessor-version":[{"id":18053,"href":"https:\/\/hannacosmetica.com\/fr\/wp-json\/wp\/v2\/product\/18049\/revisions\/18053"}],"wp:featuredmedia":[{"embeddable":true,"href":"https:\/\/hannacosmetica.com\/fr\/wp-json\/wp\/v2\/media\/18050"}],"wp:attachment":[{"href":"https:\/\/hannacosmetica.com\/fr\/wp-json\/wp\/v2\/media?parent=18049"}],"wp:term":[{"taxonomy":"product_cat","embeddable":true,"href":"https:\/\/hannacosmetica.com\/fr\/wp-json\/wp\/v2\/product_cat?post=18049"},{"taxonomy":"product_tag","embeddable":true,"href":"https:\/\/hannacosmetica.com\/fr\/wp-json\/wp\/v2\/product_tag?post=18049"}],"curies":[{"name":"wp","href":"https:\/\/api.w.org\/{rel}","templated":true}]}}