{"id":17888,"date":"2024-06-11T13:42:34","date_gmt":"2024-06-11T13:42:34","guid":{"rendered":"https:\/\/hannacosmetica.com\/?post_type=product&#038;p=17888"},"modified":"2024-06-11T13:42:34","modified_gmt":"2024-06-11T13:42:34","slug":"maquina-de-parafina-parafinero-4l","status":"publish","type":"product","link":"https:\/\/hannacosmetica.com\/fr\/tienda\/maquinaria\/calentadores-cera-parafina\/maquina-de-parafina-parafinero-4l\/","title":{"rendered":"Maquina de Parafina \/Parafinero  4L"},"content":{"rendered":"<ul>\n<li><span class=\"a-list-item\">Maquina de parafina de alta calidad especialmente dise\u00f1ada para el ba\u00f1o de parafina., asegurando resultados \u00f3ptimos y comodidad.<\/span><\/li>\n<\/ul>\n<ul class=\"a-unordered-list a-vertical a-spacing-mini\">\n<li class=\"a-spacing-mini\"><span class=\"a-list-item\">F\u00e1cil de usar: est\u00e1 dise\u00f1ado para ser recto y f\u00e1cil de usar. Su dise\u00f1o e instrucciones intuitivas proporcionan una experiencia sin problemas, lo que lo hace ideal incluso para usuarios en el primer momento.<\/span><\/li>\n<li class=\"a-spacing-mini\"><span class=\"a-list-item\">Aplicable para manicura y pedicura: perfecto para rutinas de manicura y pedicura, este ba\u00f1o de parafina es una gran adici\u00f3n a su r\u00e9gimen de cuidado de u\u00f1as en casa, dando a sus manos y pies el papel deseado.<\/span><\/li>\n<\/ul>","protected":false},"excerpt":{"rendered":"<p>Maquina de parafina de alta calidad especialmente dise\u00f1ada para el ba\u00f1o de parafina., asegurando resultados \u00f3ptimos y comodidad. F\u00e1cil de usar: est\u00e1&hellip;<\/p>","protected":false},"featured_media":17889,"comment_status":"open","ping_status":"closed","template":"","meta":[],"product_cat":[304,82,122,87],"product_tag":[],"yoast_head":"<!-- This site is optimized with the Yoast SEO plugin v19.9 - https:\/\/yoast.com\/wordpress\/plugins\/seo\/ -->\n<title>Maquina de Parafina \/Parafinero 4L - Hanna Cosm\u00e9tica<\/title>\n<meta name=\"robots\" content=\"index, follow, max-snippet:-1, max-image-preview:large, max-video-preview:-1\" \/>\n<link rel=\"canonical\" href=\"https:\/\/hannacosmetica.com\/fr\/tienda\/maquinaria\/calentadores-cera-parafina\/maquina-de-parafina-parafinero-4l\/\" \/>\n<meta property=\"og:locale\" content=\"fr_FR\" \/>\n<meta property=\"og:type\" content=\"article\" \/>\n<meta property=\"og:title\" content=\"Maquina de Parafina \/Parafinero 4L - Hanna Cosm\u00e9tica\" \/>\n<meta property=\"og:description\" content=\"Maquina de parafina de alta calidad especialmente dise\u00f1ada para el ba\u00f1o de parafina., asegurando resultados \u00f3ptimos y comodidad. F\u00e1cil de usar: est\u00e1&hellip;\" \/>\n<meta property=\"og:url\" content=\"https:\/\/hannacosmetica.com\/fr\/tienda\/maquinaria\/calentadores-cera-parafina\/maquina-de-parafina-parafinero-4l\/\" \/>\n<meta property=\"og:site_name\" content=\"Hanna Cosm\u00e9tica\" \/>\n<meta property=\"og:image\" content=\"https:\/\/hannacosmetica.com\/wp-content\/uploads\/2024\/06\/Sin-titulo-480-x-440-px-71.png\" \/>\n\t<meta property=\"og:image:width\" content=\"480\" \/>\n\t<meta property=\"og:image:height\" content=\"440\" \/>\n\t<meta property=\"og:image:type\" content=\"image\/png\" \/>\n<meta name=\"twitter:card\" content=\"summary_large_image\" \/>\n<script type=\"application\/ld+json\" class=\"yoast-schema-graph\">{\"@context\":\"https:\/\/schema.org\",\"@graph\":[{\"@type\":\"WebPage\",\"@id\":\"https:\/\/hannacosmetica.com\/tienda\/maquinaria\/calentadores-cera-parafina\/maquina-de-parafina-parafinero-4l\/\",\"url\":\"https:\/\/hannacosmetica.com\/tienda\/maquinaria\/calentadores-cera-parafina\/maquina-de-parafina-parafinero-4l\/\",\"name\":\"Maquina de Parafina \/Parafinero 4L - Hanna Cosm\u00e9tica\",\"isPartOf\":{\"@id\":\"https:\/\/hannacosmetica.com\/#website\"},\"datePublished\":\"2024-06-11T13:42:34+00:00\",\"dateModified\":\"2024-06-11T13:42:34+00:00\",\"breadcrumb\":{\"@id\":\"https:\/\/hannacosmetica.com\/tienda\/maquinaria\/calentadores-cera-parafina\/maquina-de-parafina-parafinero-4l\/#breadcrumb\"},\"inLanguage\":\"fr-FR\",\"potentialAction\":[{\"@type\":\"ReadAction\",\"target\":[\"https:\/\/hannacosmetica.com\/tienda\/maquinaria\/calentadores-cera-parafina\/maquina-de-parafina-parafinero-4l\/\"]}]},{\"@type\":\"BreadcrumbList\",\"@id\":\"https:\/\/hannacosmetica.com\/tienda\/maquinaria\/calentadores-cera-parafina\/maquina-de-parafina-parafinero-4l\/#breadcrumb\",\"itemListElement\":[{\"@type\":\"ListItem\",\"position\":1,\"name\":\"Portada\",\"item\":\"https:\/\/hannacosmetica.com\/\"},{\"@type\":\"ListItem\",\"position\":2,\"name\":\"Tienda\",\"item\":\"https:\/\/hannacosmetica.com\/shop\/\"},{\"@type\":\"ListItem\",\"position\":3,\"name\":\"Maquina de Parafina \/Parafinero 4L\"}]},{\"@type\":\"WebSite\",\"@id\":\"https:\/\/hannacosmetica.com\/#website\",\"url\":\"https:\/\/hannacosmetica.com\/\",\"name\":\"Hanna Cosm\u00e9tica\",\"description\":\"Tienda de productos u\u00f1as, bellezas y peluquer\u00edas\",\"publisher\":{\"@id\":\"https:\/\/hannacosmetica.com\/#organization\"},\"potentialAction\":[{\"@type\":\"SearchAction\",\"target\":{\"@type\":\"EntryPoint\",\"urlTemplate\":\"https:\/\/hannacosmetica.com\/?s={search_term_string}\"},\"query-input\":\"required name=search_term_string\"}],\"inLanguage\":\"fr-FR\"},{\"@type\":\"Organization\",\"@id\":\"https:\/\/hannacosmetica.com\/#organization\",\"name\":\"Hanna Cosm\u00e9tica\",\"url\":\"https:\/\/hannacosmetica.com\/\",\"logo\":{\"@type\":\"ImageObject\",\"inLanguage\":\"fr-FR\",\"@id\":\"https:\/\/hannacosmetica.com\/#\/schema\/logo\/image\/\",\"url\":\"https:\/\/hannacosmetica.com\/wp-content\/uploads\/2022\/07\/Logo-Joyeria-Femenino-Floral-Negro.png\",\"contentUrl\":\"https:\/\/hannacosmetica.com\/wp-content\/uploads\/2022\/07\/Logo-Joyeria-Femenino-Floral-Negro.png\",\"width\":361,\"height\":126,\"caption\":\"Hanna Cosm\u00e9tica\"},\"image\":{\"@id\":\"https:\/\/hannacosmetica.com\/#\/schema\/logo\/image\/\"}}]}<\/script>\n<!-- \/ Yoast SEO plugin. -->","yoast_head_json":{"title":"Maquina de Parafina \/Parafinero 4L - Hanna Cosm\u00e9tica","robots":{"index":"index","follow":"follow","max-snippet":"max-snippet:-1","max-image-preview":"max-image-preview:large","max-video-preview":"max-video-preview:-1"},"canonical":"https:\/\/hannacosmetica.com\/fr\/tienda\/maquinaria\/calentadores-cera-parafina\/maquina-de-parafina-parafinero-4l\/","og_locale":"fr_FR","og_type":"article","og_title":"Maquina de Parafina \/Parafinero 4L - Hanna Cosm\u00e9tica","og_description":"Maquina de parafina de alta calidad especialmente dise\u00f1ada para el ba\u00f1o de parafina., asegurando resultados \u00f3ptimos y comodidad. F\u00e1cil de usar: est\u00e1&hellip;","og_url":"https:\/\/hannacosmetica.com\/fr\/tienda\/maquinaria\/calentadores-cera-parafina\/maquina-de-parafina-parafinero-4l\/","og_site_name":"Hanna Cosm\u00e9tica","og_image":[{"width":480,"height":440,"url":"https:\/\/hannacosmetica.com\/wp-content\/uploads\/2024\/06\/Sin-titulo-480-x-440-px-71.png","type":"image\/png"}],"twitter_card":"summary_large_image","schema":{"@context":"https:\/\/schema.org","@graph":[{"@type":"WebPage","@id":"https:\/\/hannacosmetica.com\/tienda\/maquinaria\/calentadores-cera-parafina\/maquina-de-parafina-parafinero-4l\/","url":"https:\/\/hannacosmetica.com\/tienda\/maquinaria\/calentadores-cera-parafina\/maquina-de-parafina-parafinero-4l\/","name":"Maquina de Parafina \/Parafinero 4L - Hanna Cosm\u00e9tica","isPartOf":{"@id":"https:\/\/hannacosmetica.com\/#website"},"datePublished":"2024-06-11T13:42:34+00:00","dateModified":"2024-06-11T13:42:34+00:00","breadcrumb":{"@id":"https:\/\/hannacosmetica.com\/tienda\/maquinaria\/calentadores-cera-parafina\/maquina-de-parafina-parafinero-4l\/#breadcrumb"},"inLanguage":"fr-FR","potentialAction":[{"@type":"ReadAction","target":["https:\/\/hannacosmetica.com\/tienda\/maquinaria\/calentadores-cera-parafina\/maquina-de-parafina-parafinero-4l\/"]}]},{"@type":"BreadcrumbList","@id":"https:\/\/hannacosmetica.com\/tienda\/maquinaria\/calentadores-cera-parafina\/maquina-de-parafina-parafinero-4l\/#breadcrumb","itemListElement":[{"@type":"ListItem","position":1,"name":"Portada","item":"https:\/\/hannacosmetica.com\/"},{"@type":"ListItem","position":2,"name":"Tienda","item":"https:\/\/hannacosmetica.com\/shop\/"},{"@type":"ListItem","position":3,"name":"Maquina de Parafina \/Parafinero 4L"}]},{"@type":"WebSite","@id":"https:\/\/hannacosmetica.com\/#website","url":"https:\/\/hannacosmetica.com\/","name":"Hanna Cosm\u00e9tica","description":"Tienda de productos u\u00f1as, bellezas y peluquer\u00edas","publisher":{"@id":"https:\/\/hannacosmetica.com\/#organization"},"potentialAction":[{"@type":"SearchAction","target":{"@type":"EntryPoint","urlTemplate":"https:\/\/hannacosmetica.com\/?s={search_term_string}"},"query-input":"required name=search_term_string"}],"inLanguage":"fr-FR"},{"@type":"Organization","@id":"https:\/\/hannacosmetica.com\/#organization","name":"Hanna Cosm\u00e9tica","url":"https:\/\/hannacosmetica.com\/","logo":{"@type":"ImageObject","inLanguage":"fr-FR","@id":"https:\/\/hannacosmetica.com\/#\/schema\/logo\/image\/","url":"https:\/\/hannacosmetica.com\/wp-content\/uploads\/2022\/07\/Logo-Joyeria-Femenino-Floral-Negro.png","contentUrl":"https:\/\/hannacosmetica.com\/wp-content\/uploads\/2022\/07\/Logo-Joyeria-Femenino-Floral-Negro.png","width":361,"height":126,"caption":"Hanna Cosm\u00e9tica"},"image":{"@id":"https:\/\/hannacosmetica.com\/#\/schema\/logo\/image\/"}}]}},"_links":{"self":[{"href":"https:\/\/hannacosmetica.com\/fr\/wp-json\/wp\/v2\/product\/17888"}],"collection":[{"href":"https:\/\/hannacosmetica.com\/fr\/wp-json\/wp\/v2\/product"}],"about":[{"href":"https:\/\/hannacosmetica.com\/fr\/wp-json\/wp\/v2\/types\/product"}],"replies":[{"embeddable":true,"href":"https:\/\/hannacosmetica.com\/fr\/wp-json\/wp\/v2\/comments?post=17888"}],"version-history":[{"count":1,"href":"https:\/\/hannacosmetica.com\/fr\/wp-json\/wp\/v2\/product\/17888\/revisions"}],"predecessor-version":[{"id":17899,"href":"https:\/\/hannacosmetica.com\/fr\/wp-json\/wp\/v2\/product\/17888\/revisions\/17899"}],"wp:featuredmedia":[{"embeddable":true,"href":"https:\/\/hannacosmetica.com\/fr\/wp-json\/wp\/v2\/media\/17889"}],"wp:attachment":[{"href":"https:\/\/hannacosmetica.com\/fr\/wp-json\/wp\/v2\/media?parent=17888"}],"wp:term":[{"taxonomy":"product_cat","embeddable":true,"href":"https:\/\/hannacosmetica.com\/fr\/wp-json\/wp\/v2\/product_cat?post=17888"},{"taxonomy":"product_tag","embeddable":true,"href":"https:\/\/hannacosmetica.com\/fr\/wp-json\/wp\/v2\/product_tag?post=17888"}],"curies":[{"name":"wp","href":"https:\/\/api.w.org\/{rel}","templated":true}]}}