{"id":17877,"date":"2024-06-07T16:54:44","date_gmt":"2024-06-07T16:54:44","guid":{"rendered":"https:\/\/hannacosmetica.com\/?post_type=product&#038;p=17877"},"modified":"2025-09-23T08:31:40","modified_gmt":"2025-09-23T08:31:40","slug":"calentador-de-cera","status":"publish","type":"product","link":"https:\/\/hannacosmetica.com\/fr\/tienda\/estetica\/calentador-de-cera\/","title":{"rendered":"Calentador de Cera"},"content":{"rendered":"<ul class=\"a-unordered-list a-vertical a-spacing-mini\">\n<li class=\"a-spacing-mini\"><span class=\"a-list-item\">[Rapido y Eficiencia]: Este calentador de cera puede derretir la mayor\u00eda de la cera, como cera dura, cera blanda, cera suelta y etc. La bobina de calentamiento hace que se derrita r\u00e1pidamente y solo necesita unos minutos para derretir los granos de cera dura.<\/span><\/li>\n<li class=\"a-spacing-mini\"><span class=\"a-list-item\">[F\u00e1cil de usar]: Hay tres puertos de escape en la cubierta, que pueden descargar de manera efectiva la temperatura de procesamiento de la cera sin reducir la velocidad de fusi\u00f3n de la cera y extender la vida \u00fatil de la m\u00e1quina.<\/span><\/li>\n<li class=\"a-spacing-mini\"><span class=\"a-list-item\">[Dese\u00f1o Seguridad]: Hecho de material de alta calidad, seguro y ecol\u00f3gico, no t\u00f3xico, firme y duradero para su uso. Dispositivo de control de temperatura autom\u00e1tico, el proceso de calentamiento repite el ciclo, asegura la temperatura de calentamiento adecuada.<\/span><\/li>\n<li class=\"a-spacing-mini\"><span class=\"a-list-item\">[Funci\u00f3n depilaci\u00f3n]: La mayor\u00eda de los cabellos se sacar\u00edan instant\u00e1neamente de los fol\u00edculos capilares mediante la cera derretida seca. No se mantendr\u00e1 la ra\u00edz del cabello negro despu\u00e9s de este tipo de depilaci\u00f3n.<\/span><\/li>\n<li class=\"a-spacing-mini\"><span class=\"a-list-item\">[Calefacci\u00f3n de 360 grados]: Calentamiento de 360 grados, la velocidad de fusi\u00f3n de la cera es 1\/3 veces m\u00e1s r\u00e1pida que la de los productos tradicionales.La olla de aluminio extra\u00edble es resistente a altas temperaturas, f\u00e1cil de limpiar, de dise\u00f1o port\u00e1til, segura y no se quema las manos.<\/span><\/li>\n<\/ul>\n","protected":false},"excerpt":{"rendered":"<p>[Rapido y Eficiencia]: Este calentador de cera puede derretir la mayor\u00eda de la cera, como cera dura, cera blanda, cera suelta y&hellip;<\/p>\n","protected":false},"featured_media":17878,"comment_status":"open","ping_status":"closed","template":"","meta":[],"product_cat":[304,84,87],"product_tag":[],"yoast_head":"<!-- This site is optimized with the Yoast SEO plugin v19.9 - https:\/\/yoast.com\/wordpress\/plugins\/seo\/ -->\n<title>Calentador de Cera - Hanna Cosm\u00e9tica<\/title>\n<meta name=\"robots\" content=\"index, follow, max-snippet:-1, max-image-preview:large, max-video-preview:-1\" \/>\n<link rel=\"canonical\" href=\"https:\/\/hannacosmetica.com\/fr\/tienda\/estetica\/calentador-de-cera\/\" \/>\n<meta property=\"og:locale\" content=\"fr_FR\" \/>\n<meta property=\"og:type\" content=\"article\" \/>\n<meta property=\"og:title\" content=\"Calentador de Cera - Hanna Cosm\u00e9tica\" \/>\n<meta property=\"og:description\" content=\"[Rapido y Eficiencia]: Este calentador de cera puede derretir la mayor\u00eda de la cera, como cera dura, cera blanda, cera suelta y&hellip;\" \/>\n<meta property=\"og:url\" content=\"https:\/\/hannacosmetica.com\/fr\/tienda\/estetica\/calentador-de-cera\/\" \/>\n<meta property=\"og:site_name\" content=\"Hanna Cosm\u00e9tica\" \/>\n<meta property=\"article:modified_time\" content=\"2025-09-23T08:31:40+00:00\" \/>\n<meta property=\"og:image\" content=\"https:\/\/hannacosmetica.com\/wp-content\/uploads\/2024\/06\/Sin-titulo-480-x-440-px-67.png\" \/>\n\t<meta property=\"og:image:width\" content=\"480\" \/>\n\t<meta property=\"og:image:height\" content=\"440\" \/>\n\t<meta property=\"og:image:type\" content=\"image\/png\" \/>\n<meta name=\"twitter:card\" content=\"summary_large_image\" \/>\n<script type=\"application\/ld+json\" class=\"yoast-schema-graph\">{\"@context\":\"https:\/\/schema.org\",\"@graph\":[{\"@type\":\"WebPage\",\"@id\":\"https:\/\/hannacosmetica.com\/tienda\/estetica\/calentador-de-cera\/\",\"url\":\"https:\/\/hannacosmetica.com\/tienda\/estetica\/calentador-de-cera\/\",\"name\":\"Calentador de Cera - Hanna Cosm\u00e9tica\",\"isPartOf\":{\"@id\":\"https:\/\/hannacosmetica.com\/#website\"},\"datePublished\":\"2024-06-07T16:54:44+00:00\",\"dateModified\":\"2025-09-23T08:31:40+00:00\",\"breadcrumb\":{\"@id\":\"https:\/\/hannacosmetica.com\/tienda\/estetica\/calentador-de-cera\/#breadcrumb\"},\"inLanguage\":\"fr-FR\",\"potentialAction\":[{\"@type\":\"ReadAction\",\"target\":[\"https:\/\/hannacosmetica.com\/tienda\/estetica\/calentador-de-cera\/\"]}]},{\"@type\":\"BreadcrumbList\",\"@id\":\"https:\/\/hannacosmetica.com\/tienda\/estetica\/calentador-de-cera\/#breadcrumb\",\"itemListElement\":[{\"@type\":\"ListItem\",\"position\":1,\"name\":\"Portada\",\"item\":\"https:\/\/hannacosmetica.com\/\"},{\"@type\":\"ListItem\",\"position\":2,\"name\":\"Tienda\",\"item\":\"https:\/\/hannacosmetica.com\/shop\/\"},{\"@type\":\"ListItem\",\"position\":3,\"name\":\"Calentador de Cera\"}]},{\"@type\":\"WebSite\",\"@id\":\"https:\/\/hannacosmetica.com\/#website\",\"url\":\"https:\/\/hannacosmetica.com\/\",\"name\":\"Hanna Cosm\u00e9tica\",\"description\":\"Tienda de productos u\u00f1as, bellezas y peluquer\u00edas\",\"publisher\":{\"@id\":\"https:\/\/hannacosmetica.com\/#organization\"},\"potentialAction\":[{\"@type\":\"SearchAction\",\"target\":{\"@type\":\"EntryPoint\",\"urlTemplate\":\"https:\/\/hannacosmetica.com\/?s={search_term_string}\"},\"query-input\":\"required name=search_term_string\"}],\"inLanguage\":\"fr-FR\"},{\"@type\":\"Organization\",\"@id\":\"https:\/\/hannacosmetica.com\/#organization\",\"name\":\"Hanna Cosm\u00e9tica\",\"url\":\"https:\/\/hannacosmetica.com\/\",\"logo\":{\"@type\":\"ImageObject\",\"inLanguage\":\"fr-FR\",\"@id\":\"https:\/\/hannacosmetica.com\/#\/schema\/logo\/image\/\",\"url\":\"https:\/\/hannacosmetica.com\/wp-content\/uploads\/2022\/07\/Logo-Joyeria-Femenino-Floral-Negro.png\",\"contentUrl\":\"https:\/\/hannacosmetica.com\/wp-content\/uploads\/2022\/07\/Logo-Joyeria-Femenino-Floral-Negro.png\",\"width\":361,\"height\":126,\"caption\":\"Hanna Cosm\u00e9tica\"},\"image\":{\"@id\":\"https:\/\/hannacosmetica.com\/#\/schema\/logo\/image\/\"}}]}<\/script>\n<!-- \/ Yoast SEO plugin. -->","yoast_head_json":{"title":"Calentador de Cera - Hanna Cosm\u00e9tica","robots":{"index":"index","follow":"follow","max-snippet":"max-snippet:-1","max-image-preview":"max-image-preview:large","max-video-preview":"max-video-preview:-1"},"canonical":"https:\/\/hannacosmetica.com\/fr\/tienda\/estetica\/calentador-de-cera\/","og_locale":"fr_FR","og_type":"article","og_title":"Calentador de Cera - Hanna Cosm\u00e9tica","og_description":"[Rapido y Eficiencia]: Este calentador de cera puede derretir la mayor\u00eda de la cera, como cera dura, cera blanda, cera suelta y&hellip;","og_url":"https:\/\/hannacosmetica.com\/fr\/tienda\/estetica\/calentador-de-cera\/","og_site_name":"Hanna Cosm\u00e9tica","article_modified_time":"2025-09-23T08:31:40+00:00","og_image":[{"width":480,"height":440,"url":"https:\/\/hannacosmetica.com\/wp-content\/uploads\/2024\/06\/Sin-titulo-480-x-440-px-67.png","type":"image\/png"}],"twitter_card":"summary_large_image","schema":{"@context":"https:\/\/schema.org","@graph":[{"@type":"WebPage","@id":"https:\/\/hannacosmetica.com\/tienda\/estetica\/calentador-de-cera\/","url":"https:\/\/hannacosmetica.com\/tienda\/estetica\/calentador-de-cera\/","name":"Calentador de Cera - Hanna Cosm\u00e9tica","isPartOf":{"@id":"https:\/\/hannacosmetica.com\/#website"},"datePublished":"2024-06-07T16:54:44+00:00","dateModified":"2025-09-23T08:31:40+00:00","breadcrumb":{"@id":"https:\/\/hannacosmetica.com\/tienda\/estetica\/calentador-de-cera\/#breadcrumb"},"inLanguage":"fr-FR","potentialAction":[{"@type":"ReadAction","target":["https:\/\/hannacosmetica.com\/tienda\/estetica\/calentador-de-cera\/"]}]},{"@type":"BreadcrumbList","@id":"https:\/\/hannacosmetica.com\/tienda\/estetica\/calentador-de-cera\/#breadcrumb","itemListElement":[{"@type":"ListItem","position":1,"name":"Portada","item":"https:\/\/hannacosmetica.com\/"},{"@type":"ListItem","position":2,"name":"Tienda","item":"https:\/\/hannacosmetica.com\/shop\/"},{"@type":"ListItem","position":3,"name":"Calentador de Cera"}]},{"@type":"WebSite","@id":"https:\/\/hannacosmetica.com\/#website","url":"https:\/\/hannacosmetica.com\/","name":"Hanna Cosm\u00e9tica","description":"Tienda de productos u\u00f1as, bellezas y peluquer\u00edas","publisher":{"@id":"https:\/\/hannacosmetica.com\/#organization"},"potentialAction":[{"@type":"SearchAction","target":{"@type":"EntryPoint","urlTemplate":"https:\/\/hannacosmetica.com\/?s={search_term_string}"},"query-input":"required name=search_term_string"}],"inLanguage":"fr-FR"},{"@type":"Organization","@id":"https:\/\/hannacosmetica.com\/#organization","name":"Hanna Cosm\u00e9tica","url":"https:\/\/hannacosmetica.com\/","logo":{"@type":"ImageObject","inLanguage":"fr-FR","@id":"https:\/\/hannacosmetica.com\/#\/schema\/logo\/image\/","url":"https:\/\/hannacosmetica.com\/wp-content\/uploads\/2022\/07\/Logo-Joyeria-Femenino-Floral-Negro.png","contentUrl":"https:\/\/hannacosmetica.com\/wp-content\/uploads\/2022\/07\/Logo-Joyeria-Femenino-Floral-Negro.png","width":361,"height":126,"caption":"Hanna Cosm\u00e9tica"},"image":{"@id":"https:\/\/hannacosmetica.com\/#\/schema\/logo\/image\/"}}]}},"_links":{"self":[{"href":"https:\/\/hannacosmetica.com\/fr\/wp-json\/wp\/v2\/product\/17877"}],"collection":[{"href":"https:\/\/hannacosmetica.com\/fr\/wp-json\/wp\/v2\/product"}],"about":[{"href":"https:\/\/hannacosmetica.com\/fr\/wp-json\/wp\/v2\/types\/product"}],"replies":[{"embeddable":true,"href":"https:\/\/hannacosmetica.com\/fr\/wp-json\/wp\/v2\/comments?post=17877"}],"version-history":[{"count":1,"href":"https:\/\/hannacosmetica.com\/fr\/wp-json\/wp\/v2\/product\/17877\/revisions"}],"predecessor-version":[{"id":17881,"href":"https:\/\/hannacosmetica.com\/fr\/wp-json\/wp\/v2\/product\/17877\/revisions\/17881"}],"wp:featuredmedia":[{"embeddable":true,"href":"https:\/\/hannacosmetica.com\/fr\/wp-json\/wp\/v2\/media\/17878"}],"wp:attachment":[{"href":"https:\/\/hannacosmetica.com\/fr\/wp-json\/wp\/v2\/media?parent=17877"}],"wp:term":[{"taxonomy":"product_cat","embeddable":true,"href":"https:\/\/hannacosmetica.com\/fr\/wp-json\/wp\/v2\/product_cat?post=17877"},{"taxonomy":"product_tag","embeddable":true,"href":"https:\/\/hannacosmetica.com\/fr\/wp-json\/wp\/v2\/product_tag?post=17877"}],"curies":[{"name":"wp","href":"https:\/\/api.w.org\/{rel}","templated":true}]}}