{"id":17849,"date":"2024-06-07T15:47:50","date_gmt":"2024-06-07T15:47:50","guid":{"rendered":"https:\/\/hannacosmetica.com\/?post_type=product&#038;p=17849"},"modified":"2024-06-07T15:47:51","modified_gmt":"2024-06-07T15:47:51","slug":"calentador-de-cera-tibia-roll-on","status":"publish","type":"product","link":"https:\/\/hannacosmetica.com\/fr\/tienda\/maquinaria\/calentadores-cera-parafina\/calentador-de-cera-tibia-roll-on\/","title":{"rendered":"Calentador de Cera Tibia roll-on"},"content":{"rendered":"<ul class=\"a-unordered-list a-vertical a-spacing-mini\">\n<li class=\"a-spacing-mini\"><span class=\"a-list-item\">\u3010Ventana transparente\u3011 La ventana transparente del recipiente permite una f\u00e1cil observaci\u00f3n del estado de la cera sin tener que abrir la tapa, lo que brinda comodidad adicional durante el uso.<\/span><\/li>\n<li class=\"a-spacing-mini\"><span class=\"a-list-item\">\u3010Tapa\u3011La tapa previene eficazmente la contaminaci\u00f3n de la cera, asegurando su limpieza y calidad. Adem\u00e1s, su peso ligero hace que sea f\u00e1cil de transportar para usarlo en casa o mientras viaja.<\/span><\/li>\n<li class=\"a-spacing-mini\"><span class=\"a-list-item\">\u3010Depilaci\u00f3n sin irritaci\u00f3n\u3011Este dispositivo puede eliminar f\u00e1cil y suavemente el vello no deseado de diferentes partes del cuerpo, incluidas manos, pies, codos, etc., sin irritar ni da\u00f1ar la piel, lo que garantiza un resultado c\u00f3modo.<\/span><\/li>\n<li class=\"a-spacing-mini\"><span class=\"a-list-item\">\u3010Alta potencia y calentamiento r\u00e1pido\u3011Con una potencia de 40 W, este dispositivo proporciona un derretimiento r\u00e1pido de la cera, lo que hace que el proceso de depilaci\u00f3n sea m\u00e1s eficiente y conveniente. Su sencillo funcionamiento y calentamiento autom\u00e1tico hacen que su uso sea f\u00e1cil para todos.<\/span><\/li>\n<li class=\"a-spacing-mini\"><span class=\"a-list-item\">\u3010Material seguro y ecol\u00f3gico\u3011 Hecho de material ABS de alta calidad, este dispositivo es seguro y garantiza un uso agradable para la piel.<\/span><\/li>\n<\/ul>","protected":false},"excerpt":{"rendered":"<p>\u3010Ventana transparente\u3011 La ventana transparente del recipiente permite una f\u00e1cil observaci\u00f3n del estado de la cera sin tener que abrir la tapa,&hellip;<\/p>","protected":false},"featured_media":17850,"comment_status":"open","ping_status":"closed","template":"","meta":[],"product_cat":[304,84,115,86,122,87],"product_tag":[],"yoast_head":"<!-- This site is optimized with the Yoast SEO plugin v19.9 - https:\/\/yoast.com\/wordpress\/plugins\/seo\/ -->\n<title>Calentador de Cera Tibia roll-on - Hanna Cosm\u00e9tica<\/title>\n<meta name=\"robots\" content=\"index, follow, max-snippet:-1, max-image-preview:large, max-video-preview:-1\" \/>\n<link rel=\"canonical\" href=\"https:\/\/hannacosmetica.com\/fr\/tienda\/maquinaria\/calentadores-cera-parafina\/calentador-de-cera-tibia-roll-on\/\" \/>\n<meta property=\"og:locale\" content=\"fr_FR\" \/>\n<meta property=\"og:type\" content=\"article\" \/>\n<meta property=\"og:title\" content=\"Calentador de Cera Tibia roll-on - Hanna Cosm\u00e9tica\" \/>\n<meta property=\"og:description\" content=\"\u3010Ventana transparente\u3011 La ventana transparente del recipiente permite una f\u00e1cil observaci\u00f3n del estado de la cera sin tener que abrir la tapa,&hellip;\" \/>\n<meta property=\"og:url\" content=\"https:\/\/hannacosmetica.com\/fr\/tienda\/maquinaria\/calentadores-cera-parafina\/calentador-de-cera-tibia-roll-on\/\" \/>\n<meta property=\"og:site_name\" content=\"Hanna Cosm\u00e9tica\" \/>\n<meta property=\"article:modified_time\" content=\"2024-06-07T15:47:51+00:00\" \/>\n<meta property=\"og:image\" content=\"https:\/\/hannacosmetica.com\/wp-content\/uploads\/2024\/06\/Sin-titulo-480-x-440-px-51.png\" \/>\n\t<meta property=\"og:image:width\" content=\"480\" \/>\n\t<meta property=\"og:image:height\" content=\"440\" \/>\n\t<meta property=\"og:image:type\" content=\"image\/png\" \/>\n<meta name=\"twitter:card\" content=\"summary_large_image\" \/>\n<script type=\"application\/ld+json\" class=\"yoast-schema-graph\">{\"@context\":\"https:\/\/schema.org\",\"@graph\":[{\"@type\":\"WebPage\",\"@id\":\"https:\/\/hannacosmetica.com\/tienda\/maquinaria\/calentadores-cera-parafina\/calentador-de-cera-tibia-roll-on\/\",\"url\":\"https:\/\/hannacosmetica.com\/tienda\/maquinaria\/calentadores-cera-parafina\/calentador-de-cera-tibia-roll-on\/\",\"name\":\"Calentador de Cera Tibia roll-on - Hanna Cosm\u00e9tica\",\"isPartOf\":{\"@id\":\"https:\/\/hannacosmetica.com\/#website\"},\"datePublished\":\"2024-06-07T15:47:50+00:00\",\"dateModified\":\"2024-06-07T15:47:51+00:00\",\"breadcrumb\":{\"@id\":\"https:\/\/hannacosmetica.com\/tienda\/maquinaria\/calentadores-cera-parafina\/calentador-de-cera-tibia-roll-on\/#breadcrumb\"},\"inLanguage\":\"fr-FR\",\"potentialAction\":[{\"@type\":\"ReadAction\",\"target\":[\"https:\/\/hannacosmetica.com\/tienda\/maquinaria\/calentadores-cera-parafina\/calentador-de-cera-tibia-roll-on\/\"]}]},{\"@type\":\"BreadcrumbList\",\"@id\":\"https:\/\/hannacosmetica.com\/tienda\/maquinaria\/calentadores-cera-parafina\/calentador-de-cera-tibia-roll-on\/#breadcrumb\",\"itemListElement\":[{\"@type\":\"ListItem\",\"position\":1,\"name\":\"Portada\",\"item\":\"https:\/\/hannacosmetica.com\/\"},{\"@type\":\"ListItem\",\"position\":2,\"name\":\"Tienda\",\"item\":\"https:\/\/hannacosmetica.com\/shop\/\"},{\"@type\":\"ListItem\",\"position\":3,\"name\":\"Calentador de Cera Tibia roll-on\"}]},{\"@type\":\"WebSite\",\"@id\":\"https:\/\/hannacosmetica.com\/#website\",\"url\":\"https:\/\/hannacosmetica.com\/\",\"name\":\"Hanna Cosm\u00e9tica\",\"description\":\"Tienda de productos u\u00f1as, bellezas y peluquer\u00edas\",\"publisher\":{\"@id\":\"https:\/\/hannacosmetica.com\/#organization\"},\"potentialAction\":[{\"@type\":\"SearchAction\",\"target\":{\"@type\":\"EntryPoint\",\"urlTemplate\":\"https:\/\/hannacosmetica.com\/?s={search_term_string}\"},\"query-input\":\"required name=search_term_string\"}],\"inLanguage\":\"fr-FR\"},{\"@type\":\"Organization\",\"@id\":\"https:\/\/hannacosmetica.com\/#organization\",\"name\":\"Hanna Cosm\u00e9tica\",\"url\":\"https:\/\/hannacosmetica.com\/\",\"logo\":{\"@type\":\"ImageObject\",\"inLanguage\":\"fr-FR\",\"@id\":\"https:\/\/hannacosmetica.com\/#\/schema\/logo\/image\/\",\"url\":\"https:\/\/hannacosmetica.com\/wp-content\/uploads\/2022\/07\/Logo-Joyeria-Femenino-Floral-Negro.png\",\"contentUrl\":\"https:\/\/hannacosmetica.com\/wp-content\/uploads\/2022\/07\/Logo-Joyeria-Femenino-Floral-Negro.png\",\"width\":361,\"height\":126,\"caption\":\"Hanna Cosm\u00e9tica\"},\"image\":{\"@id\":\"https:\/\/hannacosmetica.com\/#\/schema\/logo\/image\/\"}}]}<\/script>\n<!-- \/ Yoast SEO plugin. -->","yoast_head_json":{"title":"Calentador de Cera Tibia roll-on - Hanna Cosm\u00e9tica","robots":{"index":"index","follow":"follow","max-snippet":"max-snippet:-1","max-image-preview":"max-image-preview:large","max-video-preview":"max-video-preview:-1"},"canonical":"https:\/\/hannacosmetica.com\/fr\/tienda\/maquinaria\/calentadores-cera-parafina\/calentador-de-cera-tibia-roll-on\/","og_locale":"fr_FR","og_type":"article","og_title":"Calentador de Cera Tibia roll-on - Hanna Cosm\u00e9tica","og_description":"\u3010Ventana transparente\u3011 La ventana transparente del recipiente permite una f\u00e1cil observaci\u00f3n del estado de la cera sin tener que abrir la tapa,&hellip;","og_url":"https:\/\/hannacosmetica.com\/fr\/tienda\/maquinaria\/calentadores-cera-parafina\/calentador-de-cera-tibia-roll-on\/","og_site_name":"Hanna Cosm\u00e9tica","article_modified_time":"2024-06-07T15:47:51+00:00","og_image":[{"width":480,"height":440,"url":"https:\/\/hannacosmetica.com\/wp-content\/uploads\/2024\/06\/Sin-titulo-480-x-440-px-51.png","type":"image\/png"}],"twitter_card":"summary_large_image","schema":{"@context":"https:\/\/schema.org","@graph":[{"@type":"WebPage","@id":"https:\/\/hannacosmetica.com\/tienda\/maquinaria\/calentadores-cera-parafina\/calentador-de-cera-tibia-roll-on\/","url":"https:\/\/hannacosmetica.com\/tienda\/maquinaria\/calentadores-cera-parafina\/calentador-de-cera-tibia-roll-on\/","name":"Calentador de Cera Tibia roll-on - Hanna Cosm\u00e9tica","isPartOf":{"@id":"https:\/\/hannacosmetica.com\/#website"},"datePublished":"2024-06-07T15:47:50+00:00","dateModified":"2024-06-07T15:47:51+00:00","breadcrumb":{"@id":"https:\/\/hannacosmetica.com\/tienda\/maquinaria\/calentadores-cera-parafina\/calentador-de-cera-tibia-roll-on\/#breadcrumb"},"inLanguage":"fr-FR","potentialAction":[{"@type":"ReadAction","target":["https:\/\/hannacosmetica.com\/tienda\/maquinaria\/calentadores-cera-parafina\/calentador-de-cera-tibia-roll-on\/"]}]},{"@type":"BreadcrumbList","@id":"https:\/\/hannacosmetica.com\/tienda\/maquinaria\/calentadores-cera-parafina\/calentador-de-cera-tibia-roll-on\/#breadcrumb","itemListElement":[{"@type":"ListItem","position":1,"name":"Portada","item":"https:\/\/hannacosmetica.com\/"},{"@type":"ListItem","position":2,"name":"Tienda","item":"https:\/\/hannacosmetica.com\/shop\/"},{"@type":"ListItem","position":3,"name":"Calentador de Cera Tibia roll-on"}]},{"@type":"WebSite","@id":"https:\/\/hannacosmetica.com\/#website","url":"https:\/\/hannacosmetica.com\/","name":"Hanna Cosm\u00e9tica","description":"Tienda de productos u\u00f1as, bellezas y peluquer\u00edas","publisher":{"@id":"https:\/\/hannacosmetica.com\/#organization"},"potentialAction":[{"@type":"SearchAction","target":{"@type":"EntryPoint","urlTemplate":"https:\/\/hannacosmetica.com\/?s={search_term_string}"},"query-input":"required name=search_term_string"}],"inLanguage":"fr-FR"},{"@type":"Organization","@id":"https:\/\/hannacosmetica.com\/#organization","name":"Hanna Cosm\u00e9tica","url":"https:\/\/hannacosmetica.com\/","logo":{"@type":"ImageObject","inLanguage":"fr-FR","@id":"https:\/\/hannacosmetica.com\/#\/schema\/logo\/image\/","url":"https:\/\/hannacosmetica.com\/wp-content\/uploads\/2022\/07\/Logo-Joyeria-Femenino-Floral-Negro.png","contentUrl":"https:\/\/hannacosmetica.com\/wp-content\/uploads\/2022\/07\/Logo-Joyeria-Femenino-Floral-Negro.png","width":361,"height":126,"caption":"Hanna Cosm\u00e9tica"},"image":{"@id":"https:\/\/hannacosmetica.com\/#\/schema\/logo\/image\/"}}]}},"_links":{"self":[{"href":"https:\/\/hannacosmetica.com\/fr\/wp-json\/wp\/v2\/product\/17849"}],"collection":[{"href":"https:\/\/hannacosmetica.com\/fr\/wp-json\/wp\/v2\/product"}],"about":[{"href":"https:\/\/hannacosmetica.com\/fr\/wp-json\/wp\/v2\/types\/product"}],"replies":[{"embeddable":true,"href":"https:\/\/hannacosmetica.com\/fr\/wp-json\/wp\/v2\/comments?post=17849"}],"version-history":[{"count":1,"href":"https:\/\/hannacosmetica.com\/fr\/wp-json\/wp\/v2\/product\/17849\/revisions"}],"predecessor-version":[{"id":17854,"href":"https:\/\/hannacosmetica.com\/fr\/wp-json\/wp\/v2\/product\/17849\/revisions\/17854"}],"wp:featuredmedia":[{"embeddable":true,"href":"https:\/\/hannacosmetica.com\/fr\/wp-json\/wp\/v2\/media\/17850"}],"wp:attachment":[{"href":"https:\/\/hannacosmetica.com\/fr\/wp-json\/wp\/v2\/media?parent=17849"}],"wp:term":[{"taxonomy":"product_cat","embeddable":true,"href":"https:\/\/hannacosmetica.com\/fr\/wp-json\/wp\/v2\/product_cat?post=17849"},{"taxonomy":"product_tag","embeddable":true,"href":"https:\/\/hannacosmetica.com\/fr\/wp-json\/wp\/v2\/product_tag?post=17849"}],"curies":[{"name":"wp","href":"https:\/\/api.w.org\/{rel}","templated":true}]}}