{"id":17839,"date":"2024-06-07T14:11:10","date_gmt":"2024-06-07T14:11:10","guid":{"rendered":"https:\/\/hannacosmetica.com\/?post_type=product&#038;p=17839"},"modified":"2024-06-07T14:11:11","modified_gmt":"2024-06-07T14:11:11","slug":"esterilizador-de-cuarzo-esterilizador-para-pinzas-y-tijeras","status":"publish","type":"product","link":"https:\/\/hannacosmetica.com\/fr\/tienda\/maquinaria\/esterilizadores\/esterilizador-de-cuarzo-esterilizador-para-pinzas-y-tijeras\/","title":{"rendered":"Esterilizador de cuarzo\/ Esterilizador para Pinzas y Tijeras"},"content":{"rendered":"<ul class=\"a-unordered-list a-vertical a-spacing-mini\">\n<li class=\"a-spacing-mini\"><span class=\"a-list-item\">\u3010Aumento y mantenimiento autom\u00e1tico de la temperatura, f\u00e1cil y c\u00f3modo de usar\u3011 El esterilizador inteligente puede aumentar autom\u00e1ticamente hasta 150 grados y mantenerse cuando se conecta a la corriente, poner las bolas de cristal en el interior y encender el interruptor, manteniendo las herramientas limpias y est\u00e9riles.<\/span><\/li>\n<li class=\"a-spacing-mini\"><span class=\"a-list-item\">\u3010Dise\u00f1o de protecci\u00f3n contra sobrecalentamiento, seguro de usar\u3011Este esterilizador de herramientas dispone de una certificaci\u00f3n CE para su dise\u00f1o s\u00f3lido. Las funciones ecol\u00f3gicas y de bajo consumo se pueden reutilizar y utilizar a largo plazo.<\/span><\/li>\n<li class=\"a-spacing-mini\"><span class=\"a-list-item\">\u3010 Tome desinfecci\u00f3n de alta temperatura \u3011 Dispositivo de aislamiento t\u00e9rmico integrado y funci\u00f3n de esterilizaci\u00f3n UV pueden ser completos, uniformes, r\u00e1pidos y eficaces para matar los hongos, la forma, la gonorrea y otras bacterias pat\u00f3genas en las herramientas de u\u00f1as de sal\u00f3n de belleza.<\/span><\/li>\n<li class=\"a-spacing-mini\"><span class=\"a-list-item\">Esterilizaci\u00f3n efectiva: cuando interrumpe la alimentaci\u00f3n, hay orificios de ventilaci\u00f3n en ambos lados y tres orificios de refrigeraci\u00f3n en la parte superior que mejoran la refrigeraci\u00f3n del gases de escape. \u00dasalo para esterilizar las herramientas de arte de metal. Como pinzas, corta\u00fa\u00f1as, pelador de salones, etc.<\/span><\/li>\n<\/ul>","protected":false},"excerpt":{"rendered":"<p>\u3010Aumento y mantenimiento autom\u00e1tico de la temperatura, f\u00e1cil y c\u00f3modo de usar\u3011 El esterilizador inteligente puede aumentar autom\u00e1ticamente hasta 150 grados y&hellip;<\/p>","protected":false},"featured_media":17832,"comment_status":"open","ping_status":"closed","template":"","meta":[],"product_cat":[304,82,101,86,121,87],"product_tag":[],"yoast_head":"<!-- This site is optimized with the Yoast SEO plugin v19.9 - https:\/\/yoast.com\/wordpress\/plugins\/seo\/ -->\n<title>Esterilizador de cuarzo\/ Esterilizador para Pinzas y Tijeras - Hanna Cosm\u00e9tica<\/title>\n<meta name=\"robots\" content=\"index, follow, max-snippet:-1, max-image-preview:large, max-video-preview:-1\" \/>\n<link rel=\"canonical\" href=\"https:\/\/hannacosmetica.com\/fr\/tienda\/maquinaria\/esterilizadores\/esterilizador-de-cuarzo-esterilizador-para-pinzas-y-tijeras\/\" \/>\n<meta property=\"og:locale\" content=\"fr_FR\" \/>\n<meta property=\"og:type\" content=\"article\" \/>\n<meta property=\"og:title\" content=\"Esterilizador de cuarzo\/ Esterilizador para Pinzas y Tijeras - Hanna Cosm\u00e9tica\" \/>\n<meta property=\"og:description\" content=\"\u3010Aumento y mantenimiento autom\u00e1tico de la temperatura, f\u00e1cil y c\u00f3modo de usar\u3011 El esterilizador inteligente puede aumentar autom\u00e1ticamente hasta 150 grados y&hellip;\" \/>\n<meta property=\"og:url\" content=\"https:\/\/hannacosmetica.com\/fr\/tienda\/maquinaria\/esterilizadores\/esterilizador-de-cuarzo-esterilizador-para-pinzas-y-tijeras\/\" \/>\n<meta property=\"og:site_name\" content=\"Hanna Cosm\u00e9tica\" \/>\n<meta property=\"article:modified_time\" content=\"2024-06-07T14:11:11+00:00\" \/>\n<meta property=\"og:image\" content=\"https:\/\/hannacosmetica.com\/wp-content\/uploads\/2024\/06\/Sin-titulo-480-x-440-px-43.png\" \/>\n\t<meta property=\"og:image:width\" content=\"480\" \/>\n\t<meta property=\"og:image:height\" content=\"440\" \/>\n\t<meta property=\"og:image:type\" content=\"image\/png\" \/>\n<meta name=\"twitter:card\" content=\"summary_large_image\" \/>\n<script type=\"application\/ld+json\" class=\"yoast-schema-graph\">{\"@context\":\"https:\/\/schema.org\",\"@graph\":[{\"@type\":\"WebPage\",\"@id\":\"https:\/\/hannacosmetica.com\/tienda\/maquinaria\/esterilizadores\/esterilizador-de-cuarzo-esterilizador-para-pinzas-y-tijeras\/\",\"url\":\"https:\/\/hannacosmetica.com\/tienda\/maquinaria\/esterilizadores\/esterilizador-de-cuarzo-esterilizador-para-pinzas-y-tijeras\/\",\"name\":\"Esterilizador de cuarzo\/ Esterilizador para Pinzas y Tijeras - Hanna Cosm\u00e9tica\",\"isPartOf\":{\"@id\":\"https:\/\/hannacosmetica.com\/#website\"},\"datePublished\":\"2024-06-07T14:11:10+00:00\",\"dateModified\":\"2024-06-07T14:11:11+00:00\",\"breadcrumb\":{\"@id\":\"https:\/\/hannacosmetica.com\/tienda\/maquinaria\/esterilizadores\/esterilizador-de-cuarzo-esterilizador-para-pinzas-y-tijeras\/#breadcrumb\"},\"inLanguage\":\"fr-FR\",\"potentialAction\":[{\"@type\":\"ReadAction\",\"target\":[\"https:\/\/hannacosmetica.com\/tienda\/maquinaria\/esterilizadores\/esterilizador-de-cuarzo-esterilizador-para-pinzas-y-tijeras\/\"]}]},{\"@type\":\"BreadcrumbList\",\"@id\":\"https:\/\/hannacosmetica.com\/tienda\/maquinaria\/esterilizadores\/esterilizador-de-cuarzo-esterilizador-para-pinzas-y-tijeras\/#breadcrumb\",\"itemListElement\":[{\"@type\":\"ListItem\",\"position\":1,\"name\":\"Portada\",\"item\":\"https:\/\/hannacosmetica.com\/\"},{\"@type\":\"ListItem\",\"position\":2,\"name\":\"Tienda\",\"item\":\"https:\/\/hannacosmetica.com\/shop\/\"},{\"@type\":\"ListItem\",\"position\":3,\"name\":\"Esterilizador de cuarzo\/ Esterilizador para Pinzas y Tijeras\"}]},{\"@type\":\"WebSite\",\"@id\":\"https:\/\/hannacosmetica.com\/#website\",\"url\":\"https:\/\/hannacosmetica.com\/\",\"name\":\"Hanna Cosm\u00e9tica\",\"description\":\"Tienda de productos u\u00f1as, bellezas y peluquer\u00edas\",\"publisher\":{\"@id\":\"https:\/\/hannacosmetica.com\/#organization\"},\"potentialAction\":[{\"@type\":\"SearchAction\",\"target\":{\"@type\":\"EntryPoint\",\"urlTemplate\":\"https:\/\/hannacosmetica.com\/?s={search_term_string}\"},\"query-input\":\"required name=search_term_string\"}],\"inLanguage\":\"fr-FR\"},{\"@type\":\"Organization\",\"@id\":\"https:\/\/hannacosmetica.com\/#organization\",\"name\":\"Hanna Cosm\u00e9tica\",\"url\":\"https:\/\/hannacosmetica.com\/\",\"logo\":{\"@type\":\"ImageObject\",\"inLanguage\":\"fr-FR\",\"@id\":\"https:\/\/hannacosmetica.com\/#\/schema\/logo\/image\/\",\"url\":\"https:\/\/hannacosmetica.com\/wp-content\/uploads\/2022\/07\/Logo-Joyeria-Femenino-Floral-Negro.png\",\"contentUrl\":\"https:\/\/hannacosmetica.com\/wp-content\/uploads\/2022\/07\/Logo-Joyeria-Femenino-Floral-Negro.png\",\"width\":361,\"height\":126,\"caption\":\"Hanna Cosm\u00e9tica\"},\"image\":{\"@id\":\"https:\/\/hannacosmetica.com\/#\/schema\/logo\/image\/\"}}]}<\/script>\n<!-- \/ Yoast SEO plugin. -->","yoast_head_json":{"title":"Esterilizador de cuarzo\/ Esterilizador para Pinzas y Tijeras - Hanna Cosm\u00e9tica","robots":{"index":"index","follow":"follow","max-snippet":"max-snippet:-1","max-image-preview":"max-image-preview:large","max-video-preview":"max-video-preview:-1"},"canonical":"https:\/\/hannacosmetica.com\/fr\/tienda\/maquinaria\/esterilizadores\/esterilizador-de-cuarzo-esterilizador-para-pinzas-y-tijeras\/","og_locale":"fr_FR","og_type":"article","og_title":"Esterilizador de cuarzo\/ Esterilizador para Pinzas y Tijeras - Hanna Cosm\u00e9tica","og_description":"\u3010Aumento y mantenimiento autom\u00e1tico de la temperatura, f\u00e1cil y c\u00f3modo de usar\u3011 El esterilizador inteligente puede aumentar autom\u00e1ticamente hasta 150 grados y&hellip;","og_url":"https:\/\/hannacosmetica.com\/fr\/tienda\/maquinaria\/esterilizadores\/esterilizador-de-cuarzo-esterilizador-para-pinzas-y-tijeras\/","og_site_name":"Hanna Cosm\u00e9tica","article_modified_time":"2024-06-07T14:11:11+00:00","og_image":[{"width":480,"height":440,"url":"https:\/\/hannacosmetica.com\/wp-content\/uploads\/2024\/06\/Sin-titulo-480-x-440-px-43.png","type":"image\/png"}],"twitter_card":"summary_large_image","schema":{"@context":"https:\/\/schema.org","@graph":[{"@type":"WebPage","@id":"https:\/\/hannacosmetica.com\/tienda\/maquinaria\/esterilizadores\/esterilizador-de-cuarzo-esterilizador-para-pinzas-y-tijeras\/","url":"https:\/\/hannacosmetica.com\/tienda\/maquinaria\/esterilizadores\/esterilizador-de-cuarzo-esterilizador-para-pinzas-y-tijeras\/","name":"Esterilizador de cuarzo\/ Esterilizador para Pinzas y Tijeras - Hanna Cosm\u00e9tica","isPartOf":{"@id":"https:\/\/hannacosmetica.com\/#website"},"datePublished":"2024-06-07T14:11:10+00:00","dateModified":"2024-06-07T14:11:11+00:00","breadcrumb":{"@id":"https:\/\/hannacosmetica.com\/tienda\/maquinaria\/esterilizadores\/esterilizador-de-cuarzo-esterilizador-para-pinzas-y-tijeras\/#breadcrumb"},"inLanguage":"fr-FR","potentialAction":[{"@type":"ReadAction","target":["https:\/\/hannacosmetica.com\/tienda\/maquinaria\/esterilizadores\/esterilizador-de-cuarzo-esterilizador-para-pinzas-y-tijeras\/"]}]},{"@type":"BreadcrumbList","@id":"https:\/\/hannacosmetica.com\/tienda\/maquinaria\/esterilizadores\/esterilizador-de-cuarzo-esterilizador-para-pinzas-y-tijeras\/#breadcrumb","itemListElement":[{"@type":"ListItem","position":1,"name":"Portada","item":"https:\/\/hannacosmetica.com\/"},{"@type":"ListItem","position":2,"name":"Tienda","item":"https:\/\/hannacosmetica.com\/shop\/"},{"@type":"ListItem","position":3,"name":"Esterilizador de cuarzo\/ Esterilizador para Pinzas y Tijeras"}]},{"@type":"WebSite","@id":"https:\/\/hannacosmetica.com\/#website","url":"https:\/\/hannacosmetica.com\/","name":"Hanna Cosm\u00e9tica","description":"Tienda de productos u\u00f1as, bellezas y peluquer\u00edas","publisher":{"@id":"https:\/\/hannacosmetica.com\/#organization"},"potentialAction":[{"@type":"SearchAction","target":{"@type":"EntryPoint","urlTemplate":"https:\/\/hannacosmetica.com\/?s={search_term_string}"},"query-input":"required name=search_term_string"}],"inLanguage":"fr-FR"},{"@type":"Organization","@id":"https:\/\/hannacosmetica.com\/#organization","name":"Hanna Cosm\u00e9tica","url":"https:\/\/hannacosmetica.com\/","logo":{"@type":"ImageObject","inLanguage":"fr-FR","@id":"https:\/\/hannacosmetica.com\/#\/schema\/logo\/image\/","url":"https:\/\/hannacosmetica.com\/wp-content\/uploads\/2022\/07\/Logo-Joyeria-Femenino-Floral-Negro.png","contentUrl":"https:\/\/hannacosmetica.com\/wp-content\/uploads\/2022\/07\/Logo-Joyeria-Femenino-Floral-Negro.png","width":361,"height":126,"caption":"Hanna Cosm\u00e9tica"},"image":{"@id":"https:\/\/hannacosmetica.com\/#\/schema\/logo\/image\/"}}]}},"_links":{"self":[{"href":"https:\/\/hannacosmetica.com\/fr\/wp-json\/wp\/v2\/product\/17839"}],"collection":[{"href":"https:\/\/hannacosmetica.com\/fr\/wp-json\/wp\/v2\/product"}],"about":[{"href":"https:\/\/hannacosmetica.com\/fr\/wp-json\/wp\/v2\/types\/product"}],"replies":[{"embeddable":true,"href":"https:\/\/hannacosmetica.com\/fr\/wp-json\/wp\/v2\/comments?post=17839"}],"version-history":[{"count":1,"href":"https:\/\/hannacosmetica.com\/fr\/wp-json\/wp\/v2\/product\/17839\/revisions"}],"predecessor-version":[{"id":17841,"href":"https:\/\/hannacosmetica.com\/fr\/wp-json\/wp\/v2\/product\/17839\/revisions\/17841"}],"wp:featuredmedia":[{"embeddable":true,"href":"https:\/\/hannacosmetica.com\/fr\/wp-json\/wp\/v2\/media\/17832"}],"wp:attachment":[{"href":"https:\/\/hannacosmetica.com\/fr\/wp-json\/wp\/v2\/media?parent=17839"}],"wp:term":[{"taxonomy":"product_cat","embeddable":true,"href":"https:\/\/hannacosmetica.com\/fr\/wp-json\/wp\/v2\/product_cat?post=17839"},{"taxonomy":"product_tag","embeddable":true,"href":"https:\/\/hannacosmetica.com\/fr\/wp-json\/wp\/v2\/product_tag?post=17839"}],"curies":[{"name":"wp","href":"https:\/\/api.w.org\/{rel}","templated":true}]}}