{"id":17763,"date":"2024-06-05T13:28:28","date_gmt":"2024-06-05T13:28:28","guid":{"rendered":"https:\/\/hannacosmetica.com\/?post_type=product&#038;p=17763"},"modified":"2025-12-21T10:32:53","modified_gmt":"2025-12-21T10:32:53","slug":"aspirador-de-unas-80w-recolector-de-polvo","status":"publish","type":"product","link":"https:\/\/hannacosmetica.com\/fr\/tienda\/maquinaria\/aspiradores\/aspirador-de-unas-80w-recolector-de-polvo\/","title":{"rendered":"Aspirador de u\u00f1as 80w\/ Recolector de Polvo"},"content":{"rendered":"<ul class=\"a-unordered-list a-vertical a-spacing-mini\">\n<li class=\"a-spacing-mini\"><span class=\"a-list-item\">\u3010Aspiraci\u00f3n fuerte\u3011este espolvoreador de u\u00f1as tiene una gran capacidad de aspiraci\u00f3n, 80 W viene con un motor potente\uff0cpara una fuerte succi\u00f3n. sino que tambi\u00e9n puede fortalecer la estabilidad de la extracci\u00f3n de polvo.<\/span><\/li>\n<li class=\"a-spacing-mini\"><span class=\"a-list-item\">\u3010Experiencia sin polvo\u3011:100% de efecto de vac\u00edo, Recolecci\u00f3n de polvo mientras se lima o pule las u\u00f1as sin cenizas de polvo volador para que sea f\u00e1cil de usar y ecol\u00f3gico.<\/span><\/li>\n<li class=\"a-spacing-mini\"><span class=\"a-list-item\">\u3010M\u00e1s f\u00e1cil de limpiar\u3011: Viene con 2 niveles de velocidad ajustable que cumple con sus diversas necesidades y un interruptor de palanca simple para ajustar.Dise\u00f1ado con malla de filtro extra\u00edble, f\u00e1cil de limpiar y dise\u00f1o de almohadilla para la mu\u00f1eca para una experiencia c\u00f3moda.<\/span><\/li>\n<li class=\"a-spacing-mini\"><span class=\"a-list-item\">\u3010Alta eficiencia\u3011:C\u00e9lula recargable incorporada de alta capacidad de 2000 mAh para un uso duradero y hecha de material ABS para un rendimiento duradero.Ampliamente utilizado en arte de u\u00f1as, tallado de joyas, corte de sellos, pulido de moldes, artesan\u00edas.<\/span><\/li>\n<li class=\"a-spacing-mini\"><span class=\"a-list-item\">\u3010Ruido bajo\u3011\uff1ael limpiador de u\u00f1as puede crear un ambiente de trabajo tranquilo y relajado al recolectar para que se sienta c\u00f3modo, Ventilador de disipaci\u00f3n de calor inferior, asegura una ventilaci\u00f3n suave y prolonga la vida \u00fatil.<\/span><\/li>\n<\/ul>","protected":false},"excerpt":{"rendered":"<p>\u3010Aspiraci\u00f3n fuerte\u3011este espolvoreador de u\u00f1as tiene una gran capacidad de aspiraci\u00f3n, 80 W viene con un motor potente\uff0cpara una fuerte succi\u00f3n. sino&hellip;<\/p>","protected":false},"featured_media":17730,"comment_status":"open","ping_status":"closed","template":"","meta":[],"product_cat":[304,82,120,87],"product_tag":[],"yoast_head":"<!-- This site is optimized with the Yoast SEO plugin v19.9 - https:\/\/yoast.com\/wordpress\/plugins\/seo\/ -->\n<title>Aspirador de u\u00f1as 80w\/ Recolector de Polvo - Hanna Cosm\u00e9tica<\/title>\n<meta name=\"robots\" content=\"index, follow, max-snippet:-1, max-image-preview:large, max-video-preview:-1\" \/>\n<link rel=\"canonical\" href=\"https:\/\/hannacosmetica.com\/fr\/tienda\/maquinaria\/aspiradores\/aspirador-de-unas-80w-recolector-de-polvo\/\" \/>\n<meta property=\"og:locale\" content=\"fr_FR\" \/>\n<meta property=\"og:type\" content=\"article\" \/>\n<meta property=\"og:title\" content=\"Aspirador de u\u00f1as 80w\/ Recolector de Polvo - Hanna Cosm\u00e9tica\" \/>\n<meta property=\"og:description\" content=\"\u3010Aspiraci\u00f3n fuerte\u3011este espolvoreador de u\u00f1as tiene una gran capacidad de aspiraci\u00f3n, 80 W viene con un motor potente\uff0cpara una fuerte succi\u00f3n. sino&hellip;\" \/>\n<meta property=\"og:url\" content=\"https:\/\/hannacosmetica.com\/fr\/tienda\/maquinaria\/aspiradores\/aspirador-de-unas-80w-recolector-de-polvo\/\" \/>\n<meta property=\"og:site_name\" content=\"Hanna Cosm\u00e9tica\" \/>\n<meta property=\"article:modified_time\" content=\"2025-12-21T10:32:53+00:00\" \/>\n<meta property=\"og:image\" content=\"https:\/\/hannacosmetica.com\/wp-content\/uploads\/2024\/05\/httpswww.canva_.combrandjointokenECjsR15Nn6UGuMW2r9hbrQreferrerteam-invite-430-x-460-px-480-x-440-px-2024-05-31T170152.056.png\" \/>\n\t<meta property=\"og:image:width\" content=\"480\" \/>\n\t<meta property=\"og:image:height\" content=\"440\" \/>\n\t<meta property=\"og:image:type\" content=\"image\/png\" \/>\n<meta name=\"twitter:card\" content=\"summary_large_image\" \/>\n<script type=\"application\/ld+json\" class=\"yoast-schema-graph\">{\"@context\":\"https:\/\/schema.org\",\"@graph\":[{\"@type\":\"WebPage\",\"@id\":\"https:\/\/hannacosmetica.com\/tienda\/maquinaria\/aspiradores\/aspirador-de-unas-80w-recolector-de-polvo\/\",\"url\":\"https:\/\/hannacosmetica.com\/tienda\/maquinaria\/aspiradores\/aspirador-de-unas-80w-recolector-de-polvo\/\",\"name\":\"Aspirador de u\u00f1as 80w\/ Recolector de Polvo - Hanna Cosm\u00e9tica\",\"isPartOf\":{\"@id\":\"https:\/\/hannacosmetica.com\/#website\"},\"datePublished\":\"2024-06-05T13:28:28+00:00\",\"dateModified\":\"2025-12-21T10:32:53+00:00\",\"breadcrumb\":{\"@id\":\"https:\/\/hannacosmetica.com\/tienda\/maquinaria\/aspiradores\/aspirador-de-unas-80w-recolector-de-polvo\/#breadcrumb\"},\"inLanguage\":\"fr-FR\",\"potentialAction\":[{\"@type\":\"ReadAction\",\"target\":[\"https:\/\/hannacosmetica.com\/tienda\/maquinaria\/aspiradores\/aspirador-de-unas-80w-recolector-de-polvo\/\"]}]},{\"@type\":\"BreadcrumbList\",\"@id\":\"https:\/\/hannacosmetica.com\/tienda\/maquinaria\/aspiradores\/aspirador-de-unas-80w-recolector-de-polvo\/#breadcrumb\",\"itemListElement\":[{\"@type\":\"ListItem\",\"position\":1,\"name\":\"Portada\",\"item\":\"https:\/\/hannacosmetica.com\/\"},{\"@type\":\"ListItem\",\"position\":2,\"name\":\"Tienda\",\"item\":\"https:\/\/hannacosmetica.com\/shop\/\"},{\"@type\":\"ListItem\",\"position\":3,\"name\":\"Aspirador de u\u00f1as 80w\/ Recolector de Polvo\"}]},{\"@type\":\"WebSite\",\"@id\":\"https:\/\/hannacosmetica.com\/#website\",\"url\":\"https:\/\/hannacosmetica.com\/\",\"name\":\"Hanna Cosm\u00e9tica\",\"description\":\"Tienda de productos u\u00f1as, bellezas y peluquer\u00edas\",\"publisher\":{\"@id\":\"https:\/\/hannacosmetica.com\/#organization\"},\"potentialAction\":[{\"@type\":\"SearchAction\",\"target\":{\"@type\":\"EntryPoint\",\"urlTemplate\":\"https:\/\/hannacosmetica.com\/?s={search_term_string}\"},\"query-input\":\"required name=search_term_string\"}],\"inLanguage\":\"fr-FR\"},{\"@type\":\"Organization\",\"@id\":\"https:\/\/hannacosmetica.com\/#organization\",\"name\":\"Hanna Cosm\u00e9tica\",\"url\":\"https:\/\/hannacosmetica.com\/\",\"logo\":{\"@type\":\"ImageObject\",\"inLanguage\":\"fr-FR\",\"@id\":\"https:\/\/hannacosmetica.com\/#\/schema\/logo\/image\/\",\"url\":\"https:\/\/hannacosmetica.com\/wp-content\/uploads\/2022\/07\/Logo-Joyeria-Femenino-Floral-Negro.png\",\"contentUrl\":\"https:\/\/hannacosmetica.com\/wp-content\/uploads\/2022\/07\/Logo-Joyeria-Femenino-Floral-Negro.png\",\"width\":361,\"height\":126,\"caption\":\"Hanna Cosm\u00e9tica\"},\"image\":{\"@id\":\"https:\/\/hannacosmetica.com\/#\/schema\/logo\/image\/\"}}]}<\/script>\n<!-- \/ Yoast SEO plugin. -->","yoast_head_json":{"title":"Aspirador de u\u00f1as 80w\/ Recolector de Polvo - Hanna Cosm\u00e9tica","robots":{"index":"index","follow":"follow","max-snippet":"max-snippet:-1","max-image-preview":"max-image-preview:large","max-video-preview":"max-video-preview:-1"},"canonical":"https:\/\/hannacosmetica.com\/fr\/tienda\/maquinaria\/aspiradores\/aspirador-de-unas-80w-recolector-de-polvo\/","og_locale":"fr_FR","og_type":"article","og_title":"Aspirador de u\u00f1as 80w\/ Recolector de Polvo - Hanna Cosm\u00e9tica","og_description":"\u3010Aspiraci\u00f3n fuerte\u3011este espolvoreador de u\u00f1as tiene una gran capacidad de aspiraci\u00f3n, 80 W viene con un motor potente\uff0cpara una fuerte succi\u00f3n. sino&hellip;","og_url":"https:\/\/hannacosmetica.com\/fr\/tienda\/maquinaria\/aspiradores\/aspirador-de-unas-80w-recolector-de-polvo\/","og_site_name":"Hanna Cosm\u00e9tica","article_modified_time":"2025-12-21T10:32:53+00:00","og_image":[{"width":480,"height":440,"url":"https:\/\/hannacosmetica.com\/wp-content\/uploads\/2024\/05\/httpswww.canva_.combrandjointokenECjsR15Nn6UGuMW2r9hbrQreferrerteam-invite-430-x-460-px-480-x-440-px-2024-05-31T170152.056.png","type":"image\/png"}],"twitter_card":"summary_large_image","schema":{"@context":"https:\/\/schema.org","@graph":[{"@type":"WebPage","@id":"https:\/\/hannacosmetica.com\/tienda\/maquinaria\/aspiradores\/aspirador-de-unas-80w-recolector-de-polvo\/","url":"https:\/\/hannacosmetica.com\/tienda\/maquinaria\/aspiradores\/aspirador-de-unas-80w-recolector-de-polvo\/","name":"Aspirador de u\u00f1as 80w\/ Recolector de Polvo - Hanna Cosm\u00e9tica","isPartOf":{"@id":"https:\/\/hannacosmetica.com\/#website"},"datePublished":"2024-06-05T13:28:28+00:00","dateModified":"2025-12-21T10:32:53+00:00","breadcrumb":{"@id":"https:\/\/hannacosmetica.com\/tienda\/maquinaria\/aspiradores\/aspirador-de-unas-80w-recolector-de-polvo\/#breadcrumb"},"inLanguage":"fr-FR","potentialAction":[{"@type":"ReadAction","target":["https:\/\/hannacosmetica.com\/tienda\/maquinaria\/aspiradores\/aspirador-de-unas-80w-recolector-de-polvo\/"]}]},{"@type":"BreadcrumbList","@id":"https:\/\/hannacosmetica.com\/tienda\/maquinaria\/aspiradores\/aspirador-de-unas-80w-recolector-de-polvo\/#breadcrumb","itemListElement":[{"@type":"ListItem","position":1,"name":"Portada","item":"https:\/\/hannacosmetica.com\/"},{"@type":"ListItem","position":2,"name":"Tienda","item":"https:\/\/hannacosmetica.com\/shop\/"},{"@type":"ListItem","position":3,"name":"Aspirador de u\u00f1as 80w\/ Recolector de Polvo"}]},{"@type":"WebSite","@id":"https:\/\/hannacosmetica.com\/#website","url":"https:\/\/hannacosmetica.com\/","name":"Hanna Cosm\u00e9tica","description":"Tienda de productos u\u00f1as, bellezas y peluquer\u00edas","publisher":{"@id":"https:\/\/hannacosmetica.com\/#organization"},"potentialAction":[{"@type":"SearchAction","target":{"@type":"EntryPoint","urlTemplate":"https:\/\/hannacosmetica.com\/?s={search_term_string}"},"query-input":"required name=search_term_string"}],"inLanguage":"fr-FR"},{"@type":"Organization","@id":"https:\/\/hannacosmetica.com\/#organization","name":"Hanna Cosm\u00e9tica","url":"https:\/\/hannacosmetica.com\/","logo":{"@type":"ImageObject","inLanguage":"fr-FR","@id":"https:\/\/hannacosmetica.com\/#\/schema\/logo\/image\/","url":"https:\/\/hannacosmetica.com\/wp-content\/uploads\/2022\/07\/Logo-Joyeria-Femenino-Floral-Negro.png","contentUrl":"https:\/\/hannacosmetica.com\/wp-content\/uploads\/2022\/07\/Logo-Joyeria-Femenino-Floral-Negro.png","width":361,"height":126,"caption":"Hanna Cosm\u00e9tica"},"image":{"@id":"https:\/\/hannacosmetica.com\/#\/schema\/logo\/image\/"}}]}},"_links":{"self":[{"href":"https:\/\/hannacosmetica.com\/fr\/wp-json\/wp\/v2\/product\/17763"}],"collection":[{"href":"https:\/\/hannacosmetica.com\/fr\/wp-json\/wp\/v2\/product"}],"about":[{"href":"https:\/\/hannacosmetica.com\/fr\/wp-json\/wp\/v2\/types\/product"}],"replies":[{"embeddable":true,"href":"https:\/\/hannacosmetica.com\/fr\/wp-json\/wp\/v2\/comments?post=17763"}],"version-history":[{"count":1,"href":"https:\/\/hannacosmetica.com\/fr\/wp-json\/wp\/v2\/product\/17763\/revisions"}],"predecessor-version":[{"id":17771,"href":"https:\/\/hannacosmetica.com\/fr\/wp-json\/wp\/v2\/product\/17763\/revisions\/17771"}],"wp:featuredmedia":[{"embeddable":true,"href":"https:\/\/hannacosmetica.com\/fr\/wp-json\/wp\/v2\/media\/17730"}],"wp:attachment":[{"href":"https:\/\/hannacosmetica.com\/fr\/wp-json\/wp\/v2\/media?parent=17763"}],"wp:term":[{"taxonomy":"product_cat","embeddable":true,"href":"https:\/\/hannacosmetica.com\/fr\/wp-json\/wp\/v2\/product_cat?post=17763"},{"taxonomy":"product_tag","embeddable":true,"href":"https:\/\/hannacosmetica.com\/fr\/wp-json\/wp\/v2\/product_tag?post=17763"}],"curies":[{"name":"wp","href":"https:\/\/api.w.org\/{rel}","templated":true}]}}