{"id":17712,"date":"2024-05-31T13:42:26","date_gmt":"2024-05-31T13:42:26","guid":{"rendered":"https:\/\/hannacosmetica.com\/?post_type=product&#038;p=17712"},"modified":"2024-05-31T13:42:55","modified_gmt":"2024-05-31T13:42:55","slug":"aspirador-de-unas-colector-de-polvo-para-manicura-2","status":"publish","type":"product","link":"https:\/\/hannacosmetica.com\/fr\/tienda\/maquinaria\/aspiradores\/aspirador-de-unas-colector-de-polvo-para-manicura-2\/","title":{"rendered":"Aspirador de u\u00f1as\/ Colector de Polvo para Manicura"},"content":{"rendered":"<p>\u3010Aspirador profesional para decoraci\u00f3n de u\u00f1as\u3011 Se utiliza para recoger el polvo al manicurar o pulir las u\u00f1as sin esparcir cenizas volantes y aspirarlas en el aire. Filtro fino y reutilizable, fuerte capacidad de eliminaci\u00f3n de polvo, el polvo no tiene ad\u00f3nde ir, dise\u00f1o desmontable, puede quitar f\u00e1cilmente el filtro y limpiarlo con un secador de pelo o un cepillo para polvo. PRECAUCI\u00d3N: El filtro no es lavable.<br \/>\n\u3010Aspirador de u\u00f1as de alta calidad\u3011 Fuerte potencia de succi\u00f3n de 80 W, que puede absorber y recoger eficazmente el polvo de las u\u00f1as y las cenizas volantes. Esmalte las u\u00f1as mientras brinda una lujosa experiencia de manicura, creando un ambiente limpio y c\u00f3modo para usted y sus clientes. El ventilador de refrigeraci\u00f3n inferior proporciona una ventilaci\u00f3n suave despu\u00e9s de un uso prolongado de la aspiradora y prolonga la vida \u00fatil de la m\u00e1quina.<br \/>\n\u3010Aspiradora de velocidad ajustable\u3011 Aspiradora Nail Art Colector de polvo Interruptor giratorio simple, f\u00e1cil de operar. Equipado con perillas de velocidad ajustables para satisfacer sus diferentes necesidades, es f\u00e1cil de operar y brinda comodidad y eficiencia a los trabajadores y entusiastas de las u\u00f1as.<br \/>\n\u3010Adecuado para sal\u00f3n de u\u00f1as o uso dom\u00e9stico\u3011 El plumero de u\u00f1as es adecuado tanto para uso profesional en sal\u00f3n como para uso personal en el hogar. Este limpiador de u\u00f1as puede ayudarte con los trabajos m\u00e1s profesionales y funciona tanto con u\u00f1as naturales como artificiales, por lo que es una gran herramienta para cualquier manicurista profesional o principiante.<\/p>\n<p>Especificaciones:<br \/>\nMaterial: ABS<br \/>\nVoltaje: AC110-240V<br \/>\nPotencia: 80W<br \/>\nLongitud del cable: 1m<br \/>\nTama\u00f1o de lproducto: 25x22x7cm<\/p>","protected":false},"excerpt":{"rendered":"<p>\u3010Aspirador profesional para decoraci\u00f3n de u\u00f1as\u3011 Se utiliza para recoger el polvo al manicurar o pulir las u\u00f1as sin esparcir cenizas volantes&hellip;<\/p>","protected":false},"featured_media":17714,"comment_status":"open","ping_status":"closed","template":"","meta":[],"product_cat":[304,82,120,87],"product_tag":[],"yoast_head":"<!-- This site is optimized with the Yoast SEO plugin v19.9 - https:\/\/yoast.com\/wordpress\/plugins\/seo\/ -->\n<title>Aspirador de u\u00f1as\/ Colector de Polvo para Manicura - Hanna Cosm\u00e9tica<\/title>\n<meta name=\"robots\" content=\"index, follow, max-snippet:-1, max-image-preview:large, max-video-preview:-1\" \/>\n<link rel=\"canonical\" href=\"https:\/\/hannacosmetica.com\/fr\/tienda\/maquinaria\/aspiradores\/aspirador-de-unas-colector-de-polvo-para-manicura-2\/\" \/>\n<meta property=\"og:locale\" content=\"fr_FR\" \/>\n<meta property=\"og:type\" content=\"article\" \/>\n<meta property=\"og:title\" content=\"Aspirador de u\u00f1as\/ Colector de Polvo para Manicura - Hanna Cosm\u00e9tica\" \/>\n<meta property=\"og:description\" content=\"\u3010Aspirador profesional para decoraci\u00f3n de u\u00f1as\u3011 Se utiliza para recoger el polvo al manicurar o pulir las u\u00f1as sin esparcir cenizas volantes&hellip;\" \/>\n<meta property=\"og:url\" content=\"https:\/\/hannacosmetica.com\/fr\/tienda\/maquinaria\/aspiradores\/aspirador-de-unas-colector-de-polvo-para-manicura-2\/\" \/>\n<meta property=\"og:site_name\" content=\"Hanna Cosm\u00e9tica\" \/>\n<meta property=\"article:modified_time\" content=\"2024-05-31T13:42:55+00:00\" \/>\n<meta property=\"og:image\" content=\"https:\/\/hannacosmetica.com\/wp-content\/uploads\/2024\/05\/httpswww.canva_.combrandjointokenECjsR15Nn6UGuMW2r9hbrQreferrerteam-invite-430-x-460-px-480-x-440-px-2024-05-31T132720.746.png\" \/>\n\t<meta property=\"og:image:width\" content=\"480\" \/>\n\t<meta property=\"og:image:height\" content=\"440\" \/>\n\t<meta property=\"og:image:type\" content=\"image\/png\" \/>\n<meta name=\"twitter:card\" content=\"summary_large_image\" \/>\n<script type=\"application\/ld+json\" class=\"yoast-schema-graph\">{\"@context\":\"https:\/\/schema.org\",\"@graph\":[{\"@type\":\"WebPage\",\"@id\":\"https:\/\/hannacosmetica.com\/tienda\/maquinaria\/aspiradores\/aspirador-de-unas-colector-de-polvo-para-manicura-2\/\",\"url\":\"https:\/\/hannacosmetica.com\/tienda\/maquinaria\/aspiradores\/aspirador-de-unas-colector-de-polvo-para-manicura-2\/\",\"name\":\"Aspirador de u\u00f1as\/ Colector de Polvo para Manicura - Hanna Cosm\u00e9tica\",\"isPartOf\":{\"@id\":\"https:\/\/hannacosmetica.com\/#website\"},\"datePublished\":\"2024-05-31T13:42:26+00:00\",\"dateModified\":\"2024-05-31T13:42:55+00:00\",\"breadcrumb\":{\"@id\":\"https:\/\/hannacosmetica.com\/tienda\/maquinaria\/aspiradores\/aspirador-de-unas-colector-de-polvo-para-manicura-2\/#breadcrumb\"},\"inLanguage\":\"fr-FR\",\"potentialAction\":[{\"@type\":\"ReadAction\",\"target\":[\"https:\/\/hannacosmetica.com\/tienda\/maquinaria\/aspiradores\/aspirador-de-unas-colector-de-polvo-para-manicura-2\/\"]}]},{\"@type\":\"BreadcrumbList\",\"@id\":\"https:\/\/hannacosmetica.com\/tienda\/maquinaria\/aspiradores\/aspirador-de-unas-colector-de-polvo-para-manicura-2\/#breadcrumb\",\"itemListElement\":[{\"@type\":\"ListItem\",\"position\":1,\"name\":\"Portada\",\"item\":\"https:\/\/hannacosmetica.com\/\"},{\"@type\":\"ListItem\",\"position\":2,\"name\":\"Tienda\",\"item\":\"https:\/\/hannacosmetica.com\/shop\/\"},{\"@type\":\"ListItem\",\"position\":3,\"name\":\"Aspirador de u\u00f1as\/ Colector de Polvo para Manicura\"}]},{\"@type\":\"WebSite\",\"@id\":\"https:\/\/hannacosmetica.com\/#website\",\"url\":\"https:\/\/hannacosmetica.com\/\",\"name\":\"Hanna Cosm\u00e9tica\",\"description\":\"Tienda de productos u\u00f1as, bellezas y peluquer\u00edas\",\"publisher\":{\"@id\":\"https:\/\/hannacosmetica.com\/#organization\"},\"potentialAction\":[{\"@type\":\"SearchAction\",\"target\":{\"@type\":\"EntryPoint\",\"urlTemplate\":\"https:\/\/hannacosmetica.com\/?s={search_term_string}\"},\"query-input\":\"required name=search_term_string\"}],\"inLanguage\":\"fr-FR\"},{\"@type\":\"Organization\",\"@id\":\"https:\/\/hannacosmetica.com\/#organization\",\"name\":\"Hanna Cosm\u00e9tica\",\"url\":\"https:\/\/hannacosmetica.com\/\",\"logo\":{\"@type\":\"ImageObject\",\"inLanguage\":\"fr-FR\",\"@id\":\"https:\/\/hannacosmetica.com\/#\/schema\/logo\/image\/\",\"url\":\"https:\/\/hannacosmetica.com\/wp-content\/uploads\/2022\/07\/Logo-Joyeria-Femenino-Floral-Negro.png\",\"contentUrl\":\"https:\/\/hannacosmetica.com\/wp-content\/uploads\/2022\/07\/Logo-Joyeria-Femenino-Floral-Negro.png\",\"width\":361,\"height\":126,\"caption\":\"Hanna Cosm\u00e9tica\"},\"image\":{\"@id\":\"https:\/\/hannacosmetica.com\/#\/schema\/logo\/image\/\"}}]}<\/script>\n<!-- \/ Yoast SEO plugin. -->","yoast_head_json":{"title":"Aspirador de u\u00f1as\/ Colector de Polvo para Manicura - Hanna Cosm\u00e9tica","robots":{"index":"index","follow":"follow","max-snippet":"max-snippet:-1","max-image-preview":"max-image-preview:large","max-video-preview":"max-video-preview:-1"},"canonical":"https:\/\/hannacosmetica.com\/fr\/tienda\/maquinaria\/aspiradores\/aspirador-de-unas-colector-de-polvo-para-manicura-2\/","og_locale":"fr_FR","og_type":"article","og_title":"Aspirador de u\u00f1as\/ Colector de Polvo para Manicura - Hanna Cosm\u00e9tica","og_description":"\u3010Aspirador profesional para decoraci\u00f3n de u\u00f1as\u3011 Se utiliza para recoger el polvo al manicurar o pulir las u\u00f1as sin esparcir cenizas volantes&hellip;","og_url":"https:\/\/hannacosmetica.com\/fr\/tienda\/maquinaria\/aspiradores\/aspirador-de-unas-colector-de-polvo-para-manicura-2\/","og_site_name":"Hanna Cosm\u00e9tica","article_modified_time":"2024-05-31T13:42:55+00:00","og_image":[{"width":480,"height":440,"url":"https:\/\/hannacosmetica.com\/wp-content\/uploads\/2024\/05\/httpswww.canva_.combrandjointokenECjsR15Nn6UGuMW2r9hbrQreferrerteam-invite-430-x-460-px-480-x-440-px-2024-05-31T132720.746.png","type":"image\/png"}],"twitter_card":"summary_large_image","schema":{"@context":"https:\/\/schema.org","@graph":[{"@type":"WebPage","@id":"https:\/\/hannacosmetica.com\/tienda\/maquinaria\/aspiradores\/aspirador-de-unas-colector-de-polvo-para-manicura-2\/","url":"https:\/\/hannacosmetica.com\/tienda\/maquinaria\/aspiradores\/aspirador-de-unas-colector-de-polvo-para-manicura-2\/","name":"Aspirador de u\u00f1as\/ Colector de Polvo para Manicura - Hanna Cosm\u00e9tica","isPartOf":{"@id":"https:\/\/hannacosmetica.com\/#website"},"datePublished":"2024-05-31T13:42:26+00:00","dateModified":"2024-05-31T13:42:55+00:00","breadcrumb":{"@id":"https:\/\/hannacosmetica.com\/tienda\/maquinaria\/aspiradores\/aspirador-de-unas-colector-de-polvo-para-manicura-2\/#breadcrumb"},"inLanguage":"fr-FR","potentialAction":[{"@type":"ReadAction","target":["https:\/\/hannacosmetica.com\/tienda\/maquinaria\/aspiradores\/aspirador-de-unas-colector-de-polvo-para-manicura-2\/"]}]},{"@type":"BreadcrumbList","@id":"https:\/\/hannacosmetica.com\/tienda\/maquinaria\/aspiradores\/aspirador-de-unas-colector-de-polvo-para-manicura-2\/#breadcrumb","itemListElement":[{"@type":"ListItem","position":1,"name":"Portada","item":"https:\/\/hannacosmetica.com\/"},{"@type":"ListItem","position":2,"name":"Tienda","item":"https:\/\/hannacosmetica.com\/shop\/"},{"@type":"ListItem","position":3,"name":"Aspirador de u\u00f1as\/ Colector de Polvo para Manicura"}]},{"@type":"WebSite","@id":"https:\/\/hannacosmetica.com\/#website","url":"https:\/\/hannacosmetica.com\/","name":"Hanna Cosm\u00e9tica","description":"Tienda de productos u\u00f1as, bellezas y peluquer\u00edas","publisher":{"@id":"https:\/\/hannacosmetica.com\/#organization"},"potentialAction":[{"@type":"SearchAction","target":{"@type":"EntryPoint","urlTemplate":"https:\/\/hannacosmetica.com\/?s={search_term_string}"},"query-input":"required name=search_term_string"}],"inLanguage":"fr-FR"},{"@type":"Organization","@id":"https:\/\/hannacosmetica.com\/#organization","name":"Hanna Cosm\u00e9tica","url":"https:\/\/hannacosmetica.com\/","logo":{"@type":"ImageObject","inLanguage":"fr-FR","@id":"https:\/\/hannacosmetica.com\/#\/schema\/logo\/image\/","url":"https:\/\/hannacosmetica.com\/wp-content\/uploads\/2022\/07\/Logo-Joyeria-Femenino-Floral-Negro.png","contentUrl":"https:\/\/hannacosmetica.com\/wp-content\/uploads\/2022\/07\/Logo-Joyeria-Femenino-Floral-Negro.png","width":361,"height":126,"caption":"Hanna Cosm\u00e9tica"},"image":{"@id":"https:\/\/hannacosmetica.com\/#\/schema\/logo\/image\/"}}]}},"_links":{"self":[{"href":"https:\/\/hannacosmetica.com\/fr\/wp-json\/wp\/v2\/product\/17712"}],"collection":[{"href":"https:\/\/hannacosmetica.com\/fr\/wp-json\/wp\/v2\/product"}],"about":[{"href":"https:\/\/hannacosmetica.com\/fr\/wp-json\/wp\/v2\/types\/product"}],"replies":[{"embeddable":true,"href":"https:\/\/hannacosmetica.com\/fr\/wp-json\/wp\/v2\/comments?post=17712"}],"version-history":[{"count":1,"href":"https:\/\/hannacosmetica.com\/fr\/wp-json\/wp\/v2\/product\/17712\/revisions"}],"predecessor-version":[{"id":17728,"href":"https:\/\/hannacosmetica.com\/fr\/wp-json\/wp\/v2\/product\/17712\/revisions\/17728"}],"wp:featuredmedia":[{"embeddable":true,"href":"https:\/\/hannacosmetica.com\/fr\/wp-json\/wp\/v2\/media\/17714"}],"wp:attachment":[{"href":"https:\/\/hannacosmetica.com\/fr\/wp-json\/wp\/v2\/media?parent=17712"}],"wp:term":[{"taxonomy":"product_cat","embeddable":true,"href":"https:\/\/hannacosmetica.com\/fr\/wp-json\/wp\/v2\/product_cat?post=17712"},{"taxonomy":"product_tag","embeddable":true,"href":"https:\/\/hannacosmetica.com\/fr\/wp-json\/wp\/v2\/product_tag?post=17712"}],"curies":[{"name":"wp","href":"https:\/\/api.w.org\/{rel}","templated":true}]}}