{"id":17697,"date":"2024-05-31T09:37:42","date_gmt":"2024-05-31T09:37:42","guid":{"rendered":"https:\/\/hannacosmetica.com\/?post_type=product&#038;p=17697"},"modified":"2024-05-31T11:26:30","modified_gmt":"2024-05-31T11:26:30","slug":"aspirador-de-unas-colector-de-polvo-para-manicura","status":"publish","type":"product","link":"https:\/\/hannacosmetica.com\/fr\/tienda\/maquinaria\/aspiradores\/aspirador-de-unas-colector-de-polvo-para-manicura\/","title":{"rendered":"Aspirador de U\u00f1as\/ Colector de Polvo Para Manicura"},"content":{"rendered":"<p>El dise\u00f1o curvo del extractor de polvo de u\u00f1as se adapta a la forma de la mano, su mano puede mantener el estado m\u00e1s natural y relajado. La bolsa de recolecci\u00f3n de polvo se puede centralizar para almacenar el polvo y es f\u00e1cil de limpiar, brind\u00e1ndole a usted y a sus clientes una excelente experiencia de arte de u\u00f1as sin polvo.<br \/>\nNuestra aspiradora de u\u00f1as se puede usar para trabajos de arte de u\u00f1as, tambi\u00e9n se puede usar para tallar joyas, cortar sellos, pulir, manualidades o cualquier otra situaci\u00f3n. Puede protegerlo del polvo y brindarle un entorno de arte de u\u00f1as m\u00e1s limpio. Se adaptar\u00e1 a tu vida, te gustar\u00e1.<br \/>\nAdecuado para salones de u\u00f1as profesionales y uso personal, adecuado para diversos procedimientos de cuidado de u\u00f1as polvorientos, como limas de u\u00f1as, manicura de u\u00f1as, extensiones de u\u00f1as, u\u00f1as de gel UV, etc. F\u00e1cil de usar, muy adecuado para manos y pies. Accesorios necesarios para salones de u\u00f1as profesionales y entusiastas del bricolaje incluidos.<\/p>\n<p>Especificaciones:<br \/>\nMaterial: ABS<br \/>\nVoltaje: 12V<br \/>\nPotencia: 80W<br \/>\nPeso: 950g<br \/>\nTama\u00f1o del paquete: 28x22x9 cm<\/p>","protected":false},"excerpt":{"rendered":"<p>El dise\u00f1o curvo del extractor de polvo de u\u00f1as se adapta a la forma de la mano, su mano puede mantener el&hellip;<\/p>","protected":false},"featured_media":17698,"comment_status":"open","ping_status":"closed","template":"","meta":[],"product_cat":[304,82,120,87],"product_tag":[],"yoast_head":"<!-- This site is optimized with the Yoast SEO plugin v19.9 - https:\/\/yoast.com\/wordpress\/plugins\/seo\/ -->\n<title>Aspirador de U\u00f1as\/ Colector de Polvo Para Manicura - Hanna Cosm\u00e9tica<\/title>\n<meta name=\"robots\" content=\"index, follow, max-snippet:-1, max-image-preview:large, max-video-preview:-1\" \/>\n<link rel=\"canonical\" href=\"https:\/\/hannacosmetica.com\/fr\/tienda\/maquinaria\/aspiradores\/aspirador-de-unas-colector-de-polvo-para-manicura\/\" \/>\n<meta property=\"og:locale\" content=\"fr_FR\" \/>\n<meta property=\"og:type\" content=\"article\" \/>\n<meta property=\"og:title\" content=\"Aspirador de U\u00f1as\/ Colector de Polvo Para Manicura - Hanna Cosm\u00e9tica\" \/>\n<meta property=\"og:description\" content=\"El dise\u00f1o curvo del extractor de polvo de u\u00f1as se adapta a la forma de la mano, su mano puede mantener el&hellip;\" \/>\n<meta property=\"og:url\" content=\"https:\/\/hannacosmetica.com\/fr\/tienda\/maquinaria\/aspiradores\/aspirador-de-unas-colector-de-polvo-para-manicura\/\" \/>\n<meta property=\"og:site_name\" content=\"Hanna Cosm\u00e9tica\" \/>\n<meta property=\"article:modified_time\" content=\"2024-05-31T11:26:30+00:00\" \/>\n<meta property=\"og:image\" content=\"https:\/\/hannacosmetica.com\/wp-content\/uploads\/2024\/05\/httpswww.canva_.combrandjointokenECjsR15Nn6UGuMW2r9hbrQreferrerteam-invite-430-x-460-px-480-x-440-px-2024-05-31T105753.702.png\" \/>\n\t<meta property=\"og:image:width\" content=\"480\" \/>\n\t<meta property=\"og:image:height\" content=\"440\" \/>\n\t<meta property=\"og:image:type\" content=\"image\/png\" \/>\n<meta name=\"twitter:card\" content=\"summary_large_image\" \/>\n<script type=\"application\/ld+json\" class=\"yoast-schema-graph\">{\"@context\":\"https:\/\/schema.org\",\"@graph\":[{\"@type\":\"WebPage\",\"@id\":\"https:\/\/hannacosmetica.com\/tienda\/maquinaria\/aspiradores\/aspirador-de-unas-colector-de-polvo-para-manicura\/\",\"url\":\"https:\/\/hannacosmetica.com\/tienda\/maquinaria\/aspiradores\/aspirador-de-unas-colector-de-polvo-para-manicura\/\",\"name\":\"Aspirador de U\u00f1as\/ Colector de Polvo Para Manicura - Hanna Cosm\u00e9tica\",\"isPartOf\":{\"@id\":\"https:\/\/hannacosmetica.com\/#website\"},\"datePublished\":\"2024-05-31T09:37:42+00:00\",\"dateModified\":\"2024-05-31T11:26:30+00:00\",\"breadcrumb\":{\"@id\":\"https:\/\/hannacosmetica.com\/tienda\/maquinaria\/aspiradores\/aspirador-de-unas-colector-de-polvo-para-manicura\/#breadcrumb\"},\"inLanguage\":\"fr-FR\",\"potentialAction\":[{\"@type\":\"ReadAction\",\"target\":[\"https:\/\/hannacosmetica.com\/tienda\/maquinaria\/aspiradores\/aspirador-de-unas-colector-de-polvo-para-manicura\/\"]}]},{\"@type\":\"BreadcrumbList\",\"@id\":\"https:\/\/hannacosmetica.com\/tienda\/maquinaria\/aspiradores\/aspirador-de-unas-colector-de-polvo-para-manicura\/#breadcrumb\",\"itemListElement\":[{\"@type\":\"ListItem\",\"position\":1,\"name\":\"Portada\",\"item\":\"https:\/\/hannacosmetica.com\/\"},{\"@type\":\"ListItem\",\"position\":2,\"name\":\"Tienda\",\"item\":\"https:\/\/hannacosmetica.com\/shop\/\"},{\"@type\":\"ListItem\",\"position\":3,\"name\":\"Aspirador de U\u00f1as\/ Colector de Polvo Para Manicura\"}]},{\"@type\":\"WebSite\",\"@id\":\"https:\/\/hannacosmetica.com\/#website\",\"url\":\"https:\/\/hannacosmetica.com\/\",\"name\":\"Hanna Cosm\u00e9tica\",\"description\":\"Tienda de productos u\u00f1as, bellezas y peluquer\u00edas\",\"publisher\":{\"@id\":\"https:\/\/hannacosmetica.com\/#organization\"},\"potentialAction\":[{\"@type\":\"SearchAction\",\"target\":{\"@type\":\"EntryPoint\",\"urlTemplate\":\"https:\/\/hannacosmetica.com\/?s={search_term_string}\"},\"query-input\":\"required name=search_term_string\"}],\"inLanguage\":\"fr-FR\"},{\"@type\":\"Organization\",\"@id\":\"https:\/\/hannacosmetica.com\/#organization\",\"name\":\"Hanna Cosm\u00e9tica\",\"url\":\"https:\/\/hannacosmetica.com\/\",\"logo\":{\"@type\":\"ImageObject\",\"inLanguage\":\"fr-FR\",\"@id\":\"https:\/\/hannacosmetica.com\/#\/schema\/logo\/image\/\",\"url\":\"https:\/\/hannacosmetica.com\/wp-content\/uploads\/2022\/07\/Logo-Joyeria-Femenino-Floral-Negro.png\",\"contentUrl\":\"https:\/\/hannacosmetica.com\/wp-content\/uploads\/2022\/07\/Logo-Joyeria-Femenino-Floral-Negro.png\",\"width\":361,\"height\":126,\"caption\":\"Hanna Cosm\u00e9tica\"},\"image\":{\"@id\":\"https:\/\/hannacosmetica.com\/#\/schema\/logo\/image\/\"}}]}<\/script>\n<!-- \/ Yoast SEO plugin. -->","yoast_head_json":{"title":"Aspirador de U\u00f1as\/ Colector de Polvo Para Manicura - Hanna Cosm\u00e9tica","robots":{"index":"index","follow":"follow","max-snippet":"max-snippet:-1","max-image-preview":"max-image-preview:large","max-video-preview":"max-video-preview:-1"},"canonical":"https:\/\/hannacosmetica.com\/fr\/tienda\/maquinaria\/aspiradores\/aspirador-de-unas-colector-de-polvo-para-manicura\/","og_locale":"fr_FR","og_type":"article","og_title":"Aspirador de U\u00f1as\/ Colector de Polvo Para Manicura - Hanna Cosm\u00e9tica","og_description":"El dise\u00f1o curvo del extractor de polvo de u\u00f1as se adapta a la forma de la mano, su mano puede mantener el&hellip;","og_url":"https:\/\/hannacosmetica.com\/fr\/tienda\/maquinaria\/aspiradores\/aspirador-de-unas-colector-de-polvo-para-manicura\/","og_site_name":"Hanna Cosm\u00e9tica","article_modified_time":"2024-05-31T11:26:30+00:00","og_image":[{"width":480,"height":440,"url":"https:\/\/hannacosmetica.com\/wp-content\/uploads\/2024\/05\/httpswww.canva_.combrandjointokenECjsR15Nn6UGuMW2r9hbrQreferrerteam-invite-430-x-460-px-480-x-440-px-2024-05-31T105753.702.png","type":"image\/png"}],"twitter_card":"summary_large_image","schema":{"@context":"https:\/\/schema.org","@graph":[{"@type":"WebPage","@id":"https:\/\/hannacosmetica.com\/tienda\/maquinaria\/aspiradores\/aspirador-de-unas-colector-de-polvo-para-manicura\/","url":"https:\/\/hannacosmetica.com\/tienda\/maquinaria\/aspiradores\/aspirador-de-unas-colector-de-polvo-para-manicura\/","name":"Aspirador de U\u00f1as\/ Colector de Polvo Para Manicura - Hanna Cosm\u00e9tica","isPartOf":{"@id":"https:\/\/hannacosmetica.com\/#website"},"datePublished":"2024-05-31T09:37:42+00:00","dateModified":"2024-05-31T11:26:30+00:00","breadcrumb":{"@id":"https:\/\/hannacosmetica.com\/tienda\/maquinaria\/aspiradores\/aspirador-de-unas-colector-de-polvo-para-manicura\/#breadcrumb"},"inLanguage":"fr-FR","potentialAction":[{"@type":"ReadAction","target":["https:\/\/hannacosmetica.com\/tienda\/maquinaria\/aspiradores\/aspirador-de-unas-colector-de-polvo-para-manicura\/"]}]},{"@type":"BreadcrumbList","@id":"https:\/\/hannacosmetica.com\/tienda\/maquinaria\/aspiradores\/aspirador-de-unas-colector-de-polvo-para-manicura\/#breadcrumb","itemListElement":[{"@type":"ListItem","position":1,"name":"Portada","item":"https:\/\/hannacosmetica.com\/"},{"@type":"ListItem","position":2,"name":"Tienda","item":"https:\/\/hannacosmetica.com\/shop\/"},{"@type":"ListItem","position":3,"name":"Aspirador de U\u00f1as\/ Colector de Polvo Para Manicura"}]},{"@type":"WebSite","@id":"https:\/\/hannacosmetica.com\/#website","url":"https:\/\/hannacosmetica.com\/","name":"Hanna Cosm\u00e9tica","description":"Tienda de productos u\u00f1as, bellezas y peluquer\u00edas","publisher":{"@id":"https:\/\/hannacosmetica.com\/#organization"},"potentialAction":[{"@type":"SearchAction","target":{"@type":"EntryPoint","urlTemplate":"https:\/\/hannacosmetica.com\/?s={search_term_string}"},"query-input":"required name=search_term_string"}],"inLanguage":"fr-FR"},{"@type":"Organization","@id":"https:\/\/hannacosmetica.com\/#organization","name":"Hanna Cosm\u00e9tica","url":"https:\/\/hannacosmetica.com\/","logo":{"@type":"ImageObject","inLanguage":"fr-FR","@id":"https:\/\/hannacosmetica.com\/#\/schema\/logo\/image\/","url":"https:\/\/hannacosmetica.com\/wp-content\/uploads\/2022\/07\/Logo-Joyeria-Femenino-Floral-Negro.png","contentUrl":"https:\/\/hannacosmetica.com\/wp-content\/uploads\/2022\/07\/Logo-Joyeria-Femenino-Floral-Negro.png","width":361,"height":126,"caption":"Hanna Cosm\u00e9tica"},"image":{"@id":"https:\/\/hannacosmetica.com\/#\/schema\/logo\/image\/"}}]}},"_links":{"self":[{"href":"https:\/\/hannacosmetica.com\/fr\/wp-json\/wp\/v2\/product\/17697"}],"collection":[{"href":"https:\/\/hannacosmetica.com\/fr\/wp-json\/wp\/v2\/product"}],"about":[{"href":"https:\/\/hannacosmetica.com\/fr\/wp-json\/wp\/v2\/types\/product"}],"replies":[{"embeddable":true,"href":"https:\/\/hannacosmetica.com\/fr\/wp-json\/wp\/v2\/comments?post=17697"}],"version-history":[{"count":1,"href":"https:\/\/hannacosmetica.com\/fr\/wp-json\/wp\/v2\/product\/17697\/revisions"}],"predecessor-version":[{"id":17710,"href":"https:\/\/hannacosmetica.com\/fr\/wp-json\/wp\/v2\/product\/17697\/revisions\/17710"}],"wp:featuredmedia":[{"embeddable":true,"href":"https:\/\/hannacosmetica.com\/fr\/wp-json\/wp\/v2\/media\/17698"}],"wp:attachment":[{"href":"https:\/\/hannacosmetica.com\/fr\/wp-json\/wp\/v2\/media?parent=17697"}],"wp:term":[{"taxonomy":"product_cat","embeddable":true,"href":"https:\/\/hannacosmetica.com\/fr\/wp-json\/wp\/v2\/product_cat?post=17697"},{"taxonomy":"product_tag","embeddable":true,"href":"https:\/\/hannacosmetica.com\/fr\/wp-json\/wp\/v2\/product_tag?post=17697"}],"curies":[{"name":"wp","href":"https:\/\/api.w.org\/{rel}","templated":true}]}}