{"id":17560,"date":"2024-05-21T17:02:15","date_gmt":"2024-05-21T17:02:15","guid":{"rendered":"https:\/\/hannacosmetica.com\/?post_type=product&#038;p=17560"},"modified":"2025-09-23T08:32:09","modified_gmt":"2025-09-23T08:32:09","slug":"esterilizador-sm-c12-alta-temperaturainfrarrojos","status":"publish","type":"product","link":"https:\/\/hannacosmetica.com\/fr\/tienda\/maquinaria\/esterilizadores\/esterilizador-sm-c12-alta-temperaturainfrarrojos\/","title":{"rendered":"Esterilizador SM-C12 Alta temperatura+infrarrojos"},"content":{"rendered":"<div id=\"featurebullets_feature_div\" class=\"celwidget\" data-feature-name=\"featurebullets\" data-csa-c-type=\"widget\" data-csa-c-content-id=\"featurebullets\" data-csa-c-slot-id=\"featurebullets_feature_div\" data-csa-c-asin=\"B08628Y1ML\" data-csa-c-is-in-initial-active-row=\"false\" data-csa-c-id=\"gd573h-1wpuu7-49c523-wrcjya\" data-cel-widget=\"featurebullets_feature_div\">\n<div id=\"feature-bullets\" class=\"a-section a-spacing-medium a-spacing-top-small\">\n<ul class=\"a-unordered-list a-vertical a-spacing-mini\">\n<li class=\"a-spacing-mini\"><span class=\"a-list-item\">Esterilizaci\u00f3n eficiente 99%: Este nuevo gabinete de desinfecci\u00f3n profesional utiliza antivirus de alta temperatura + infrarrojos 99% , funci\u00f3n de esterilizaci\u00f3n 2 en 1, puede ser m\u00e1s segura y eficiente llevar a cabo la desinfecci\u00f3n de art\u00edculos. Es m\u00e1s eficiente y m\u00e1s seguro y m\u00e1s completo que la esterilizaci\u00f3n tradicional a alta temperatura<\/span><\/li>\n<li class=\"a-spacing-mini\"><span class=\"a-list-item\">Aplicacion avanzada: Utiliza alta temperaturapara la desinfecci\u00f3n, a diferencia de la desinfecci\u00f3n con ozono. Puede matar la mayor\u00eda de las bacterias y virus y mantener un ambiente higi\u00e9nico, est\u00e9ril y seguro. Y puede operar el tiempo(0-30min) y la temperatura (0\u2103-250\u2103) de acuerdo con sus necesidades, la operaci\u00f3n es muy conveniente, simplemente gire los dos botones para comenzar a correr.<\/span><\/li>\n<li class=\"a-spacing-mini\"><span class=\"a-list-item\">Materiales y dise\u00f1o estructural: La carcasa est\u00e1 hecha de material de alta calidad, alta resistencia y resistencia a altas temperaturas . La puerta de cristal a prueba de radiaci\u00f3n, seguro de usar. La c\u00e1mara interna de acero inoxidable sin costura, duradera y anticorrupci\u00f3n, al mismo tiempo puede mantener la temperatura constante. Tambi\u00e9n est\u00e1 equipado con 2 bandejas desmontables, que se pueden usar para esterilizar art\u00edculos.<\/span><\/li>\n<li class=\"a-spacing-mini\"><span class=\"a-list-item\">Uso multiprop\u00f3sito: Gran capacidad de 12L, 22.5 * 24.6 * 32.5 cm \/ 8.8 * 9.6 * 12.8 inch. Este esterilizador se puede usar para biberones, herramientas de peluquer\u00eda, herramientas de manicura, herramientas dentales, desinfectar toallas, etc. Se puede utilizar en hogares, salones de belleza, peluquer\u00edas, hoteles, residencias de ancianos y peque\u00f1as empresas. Es una herramienta muy pr\u00e1ctica de desinfecci\u00f3n y esterilizaci\u00f3n.<\/span><\/li>\n<li class=\"a-spacing-mini\"><span class=\"a-list-item\">Nota: Cuando lo use por primera vez, primero ajuste la temperatura al m\u00e1ximo y precaliente durante 15 minutos para eliminar los humos residuales. Es normal oler el olor o el humo cuando se usa por primera vez. Debido a que el tubo de calor est\u00e1 recubierto con una pel\u00edcula protectora que evita que el tubo de calor se da\u00f1e durante el transporte. -No apto para algod\u00f3n, pl\u00e1sticos, papel y otras desinfecciones resistentes a altas temperaturas o inflamables.<\/span><\/li>\n<\/ul>\n<\/div>\n<\/div>\n<div id=\"provenanceCertifications_feature_div\" class=\"celwidget\" data-feature-name=\"provenanceCertifications\" data-csa-c-type=\"widget\" data-csa-c-content-id=\"provenanceCertifications\" data-csa-c-slot-id=\"provenanceCertifications_feature_div\" data-csa-c-asin=\"B08628Y1ML\" data-csa-c-is-in-initial-active-row=\"false\" data-csa-c-id=\"azsn25-dwvqrc-xyxd5t-khg266\" data-cel-widget=\"provenanceCertifications_feature_div\">\n<div id=\"provenance-certifications\" class=\"a-section a-spacing-medium a-spacing-top-micro\"><\/div>\n<\/div>","protected":false},"excerpt":{"rendered":"<p>Esterilizaci\u00f3n eficiente 99%: Este nuevo gabinete de desinfecci\u00f3n profesional utiliza antivirus de alta temperatura + infrarrojos 99% , funci\u00f3n de esterilizaci\u00f3n 2&hellip;<\/p>","protected":false},"featured_media":17561,"comment_status":"open","ping_status":"closed","template":"","meta":[],"product_cat":[304,82,84,86,121,87],"product_tag":[],"yoast_head":"<!-- This site is optimized with the Yoast SEO plugin v19.9 - https:\/\/yoast.com\/wordpress\/plugins\/seo\/ -->\n<title>Esterilizador SM-C12 Alta temperatura+infrarrojos - Hanna Cosm\u00e9tica<\/title>\n<meta name=\"robots\" content=\"index, follow, max-snippet:-1, max-image-preview:large, max-video-preview:-1\" \/>\n<link rel=\"canonical\" href=\"https:\/\/hannacosmetica.com\/fr\/tienda\/maquinaria\/esterilizadores\/esterilizador-sm-c12-alta-temperaturainfrarrojos\/\" \/>\n<meta property=\"og:locale\" content=\"fr_FR\" \/>\n<meta property=\"og:type\" content=\"article\" \/>\n<meta property=\"og:title\" content=\"Esterilizador SM-C12 Alta temperatura+infrarrojos - Hanna Cosm\u00e9tica\" \/>\n<meta property=\"og:description\" content=\"Esterilizaci\u00f3n eficiente 99%: Este nuevo gabinete de desinfecci\u00f3n profesional utiliza antivirus de alta temperatura + infrarrojos 99% , funci\u00f3n de esterilizaci\u00f3n 2&hellip;\" \/>\n<meta property=\"og:url\" content=\"https:\/\/hannacosmetica.com\/fr\/tienda\/maquinaria\/esterilizadores\/esterilizador-sm-c12-alta-temperaturainfrarrojos\/\" \/>\n<meta property=\"og:site_name\" content=\"Hanna Cosm\u00e9tica\" \/>\n<meta property=\"article:modified_time\" content=\"2025-09-23T08:32:09+00:00\" \/>\n<meta property=\"og:image\" content=\"https:\/\/hannacosmetica.com\/wp-content\/uploads\/2024\/05\/httpswww.canva_.combrandjointokenECjsR15Nn6UGuMW2r9hbrQreferrerteam-invite-430-x-460-px-480-x-440-px-96.png\" \/>\n\t<meta property=\"og:image:width\" content=\"480\" \/>\n\t<meta property=\"og:image:height\" content=\"440\" \/>\n\t<meta property=\"og:image:type\" content=\"image\/png\" \/>\n<meta name=\"twitter:card\" content=\"summary_large_image\" \/>\n<script type=\"application\/ld+json\" class=\"yoast-schema-graph\">{\"@context\":\"https:\/\/schema.org\",\"@graph\":[{\"@type\":\"WebPage\",\"@id\":\"https:\/\/hannacosmetica.com\/tienda\/maquinaria\/esterilizadores\/esterilizador-sm-c12-alta-temperaturainfrarrojos\/\",\"url\":\"https:\/\/hannacosmetica.com\/tienda\/maquinaria\/esterilizadores\/esterilizador-sm-c12-alta-temperaturainfrarrojos\/\",\"name\":\"Esterilizador SM-C12 Alta temperatura+infrarrojos - Hanna Cosm\u00e9tica\",\"isPartOf\":{\"@id\":\"https:\/\/hannacosmetica.com\/#website\"},\"datePublished\":\"2024-05-21T17:02:15+00:00\",\"dateModified\":\"2025-09-23T08:32:09+00:00\",\"breadcrumb\":{\"@id\":\"https:\/\/hannacosmetica.com\/tienda\/maquinaria\/esterilizadores\/esterilizador-sm-c12-alta-temperaturainfrarrojos\/#breadcrumb\"},\"inLanguage\":\"fr-FR\",\"potentialAction\":[{\"@type\":\"ReadAction\",\"target\":[\"https:\/\/hannacosmetica.com\/tienda\/maquinaria\/esterilizadores\/esterilizador-sm-c12-alta-temperaturainfrarrojos\/\"]}]},{\"@type\":\"BreadcrumbList\",\"@id\":\"https:\/\/hannacosmetica.com\/tienda\/maquinaria\/esterilizadores\/esterilizador-sm-c12-alta-temperaturainfrarrojos\/#breadcrumb\",\"itemListElement\":[{\"@type\":\"ListItem\",\"position\":1,\"name\":\"Portada\",\"item\":\"https:\/\/hannacosmetica.com\/\"},{\"@type\":\"ListItem\",\"position\":2,\"name\":\"Tienda\",\"item\":\"https:\/\/hannacosmetica.com\/shop\/\"},{\"@type\":\"ListItem\",\"position\":3,\"name\":\"Esterilizador SM-C12 Alta temperatura+infrarrojos\"}]},{\"@type\":\"WebSite\",\"@id\":\"https:\/\/hannacosmetica.com\/#website\",\"url\":\"https:\/\/hannacosmetica.com\/\",\"name\":\"Hanna Cosm\u00e9tica\",\"description\":\"Tienda de productos u\u00f1as, bellezas y peluquer\u00edas\",\"publisher\":{\"@id\":\"https:\/\/hannacosmetica.com\/#organization\"},\"potentialAction\":[{\"@type\":\"SearchAction\",\"target\":{\"@type\":\"EntryPoint\",\"urlTemplate\":\"https:\/\/hannacosmetica.com\/?s={search_term_string}\"},\"query-input\":\"required name=search_term_string\"}],\"inLanguage\":\"fr-FR\"},{\"@type\":\"Organization\",\"@id\":\"https:\/\/hannacosmetica.com\/#organization\",\"name\":\"Hanna Cosm\u00e9tica\",\"url\":\"https:\/\/hannacosmetica.com\/\",\"logo\":{\"@type\":\"ImageObject\",\"inLanguage\":\"fr-FR\",\"@id\":\"https:\/\/hannacosmetica.com\/#\/schema\/logo\/image\/\",\"url\":\"https:\/\/hannacosmetica.com\/wp-content\/uploads\/2022\/07\/Logo-Joyeria-Femenino-Floral-Negro.png\",\"contentUrl\":\"https:\/\/hannacosmetica.com\/wp-content\/uploads\/2022\/07\/Logo-Joyeria-Femenino-Floral-Negro.png\",\"width\":361,\"height\":126,\"caption\":\"Hanna Cosm\u00e9tica\"},\"image\":{\"@id\":\"https:\/\/hannacosmetica.com\/#\/schema\/logo\/image\/\"}}]}<\/script>\n<!-- \/ Yoast SEO plugin. -->","yoast_head_json":{"title":"Esterilizador SM-C12 Alta temperatura+infrarrojos - Hanna Cosm\u00e9tica","robots":{"index":"index","follow":"follow","max-snippet":"max-snippet:-1","max-image-preview":"max-image-preview:large","max-video-preview":"max-video-preview:-1"},"canonical":"https:\/\/hannacosmetica.com\/fr\/tienda\/maquinaria\/esterilizadores\/esterilizador-sm-c12-alta-temperaturainfrarrojos\/","og_locale":"fr_FR","og_type":"article","og_title":"Esterilizador SM-C12 Alta temperatura+infrarrojos - Hanna Cosm\u00e9tica","og_description":"Esterilizaci\u00f3n eficiente 99%: Este nuevo gabinete de desinfecci\u00f3n profesional utiliza antivirus de alta temperatura + infrarrojos 99% , funci\u00f3n de esterilizaci\u00f3n 2&hellip;","og_url":"https:\/\/hannacosmetica.com\/fr\/tienda\/maquinaria\/esterilizadores\/esterilizador-sm-c12-alta-temperaturainfrarrojos\/","og_site_name":"Hanna Cosm\u00e9tica","article_modified_time":"2025-09-23T08:32:09+00:00","og_image":[{"width":480,"height":440,"url":"https:\/\/hannacosmetica.com\/wp-content\/uploads\/2024\/05\/httpswww.canva_.combrandjointokenECjsR15Nn6UGuMW2r9hbrQreferrerteam-invite-430-x-460-px-480-x-440-px-96.png","type":"image\/png"}],"twitter_card":"summary_large_image","schema":{"@context":"https:\/\/schema.org","@graph":[{"@type":"WebPage","@id":"https:\/\/hannacosmetica.com\/tienda\/maquinaria\/esterilizadores\/esterilizador-sm-c12-alta-temperaturainfrarrojos\/","url":"https:\/\/hannacosmetica.com\/tienda\/maquinaria\/esterilizadores\/esterilizador-sm-c12-alta-temperaturainfrarrojos\/","name":"Esterilizador SM-C12 Alta temperatura+infrarrojos - Hanna Cosm\u00e9tica","isPartOf":{"@id":"https:\/\/hannacosmetica.com\/#website"},"datePublished":"2024-05-21T17:02:15+00:00","dateModified":"2025-09-23T08:32:09+00:00","breadcrumb":{"@id":"https:\/\/hannacosmetica.com\/tienda\/maquinaria\/esterilizadores\/esterilizador-sm-c12-alta-temperaturainfrarrojos\/#breadcrumb"},"inLanguage":"fr-FR","potentialAction":[{"@type":"ReadAction","target":["https:\/\/hannacosmetica.com\/tienda\/maquinaria\/esterilizadores\/esterilizador-sm-c12-alta-temperaturainfrarrojos\/"]}]},{"@type":"BreadcrumbList","@id":"https:\/\/hannacosmetica.com\/tienda\/maquinaria\/esterilizadores\/esterilizador-sm-c12-alta-temperaturainfrarrojos\/#breadcrumb","itemListElement":[{"@type":"ListItem","position":1,"name":"Portada","item":"https:\/\/hannacosmetica.com\/"},{"@type":"ListItem","position":2,"name":"Tienda","item":"https:\/\/hannacosmetica.com\/shop\/"},{"@type":"ListItem","position":3,"name":"Esterilizador SM-C12 Alta temperatura+infrarrojos"}]},{"@type":"WebSite","@id":"https:\/\/hannacosmetica.com\/#website","url":"https:\/\/hannacosmetica.com\/","name":"Hanna Cosm\u00e9tica","description":"Tienda de productos u\u00f1as, bellezas y peluquer\u00edas","publisher":{"@id":"https:\/\/hannacosmetica.com\/#organization"},"potentialAction":[{"@type":"SearchAction","target":{"@type":"EntryPoint","urlTemplate":"https:\/\/hannacosmetica.com\/?s={search_term_string}"},"query-input":"required name=search_term_string"}],"inLanguage":"fr-FR"},{"@type":"Organization","@id":"https:\/\/hannacosmetica.com\/#organization","name":"Hanna Cosm\u00e9tica","url":"https:\/\/hannacosmetica.com\/","logo":{"@type":"ImageObject","inLanguage":"fr-FR","@id":"https:\/\/hannacosmetica.com\/#\/schema\/logo\/image\/","url":"https:\/\/hannacosmetica.com\/wp-content\/uploads\/2022\/07\/Logo-Joyeria-Femenino-Floral-Negro.png","contentUrl":"https:\/\/hannacosmetica.com\/wp-content\/uploads\/2022\/07\/Logo-Joyeria-Femenino-Floral-Negro.png","width":361,"height":126,"caption":"Hanna Cosm\u00e9tica"},"image":{"@id":"https:\/\/hannacosmetica.com\/#\/schema\/logo\/image\/"}}]}},"_links":{"self":[{"href":"https:\/\/hannacosmetica.com\/fr\/wp-json\/wp\/v2\/product\/17560"}],"collection":[{"href":"https:\/\/hannacosmetica.com\/fr\/wp-json\/wp\/v2\/product"}],"about":[{"href":"https:\/\/hannacosmetica.com\/fr\/wp-json\/wp\/v2\/types\/product"}],"replies":[{"embeddable":true,"href":"https:\/\/hannacosmetica.com\/fr\/wp-json\/wp\/v2\/comments?post=17560"}],"version-history":[{"count":1,"href":"https:\/\/hannacosmetica.com\/fr\/wp-json\/wp\/v2\/product\/17560\/revisions"}],"predecessor-version":[{"id":17565,"href":"https:\/\/hannacosmetica.com\/fr\/wp-json\/wp\/v2\/product\/17560\/revisions\/17565"}],"wp:featuredmedia":[{"embeddable":true,"href":"https:\/\/hannacosmetica.com\/fr\/wp-json\/wp\/v2\/media\/17561"}],"wp:attachment":[{"href":"https:\/\/hannacosmetica.com\/fr\/wp-json\/wp\/v2\/media?parent=17560"}],"wp:term":[{"taxonomy":"product_cat","embeddable":true,"href":"https:\/\/hannacosmetica.com\/fr\/wp-json\/wp\/v2\/product_cat?post=17560"},{"taxonomy":"product_tag","embeddable":true,"href":"https:\/\/hannacosmetica.com\/fr\/wp-json\/wp\/v2\/product_tag?post=17560"}],"curies":[{"name":"wp","href":"https:\/\/api.w.org\/{rel}","templated":true}]}}