{"id":17553,"date":"2024-05-21T15:15:20","date_gmt":"2024-05-21T15:15:20","guid":{"rendered":"https:\/\/hannacosmetica.com\/?post_type=product&#038;p=17553"},"modified":"2026-01-16T16:55:33","modified_gmt":"2026-01-16T16:55:33","slug":"esterilizador-sm220-de-alta-temperatura-cabina-de-esterilizacion-de-calor-seco","status":"publish","type":"product","link":"https:\/\/hannacosmetica.com\/fr\/tienda\/maquinaria\/esterilizadores\/esterilizador-sm220-de-alta-temperatura-cabina-de-esterilizacion-de-calor-seco\/","title":{"rendered":"Esterilizador SM220 de Alta Temperatura\/ Cabina de esterilizacion de calor seco"},"content":{"rendered":"<div class=\"detailmodule_text-image\">\n<p id=\"tl_1\" class=\"detail-desc-decorate-title\" data-spm-anchor-id=\"a2g0o.detail.1000023.i0.5f8dUDsLUDsLFC\">Esterilizador El\u00e9ctrico de Alta Temperatura, Caja Desinfectante para Manicura, Esterilizador de Calor Seco<\/p>\n<\/div>\n<div class=\"detailmodule_text-image\">\n<p id=\"tl_2\" class=\"detail-desc-decorate-title\">Caracter\u00edsticas:<\/p>\n<p id=\"tl_3\" class=\"detail-desc-decorate-content\">1. La esterilizaci\u00f3n a alta temperatura puede esterilizar r\u00e1pida y exhaustivamente.<br \/>\n2. Fuerte poder de penetraci\u00f3n y funci\u00f3n de secado.<br \/>\n3. Desinfecta las peque\u00f1as herramientas de belleza de acero inoxidable para garantizar la seguridad y la salud de los clientes.<br \/>\n4. Adecuado para instituciones m\u00e9dicas, centros de cirug\u00eda pl\u00e1stica, salones de belleza, etc.<\/p>\n<\/div>\n<div class=\"detailmodule_text\">\n<p id=\"tl_4\" class=\"detail-desc-decorate-title\">Especificaciones:<\/p>\n<p id=\"tl_5\" class=\"detail-desc-decorate-content\">Capacidad: 8 litros<br \/>\nModelo: SM-220<br \/>\nPeso bruto del producto: 4,2 K<br \/>\nVoltaje: 220V<br \/>\nColor: blanco<br \/>\nRango del temporizador: 0-60 minutos<br \/>\nrango de temperatura: 80-220 \u2103<br \/>\nTama\u00f1o del producto: 250*235*325mm<br \/>\nFunci\u00f3n: Uso multifuncional\/doble capa\/Gran capacidad<\/p>\n<\/div>\n<div class=\"detailmodule_text\">\n<p id=\"tl_6\" class=\"detail-desc-decorate-title\">Uso y notas:<\/p>\n<p id=\"tl_7\" class=\"detail-desc-decorate-content\" data-spm-anchor-id=\"a2g0o.detail.1000023.i1.5f8dUDsLUDsLFC\">[Uso] 1. Saque todos los accesorios del Gabinete de desinfecci\u00f3n; 2. Lave la rejilla y la bandeja para hornear con agua tibia, limpie el interior del Gabinete de desinfecci\u00f3n con un pa\u00f1o suave y \u00faselo despu\u00e9s de que est\u00e9 completamente seco. 3. Coloque el gabinete de desinfecci\u00f3n sobre una superficie fija y use un circuito separado; 4. Debe haber suficiente espacio alrededor del Gabinete de desinfecci\u00f3n, al menos a 10cm de distancia de otros art\u00edculos, y no se pueden colocar art\u00edculos en la parte superior.<br \/>\n[Nota] 1. Cuando se usa por primera vez, la temperatura debe ajustarse a la temperatura m\u00e1s alta y precalentarse durante 15 minutos para eliminar los humos de aceite residuales. Huele normal cuando se us\u00f3 por primera vez. Debido a que hay un recubrimiento protector en el tubo de calentamiento, puede evitar que el tubo de calentamiento se da\u00f1e durante el transporte.<br \/>\n[Nota] 2. Este es un gabinete de esterilizaci\u00f3n de alta temperatura. No puede haber agua u otros l\u00edquidos durante la esterilizaci\u00f3n, solo herramientas de metal, no productos de pl\u00e1stico.<br \/>\n[Nota] 3. Cuando la m\u00e1quina no est\u00e1 funcionando, la temperatura en el gabinete sigue siendo muy alta. Se recomienda dejarlo durante 20 minutos y luego quitar la herramienta para evitar quemaduras.<br \/>\n[Nota] 4. 4. No usar ni almacenar en el ba\u00f1o u otros lugares h\u00famedos. Despu\u00e9s de cada esterilizaci\u00f3n, apague la alimentaci\u00f3n o desenchufe la alimentaci\u00f3n.<\/p>\n<\/div>\n","protected":false},"excerpt":{"rendered":"<p>Esterilizador El\u00e9ctrico de Alta Temperatura, Caja Desinfectante para Manicura, Esterilizador de Calor Seco Caracter\u00edsticas: 1. La esterilizaci\u00f3n a alta temperatura puede esterilizar&hellip;<\/p>","protected":false},"featured_media":17554,"comment_status":"open","ping_status":"closed","template":"","meta":[],"product_cat":[304,82,83,84,86,121,87],"product_tag":[],"yoast_head":"<!-- This site is optimized with the Yoast SEO plugin v19.9 - https:\/\/yoast.com\/wordpress\/plugins\/seo\/ -->\n<title>Esterilizador SM220 de Alta Temperatura\/ Cabina de esterilizacion de calor seco - Hanna Cosm\u00e9tica<\/title>\n<meta name=\"robots\" content=\"index, follow, max-snippet:-1, max-image-preview:large, max-video-preview:-1\" \/>\n<link rel=\"canonical\" href=\"https:\/\/hannacosmetica.com\/fr\/tienda\/maquinaria\/esterilizadores\/esterilizador-sm220-de-alta-temperatura-cabina-de-esterilizacion-de-calor-seco\/\" \/>\n<meta property=\"og:locale\" content=\"fr_FR\" \/>\n<meta property=\"og:type\" content=\"article\" \/>\n<meta property=\"og:title\" content=\"Esterilizador SM220 de Alta Temperatura\/ Cabina de esterilizacion de calor seco - Hanna Cosm\u00e9tica\" \/>\n<meta property=\"og:description\" content=\"Esterilizador El\u00e9ctrico de Alta Temperatura, Caja Desinfectante para Manicura, Esterilizador de Calor Seco Caracter\u00edsticas: 1. La esterilizaci\u00f3n a alta temperatura puede esterilizar&hellip;\" \/>\n<meta property=\"og:url\" content=\"https:\/\/hannacosmetica.com\/fr\/tienda\/maquinaria\/esterilizadores\/esterilizador-sm220-de-alta-temperatura-cabina-de-esterilizacion-de-calor-seco\/\" \/>\n<meta property=\"og:site_name\" content=\"Hanna Cosm\u00e9tica\" \/>\n<meta property=\"article:modified_time\" content=\"2026-01-16T16:55:33+00:00\" \/>\n<meta property=\"og:image\" content=\"https:\/\/hannacosmetica.com\/wp-content\/uploads\/2024\/05\/httpswww.canva_.combrandjointokenECjsR15Nn6UGuMW2r9hbrQreferrerteam-invite-430-x-460-px-480-x-440-px-91.png\" \/>\n\t<meta property=\"og:image:width\" content=\"480\" \/>\n\t<meta property=\"og:image:height\" content=\"440\" \/>\n\t<meta property=\"og:image:type\" content=\"image\/png\" \/>\n<meta name=\"twitter:card\" content=\"summary_large_image\" \/>\n<script type=\"application\/ld+json\" class=\"yoast-schema-graph\">{\"@context\":\"https:\/\/schema.org\",\"@graph\":[{\"@type\":\"WebPage\",\"@id\":\"https:\/\/hannacosmetica.com\/tienda\/maquinaria\/esterilizadores\/esterilizador-sm220-de-alta-temperatura-cabina-de-esterilizacion-de-calor-seco\/\",\"url\":\"https:\/\/hannacosmetica.com\/tienda\/maquinaria\/esterilizadores\/esterilizador-sm220-de-alta-temperatura-cabina-de-esterilizacion-de-calor-seco\/\",\"name\":\"Esterilizador SM220 de Alta Temperatura\/ Cabina de esterilizacion de calor seco - Hanna Cosm\u00e9tica\",\"isPartOf\":{\"@id\":\"https:\/\/hannacosmetica.com\/#website\"},\"datePublished\":\"2024-05-21T15:15:20+00:00\",\"dateModified\":\"2026-01-16T16:55:33+00:00\",\"breadcrumb\":{\"@id\":\"https:\/\/hannacosmetica.com\/tienda\/maquinaria\/esterilizadores\/esterilizador-sm220-de-alta-temperatura-cabina-de-esterilizacion-de-calor-seco\/#breadcrumb\"},\"inLanguage\":\"fr-FR\",\"potentialAction\":[{\"@type\":\"ReadAction\",\"target\":[\"https:\/\/hannacosmetica.com\/tienda\/maquinaria\/esterilizadores\/esterilizador-sm220-de-alta-temperatura-cabina-de-esterilizacion-de-calor-seco\/\"]}]},{\"@type\":\"BreadcrumbList\",\"@id\":\"https:\/\/hannacosmetica.com\/tienda\/maquinaria\/esterilizadores\/esterilizador-sm220-de-alta-temperatura-cabina-de-esterilizacion-de-calor-seco\/#breadcrumb\",\"itemListElement\":[{\"@type\":\"ListItem\",\"position\":1,\"name\":\"Portada\",\"item\":\"https:\/\/hannacosmetica.com\/\"},{\"@type\":\"ListItem\",\"position\":2,\"name\":\"Tienda\",\"item\":\"https:\/\/hannacosmetica.com\/shop\/\"},{\"@type\":\"ListItem\",\"position\":3,\"name\":\"Esterilizador SM220 de Alta Temperatura\/ Cabina de esterilizacion de calor seco\"}]},{\"@type\":\"WebSite\",\"@id\":\"https:\/\/hannacosmetica.com\/#website\",\"url\":\"https:\/\/hannacosmetica.com\/\",\"name\":\"Hanna Cosm\u00e9tica\",\"description\":\"Tienda de productos u\u00f1as, bellezas y peluquer\u00edas\",\"publisher\":{\"@id\":\"https:\/\/hannacosmetica.com\/#organization\"},\"potentialAction\":[{\"@type\":\"SearchAction\",\"target\":{\"@type\":\"EntryPoint\",\"urlTemplate\":\"https:\/\/hannacosmetica.com\/?s={search_term_string}\"},\"query-input\":\"required name=search_term_string\"}],\"inLanguage\":\"fr-FR\"},{\"@type\":\"Organization\",\"@id\":\"https:\/\/hannacosmetica.com\/#organization\",\"name\":\"Hanna Cosm\u00e9tica\",\"url\":\"https:\/\/hannacosmetica.com\/\",\"logo\":{\"@type\":\"ImageObject\",\"inLanguage\":\"fr-FR\",\"@id\":\"https:\/\/hannacosmetica.com\/#\/schema\/logo\/image\/\",\"url\":\"https:\/\/hannacosmetica.com\/wp-content\/uploads\/2022\/07\/Logo-Joyeria-Femenino-Floral-Negro.png\",\"contentUrl\":\"https:\/\/hannacosmetica.com\/wp-content\/uploads\/2022\/07\/Logo-Joyeria-Femenino-Floral-Negro.png\",\"width\":361,\"height\":126,\"caption\":\"Hanna Cosm\u00e9tica\"},\"image\":{\"@id\":\"https:\/\/hannacosmetica.com\/#\/schema\/logo\/image\/\"}}]}<\/script>\n<!-- \/ Yoast SEO plugin. -->","yoast_head_json":{"title":"Esterilizador SM220 de Alta Temperatura\/ Cabina de esterilizacion de calor seco - Hanna Cosm\u00e9tica","robots":{"index":"index","follow":"follow","max-snippet":"max-snippet:-1","max-image-preview":"max-image-preview:large","max-video-preview":"max-video-preview:-1"},"canonical":"https:\/\/hannacosmetica.com\/fr\/tienda\/maquinaria\/esterilizadores\/esterilizador-sm220-de-alta-temperatura-cabina-de-esterilizacion-de-calor-seco\/","og_locale":"fr_FR","og_type":"article","og_title":"Esterilizador SM220 de Alta Temperatura\/ Cabina de esterilizacion de calor seco - Hanna Cosm\u00e9tica","og_description":"Esterilizador El\u00e9ctrico de Alta Temperatura, Caja Desinfectante para Manicura, Esterilizador de Calor Seco Caracter\u00edsticas: 1. La esterilizaci\u00f3n a alta temperatura puede esterilizar&hellip;","og_url":"https:\/\/hannacosmetica.com\/fr\/tienda\/maquinaria\/esterilizadores\/esterilizador-sm220-de-alta-temperatura-cabina-de-esterilizacion-de-calor-seco\/","og_site_name":"Hanna Cosm\u00e9tica","article_modified_time":"2026-01-16T16:55:33+00:00","og_image":[{"width":480,"height":440,"url":"https:\/\/hannacosmetica.com\/wp-content\/uploads\/2024\/05\/httpswww.canva_.combrandjointokenECjsR15Nn6UGuMW2r9hbrQreferrerteam-invite-430-x-460-px-480-x-440-px-91.png","type":"image\/png"}],"twitter_card":"summary_large_image","schema":{"@context":"https:\/\/schema.org","@graph":[{"@type":"WebPage","@id":"https:\/\/hannacosmetica.com\/tienda\/maquinaria\/esterilizadores\/esterilizador-sm220-de-alta-temperatura-cabina-de-esterilizacion-de-calor-seco\/","url":"https:\/\/hannacosmetica.com\/tienda\/maquinaria\/esterilizadores\/esterilizador-sm220-de-alta-temperatura-cabina-de-esterilizacion-de-calor-seco\/","name":"Esterilizador SM220 de Alta Temperatura\/ Cabina de esterilizacion de calor seco - Hanna Cosm\u00e9tica","isPartOf":{"@id":"https:\/\/hannacosmetica.com\/#website"},"datePublished":"2024-05-21T15:15:20+00:00","dateModified":"2026-01-16T16:55:33+00:00","breadcrumb":{"@id":"https:\/\/hannacosmetica.com\/tienda\/maquinaria\/esterilizadores\/esterilizador-sm220-de-alta-temperatura-cabina-de-esterilizacion-de-calor-seco\/#breadcrumb"},"inLanguage":"fr-FR","potentialAction":[{"@type":"ReadAction","target":["https:\/\/hannacosmetica.com\/tienda\/maquinaria\/esterilizadores\/esterilizador-sm220-de-alta-temperatura-cabina-de-esterilizacion-de-calor-seco\/"]}]},{"@type":"BreadcrumbList","@id":"https:\/\/hannacosmetica.com\/tienda\/maquinaria\/esterilizadores\/esterilizador-sm220-de-alta-temperatura-cabina-de-esterilizacion-de-calor-seco\/#breadcrumb","itemListElement":[{"@type":"ListItem","position":1,"name":"Portada","item":"https:\/\/hannacosmetica.com\/"},{"@type":"ListItem","position":2,"name":"Tienda","item":"https:\/\/hannacosmetica.com\/shop\/"},{"@type":"ListItem","position":3,"name":"Esterilizador SM220 de Alta Temperatura\/ Cabina de esterilizacion de calor seco"}]},{"@type":"WebSite","@id":"https:\/\/hannacosmetica.com\/#website","url":"https:\/\/hannacosmetica.com\/","name":"Hanna Cosm\u00e9tica","description":"Tienda de productos u\u00f1as, bellezas y peluquer\u00edas","publisher":{"@id":"https:\/\/hannacosmetica.com\/#organization"},"potentialAction":[{"@type":"SearchAction","target":{"@type":"EntryPoint","urlTemplate":"https:\/\/hannacosmetica.com\/?s={search_term_string}"},"query-input":"required name=search_term_string"}],"inLanguage":"fr-FR"},{"@type":"Organization","@id":"https:\/\/hannacosmetica.com\/#organization","name":"Hanna Cosm\u00e9tica","url":"https:\/\/hannacosmetica.com\/","logo":{"@type":"ImageObject","inLanguage":"fr-FR","@id":"https:\/\/hannacosmetica.com\/#\/schema\/logo\/image\/","url":"https:\/\/hannacosmetica.com\/wp-content\/uploads\/2022\/07\/Logo-Joyeria-Femenino-Floral-Negro.png","contentUrl":"https:\/\/hannacosmetica.com\/wp-content\/uploads\/2022\/07\/Logo-Joyeria-Femenino-Floral-Negro.png","width":361,"height":126,"caption":"Hanna Cosm\u00e9tica"},"image":{"@id":"https:\/\/hannacosmetica.com\/#\/schema\/logo\/image\/"}}]}},"_links":{"self":[{"href":"https:\/\/hannacosmetica.com\/fr\/wp-json\/wp\/v2\/product\/17553"}],"collection":[{"href":"https:\/\/hannacosmetica.com\/fr\/wp-json\/wp\/v2\/product"}],"about":[{"href":"https:\/\/hannacosmetica.com\/fr\/wp-json\/wp\/v2\/types\/product"}],"replies":[{"embeddable":true,"href":"https:\/\/hannacosmetica.com\/fr\/wp-json\/wp\/v2\/comments?post=17553"}],"version-history":[{"count":1,"href":"https:\/\/hannacosmetica.com\/fr\/wp-json\/wp\/v2\/product\/17553\/revisions"}],"predecessor-version":[{"id":17557,"href":"https:\/\/hannacosmetica.com\/fr\/wp-json\/wp\/v2\/product\/17553\/revisions\/17557"}],"wp:featuredmedia":[{"embeddable":true,"href":"https:\/\/hannacosmetica.com\/fr\/wp-json\/wp\/v2\/media\/17554"}],"wp:attachment":[{"href":"https:\/\/hannacosmetica.com\/fr\/wp-json\/wp\/v2\/media?parent=17553"}],"wp:term":[{"taxonomy":"product_cat","embeddable":true,"href":"https:\/\/hannacosmetica.com\/fr\/wp-json\/wp\/v2\/product_cat?post=17553"},{"taxonomy":"product_tag","embeddable":true,"href":"https:\/\/hannacosmetica.com\/fr\/wp-json\/wp\/v2\/product_tag?post=17553"}],"curies":[{"name":"wp","href":"https:\/\/api.w.org\/{rel}","templated":true}]}}