{"id":17531,"date":"2024-05-21T13:19:28","date_gmt":"2024-05-21T13:19:28","guid":{"rendered":"https:\/\/hannacosmetica.com\/?post_type=product&#038;p=17531"},"modified":"2025-09-23T08:32:19","modified_gmt":"2025-09-23T08:32:19","slug":"esterilizador-sm-360c-de-calor-seco-cabina-de-desinfeccion-de-unas","status":"publish","type":"product","link":"https:\/\/hannacosmetica.com\/fr\/tienda\/maquinaria\/esterilizadores\/esterilizador-sm-360c-de-calor-seco-cabina-de-desinfeccion-de-unas\/","title":{"rendered":"Esterilizador SM-360C de Calor Seco \/ Cabina de desinfeccion de u\u00f1as"},"content":{"rendered":"<div class=\"detailmodule_text-image\">\n<p id=\"tl_1\" class=\"detail-desc-decorate-title\">Esterilizador de alta temperatura, caja de limpieza de sal\u00f3n de u\u00f1as, armario de toallas calientes de 2,6 L, caja de calor seco, equipo de sal\u00f3n de Spa, m\u00e1quina de peluquero para herramientas de Metal<\/p>\n<\/div>\n<div class=\"detailmodule_text-image\">\n<p id=\"tl_2\" class=\"detail-desc-decorate-title\">Caracter\u00edsticas:<\/p>\n<p id=\"tl_3\" class=\"detail-desc-decorate-content\" data-spm-anchor-id=\"a2g0o.detail.1000023.i0.526aH4BHH4BHZB\">\u3010Limpiador de herramientas de u\u00f1as multifuncional\u3011 La caja de limpieza de herramientas de metal de alta temperatura es un equipo de limpieza imprescindible para laboratorios, barber\u00edas, salones de belleza y hogar. Perfecto para varios tipos de herramientas inoxidables, como pinzas para u\u00f1as, tijeras, toallas, vajilla y m\u00e1s.<\/p>\n<p>\u3010Material de alta calidad\u3011 La m\u00e1quina calentadora de toallas de sal\u00f3n est\u00e1 fabricada con un elemento de dep\u00f3sito t\u00e9rmico interno de acero inoxidable que puede funcionar r\u00e1pidamente. Con un contenedor extra\u00edble de gran capacidad de 2,6 L para instrumentos de almacenamiento, duradero, resistente al \u00f3xido. Viene con dos anillos peque\u00f1os para sacar la bandeja del dispositivo, garantiza su seguridad y salud.<\/p>\n<p>\u3010Alta temperatura ajustable\u3011La temperatura del Gabinete de toallas calientes se puede ajustar de 50 \u00b0C a 220 \u00b0C, lo que puede limpiar eficazmente las herramientas r\u00e1pidamente en 10 minutos, se cortar\u00e1 autom\u00e1ticamente al alcanzar la temperatura m\u00e1xima.<\/p>\n<p>\u3010Configuraci\u00f3n de tiempo inteligente\u3011 La caja de limpieza se puede ajustar al dial de tiempo seg\u00fan sus requisitos. Despu\u00e9s de ajustar el dial de tiempo, el indicador rojo se encender\u00e1, lo que significa que la m\u00e1quina de la caja de limpieza del peluquero est\u00e1 en modo de trabajo. Y luego ajuste el dial de temperatura seg\u00fan sus requisitos, y el indicador verde se encender\u00e1. Ambas luces se apagar\u00e1n cuando el dispositivo haya terminado de funcionar.<\/p>\n<p>\u3010Fondo antideslizante\u3011 Pies protectores inferiores. Hay cuatro pies antideslizantes en la parte inferior del Gabinete de desinfecci\u00f3n para evitar que la Mesa se raye por la fricci\u00f3n con la Mesa.<\/p>\n<\/div>\n<div class=\"detailmodule_text\">\n<p id=\"tl_4\" class=\"detail-desc-decorate-title\">Especificaciones:<\/p>\n<p id=\"tl_5\" class=\"detail-desc-decorate-content\" data-spm-anchor-id=\"a2g0o.detail.1000023.i2.526aH4BHH4BHZB\">\u2022 Potencia: 300W.<br \/>\n\u2022 Capacidad: 2,6 L.<br \/>\n\u2022 Con pantalla LED de temperatura y temporizador.<br \/>\n\u2022 Con Ajuste de temporizador ajustable.<br \/>\n\u2022 Con cable de alimentaci\u00f3n extra\u00edble.<br \/>\n\u2022 Material principal: hierro.<br \/>\n\u2022 Temperatura ajustable: m\u00e1x. 200 \u2103.<br \/>\n\u2022 Con una bandeja, dos anillos de metal, dos fusibles.<br \/>\n\u2022 Funci\u00f3n: puede matar las bacterias y virus adheridos a los art\u00edculos, y esterilizaci\u00f3n para vidrio, recipiente de metal, herramientas de belleza.<br \/>\n\u2022 Dimensiones del producto: 29x24x17cm<br \/>\n\u2022 Tama\u00f1o interior: 21x15x6cm<\/p>\n<ul>\n<li style=\"text-align: left;\" data-spm-anchor-id=\"a2g0o.detail.1000023.i2.526aH4BHH4BHZB\">COLOR: BLANCO<\/li>\n<\/ul>\n<\/div>","protected":false},"excerpt":{"rendered":"<p>Esterilizador de alta temperatura, caja de limpieza de sal\u00f3n de u\u00f1as, armario de toallas calientes de 2,6 L, caja de calor seco,&hellip;<\/p>","protected":false},"featured_media":17540,"comment_status":"open","ping_status":"closed","template":"","meta":[],"product_cat":[304,82,121,87],"product_tag":[],"yoast_head":"<!-- This site is optimized with the Yoast SEO plugin v19.9 - https:\/\/yoast.com\/wordpress\/plugins\/seo\/ -->\n<title>Esterilizador SM-360C de Calor Seco \/ Cabina de desinfeccion de u\u00f1as - Hanna Cosm\u00e9tica<\/title>\n<meta name=\"robots\" content=\"index, follow, max-snippet:-1, max-image-preview:large, max-video-preview:-1\" \/>\n<link rel=\"canonical\" href=\"https:\/\/hannacosmetica.com\/fr\/tienda\/maquinaria\/esterilizadores\/esterilizador-sm-360c-de-calor-seco-cabina-de-desinfeccion-de-unas\/\" \/>\n<meta property=\"og:locale\" content=\"fr_FR\" \/>\n<meta property=\"og:type\" content=\"article\" \/>\n<meta property=\"og:title\" content=\"Esterilizador SM-360C de Calor Seco \/ Cabina de desinfeccion de u\u00f1as - Hanna Cosm\u00e9tica\" \/>\n<meta property=\"og:description\" content=\"Esterilizador de alta temperatura, caja de limpieza de sal\u00f3n de u\u00f1as, armario de toallas calientes de 2,6 L, caja de calor seco,&hellip;\" \/>\n<meta property=\"og:url\" content=\"https:\/\/hannacosmetica.com\/fr\/tienda\/maquinaria\/esterilizadores\/esterilizador-sm-360c-de-calor-seco-cabina-de-desinfeccion-de-unas\/\" \/>\n<meta property=\"og:site_name\" content=\"Hanna Cosm\u00e9tica\" \/>\n<meta property=\"article:modified_time\" content=\"2025-09-23T08:32:19+00:00\" \/>\n<meta property=\"og:image\" content=\"https:\/\/hannacosmetica.com\/wp-content\/uploads\/2024\/05\/httpswww.canva_.combrandjointokenECjsR15Nn6UGuMW2r9hbrQreferrerteam-invite-430-x-460-px-480-x-440-px-82.png\" \/>\n\t<meta property=\"og:image:width\" content=\"480\" \/>\n\t<meta property=\"og:image:height\" content=\"440\" \/>\n\t<meta property=\"og:image:type\" content=\"image\/png\" \/>\n<meta name=\"twitter:card\" content=\"summary_large_image\" \/>\n<script type=\"application\/ld+json\" class=\"yoast-schema-graph\">{\"@context\":\"https:\/\/schema.org\",\"@graph\":[{\"@type\":\"WebPage\",\"@id\":\"https:\/\/hannacosmetica.com\/tienda\/maquinaria\/esterilizadores\/esterilizador-sm-360c-de-calor-seco-cabina-de-desinfeccion-de-unas\/\",\"url\":\"https:\/\/hannacosmetica.com\/tienda\/maquinaria\/esterilizadores\/esterilizador-sm-360c-de-calor-seco-cabina-de-desinfeccion-de-unas\/\",\"name\":\"Esterilizador SM-360C de Calor Seco \/ Cabina de desinfeccion de u\u00f1as - Hanna Cosm\u00e9tica\",\"isPartOf\":{\"@id\":\"https:\/\/hannacosmetica.com\/#website\"},\"datePublished\":\"2024-05-21T13:19:28+00:00\",\"dateModified\":\"2025-09-23T08:32:19+00:00\",\"breadcrumb\":{\"@id\":\"https:\/\/hannacosmetica.com\/tienda\/maquinaria\/esterilizadores\/esterilizador-sm-360c-de-calor-seco-cabina-de-desinfeccion-de-unas\/#breadcrumb\"},\"inLanguage\":\"fr-FR\",\"potentialAction\":[{\"@type\":\"ReadAction\",\"target\":[\"https:\/\/hannacosmetica.com\/tienda\/maquinaria\/esterilizadores\/esterilizador-sm-360c-de-calor-seco-cabina-de-desinfeccion-de-unas\/\"]}]},{\"@type\":\"BreadcrumbList\",\"@id\":\"https:\/\/hannacosmetica.com\/tienda\/maquinaria\/esterilizadores\/esterilizador-sm-360c-de-calor-seco-cabina-de-desinfeccion-de-unas\/#breadcrumb\",\"itemListElement\":[{\"@type\":\"ListItem\",\"position\":1,\"name\":\"Portada\",\"item\":\"https:\/\/hannacosmetica.com\/\"},{\"@type\":\"ListItem\",\"position\":2,\"name\":\"Tienda\",\"item\":\"https:\/\/hannacosmetica.com\/shop\/\"},{\"@type\":\"ListItem\",\"position\":3,\"name\":\"Esterilizador SM-360C de Calor Seco \/ Cabina de desinfeccion de u\u00f1as\"}]},{\"@type\":\"WebSite\",\"@id\":\"https:\/\/hannacosmetica.com\/#website\",\"url\":\"https:\/\/hannacosmetica.com\/\",\"name\":\"Hanna Cosm\u00e9tica\",\"description\":\"Tienda de productos u\u00f1as, bellezas y peluquer\u00edas\",\"publisher\":{\"@id\":\"https:\/\/hannacosmetica.com\/#organization\"},\"potentialAction\":[{\"@type\":\"SearchAction\",\"target\":{\"@type\":\"EntryPoint\",\"urlTemplate\":\"https:\/\/hannacosmetica.com\/?s={search_term_string}\"},\"query-input\":\"required name=search_term_string\"}],\"inLanguage\":\"fr-FR\"},{\"@type\":\"Organization\",\"@id\":\"https:\/\/hannacosmetica.com\/#organization\",\"name\":\"Hanna Cosm\u00e9tica\",\"url\":\"https:\/\/hannacosmetica.com\/\",\"logo\":{\"@type\":\"ImageObject\",\"inLanguage\":\"fr-FR\",\"@id\":\"https:\/\/hannacosmetica.com\/#\/schema\/logo\/image\/\",\"url\":\"https:\/\/hannacosmetica.com\/wp-content\/uploads\/2022\/07\/Logo-Joyeria-Femenino-Floral-Negro.png\",\"contentUrl\":\"https:\/\/hannacosmetica.com\/wp-content\/uploads\/2022\/07\/Logo-Joyeria-Femenino-Floral-Negro.png\",\"width\":361,\"height\":126,\"caption\":\"Hanna Cosm\u00e9tica\"},\"image\":{\"@id\":\"https:\/\/hannacosmetica.com\/#\/schema\/logo\/image\/\"}}]}<\/script>\n<!-- \/ Yoast SEO plugin. -->","yoast_head_json":{"title":"Esterilizador SM-360C de Calor Seco \/ Cabina de desinfeccion de u\u00f1as - Hanna Cosm\u00e9tica","robots":{"index":"index","follow":"follow","max-snippet":"max-snippet:-1","max-image-preview":"max-image-preview:large","max-video-preview":"max-video-preview:-1"},"canonical":"https:\/\/hannacosmetica.com\/fr\/tienda\/maquinaria\/esterilizadores\/esterilizador-sm-360c-de-calor-seco-cabina-de-desinfeccion-de-unas\/","og_locale":"fr_FR","og_type":"article","og_title":"Esterilizador SM-360C de Calor Seco \/ Cabina de desinfeccion de u\u00f1as - Hanna Cosm\u00e9tica","og_description":"Esterilizador de alta temperatura, caja de limpieza de sal\u00f3n de u\u00f1as, armario de toallas calientes de 2,6 L, caja de calor seco,&hellip;","og_url":"https:\/\/hannacosmetica.com\/fr\/tienda\/maquinaria\/esterilizadores\/esterilizador-sm-360c-de-calor-seco-cabina-de-desinfeccion-de-unas\/","og_site_name":"Hanna Cosm\u00e9tica","article_modified_time":"2025-09-23T08:32:19+00:00","og_image":[{"width":480,"height":440,"url":"https:\/\/hannacosmetica.com\/wp-content\/uploads\/2024\/05\/httpswww.canva_.combrandjointokenECjsR15Nn6UGuMW2r9hbrQreferrerteam-invite-430-x-460-px-480-x-440-px-82.png","type":"image\/png"}],"twitter_card":"summary_large_image","schema":{"@context":"https:\/\/schema.org","@graph":[{"@type":"WebPage","@id":"https:\/\/hannacosmetica.com\/tienda\/maquinaria\/esterilizadores\/esterilizador-sm-360c-de-calor-seco-cabina-de-desinfeccion-de-unas\/","url":"https:\/\/hannacosmetica.com\/tienda\/maquinaria\/esterilizadores\/esterilizador-sm-360c-de-calor-seco-cabina-de-desinfeccion-de-unas\/","name":"Esterilizador SM-360C de Calor Seco \/ Cabina de desinfeccion de u\u00f1as - Hanna Cosm\u00e9tica","isPartOf":{"@id":"https:\/\/hannacosmetica.com\/#website"},"datePublished":"2024-05-21T13:19:28+00:00","dateModified":"2025-09-23T08:32:19+00:00","breadcrumb":{"@id":"https:\/\/hannacosmetica.com\/tienda\/maquinaria\/esterilizadores\/esterilizador-sm-360c-de-calor-seco-cabina-de-desinfeccion-de-unas\/#breadcrumb"},"inLanguage":"fr-FR","potentialAction":[{"@type":"ReadAction","target":["https:\/\/hannacosmetica.com\/tienda\/maquinaria\/esterilizadores\/esterilizador-sm-360c-de-calor-seco-cabina-de-desinfeccion-de-unas\/"]}]},{"@type":"BreadcrumbList","@id":"https:\/\/hannacosmetica.com\/tienda\/maquinaria\/esterilizadores\/esterilizador-sm-360c-de-calor-seco-cabina-de-desinfeccion-de-unas\/#breadcrumb","itemListElement":[{"@type":"ListItem","position":1,"name":"Portada","item":"https:\/\/hannacosmetica.com\/"},{"@type":"ListItem","position":2,"name":"Tienda","item":"https:\/\/hannacosmetica.com\/shop\/"},{"@type":"ListItem","position":3,"name":"Esterilizador SM-360C de Calor Seco \/ Cabina de desinfeccion de u\u00f1as"}]},{"@type":"WebSite","@id":"https:\/\/hannacosmetica.com\/#website","url":"https:\/\/hannacosmetica.com\/","name":"Hanna Cosm\u00e9tica","description":"Tienda de productos u\u00f1as, bellezas y peluquer\u00edas","publisher":{"@id":"https:\/\/hannacosmetica.com\/#organization"},"potentialAction":[{"@type":"SearchAction","target":{"@type":"EntryPoint","urlTemplate":"https:\/\/hannacosmetica.com\/?s={search_term_string}"},"query-input":"required name=search_term_string"}],"inLanguage":"fr-FR"},{"@type":"Organization","@id":"https:\/\/hannacosmetica.com\/#organization","name":"Hanna Cosm\u00e9tica","url":"https:\/\/hannacosmetica.com\/","logo":{"@type":"ImageObject","inLanguage":"fr-FR","@id":"https:\/\/hannacosmetica.com\/#\/schema\/logo\/image\/","url":"https:\/\/hannacosmetica.com\/wp-content\/uploads\/2022\/07\/Logo-Joyeria-Femenino-Floral-Negro.png","contentUrl":"https:\/\/hannacosmetica.com\/wp-content\/uploads\/2022\/07\/Logo-Joyeria-Femenino-Floral-Negro.png","width":361,"height":126,"caption":"Hanna Cosm\u00e9tica"},"image":{"@id":"https:\/\/hannacosmetica.com\/#\/schema\/logo\/image\/"}}]}},"_links":{"self":[{"href":"https:\/\/hannacosmetica.com\/fr\/wp-json\/wp\/v2\/product\/17531"}],"collection":[{"href":"https:\/\/hannacosmetica.com\/fr\/wp-json\/wp\/v2\/product"}],"about":[{"href":"https:\/\/hannacosmetica.com\/fr\/wp-json\/wp\/v2\/types\/product"}],"replies":[{"embeddable":true,"href":"https:\/\/hannacosmetica.com\/fr\/wp-json\/wp\/v2\/comments?post=17531"}],"version-history":[{"count":2,"href":"https:\/\/hannacosmetica.com\/fr\/wp-json\/wp\/v2\/product\/17531\/revisions"}],"predecessor-version":[{"id":19114,"href":"https:\/\/hannacosmetica.com\/fr\/wp-json\/wp\/v2\/product\/17531\/revisions\/19114"}],"wp:featuredmedia":[{"embeddable":true,"href":"https:\/\/hannacosmetica.com\/fr\/wp-json\/wp\/v2\/media\/17540"}],"wp:attachment":[{"href":"https:\/\/hannacosmetica.com\/fr\/wp-json\/wp\/v2\/media?parent=17531"}],"wp:term":[{"taxonomy":"product_cat","embeddable":true,"href":"https:\/\/hannacosmetica.com\/fr\/wp-json\/wp\/v2\/product_cat?post=17531"},{"taxonomy":"product_tag","embeddable":true,"href":"https:\/\/hannacosmetica.com\/fr\/wp-json\/wp\/v2\/product_tag?post=17531"}],"curies":[{"name":"wp","href":"https:\/\/api.w.org\/{rel}","templated":true}]}}