{"id":17486,"date":"2024-05-17T11:03:23","date_gmt":"2024-05-17T11:03:23","guid":{"rendered":"https:\/\/hannacosmetica.com\/?post_type=product&#038;p=17486"},"modified":"2026-02-05T15:05:08","modified_gmt":"2026-02-05T15:05:08","slug":"bolsas-de-esterilizacon-200u","status":"publish","type":"product","link":"https:\/\/hannacosmetica.com\/fr\/tienda\/manicura\/complementos\/bolsas-de-esterilizacon-200u\/","title":{"rendered":"Bolsas de Esterilizaci\u00f3n 200U"},"content":{"rendered":"<ul class=\"a-unordered-list a-vertical a-spacing-mini\">\n<li class=\"a-spacing-mini\"><span class=\"a-list-item\">BOLSAS DE ESTERILIZACION AUTOADHESIVAS: 200 bolsas por caja. Estas bolsas de esterilizaci\u00f3n mantienen los instrumentos y herramientas esterilizadas hasta su pr\u00f3ximo uso.<\/span><\/li>\n<li class=\"a-spacing-mini\"><span class=\"a-list-item\">MANTENGA LAS HERRAMIENTAS LIMPIAS: Despu\u00e9s de limpiar los instrumentos, deben colocarse en bolsas o fundas est\u00e9riles para garantizar que permanezcan est\u00e9riles hasta su pr\u00f3ximo uso. Esto es v\u00e1lido para las consultas de manicura o u\u00f1as. Tener la garant\u00eda de que el instrumental est\u00e1 esterilizado y listo para su uso es una obligaci\u00f3n de cara al cliente.<\/span><\/li>\n<li class=\"a-spacing-mini\"><span class=\"a-list-item\">EFECTIVO CONTROL DE INFECCIONES: Estas bolsas de autoesterilizaci\u00f3n ayudan a garantizar la seguridad de los clientes<\/span><\/li>\n<li class=\"a-spacing-mini\"><span class=\"a-list-item\">C\u00d3MO SE UTILIZAN LAS BOLSAS: Doblar la perforaci\u00f3n hacia atr\u00e1s manteniendo la tira protectora. Con los guantes puestos, introduzca los instrumentos limpios en la bolsa. No llene demasiado la bolsa. Recomendamos llenarla \u00be de su capacidad. Aseg\u00farese de que los instrumentos no perforen el paquete. Expulse el exceso de aire. Retire la tira del adhesivo, y doble en la l\u00ednea perforada y adhi\u00e9rala tanto al pl\u00e1stico como al papel para formar un sello herm\u00e9tico.<\/span><\/li>\n<li>5 tama\u00f1os disponibles\u00a0 para sus necesidades.<\/li>\n<\/ul>","protected":false},"excerpt":{"rendered":"<p>BOLSAS DE ESTERILIZACION AUTOADHESIVAS: 200 bolsas por caja. Estas bolsas de esterilizaci\u00f3n mantienen los instrumentos y herramientas esterilizadas hasta su pr\u00f3ximo uso.&hellip;<\/p>","protected":false},"featured_media":17500,"comment_status":"open","ping_status":"closed","template":"","meta":[],"product_cat":[304,82,101,83,85,87],"product_tag":[],"yoast_head":"<!-- This site is optimized with the Yoast SEO plugin v19.9 - https:\/\/yoast.com\/wordpress\/plugins\/seo\/ -->\n<title>Bolsas de Esterilizaci\u00f3n 200U - Hanna Cosm\u00e9tica<\/title>\n<meta name=\"robots\" content=\"index, follow, max-snippet:-1, max-image-preview:large, max-video-preview:-1\" \/>\n<link rel=\"canonical\" href=\"https:\/\/hannacosmetica.com\/fr\/tienda\/manicura\/complementos\/bolsas-de-esterilizacon-200u\/\" \/>\n<meta property=\"og:locale\" content=\"fr_FR\" \/>\n<meta property=\"og:type\" content=\"article\" \/>\n<meta property=\"og:title\" content=\"Bolsas de Esterilizaci\u00f3n 200U - Hanna Cosm\u00e9tica\" \/>\n<meta property=\"og:description\" content=\"BOLSAS DE ESTERILIZACION AUTOADHESIVAS: 200 bolsas por caja. Estas bolsas de esterilizaci\u00f3n mantienen los instrumentos y herramientas esterilizadas hasta su pr\u00f3ximo uso.&hellip;\" \/>\n<meta property=\"og:url\" content=\"https:\/\/hannacosmetica.com\/fr\/tienda\/manicura\/complementos\/bolsas-de-esterilizacon-200u\/\" \/>\n<meta property=\"og:site_name\" content=\"Hanna Cosm\u00e9tica\" \/>\n<meta property=\"article:modified_time\" content=\"2026-02-05T15:05:08+00:00\" \/>\n<meta property=\"og:image\" content=\"https:\/\/hannacosmetica.com\/wp-content\/uploads\/2024\/05\/httpswww.canva_.combrandjointokenECjsR15Nn6UGuMW2r9hbrQreferrerteam-invite-430-x-460-px-480-x-440-px-54.png\" \/>\n\t<meta property=\"og:image:width\" content=\"480\" \/>\n\t<meta property=\"og:image:height\" content=\"440\" \/>\n\t<meta property=\"og:image:type\" content=\"image\/png\" \/>\n<meta name=\"twitter:card\" content=\"summary_large_image\" \/>\n<script type=\"application\/ld+json\" class=\"yoast-schema-graph\">{\"@context\":\"https:\/\/schema.org\",\"@graph\":[{\"@type\":\"WebPage\",\"@id\":\"https:\/\/hannacosmetica.com\/tienda\/manicura\/complementos\/bolsas-de-esterilizacon-200u\/\",\"url\":\"https:\/\/hannacosmetica.com\/tienda\/manicura\/complementos\/bolsas-de-esterilizacon-200u\/\",\"name\":\"Bolsas de Esterilizaci\u00f3n 200U - Hanna Cosm\u00e9tica\",\"isPartOf\":{\"@id\":\"https:\/\/hannacosmetica.com\/#website\"},\"datePublished\":\"2024-05-17T11:03:23+00:00\",\"dateModified\":\"2026-02-05T15:05:08+00:00\",\"breadcrumb\":{\"@id\":\"https:\/\/hannacosmetica.com\/tienda\/manicura\/complementos\/bolsas-de-esterilizacon-200u\/#breadcrumb\"},\"inLanguage\":\"fr-FR\",\"potentialAction\":[{\"@type\":\"ReadAction\",\"target\":[\"https:\/\/hannacosmetica.com\/tienda\/manicura\/complementos\/bolsas-de-esterilizacon-200u\/\"]}]},{\"@type\":\"BreadcrumbList\",\"@id\":\"https:\/\/hannacosmetica.com\/tienda\/manicura\/complementos\/bolsas-de-esterilizacon-200u\/#breadcrumb\",\"itemListElement\":[{\"@type\":\"ListItem\",\"position\":1,\"name\":\"Portada\",\"item\":\"https:\/\/hannacosmetica.com\/\"},{\"@type\":\"ListItem\",\"position\":2,\"name\":\"Tienda\",\"item\":\"https:\/\/hannacosmetica.com\/shop\/\"},{\"@type\":\"ListItem\",\"position\":3,\"name\":\"Bolsas de Esterilizaci\u00f3n 200U\"}]},{\"@type\":\"WebSite\",\"@id\":\"https:\/\/hannacosmetica.com\/#website\",\"url\":\"https:\/\/hannacosmetica.com\/\",\"name\":\"Hanna Cosm\u00e9tica\",\"description\":\"Tienda de productos u\u00f1as, bellezas y peluquer\u00edas\",\"publisher\":{\"@id\":\"https:\/\/hannacosmetica.com\/#organization\"},\"potentialAction\":[{\"@type\":\"SearchAction\",\"target\":{\"@type\":\"EntryPoint\",\"urlTemplate\":\"https:\/\/hannacosmetica.com\/?s={search_term_string}\"},\"query-input\":\"required name=search_term_string\"}],\"inLanguage\":\"fr-FR\"},{\"@type\":\"Organization\",\"@id\":\"https:\/\/hannacosmetica.com\/#organization\",\"name\":\"Hanna Cosm\u00e9tica\",\"url\":\"https:\/\/hannacosmetica.com\/\",\"logo\":{\"@type\":\"ImageObject\",\"inLanguage\":\"fr-FR\",\"@id\":\"https:\/\/hannacosmetica.com\/#\/schema\/logo\/image\/\",\"url\":\"https:\/\/hannacosmetica.com\/wp-content\/uploads\/2022\/07\/Logo-Joyeria-Femenino-Floral-Negro.png\",\"contentUrl\":\"https:\/\/hannacosmetica.com\/wp-content\/uploads\/2022\/07\/Logo-Joyeria-Femenino-Floral-Negro.png\",\"width\":361,\"height\":126,\"caption\":\"Hanna Cosm\u00e9tica\"},\"image\":{\"@id\":\"https:\/\/hannacosmetica.com\/#\/schema\/logo\/image\/\"}}]}<\/script>\n<!-- \/ Yoast SEO plugin. -->","yoast_head_json":{"title":"Bolsas de Esterilizaci\u00f3n 200U - Hanna Cosm\u00e9tica","robots":{"index":"index","follow":"follow","max-snippet":"max-snippet:-1","max-image-preview":"max-image-preview:large","max-video-preview":"max-video-preview:-1"},"canonical":"https:\/\/hannacosmetica.com\/fr\/tienda\/manicura\/complementos\/bolsas-de-esterilizacon-200u\/","og_locale":"fr_FR","og_type":"article","og_title":"Bolsas de Esterilizaci\u00f3n 200U - Hanna Cosm\u00e9tica","og_description":"BOLSAS DE ESTERILIZACION AUTOADHESIVAS: 200 bolsas por caja. Estas bolsas de esterilizaci\u00f3n mantienen los instrumentos y herramientas esterilizadas hasta su pr\u00f3ximo uso.&hellip;","og_url":"https:\/\/hannacosmetica.com\/fr\/tienda\/manicura\/complementos\/bolsas-de-esterilizacon-200u\/","og_site_name":"Hanna Cosm\u00e9tica","article_modified_time":"2026-02-05T15:05:08+00:00","og_image":[{"width":480,"height":440,"url":"https:\/\/hannacosmetica.com\/wp-content\/uploads\/2024\/05\/httpswww.canva_.combrandjointokenECjsR15Nn6UGuMW2r9hbrQreferrerteam-invite-430-x-460-px-480-x-440-px-54.png","type":"image\/png"}],"twitter_card":"summary_large_image","schema":{"@context":"https:\/\/schema.org","@graph":[{"@type":"WebPage","@id":"https:\/\/hannacosmetica.com\/tienda\/manicura\/complementos\/bolsas-de-esterilizacon-200u\/","url":"https:\/\/hannacosmetica.com\/tienda\/manicura\/complementos\/bolsas-de-esterilizacon-200u\/","name":"Bolsas de Esterilizaci\u00f3n 200U - Hanna Cosm\u00e9tica","isPartOf":{"@id":"https:\/\/hannacosmetica.com\/#website"},"datePublished":"2024-05-17T11:03:23+00:00","dateModified":"2026-02-05T15:05:08+00:00","breadcrumb":{"@id":"https:\/\/hannacosmetica.com\/tienda\/manicura\/complementos\/bolsas-de-esterilizacon-200u\/#breadcrumb"},"inLanguage":"fr-FR","potentialAction":[{"@type":"ReadAction","target":["https:\/\/hannacosmetica.com\/tienda\/manicura\/complementos\/bolsas-de-esterilizacon-200u\/"]}]},{"@type":"BreadcrumbList","@id":"https:\/\/hannacosmetica.com\/tienda\/manicura\/complementos\/bolsas-de-esterilizacon-200u\/#breadcrumb","itemListElement":[{"@type":"ListItem","position":1,"name":"Portada","item":"https:\/\/hannacosmetica.com\/"},{"@type":"ListItem","position":2,"name":"Tienda","item":"https:\/\/hannacosmetica.com\/shop\/"},{"@type":"ListItem","position":3,"name":"Bolsas de Esterilizaci\u00f3n 200U"}]},{"@type":"WebSite","@id":"https:\/\/hannacosmetica.com\/#website","url":"https:\/\/hannacosmetica.com\/","name":"Hanna Cosm\u00e9tica","description":"Tienda de productos u\u00f1as, bellezas y peluquer\u00edas","publisher":{"@id":"https:\/\/hannacosmetica.com\/#organization"},"potentialAction":[{"@type":"SearchAction","target":{"@type":"EntryPoint","urlTemplate":"https:\/\/hannacosmetica.com\/?s={search_term_string}"},"query-input":"required name=search_term_string"}],"inLanguage":"fr-FR"},{"@type":"Organization","@id":"https:\/\/hannacosmetica.com\/#organization","name":"Hanna Cosm\u00e9tica","url":"https:\/\/hannacosmetica.com\/","logo":{"@type":"ImageObject","inLanguage":"fr-FR","@id":"https:\/\/hannacosmetica.com\/#\/schema\/logo\/image\/","url":"https:\/\/hannacosmetica.com\/wp-content\/uploads\/2022\/07\/Logo-Joyeria-Femenino-Floral-Negro.png","contentUrl":"https:\/\/hannacosmetica.com\/wp-content\/uploads\/2022\/07\/Logo-Joyeria-Femenino-Floral-Negro.png","width":361,"height":126,"caption":"Hanna Cosm\u00e9tica"},"image":{"@id":"https:\/\/hannacosmetica.com\/#\/schema\/logo\/image\/"}}]}},"_links":{"self":[{"href":"https:\/\/hannacosmetica.com\/fr\/wp-json\/wp\/v2\/product\/17486"}],"collection":[{"href":"https:\/\/hannacosmetica.com\/fr\/wp-json\/wp\/v2\/product"}],"about":[{"href":"https:\/\/hannacosmetica.com\/fr\/wp-json\/wp\/v2\/types\/product"}],"replies":[{"embeddable":true,"href":"https:\/\/hannacosmetica.com\/fr\/wp-json\/wp\/v2\/comments?post=17486"}],"version-history":[{"count":2,"href":"https:\/\/hannacosmetica.com\/fr\/wp-json\/wp\/v2\/product\/17486\/revisions"}],"predecessor-version":[{"id":22129,"href":"https:\/\/hannacosmetica.com\/fr\/wp-json\/wp\/v2\/product\/17486\/revisions\/22129"}],"wp:featuredmedia":[{"embeddable":true,"href":"https:\/\/hannacosmetica.com\/fr\/wp-json\/wp\/v2\/media\/17500"}],"wp:attachment":[{"href":"https:\/\/hannacosmetica.com\/fr\/wp-json\/wp\/v2\/media?parent=17486"}],"wp:term":[{"taxonomy":"product_cat","embeddable":true,"href":"https:\/\/hannacosmetica.com\/fr\/wp-json\/wp\/v2\/product_cat?post=17486"},{"taxonomy":"product_tag","embeddable":true,"href":"https:\/\/hannacosmetica.com\/fr\/wp-json\/wp\/v2\/product_tag?post=17486"}],"curies":[{"name":"wp","href":"https:\/\/api.w.org\/{rel}","templated":true}]}}