{"id":17436,"date":"2024-05-15T12:29:35","date_gmt":"2024-05-15T12:29:35","guid":{"rendered":"https:\/\/hannacosmetica.com\/?post_type=product&#038;p=17436"},"modified":"2025-06-30T15:25:47","modified_gmt":"2025-06-30T15:25:47","slug":"lampara-de-unas-recargable-led-uv-de-54w","status":"publish","type":"product","link":"https:\/\/hannacosmetica.com\/fr\/tienda\/mobiliario\/lamparas\/lampara-de-unas-recargable-led-uv-de-54w\/","title":{"rendered":"L\u00e1mpara de U\u00f1as Recargable LED\/UV de 54W"},"content":{"rendered":"<ul class=\"a-unordered-list a-vertical a-spacing-mini\">\n<li>Lampara LED\/UV\u00a0 recargable de 54w<\/li>\n<li>Capacidad de la bateria 9600mA<span class=\"a-list-item\">h<\/span><\/li>\n<li>30 lamp beads<\/li>\n<li>Tiempo de carga:3<span class=\"a-list-item\">h<\/span><\/li>\n<li>Tiempo de uso: <span class=\"a-list-item\">h<\/span>asta\u00a0 10 <span class=\"a-list-item\">horas continuas\u00a0<\/span><\/li>\n<li>Sensor inteligente<\/li>\n<li>Digital display<\/li>\n<li>medidas 19cm*18.5cm*8cm<\/li>\n<li class=\"a-spacing-mini\"><span class=\"a-list-item\">Previene las fugas de luz, hace que las manos sean mejores, y evita que el escritorio se queme debido a la temperatura excesiva.Puede ser sacado y limpiado despu\u00e9s de su uso, que es muy conveniente e higi\u00e9nico.<\/span><\/li>\n<li class=\"a-spacing-mini\"><span class=\"a-list-item\">Sin \u00e1ngulo muerto al trabajar, lo que puede acortar su tiempo de secado, haga que la cura de su gel de u\u00f1as sea m\u00e1s r\u00e1pida y conveniente.Viene con 3 temporizadores 10s 30s 60s y 99s y pantalla digital LCD.<\/span><\/li>\n<li class=\"a-spacing-mini\"><span class=\"a-list-item\">Seguro y duradero :- puede proteger su piel de ser negro que se comparan con la luz ultravioleta de las l\u00e1mparas de u\u00f1as tradicionales.<\/span><\/li>\n<li class=\"a-spacing-mini\"><span class=\"a-list-item\">La l\u00e1mpara de u\u00f1as LED\/UV tiene un contacto c\u00f3modo con los ojos y la piel, puede aliviar la sensaci\u00f3n de quema, proteger los ojos y lograr un efecto de ahorro de energ\u00eda.Seque toda la mano o el pie uniformemente, incluido el pulgar, sin preocuparse por el lado sin curar.<\/span><\/li>\n<\/ul>","protected":false},"excerpt":{"rendered":"<p>Lampara LED\/UV\u00a0 recargable de 54w Capacidad de la bateria 9600mAh 30 lamp beads Tiempo de carga:3h Tiempo de uso: hasta\u00a0 10 horas&hellip;<\/p>","protected":false},"featured_media":19472,"comment_status":"open","ping_status":"closed","template":"","meta":[],"product_cat":[304,303,82,87],"product_tag":[],"yoast_head":"<!-- This site is optimized with the Yoast SEO plugin v19.9 - https:\/\/yoast.com\/wordpress\/plugins\/seo\/ -->\n<title>L\u00e1mpara de U\u00f1as Recargable LED\/UV de 54W - Hanna Cosm\u00e9tica<\/title>\n<meta name=\"robots\" content=\"index, follow, max-snippet:-1, max-image-preview:large, max-video-preview:-1\" \/>\n<link rel=\"canonical\" href=\"https:\/\/hannacosmetica.com\/fr\/tienda\/mobiliario\/lamparas\/lampara-de-unas-recargable-led-uv-de-54w\/\" \/>\n<meta property=\"og:locale\" content=\"fr_FR\" \/>\n<meta property=\"og:type\" content=\"article\" \/>\n<meta property=\"og:title\" content=\"L\u00e1mpara de U\u00f1as Recargable LED\/UV de 54W - Hanna Cosm\u00e9tica\" \/>\n<meta property=\"og:description\" content=\"Lampara LED\/UV\u00a0 recargable de 54w Capacidad de la bateria 9600mAh 30 lamp beads Tiempo de carga:3h Tiempo de uso: hasta\u00a0 10 horas&hellip;\" \/>\n<meta property=\"og:url\" content=\"https:\/\/hannacosmetica.com\/fr\/tienda\/mobiliario\/lamparas\/lampara-de-unas-recargable-led-uv-de-54w\/\" \/>\n<meta property=\"og:site_name\" content=\"Hanna Cosm\u00e9tica\" \/>\n<meta property=\"article:modified_time\" content=\"2025-06-30T15:25:47+00:00\" \/>\n<meta property=\"og:image\" content=\"https:\/\/hannacosmetica.com\/wp-content\/uploads\/2025\/04\/UV-16-760x665.png\" \/>\n\t<meta property=\"og:image:width\" content=\"760\" \/>\n\t<meta property=\"og:image:height\" content=\"665\" \/>\n\t<meta property=\"og:image:type\" content=\"image\/png\" \/>\n<meta name=\"twitter:card\" content=\"summary_large_image\" \/>\n<script type=\"application\/ld+json\" class=\"yoast-schema-graph\">{\"@context\":\"https:\/\/schema.org\",\"@graph\":[{\"@type\":\"WebPage\",\"@id\":\"https:\/\/hannacosmetica.com\/tienda\/mobiliario\/lamparas\/lampara-de-unas-recargable-led-uv-de-54w\/\",\"url\":\"https:\/\/hannacosmetica.com\/tienda\/mobiliario\/lamparas\/lampara-de-unas-recargable-led-uv-de-54w\/\",\"name\":\"L\u00e1mpara de U\u00f1as Recargable LED\/UV de 54W - Hanna Cosm\u00e9tica\",\"isPartOf\":{\"@id\":\"https:\/\/hannacosmetica.com\/#website\"},\"datePublished\":\"2024-05-15T12:29:35+00:00\",\"dateModified\":\"2025-06-30T15:25:47+00:00\",\"breadcrumb\":{\"@id\":\"https:\/\/hannacosmetica.com\/tienda\/mobiliario\/lamparas\/lampara-de-unas-recargable-led-uv-de-54w\/#breadcrumb\"},\"inLanguage\":\"fr-FR\",\"potentialAction\":[{\"@type\":\"ReadAction\",\"target\":[\"https:\/\/hannacosmetica.com\/tienda\/mobiliario\/lamparas\/lampara-de-unas-recargable-led-uv-de-54w\/\"]}]},{\"@type\":\"BreadcrumbList\",\"@id\":\"https:\/\/hannacosmetica.com\/tienda\/mobiliario\/lamparas\/lampara-de-unas-recargable-led-uv-de-54w\/#breadcrumb\",\"itemListElement\":[{\"@type\":\"ListItem\",\"position\":1,\"name\":\"Portada\",\"item\":\"https:\/\/hannacosmetica.com\/\"},{\"@type\":\"ListItem\",\"position\":2,\"name\":\"Tienda\",\"item\":\"https:\/\/hannacosmetica.com\/shop\/\"},{\"@type\":\"ListItem\",\"position\":3,\"name\":\"L\u00e1mpara de U\u00f1as Recargable LED\/UV de 54W\"}]},{\"@type\":\"WebSite\",\"@id\":\"https:\/\/hannacosmetica.com\/#website\",\"url\":\"https:\/\/hannacosmetica.com\/\",\"name\":\"Hanna Cosm\u00e9tica\",\"description\":\"Tienda de productos u\u00f1as, bellezas y peluquer\u00edas\",\"publisher\":{\"@id\":\"https:\/\/hannacosmetica.com\/#organization\"},\"potentialAction\":[{\"@type\":\"SearchAction\",\"target\":{\"@type\":\"EntryPoint\",\"urlTemplate\":\"https:\/\/hannacosmetica.com\/?s={search_term_string}\"},\"query-input\":\"required name=search_term_string\"}],\"inLanguage\":\"fr-FR\"},{\"@type\":\"Organization\",\"@id\":\"https:\/\/hannacosmetica.com\/#organization\",\"name\":\"Hanna Cosm\u00e9tica\",\"url\":\"https:\/\/hannacosmetica.com\/\",\"logo\":{\"@type\":\"ImageObject\",\"inLanguage\":\"fr-FR\",\"@id\":\"https:\/\/hannacosmetica.com\/#\/schema\/logo\/image\/\",\"url\":\"https:\/\/hannacosmetica.com\/wp-content\/uploads\/2022\/07\/Logo-Joyeria-Femenino-Floral-Negro.png\",\"contentUrl\":\"https:\/\/hannacosmetica.com\/wp-content\/uploads\/2022\/07\/Logo-Joyeria-Femenino-Floral-Negro.png\",\"width\":361,\"height\":126,\"caption\":\"Hanna Cosm\u00e9tica\"},\"image\":{\"@id\":\"https:\/\/hannacosmetica.com\/#\/schema\/logo\/image\/\"}}]}<\/script>\n<!-- \/ Yoast SEO plugin. -->","yoast_head_json":{"title":"L\u00e1mpara de U\u00f1as Recargable LED\/UV de 54W - Hanna Cosm\u00e9tica","robots":{"index":"index","follow":"follow","max-snippet":"max-snippet:-1","max-image-preview":"max-image-preview:large","max-video-preview":"max-video-preview:-1"},"canonical":"https:\/\/hannacosmetica.com\/fr\/tienda\/mobiliario\/lamparas\/lampara-de-unas-recargable-led-uv-de-54w\/","og_locale":"fr_FR","og_type":"article","og_title":"L\u00e1mpara de U\u00f1as Recargable LED\/UV de 54W - Hanna Cosm\u00e9tica","og_description":"Lampara LED\/UV\u00a0 recargable de 54w Capacidad de la bateria 9600mAh 30 lamp beads Tiempo de carga:3h Tiempo de uso: hasta\u00a0 10 horas&hellip;","og_url":"https:\/\/hannacosmetica.com\/fr\/tienda\/mobiliario\/lamparas\/lampara-de-unas-recargable-led-uv-de-54w\/","og_site_name":"Hanna Cosm\u00e9tica","article_modified_time":"2025-06-30T15:25:47+00:00","og_image":[{"width":760,"height":665,"url":"https:\/\/hannacosmetica.com\/wp-content\/uploads\/2025\/04\/UV-16-760x665.png","type":"image\/png"}],"twitter_card":"summary_large_image","schema":{"@context":"https:\/\/schema.org","@graph":[{"@type":"WebPage","@id":"https:\/\/hannacosmetica.com\/tienda\/mobiliario\/lamparas\/lampara-de-unas-recargable-led-uv-de-54w\/","url":"https:\/\/hannacosmetica.com\/tienda\/mobiliario\/lamparas\/lampara-de-unas-recargable-led-uv-de-54w\/","name":"L\u00e1mpara de U\u00f1as Recargable LED\/UV de 54W - Hanna Cosm\u00e9tica","isPartOf":{"@id":"https:\/\/hannacosmetica.com\/#website"},"datePublished":"2024-05-15T12:29:35+00:00","dateModified":"2025-06-30T15:25:47+00:00","breadcrumb":{"@id":"https:\/\/hannacosmetica.com\/tienda\/mobiliario\/lamparas\/lampara-de-unas-recargable-led-uv-de-54w\/#breadcrumb"},"inLanguage":"fr-FR","potentialAction":[{"@type":"ReadAction","target":["https:\/\/hannacosmetica.com\/tienda\/mobiliario\/lamparas\/lampara-de-unas-recargable-led-uv-de-54w\/"]}]},{"@type":"BreadcrumbList","@id":"https:\/\/hannacosmetica.com\/tienda\/mobiliario\/lamparas\/lampara-de-unas-recargable-led-uv-de-54w\/#breadcrumb","itemListElement":[{"@type":"ListItem","position":1,"name":"Portada","item":"https:\/\/hannacosmetica.com\/"},{"@type":"ListItem","position":2,"name":"Tienda","item":"https:\/\/hannacosmetica.com\/shop\/"},{"@type":"ListItem","position":3,"name":"L\u00e1mpara de U\u00f1as Recargable LED\/UV de 54W"}]},{"@type":"WebSite","@id":"https:\/\/hannacosmetica.com\/#website","url":"https:\/\/hannacosmetica.com\/","name":"Hanna Cosm\u00e9tica","description":"Tienda de productos u\u00f1as, bellezas y peluquer\u00edas","publisher":{"@id":"https:\/\/hannacosmetica.com\/#organization"},"potentialAction":[{"@type":"SearchAction","target":{"@type":"EntryPoint","urlTemplate":"https:\/\/hannacosmetica.com\/?s={search_term_string}"},"query-input":"required name=search_term_string"}],"inLanguage":"fr-FR"},{"@type":"Organization","@id":"https:\/\/hannacosmetica.com\/#organization","name":"Hanna Cosm\u00e9tica","url":"https:\/\/hannacosmetica.com\/","logo":{"@type":"ImageObject","inLanguage":"fr-FR","@id":"https:\/\/hannacosmetica.com\/#\/schema\/logo\/image\/","url":"https:\/\/hannacosmetica.com\/wp-content\/uploads\/2022\/07\/Logo-Joyeria-Femenino-Floral-Negro.png","contentUrl":"https:\/\/hannacosmetica.com\/wp-content\/uploads\/2022\/07\/Logo-Joyeria-Femenino-Floral-Negro.png","width":361,"height":126,"caption":"Hanna Cosm\u00e9tica"},"image":{"@id":"https:\/\/hannacosmetica.com\/#\/schema\/logo\/image\/"}}]}},"_links":{"self":[{"href":"https:\/\/hannacosmetica.com\/fr\/wp-json\/wp\/v2\/product\/17436"}],"collection":[{"href":"https:\/\/hannacosmetica.com\/fr\/wp-json\/wp\/v2\/product"}],"about":[{"href":"https:\/\/hannacosmetica.com\/fr\/wp-json\/wp\/v2\/types\/product"}],"replies":[{"embeddable":true,"href":"https:\/\/hannacosmetica.com\/fr\/wp-json\/wp\/v2\/comments?post=17436"}],"version-history":[{"count":2,"href":"https:\/\/hannacosmetica.com\/fr\/wp-json\/wp\/v2\/product\/17436\/revisions"}],"predecessor-version":[{"id":17442,"href":"https:\/\/hannacosmetica.com\/fr\/wp-json\/wp\/v2\/product\/17436\/revisions\/17442"}],"wp:featuredmedia":[{"embeddable":true,"href":"https:\/\/hannacosmetica.com\/fr\/wp-json\/wp\/v2\/media\/19472"}],"wp:attachment":[{"href":"https:\/\/hannacosmetica.com\/fr\/wp-json\/wp\/v2\/media?parent=17436"}],"wp:term":[{"taxonomy":"product_cat","embeddable":true,"href":"https:\/\/hannacosmetica.com\/fr\/wp-json\/wp\/v2\/product_cat?post=17436"},{"taxonomy":"product_tag","embeddable":true,"href":"https:\/\/hannacosmetica.com\/fr\/wp-json\/wp\/v2\/product_tag?post=17436"}],"curies":[{"name":"wp","href":"https:\/\/api.w.org\/{rel}","templated":true}]}}