{"id":17418,"date":"2024-05-14T16:25:54","date_gmt":"2024-05-14T16:25:54","guid":{"rendered":"https:\/\/hannacosmetica.com\/?post_type=product&#038;p=17418"},"modified":"2026-01-09T11:11:22","modified_gmt":"2026-01-09T11:11:22","slug":"lampara-led-uv-350w-sun19z","status":"publish","type":"product","link":"https:\/\/hannacosmetica.com\/fr\/tienda\/mobiliario\/lamparas\/lampara-led-uv-350w-sun19z\/","title":{"rendered":"L\u00e1mpara LED\/UV 350W  SUN19Z"},"content":{"rendered":"<ul class=\"a-unordered-list a-vertical a-spacing-mini\">\n<li class=\"a-spacing-mini\"><span class=\"a-list-item\">Alta potencia y seguridad de\u00a0 350W\u3011 Potente secador con 63 piezas de cuentas duraderas e inofensivas que acortan el tiempo de curado que la l\u00e1mpara de u\u00f1as normal. Capacidad s\u00faper grande. Es compatible con todos los geles, sustancias no nocivas para el cuerpo humano.<\/span><\/li>\n<li class=\"a-spacing-mini\"><span class=\"a-list-item\">\u3010Pantalla LCD y 5 configuraciones de temporizador\u3011Nuestras l\u00e1mparas de u\u00f1as tienen una pantalla LCD que muestra la hora. Configuraci\u00f3n del temporizador de 10, 30, 60, 90 y 120 segundos para satisfacer bien sus diferentes requisitos de curado y permitirle controlar el tiempo de curado f\u00e1cilmente.<\/span><\/li>\n<li class=\"a-spacing-mini\"><span class=\"a-list-item\">\u3010Dise\u00f1o de almohada para manos\u3011 La l\u00e1mpara para u\u00f1as con forma de almohada para manos lo hace m\u00e1s f\u00e1cil para la manicurista, cuando las manos entran, la luz para u\u00f1as se iniciar\u00e1 autom\u00e1ticamente y cuando las manos salgan o termine el temporizador, se apagar\u00e1 autom\u00e1ticamente. Es un dise\u00f1o muy moderno. Para manicuristas y clientes.<\/span><\/li>\n<li class=\"a-spacing-mini\"><span class=\"a-list-item\">\u3010Sensor autom\u00e1tico\u3011Sensor inteligente, entrada, luz encendida, salida, luz apagada, no es necesario presionar ning\u00fan bot\u00f3n.<\/span><\/li>\n<\/ul>","protected":false},"excerpt":{"rendered":"<p>Alta potencia y seguridad de\u00a0 350W\u3011 Potente secador con 63 piezas de cuentas duraderas e inofensivas que acortan el tiempo de curado&hellip;<\/p>","protected":false},"featured_media":17419,"comment_status":"open","ping_status":"closed","template":"","meta":[],"product_cat":[304,303,82,87],"product_tag":[],"yoast_head":"<!-- This site is optimized with the Yoast SEO plugin v19.9 - https:\/\/yoast.com\/wordpress\/plugins\/seo\/ -->\n<title>L\u00e1mpara LED\/UV 350W SUN19Z - Hanna Cosm\u00e9tica<\/title>\n<meta name=\"robots\" content=\"index, follow, max-snippet:-1, max-image-preview:large, max-video-preview:-1\" \/>\n<link rel=\"canonical\" href=\"https:\/\/hannacosmetica.com\/fr\/tienda\/mobiliario\/lamparas\/lampara-led-uv-350w-sun19z\/\" \/>\n<meta property=\"og:locale\" content=\"fr_FR\" \/>\n<meta property=\"og:type\" content=\"article\" \/>\n<meta property=\"og:title\" content=\"L\u00e1mpara LED\/UV 350W SUN19Z - Hanna Cosm\u00e9tica\" \/>\n<meta property=\"og:description\" content=\"Alta potencia y seguridad de\u00a0 350W\u3011 Potente secador con 63 piezas de cuentas duraderas e inofensivas que acortan el tiempo de curado&hellip;\" \/>\n<meta property=\"og:url\" content=\"https:\/\/hannacosmetica.com\/fr\/tienda\/mobiliario\/lamparas\/lampara-led-uv-350w-sun19z\/\" \/>\n<meta property=\"og:site_name\" content=\"Hanna Cosm\u00e9tica\" \/>\n<meta property=\"article:modified_time\" content=\"2026-01-09T11:11:22+00:00\" \/>\n<meta property=\"og:image\" content=\"https:\/\/hannacosmetica.com\/wp-content\/uploads\/2024\/05\/httpswww.canva_.combrandjointokenECjsR15Nn6UGuMW2r9hbrQreferrerteam-invite-430-x-460-px-480-x-440-px-6.png\" \/>\n\t<meta property=\"og:image:width\" content=\"480\" \/>\n\t<meta property=\"og:image:height\" content=\"440\" \/>\n\t<meta property=\"og:image:type\" content=\"image\/png\" \/>\n<meta name=\"twitter:card\" content=\"summary_large_image\" \/>\n<script type=\"application\/ld+json\" class=\"yoast-schema-graph\">{\"@context\":\"https:\/\/schema.org\",\"@graph\":[{\"@type\":\"WebPage\",\"@id\":\"https:\/\/hannacosmetica.com\/tienda\/mobiliario\/lamparas\/lampara-led-uv-350w-sun19z\/\",\"url\":\"https:\/\/hannacosmetica.com\/tienda\/mobiliario\/lamparas\/lampara-led-uv-350w-sun19z\/\",\"name\":\"L\u00e1mpara LED\/UV 350W SUN19Z - Hanna Cosm\u00e9tica\",\"isPartOf\":{\"@id\":\"https:\/\/hannacosmetica.com\/#website\"},\"datePublished\":\"2024-05-14T16:25:54+00:00\",\"dateModified\":\"2026-01-09T11:11:22+00:00\",\"breadcrumb\":{\"@id\":\"https:\/\/hannacosmetica.com\/tienda\/mobiliario\/lamparas\/lampara-led-uv-350w-sun19z\/#breadcrumb\"},\"inLanguage\":\"fr-FR\",\"potentialAction\":[{\"@type\":\"ReadAction\",\"target\":[\"https:\/\/hannacosmetica.com\/tienda\/mobiliario\/lamparas\/lampara-led-uv-350w-sun19z\/\"]}]},{\"@type\":\"BreadcrumbList\",\"@id\":\"https:\/\/hannacosmetica.com\/tienda\/mobiliario\/lamparas\/lampara-led-uv-350w-sun19z\/#breadcrumb\",\"itemListElement\":[{\"@type\":\"ListItem\",\"position\":1,\"name\":\"Portada\",\"item\":\"https:\/\/hannacosmetica.com\/\"},{\"@type\":\"ListItem\",\"position\":2,\"name\":\"Tienda\",\"item\":\"https:\/\/hannacosmetica.com\/shop\/\"},{\"@type\":\"ListItem\",\"position\":3,\"name\":\"L\u00e1mpara LED\/UV 350W SUN19Z\"}]},{\"@type\":\"WebSite\",\"@id\":\"https:\/\/hannacosmetica.com\/#website\",\"url\":\"https:\/\/hannacosmetica.com\/\",\"name\":\"Hanna Cosm\u00e9tica\",\"description\":\"Tienda de productos u\u00f1as, bellezas y peluquer\u00edas\",\"publisher\":{\"@id\":\"https:\/\/hannacosmetica.com\/#organization\"},\"potentialAction\":[{\"@type\":\"SearchAction\",\"target\":{\"@type\":\"EntryPoint\",\"urlTemplate\":\"https:\/\/hannacosmetica.com\/?s={search_term_string}\"},\"query-input\":\"required name=search_term_string\"}],\"inLanguage\":\"fr-FR\"},{\"@type\":\"Organization\",\"@id\":\"https:\/\/hannacosmetica.com\/#organization\",\"name\":\"Hanna Cosm\u00e9tica\",\"url\":\"https:\/\/hannacosmetica.com\/\",\"logo\":{\"@type\":\"ImageObject\",\"inLanguage\":\"fr-FR\",\"@id\":\"https:\/\/hannacosmetica.com\/#\/schema\/logo\/image\/\",\"url\":\"https:\/\/hannacosmetica.com\/wp-content\/uploads\/2022\/07\/Logo-Joyeria-Femenino-Floral-Negro.png\",\"contentUrl\":\"https:\/\/hannacosmetica.com\/wp-content\/uploads\/2022\/07\/Logo-Joyeria-Femenino-Floral-Negro.png\",\"width\":361,\"height\":126,\"caption\":\"Hanna Cosm\u00e9tica\"},\"image\":{\"@id\":\"https:\/\/hannacosmetica.com\/#\/schema\/logo\/image\/\"}}]}<\/script>\n<!-- \/ Yoast SEO plugin. -->","yoast_head_json":{"title":"L\u00e1mpara LED\/UV 350W SUN19Z - Hanna Cosm\u00e9tica","robots":{"index":"index","follow":"follow","max-snippet":"max-snippet:-1","max-image-preview":"max-image-preview:large","max-video-preview":"max-video-preview:-1"},"canonical":"https:\/\/hannacosmetica.com\/fr\/tienda\/mobiliario\/lamparas\/lampara-led-uv-350w-sun19z\/","og_locale":"fr_FR","og_type":"article","og_title":"L\u00e1mpara LED\/UV 350W SUN19Z - Hanna Cosm\u00e9tica","og_description":"Alta potencia y seguridad de\u00a0 350W\u3011 Potente secador con 63 piezas de cuentas duraderas e inofensivas que acortan el tiempo de curado&hellip;","og_url":"https:\/\/hannacosmetica.com\/fr\/tienda\/mobiliario\/lamparas\/lampara-led-uv-350w-sun19z\/","og_site_name":"Hanna Cosm\u00e9tica","article_modified_time":"2026-01-09T11:11:22+00:00","og_image":[{"width":480,"height":440,"url":"https:\/\/hannacosmetica.com\/wp-content\/uploads\/2024\/05\/httpswww.canva_.combrandjointokenECjsR15Nn6UGuMW2r9hbrQreferrerteam-invite-430-x-460-px-480-x-440-px-6.png","type":"image\/png"}],"twitter_card":"summary_large_image","schema":{"@context":"https:\/\/schema.org","@graph":[{"@type":"WebPage","@id":"https:\/\/hannacosmetica.com\/tienda\/mobiliario\/lamparas\/lampara-led-uv-350w-sun19z\/","url":"https:\/\/hannacosmetica.com\/tienda\/mobiliario\/lamparas\/lampara-led-uv-350w-sun19z\/","name":"L\u00e1mpara LED\/UV 350W SUN19Z - Hanna Cosm\u00e9tica","isPartOf":{"@id":"https:\/\/hannacosmetica.com\/#website"},"datePublished":"2024-05-14T16:25:54+00:00","dateModified":"2026-01-09T11:11:22+00:00","breadcrumb":{"@id":"https:\/\/hannacosmetica.com\/tienda\/mobiliario\/lamparas\/lampara-led-uv-350w-sun19z\/#breadcrumb"},"inLanguage":"fr-FR","potentialAction":[{"@type":"ReadAction","target":["https:\/\/hannacosmetica.com\/tienda\/mobiliario\/lamparas\/lampara-led-uv-350w-sun19z\/"]}]},{"@type":"BreadcrumbList","@id":"https:\/\/hannacosmetica.com\/tienda\/mobiliario\/lamparas\/lampara-led-uv-350w-sun19z\/#breadcrumb","itemListElement":[{"@type":"ListItem","position":1,"name":"Portada","item":"https:\/\/hannacosmetica.com\/"},{"@type":"ListItem","position":2,"name":"Tienda","item":"https:\/\/hannacosmetica.com\/shop\/"},{"@type":"ListItem","position":3,"name":"L\u00e1mpara LED\/UV 350W SUN19Z"}]},{"@type":"WebSite","@id":"https:\/\/hannacosmetica.com\/#website","url":"https:\/\/hannacosmetica.com\/","name":"Hanna Cosm\u00e9tica","description":"Tienda de productos u\u00f1as, bellezas y peluquer\u00edas","publisher":{"@id":"https:\/\/hannacosmetica.com\/#organization"},"potentialAction":[{"@type":"SearchAction","target":{"@type":"EntryPoint","urlTemplate":"https:\/\/hannacosmetica.com\/?s={search_term_string}"},"query-input":"required name=search_term_string"}],"inLanguage":"fr-FR"},{"@type":"Organization","@id":"https:\/\/hannacosmetica.com\/#organization","name":"Hanna Cosm\u00e9tica","url":"https:\/\/hannacosmetica.com\/","logo":{"@type":"ImageObject","inLanguage":"fr-FR","@id":"https:\/\/hannacosmetica.com\/#\/schema\/logo\/image\/","url":"https:\/\/hannacosmetica.com\/wp-content\/uploads\/2022\/07\/Logo-Joyeria-Femenino-Floral-Negro.png","contentUrl":"https:\/\/hannacosmetica.com\/wp-content\/uploads\/2022\/07\/Logo-Joyeria-Femenino-Floral-Negro.png","width":361,"height":126,"caption":"Hanna Cosm\u00e9tica"},"image":{"@id":"https:\/\/hannacosmetica.com\/#\/schema\/logo\/image\/"}}]}},"_links":{"self":[{"href":"https:\/\/hannacosmetica.com\/fr\/wp-json\/wp\/v2\/product\/17418"}],"collection":[{"href":"https:\/\/hannacosmetica.com\/fr\/wp-json\/wp\/v2\/product"}],"about":[{"href":"https:\/\/hannacosmetica.com\/fr\/wp-json\/wp\/v2\/types\/product"}],"replies":[{"embeddable":true,"href":"https:\/\/hannacosmetica.com\/fr\/wp-json\/wp\/v2\/comments?post=17418"}],"version-history":[{"count":1,"href":"https:\/\/hannacosmetica.com\/fr\/wp-json\/wp\/v2\/product\/17418\/revisions"}],"predecessor-version":[{"id":17426,"href":"https:\/\/hannacosmetica.com\/fr\/wp-json\/wp\/v2\/product\/17418\/revisions\/17426"}],"wp:featuredmedia":[{"embeddable":true,"href":"https:\/\/hannacosmetica.com\/fr\/wp-json\/wp\/v2\/media\/17419"}],"wp:attachment":[{"href":"https:\/\/hannacosmetica.com\/fr\/wp-json\/wp\/v2\/media?parent=17418"}],"wp:term":[{"taxonomy":"product_cat","embeddable":true,"href":"https:\/\/hannacosmetica.com\/fr\/wp-json\/wp\/v2\/product_cat?post=17418"},{"taxonomy":"product_tag","embeddable":true,"href":"https:\/\/hannacosmetica.com\/fr\/wp-json\/wp\/v2\/product_tag?post=17418"}],"curies":[{"name":"wp","href":"https:\/\/api.w.org\/{rel}","templated":true}]}}