{"id":16950,"date":"2024-02-08T17:30:37","date_gmt":"2024-02-08T17:30:37","guid":{"rendered":"https:\/\/hannacosmetica.com\/?post_type=product&#038;p=16950"},"modified":"2024-12-02T14:02:00","modified_gmt":"2024-12-02T14:02:00","slug":"separador-de-silicona-para-dedos-separadores-de-pedicura","status":"publish","type":"product","link":"https:\/\/hannacosmetica.com\/fr\/tienda\/manicura\/complementos\/separador-de-silicona-para-dedos-separadores-de-pedicura\/","title":{"rendered":"Separador de Silicona para dedos \/ Separadores de pedicura"},"content":{"rendered":"<ul class=\"a-unordered-list a-vertical a-spacing-mini\">\n<li class=\"a-spacing-mini\"><span class=\"a-list-item\">\u3010Caracter\u00edsticas\u3011 Es posible que los separadores de dedos de pedicura no resuelvan el juanete ortop\u00e9dico, la deformidad ortod\u00f3ntica del dedo del pie, el dedo en martillo, pero los separadores de dedos de pedicura pueden ALIVIAR EL DOLOR y la CORRECCI\u00d3N. Tambi\u00e9n es posible realizar un esparcidor de dedos de esmalte de u\u00f1as con una pedicura con separador de dedos<\/span><\/li>\n<li class=\"a-spacing-mini\"><span class=\"a-list-item\">\u3010Material de gel\u3011 Separadores de dedos de gel flexibles para pedicura, separadores de dedos para pedicura que se pueden estirar, suaves y duraderos, talla \u00fanica para la mayor\u00eda de los dedos de manos y pies<\/span><\/li>\n<li class=\"a-spacing-mini\"><span class=\"a-list-item\">\u3010Ampliamente utilizado\u3011 Color de gelatina brillante, de ensue\u00f1o y transparente. Siempre que desee aplicar esmalte de u\u00f1as perfectamente en las u\u00f1as de los pies, solo necesita usar un separador de dedos para mantener cada dedo recto y separado de otros dedos. Cuando el esmalte de u\u00f1as est\u00e1 pulido, puede separarse dedos de los pies bien y evitar que las u\u00f1as mojadas manchen los dedos cercanos<\/span><\/li>\n<li class=\"a-spacing-mini\"><span class=\"a-list-item\">\u3010Reutilizable\u3011Edici\u00f3n mejorada de espaciadores de dedos de espuma, el gel de los separadores de dedos se puede limpiar repetidamente y remojar en el agua durante mucho tiempo, no se deforma en calidad despu\u00e9s de un uso repetido. Lave los separadores de pedicura con agua limpia antes de usar<\/span><\/li>\n<li class=\"a-spacing-mini\"><span class=\"a-list-item\">\u3010Dise\u00f1o pr\u00e1ctico\u3011 El dise\u00f1o humanizado, suave y c\u00f3modo, promueve de manera efectiva la circulaci\u00f3n sangu\u00ednea, hace que el separador de dedos se ajuste a su pie m\u00e1s f\u00e1cilmente, camine con ligereza<\/span><\/li>\n<\/ul>","protected":false},"excerpt":{"rendered":"<p>\u3010Caracter\u00edsticas\u3011 Es posible que los separadores de dedos de pedicura no resuelvan el juanete ortop\u00e9dico, la deformidad ortod\u00f3ntica del dedo del pie,&hellip;<\/p>","protected":false},"featured_media":16951,"comment_status":"open","ping_status":"closed","template":"","meta":[],"product_cat":[304,82,101,87],"product_tag":[],"yoast_head":"<!-- This site is optimized with the Yoast SEO plugin v19.9 - https:\/\/yoast.com\/wordpress\/plugins\/seo\/ -->\n<title>Separador de Silicona para dedos \/ Separadores de pedicura - Hanna Cosm\u00e9tica<\/title>\n<meta name=\"robots\" content=\"index, follow, max-snippet:-1, max-image-preview:large, max-video-preview:-1\" \/>\n<link rel=\"canonical\" href=\"https:\/\/hannacosmetica.com\/fr\/tienda\/manicura\/complementos\/separador-de-silicona-para-dedos-separadores-de-pedicura\/\" \/>\n<meta property=\"og:locale\" content=\"fr_FR\" \/>\n<meta property=\"og:type\" content=\"article\" \/>\n<meta property=\"og:title\" content=\"Separador de Silicona para dedos \/ Separadores de pedicura - Hanna Cosm\u00e9tica\" \/>\n<meta property=\"og:description\" content=\"\u3010Caracter\u00edsticas\u3011 Es posible que los separadores de dedos de pedicura no resuelvan el juanete ortop\u00e9dico, la deformidad ortod\u00f3ntica del dedo del pie,&hellip;\" \/>\n<meta property=\"og:url\" content=\"https:\/\/hannacosmetica.com\/fr\/tienda\/manicura\/complementos\/separador-de-silicona-para-dedos-separadores-de-pedicura\/\" \/>\n<meta property=\"og:site_name\" content=\"Hanna Cosm\u00e9tica\" \/>\n<meta property=\"article:modified_time\" content=\"2024-12-02T14:02:00+00:00\" \/>\n<meta property=\"og:image\" content=\"https:\/\/hannacosmetica.com\/wp-content\/uploads\/2024\/02\/180mm-480-x-460-px-382-x-336-px-2024-02-08T181232.672.png\" \/>\n\t<meta property=\"og:image:width\" content=\"382\" \/>\n\t<meta property=\"og:image:height\" content=\"336\" \/>\n\t<meta property=\"og:image:type\" content=\"image\/png\" \/>\n<meta name=\"twitter:card\" content=\"summary_large_image\" \/>\n<script type=\"application\/ld+json\" class=\"yoast-schema-graph\">{\"@context\":\"https:\/\/schema.org\",\"@graph\":[{\"@type\":\"WebPage\",\"@id\":\"https:\/\/hannacosmetica.com\/tienda\/manicura\/complementos\/separador-de-silicona-para-dedos-separadores-de-pedicura\/\",\"url\":\"https:\/\/hannacosmetica.com\/tienda\/manicura\/complementos\/separador-de-silicona-para-dedos-separadores-de-pedicura\/\",\"name\":\"Separador de Silicona para dedos \/ Separadores de pedicura - Hanna Cosm\u00e9tica\",\"isPartOf\":{\"@id\":\"https:\/\/hannacosmetica.com\/#website\"},\"datePublished\":\"2024-02-08T17:30:37+00:00\",\"dateModified\":\"2024-12-02T14:02:00+00:00\",\"breadcrumb\":{\"@id\":\"https:\/\/hannacosmetica.com\/tienda\/manicura\/complementos\/separador-de-silicona-para-dedos-separadores-de-pedicura\/#breadcrumb\"},\"inLanguage\":\"fr-FR\",\"potentialAction\":[{\"@type\":\"ReadAction\",\"target\":[\"https:\/\/hannacosmetica.com\/tienda\/manicura\/complementos\/separador-de-silicona-para-dedos-separadores-de-pedicura\/\"]}]},{\"@type\":\"BreadcrumbList\",\"@id\":\"https:\/\/hannacosmetica.com\/tienda\/manicura\/complementos\/separador-de-silicona-para-dedos-separadores-de-pedicura\/#breadcrumb\",\"itemListElement\":[{\"@type\":\"ListItem\",\"position\":1,\"name\":\"Portada\",\"item\":\"https:\/\/hannacosmetica.com\/\"},{\"@type\":\"ListItem\",\"position\":2,\"name\":\"Tienda\",\"item\":\"https:\/\/hannacosmetica.com\/shop\/\"},{\"@type\":\"ListItem\",\"position\":3,\"name\":\"Separador de Silicona para dedos \/ Separadores de pedicura\"}]},{\"@type\":\"WebSite\",\"@id\":\"https:\/\/hannacosmetica.com\/#website\",\"url\":\"https:\/\/hannacosmetica.com\/\",\"name\":\"Hanna Cosm\u00e9tica\",\"description\":\"Tienda de productos u\u00f1as, bellezas y peluquer\u00edas\",\"publisher\":{\"@id\":\"https:\/\/hannacosmetica.com\/#organization\"},\"potentialAction\":[{\"@type\":\"SearchAction\",\"target\":{\"@type\":\"EntryPoint\",\"urlTemplate\":\"https:\/\/hannacosmetica.com\/?s={search_term_string}\"},\"query-input\":\"required name=search_term_string\"}],\"inLanguage\":\"fr-FR\"},{\"@type\":\"Organization\",\"@id\":\"https:\/\/hannacosmetica.com\/#organization\",\"name\":\"Hanna Cosm\u00e9tica\",\"url\":\"https:\/\/hannacosmetica.com\/\",\"logo\":{\"@type\":\"ImageObject\",\"inLanguage\":\"fr-FR\",\"@id\":\"https:\/\/hannacosmetica.com\/#\/schema\/logo\/image\/\",\"url\":\"https:\/\/hannacosmetica.com\/wp-content\/uploads\/2022\/07\/Logo-Joyeria-Femenino-Floral-Negro.png\",\"contentUrl\":\"https:\/\/hannacosmetica.com\/wp-content\/uploads\/2022\/07\/Logo-Joyeria-Femenino-Floral-Negro.png\",\"width\":361,\"height\":126,\"caption\":\"Hanna Cosm\u00e9tica\"},\"image\":{\"@id\":\"https:\/\/hannacosmetica.com\/#\/schema\/logo\/image\/\"}}]}<\/script>\n<!-- \/ Yoast SEO plugin. -->","yoast_head_json":{"title":"Separador de Silicona para dedos \/ Separadores de pedicura - Hanna Cosm\u00e9tica","robots":{"index":"index","follow":"follow","max-snippet":"max-snippet:-1","max-image-preview":"max-image-preview:large","max-video-preview":"max-video-preview:-1"},"canonical":"https:\/\/hannacosmetica.com\/fr\/tienda\/manicura\/complementos\/separador-de-silicona-para-dedos-separadores-de-pedicura\/","og_locale":"fr_FR","og_type":"article","og_title":"Separador de Silicona para dedos \/ Separadores de pedicura - Hanna Cosm\u00e9tica","og_description":"\u3010Caracter\u00edsticas\u3011 Es posible que los separadores de dedos de pedicura no resuelvan el juanete ortop\u00e9dico, la deformidad ortod\u00f3ntica del dedo del pie,&hellip;","og_url":"https:\/\/hannacosmetica.com\/fr\/tienda\/manicura\/complementos\/separador-de-silicona-para-dedos-separadores-de-pedicura\/","og_site_name":"Hanna Cosm\u00e9tica","article_modified_time":"2024-12-02T14:02:00+00:00","og_image":[{"width":382,"height":336,"url":"https:\/\/hannacosmetica.com\/wp-content\/uploads\/2024\/02\/180mm-480-x-460-px-382-x-336-px-2024-02-08T181232.672.png","type":"image\/png"}],"twitter_card":"summary_large_image","schema":{"@context":"https:\/\/schema.org","@graph":[{"@type":"WebPage","@id":"https:\/\/hannacosmetica.com\/tienda\/manicura\/complementos\/separador-de-silicona-para-dedos-separadores-de-pedicura\/","url":"https:\/\/hannacosmetica.com\/tienda\/manicura\/complementos\/separador-de-silicona-para-dedos-separadores-de-pedicura\/","name":"Separador de Silicona para dedos \/ Separadores de pedicura - Hanna Cosm\u00e9tica","isPartOf":{"@id":"https:\/\/hannacosmetica.com\/#website"},"datePublished":"2024-02-08T17:30:37+00:00","dateModified":"2024-12-02T14:02:00+00:00","breadcrumb":{"@id":"https:\/\/hannacosmetica.com\/tienda\/manicura\/complementos\/separador-de-silicona-para-dedos-separadores-de-pedicura\/#breadcrumb"},"inLanguage":"fr-FR","potentialAction":[{"@type":"ReadAction","target":["https:\/\/hannacosmetica.com\/tienda\/manicura\/complementos\/separador-de-silicona-para-dedos-separadores-de-pedicura\/"]}]},{"@type":"BreadcrumbList","@id":"https:\/\/hannacosmetica.com\/tienda\/manicura\/complementos\/separador-de-silicona-para-dedos-separadores-de-pedicura\/#breadcrumb","itemListElement":[{"@type":"ListItem","position":1,"name":"Portada","item":"https:\/\/hannacosmetica.com\/"},{"@type":"ListItem","position":2,"name":"Tienda","item":"https:\/\/hannacosmetica.com\/shop\/"},{"@type":"ListItem","position":3,"name":"Separador de Silicona para dedos \/ Separadores de pedicura"}]},{"@type":"WebSite","@id":"https:\/\/hannacosmetica.com\/#website","url":"https:\/\/hannacosmetica.com\/","name":"Hanna Cosm\u00e9tica","description":"Tienda de productos u\u00f1as, bellezas y peluquer\u00edas","publisher":{"@id":"https:\/\/hannacosmetica.com\/#organization"},"potentialAction":[{"@type":"SearchAction","target":{"@type":"EntryPoint","urlTemplate":"https:\/\/hannacosmetica.com\/?s={search_term_string}"},"query-input":"required name=search_term_string"}],"inLanguage":"fr-FR"},{"@type":"Organization","@id":"https:\/\/hannacosmetica.com\/#organization","name":"Hanna Cosm\u00e9tica","url":"https:\/\/hannacosmetica.com\/","logo":{"@type":"ImageObject","inLanguage":"fr-FR","@id":"https:\/\/hannacosmetica.com\/#\/schema\/logo\/image\/","url":"https:\/\/hannacosmetica.com\/wp-content\/uploads\/2022\/07\/Logo-Joyeria-Femenino-Floral-Negro.png","contentUrl":"https:\/\/hannacosmetica.com\/wp-content\/uploads\/2022\/07\/Logo-Joyeria-Femenino-Floral-Negro.png","width":361,"height":126,"caption":"Hanna Cosm\u00e9tica"},"image":{"@id":"https:\/\/hannacosmetica.com\/#\/schema\/logo\/image\/"}}]}},"_links":{"self":[{"href":"https:\/\/hannacosmetica.com\/fr\/wp-json\/wp\/v2\/product\/16950"}],"collection":[{"href":"https:\/\/hannacosmetica.com\/fr\/wp-json\/wp\/v2\/product"}],"about":[{"href":"https:\/\/hannacosmetica.com\/fr\/wp-json\/wp\/v2\/types\/product"}],"replies":[{"embeddable":true,"href":"https:\/\/hannacosmetica.com\/fr\/wp-json\/wp\/v2\/comments?post=16950"}],"version-history":[{"count":1,"href":"https:\/\/hannacosmetica.com\/fr\/wp-json\/wp\/v2\/product\/16950\/revisions"}],"predecessor-version":[{"id":16961,"href":"https:\/\/hannacosmetica.com\/fr\/wp-json\/wp\/v2\/product\/16950\/revisions\/16961"}],"wp:featuredmedia":[{"embeddable":true,"href":"https:\/\/hannacosmetica.com\/fr\/wp-json\/wp\/v2\/media\/16951"}],"wp:attachment":[{"href":"https:\/\/hannacosmetica.com\/fr\/wp-json\/wp\/v2\/media?parent=16950"}],"wp:term":[{"taxonomy":"product_cat","embeddable":true,"href":"https:\/\/hannacosmetica.com\/fr\/wp-json\/wp\/v2\/product_cat?post=16950"},{"taxonomy":"product_tag","embeddable":true,"href":"https:\/\/hannacosmetica.com\/fr\/wp-json\/wp\/v2\/product_tag?post=16950"}],"curies":[{"name":"wp","href":"https:\/\/api.w.org\/{rel}","templated":true}]}}