{"id":16917,"date":"2024-02-08T16:26:48","date_gmt":"2024-02-08T16:26:48","guid":{"rendered":"https:\/\/hannacosmetica.com\/?post_type=product&#038;p=16917"},"modified":"2024-02-08T16:27:52","modified_gmt":"2024-02-08T16:27:52","slug":"cojin-de-manicura-reposabrazos-de-madera","status":"publish","type":"product","link":"https:\/\/hannacosmetica.com\/fr\/tienda\/manicura\/complementos\/cojin-de-manicura-reposabrazos-de-madera\/","title":{"rendered":"Coj\u00edn de manicura\/ reposabrazos de Madera"},"content":{"rendered":"<ul class=\"a-unordered-list a-vertical a-spacing-mini\">\n<li class=\"a-spacing-mini\"><span class=\"a-list-item\">\u3010Textura Lujosa\u3011La combinaci\u00f3n de cuero y madera maciza en esta reposabrazos manicura ofrece una apariencia de alta gama y con estilo, trayendo a sus clientes una experiencia de nail art lujosa.<\/span><\/li>\n<li class=\"a-spacing-mini\"><span class=\"a-list-item\">\u2714\u3010F\u00e1cil de Limpiar\u3011El material de cuero, simple pero bonito, es impermeable y a prueba de polvo, lo que lo hace f\u00e1cil de limpiar. Si el esmalte de u\u00f1as se aplica accidentalmente en la superficie del coj\u00edn, se puede limpiar r\u00e1pidamente con un poco de alcohol.<\/span><\/li>\n<li class=\"a-spacing-mini\"><span class=\"a-list-item\">\u2714\u3010Dise\u00f1o Ergon\u00f3mico\u3011El dise\u00f1o del coj\u00edn de mano de manicura se adapta a los contornos de la mano humana, ofreciendo un soporte estable para ayudar a los clientes a aliviar la fatiga de las manos y asegurar la mejor experiencia de arte de u\u00f1as.<\/span><\/li>\n<li class=\"a-spacing-mini\"><span class=\"a-list-item\">\u2714\u3010Limpio y Ordenado\u3011La l\u00e1mpara de nail art se puede colocar en la parte inferior del apoya manos para las manos, asegurando que la mesa de trabajo se mantenga constantemente limpia y organizada. Esto promueve una mayor eficiencia en el trabajo, d\u00e1ndole un aspecto m\u00e1s profesional.<\/span><\/li>\n<\/ul>","protected":false},"excerpt":{"rendered":"<p>\u3010Textura Lujosa\u3011La combinaci\u00f3n de cuero y madera maciza en esta reposabrazos manicura ofrece una apariencia de alta gama y con estilo, trayendo&hellip;<\/p>","protected":false},"featured_media":16930,"comment_status":"open","ping_status":"closed","template":"","meta":[],"product_cat":[304,82,101,87],"product_tag":[],"yoast_head":"<!-- This site is optimized with the Yoast SEO plugin v19.9 - https:\/\/yoast.com\/wordpress\/plugins\/seo\/ -->\n<title>Coj\u00edn de manicura\/ reposabrazos de Madera - Hanna Cosm\u00e9tica<\/title>\n<meta name=\"robots\" content=\"index, follow, max-snippet:-1, max-image-preview:large, max-video-preview:-1\" \/>\n<link rel=\"canonical\" href=\"https:\/\/hannacosmetica.com\/fr\/tienda\/manicura\/complementos\/cojin-de-manicura-reposabrazos-de-madera\/\" \/>\n<meta property=\"og:locale\" content=\"fr_FR\" \/>\n<meta property=\"og:type\" content=\"article\" \/>\n<meta property=\"og:title\" content=\"Coj\u00edn de manicura\/ reposabrazos de Madera - Hanna Cosm\u00e9tica\" \/>\n<meta property=\"og:description\" content=\"\u3010Textura Lujosa\u3011La combinaci\u00f3n de cuero y madera maciza en esta reposabrazos manicura ofrece una apariencia de alta gama y con estilo, trayendo&hellip;\" \/>\n<meta property=\"og:url\" content=\"https:\/\/hannacosmetica.com\/fr\/tienda\/manicura\/complementos\/cojin-de-manicura-reposabrazos-de-madera\/\" \/>\n<meta property=\"og:site_name\" content=\"Hanna Cosm\u00e9tica\" \/>\n<meta property=\"article:modified_time\" content=\"2024-02-08T16:27:52+00:00\" \/>\n<meta property=\"og:image\" content=\"https:\/\/hannacosmetica.com\/wp-content\/uploads\/2024\/02\/180mm-480-x-460-px-382-x-336-px-2024-02-08T172736.866.png\" \/>\n\t<meta property=\"og:image:width\" content=\"382\" \/>\n\t<meta property=\"og:image:height\" content=\"336\" \/>\n\t<meta property=\"og:image:type\" content=\"image\/png\" \/>\n<meta name=\"twitter:card\" content=\"summary_large_image\" \/>\n<script type=\"application\/ld+json\" class=\"yoast-schema-graph\">{\"@context\":\"https:\/\/schema.org\",\"@graph\":[{\"@type\":\"WebPage\",\"@id\":\"https:\/\/hannacosmetica.com\/tienda\/manicura\/complementos\/cojin-de-manicura-reposabrazos-de-madera\/\",\"url\":\"https:\/\/hannacosmetica.com\/tienda\/manicura\/complementos\/cojin-de-manicura-reposabrazos-de-madera\/\",\"name\":\"Coj\u00edn de manicura\/ reposabrazos de Madera - Hanna Cosm\u00e9tica\",\"isPartOf\":{\"@id\":\"https:\/\/hannacosmetica.com\/#website\"},\"datePublished\":\"2024-02-08T16:26:48+00:00\",\"dateModified\":\"2024-02-08T16:27:52+00:00\",\"breadcrumb\":{\"@id\":\"https:\/\/hannacosmetica.com\/tienda\/manicura\/complementos\/cojin-de-manicura-reposabrazos-de-madera\/#breadcrumb\"},\"inLanguage\":\"fr-FR\",\"potentialAction\":[{\"@type\":\"ReadAction\",\"target\":[\"https:\/\/hannacosmetica.com\/tienda\/manicura\/complementos\/cojin-de-manicura-reposabrazos-de-madera\/\"]}]},{\"@type\":\"BreadcrumbList\",\"@id\":\"https:\/\/hannacosmetica.com\/tienda\/manicura\/complementos\/cojin-de-manicura-reposabrazos-de-madera\/#breadcrumb\",\"itemListElement\":[{\"@type\":\"ListItem\",\"position\":1,\"name\":\"Portada\",\"item\":\"https:\/\/hannacosmetica.com\/\"},{\"@type\":\"ListItem\",\"position\":2,\"name\":\"Tienda\",\"item\":\"https:\/\/hannacosmetica.com\/shop\/\"},{\"@type\":\"ListItem\",\"position\":3,\"name\":\"Coj\u00edn de manicura\/ reposabrazos de Madera\"}]},{\"@type\":\"WebSite\",\"@id\":\"https:\/\/hannacosmetica.com\/#website\",\"url\":\"https:\/\/hannacosmetica.com\/\",\"name\":\"Hanna Cosm\u00e9tica\",\"description\":\"Tienda de productos u\u00f1as, bellezas y peluquer\u00edas\",\"publisher\":{\"@id\":\"https:\/\/hannacosmetica.com\/#organization\"},\"potentialAction\":[{\"@type\":\"SearchAction\",\"target\":{\"@type\":\"EntryPoint\",\"urlTemplate\":\"https:\/\/hannacosmetica.com\/?s={search_term_string}\"},\"query-input\":\"required name=search_term_string\"}],\"inLanguage\":\"fr-FR\"},{\"@type\":\"Organization\",\"@id\":\"https:\/\/hannacosmetica.com\/#organization\",\"name\":\"Hanna Cosm\u00e9tica\",\"url\":\"https:\/\/hannacosmetica.com\/\",\"logo\":{\"@type\":\"ImageObject\",\"inLanguage\":\"fr-FR\",\"@id\":\"https:\/\/hannacosmetica.com\/#\/schema\/logo\/image\/\",\"url\":\"https:\/\/hannacosmetica.com\/wp-content\/uploads\/2022\/07\/Logo-Joyeria-Femenino-Floral-Negro.png\",\"contentUrl\":\"https:\/\/hannacosmetica.com\/wp-content\/uploads\/2022\/07\/Logo-Joyeria-Femenino-Floral-Negro.png\",\"width\":361,\"height\":126,\"caption\":\"Hanna Cosm\u00e9tica\"},\"image\":{\"@id\":\"https:\/\/hannacosmetica.com\/#\/schema\/logo\/image\/\"}}]}<\/script>\n<!-- \/ Yoast SEO plugin. -->","yoast_head_json":{"title":"Coj\u00edn de manicura\/ reposabrazos de Madera - Hanna Cosm\u00e9tica","robots":{"index":"index","follow":"follow","max-snippet":"max-snippet:-1","max-image-preview":"max-image-preview:large","max-video-preview":"max-video-preview:-1"},"canonical":"https:\/\/hannacosmetica.com\/fr\/tienda\/manicura\/complementos\/cojin-de-manicura-reposabrazos-de-madera\/","og_locale":"fr_FR","og_type":"article","og_title":"Coj\u00edn de manicura\/ reposabrazos de Madera - Hanna Cosm\u00e9tica","og_description":"\u3010Textura Lujosa\u3011La combinaci\u00f3n de cuero y madera maciza en esta reposabrazos manicura ofrece una apariencia de alta gama y con estilo, trayendo&hellip;","og_url":"https:\/\/hannacosmetica.com\/fr\/tienda\/manicura\/complementos\/cojin-de-manicura-reposabrazos-de-madera\/","og_site_name":"Hanna Cosm\u00e9tica","article_modified_time":"2024-02-08T16:27:52+00:00","og_image":[{"width":382,"height":336,"url":"https:\/\/hannacosmetica.com\/wp-content\/uploads\/2024\/02\/180mm-480-x-460-px-382-x-336-px-2024-02-08T172736.866.png","type":"image\/png"}],"twitter_card":"summary_large_image","schema":{"@context":"https:\/\/schema.org","@graph":[{"@type":"WebPage","@id":"https:\/\/hannacosmetica.com\/tienda\/manicura\/complementos\/cojin-de-manicura-reposabrazos-de-madera\/","url":"https:\/\/hannacosmetica.com\/tienda\/manicura\/complementos\/cojin-de-manicura-reposabrazos-de-madera\/","name":"Coj\u00edn de manicura\/ reposabrazos de Madera - Hanna Cosm\u00e9tica","isPartOf":{"@id":"https:\/\/hannacosmetica.com\/#website"},"datePublished":"2024-02-08T16:26:48+00:00","dateModified":"2024-02-08T16:27:52+00:00","breadcrumb":{"@id":"https:\/\/hannacosmetica.com\/tienda\/manicura\/complementos\/cojin-de-manicura-reposabrazos-de-madera\/#breadcrumb"},"inLanguage":"fr-FR","potentialAction":[{"@type":"ReadAction","target":["https:\/\/hannacosmetica.com\/tienda\/manicura\/complementos\/cojin-de-manicura-reposabrazos-de-madera\/"]}]},{"@type":"BreadcrumbList","@id":"https:\/\/hannacosmetica.com\/tienda\/manicura\/complementos\/cojin-de-manicura-reposabrazos-de-madera\/#breadcrumb","itemListElement":[{"@type":"ListItem","position":1,"name":"Portada","item":"https:\/\/hannacosmetica.com\/"},{"@type":"ListItem","position":2,"name":"Tienda","item":"https:\/\/hannacosmetica.com\/shop\/"},{"@type":"ListItem","position":3,"name":"Coj\u00edn de manicura\/ reposabrazos de Madera"}]},{"@type":"WebSite","@id":"https:\/\/hannacosmetica.com\/#website","url":"https:\/\/hannacosmetica.com\/","name":"Hanna Cosm\u00e9tica","description":"Tienda de productos u\u00f1as, bellezas y peluquer\u00edas","publisher":{"@id":"https:\/\/hannacosmetica.com\/#organization"},"potentialAction":[{"@type":"SearchAction","target":{"@type":"EntryPoint","urlTemplate":"https:\/\/hannacosmetica.com\/?s={search_term_string}"},"query-input":"required name=search_term_string"}],"inLanguage":"fr-FR"},{"@type":"Organization","@id":"https:\/\/hannacosmetica.com\/#organization","name":"Hanna Cosm\u00e9tica","url":"https:\/\/hannacosmetica.com\/","logo":{"@type":"ImageObject","inLanguage":"fr-FR","@id":"https:\/\/hannacosmetica.com\/#\/schema\/logo\/image\/","url":"https:\/\/hannacosmetica.com\/wp-content\/uploads\/2022\/07\/Logo-Joyeria-Femenino-Floral-Negro.png","contentUrl":"https:\/\/hannacosmetica.com\/wp-content\/uploads\/2022\/07\/Logo-Joyeria-Femenino-Floral-Negro.png","width":361,"height":126,"caption":"Hanna Cosm\u00e9tica"},"image":{"@id":"https:\/\/hannacosmetica.com\/#\/schema\/logo\/image\/"}}]}},"_links":{"self":[{"href":"https:\/\/hannacosmetica.com\/fr\/wp-json\/wp\/v2\/product\/16917"}],"collection":[{"href":"https:\/\/hannacosmetica.com\/fr\/wp-json\/wp\/v2\/product"}],"about":[{"href":"https:\/\/hannacosmetica.com\/fr\/wp-json\/wp\/v2\/types\/product"}],"replies":[{"embeddable":true,"href":"https:\/\/hannacosmetica.com\/fr\/wp-json\/wp\/v2\/comments?post=16917"}],"version-history":[{"count":1,"href":"https:\/\/hannacosmetica.com\/fr\/wp-json\/wp\/v2\/product\/16917\/revisions"}],"predecessor-version":[{"id":16929,"href":"https:\/\/hannacosmetica.com\/fr\/wp-json\/wp\/v2\/product\/16917\/revisions\/16929"}],"wp:featuredmedia":[{"embeddable":true,"href":"https:\/\/hannacosmetica.com\/fr\/wp-json\/wp\/v2\/media\/16930"}],"wp:attachment":[{"href":"https:\/\/hannacosmetica.com\/fr\/wp-json\/wp\/v2\/media?parent=16917"}],"wp:term":[{"taxonomy":"product_cat","embeddable":true,"href":"https:\/\/hannacosmetica.com\/fr\/wp-json\/wp\/v2\/product_cat?post=16917"},{"taxonomy":"product_tag","embeddable":true,"href":"https:\/\/hannacosmetica.com\/fr\/wp-json\/wp\/v2\/product_tag?post=16917"}],"curies":[{"name":"wp","href":"https:\/\/api.w.org\/{rel}","templated":true}]}}