{"id":16858,"date":"2024-02-02T16:25:11","date_gmt":"2024-02-02T16:25:11","guid":{"rendered":"https:\/\/hannacosmetica.com\/?post_type=product&#038;p=16858"},"modified":"2024-02-02T16:25:12","modified_gmt":"2024-02-02T16:25:12","slug":"cojin-de-manicura-reposabrazos-soporte-de-manicura","status":"publish","type":"product","link":"https:\/\/hannacosmetica.com\/fr\/tienda\/manicura\/complementos\/cojin-de-manicura-reposabrazos-soporte-de-manicura\/","title":{"rendered":"Coj\u00edn de Manicura\/ Reposabrazos \/soporte de manicura"},"content":{"rendered":"<ul class=\"a-unordered-list a-vertical a-spacing-mini\">\n<li><span class=\"a-list-item\">La almohada de mano de alto valor y la sensaci\u00f3n c\u00f3moda no solo mejoran la experiencia de las u\u00f1as de los clientes, sino que tambi\u00e9n muestran el alto gusto del propietario.<\/span><\/li>\n<li><span class=\"a-list-item\">El marco de metal est\u00e1 hecho de tubos de acero inoxidable de alta calidad, y la aplicaci\u00f3n de la tecnolog\u00eda de revestimiento al vac\u00edo mejora en gran medida el grado y la calidad del producto.<\/span><\/li>\n<li><span class=\"a-list-item\">Superficie de almohada de alta calidad, arco personalizado puede estar cerca de la mano, buena carga, puede aliviar la presi\u00f3n de la mano durante el arte de las u\u00f1as.<\/span><\/li>\n<li><span class=\"a-list-item\">N\u00facleo de almohada suave, la superficie de cuero de PU natural no solo es transpirable, sino tambi\u00e9n impermeable y c\u00f3moda.<\/span><\/li>\n<li><span class=\"a-list-item\">Material de gamuza en la parte inferior, mano de obra delicada, envoltura exquisita, \u00fanico y elegante, proceso de recubrimiento reforzado, almohada de mano estable es m\u00e1s firme y c\u00f3moda.<\/span><\/li>\n<li>F\u00e1cil de limpiar,\u00a0 impermeable y resistente<\/li>\n<\/ul>","protected":false},"excerpt":{"rendered":"<p>La almohada de mano de alto valor y la sensaci\u00f3n c\u00f3moda no solo mejoran la experiencia de las u\u00f1as de los clientes,&hellip;<\/p>","protected":false},"featured_media":16869,"comment_status":"open","ping_status":"closed","template":"","meta":[],"product_cat":[304,82,101,87],"product_tag":[],"yoast_head":"<!-- This site is optimized with the Yoast SEO plugin v19.9 - https:\/\/yoast.com\/wordpress\/plugins\/seo\/ -->\n<title>Coj\u00edn de Manicura\/ Reposabrazos \/soporte de manicura - Hanna Cosm\u00e9tica<\/title>\n<meta name=\"robots\" content=\"index, follow, max-snippet:-1, max-image-preview:large, max-video-preview:-1\" \/>\n<link rel=\"canonical\" href=\"https:\/\/hannacosmetica.com\/fr\/tienda\/manicura\/complementos\/cojin-de-manicura-reposabrazos-soporte-de-manicura\/\" \/>\n<meta property=\"og:locale\" content=\"fr_FR\" \/>\n<meta property=\"og:type\" content=\"article\" \/>\n<meta property=\"og:title\" content=\"Coj\u00edn de Manicura\/ Reposabrazos \/soporte de manicura - Hanna Cosm\u00e9tica\" \/>\n<meta property=\"og:description\" content=\"La almohada de mano de alto valor y la sensaci\u00f3n c\u00f3moda no solo mejoran la experiencia de las u\u00f1as de los clientes,&hellip;\" \/>\n<meta property=\"og:url\" content=\"https:\/\/hannacosmetica.com\/fr\/tienda\/manicura\/complementos\/cojin-de-manicura-reposabrazos-soporte-de-manicura\/\" \/>\n<meta property=\"og:site_name\" content=\"Hanna Cosm\u00e9tica\" \/>\n<meta property=\"article:modified_time\" content=\"2024-02-02T16:25:12+00:00\" \/>\n<meta property=\"og:image\" content=\"https:\/\/hannacosmetica.com\/wp-content\/uploads\/2024\/02\/180mm-480-x-460-px-382-x-336-px-2024-02-02T132427.533.png\" \/>\n\t<meta property=\"og:image:width\" content=\"382\" \/>\n\t<meta property=\"og:image:height\" content=\"336\" \/>\n\t<meta property=\"og:image:type\" content=\"image\/png\" \/>\n<meta name=\"twitter:card\" content=\"summary_large_image\" \/>\n<script type=\"application\/ld+json\" class=\"yoast-schema-graph\">{\"@context\":\"https:\/\/schema.org\",\"@graph\":[{\"@type\":\"WebPage\",\"@id\":\"https:\/\/hannacosmetica.com\/tienda\/manicura\/complementos\/cojin-de-manicura-reposabrazos-soporte-de-manicura\/\",\"url\":\"https:\/\/hannacosmetica.com\/tienda\/manicura\/complementos\/cojin-de-manicura-reposabrazos-soporte-de-manicura\/\",\"name\":\"Coj\u00edn de Manicura\/ Reposabrazos \/soporte de manicura - Hanna Cosm\u00e9tica\",\"isPartOf\":{\"@id\":\"https:\/\/hannacosmetica.com\/#website\"},\"datePublished\":\"2024-02-02T16:25:11+00:00\",\"dateModified\":\"2024-02-02T16:25:12+00:00\",\"breadcrumb\":{\"@id\":\"https:\/\/hannacosmetica.com\/tienda\/manicura\/complementos\/cojin-de-manicura-reposabrazos-soporte-de-manicura\/#breadcrumb\"},\"inLanguage\":\"fr-FR\",\"potentialAction\":[{\"@type\":\"ReadAction\",\"target\":[\"https:\/\/hannacosmetica.com\/tienda\/manicura\/complementos\/cojin-de-manicura-reposabrazos-soporte-de-manicura\/\"]}]},{\"@type\":\"BreadcrumbList\",\"@id\":\"https:\/\/hannacosmetica.com\/tienda\/manicura\/complementos\/cojin-de-manicura-reposabrazos-soporte-de-manicura\/#breadcrumb\",\"itemListElement\":[{\"@type\":\"ListItem\",\"position\":1,\"name\":\"Portada\",\"item\":\"https:\/\/hannacosmetica.com\/\"},{\"@type\":\"ListItem\",\"position\":2,\"name\":\"Tienda\",\"item\":\"https:\/\/hannacosmetica.com\/shop\/\"},{\"@type\":\"ListItem\",\"position\":3,\"name\":\"Coj\u00edn de Manicura\/ Reposabrazos \/soporte de manicura\"}]},{\"@type\":\"WebSite\",\"@id\":\"https:\/\/hannacosmetica.com\/#website\",\"url\":\"https:\/\/hannacosmetica.com\/\",\"name\":\"Hanna Cosm\u00e9tica\",\"description\":\"Tienda de productos u\u00f1as, bellezas y peluquer\u00edas\",\"publisher\":{\"@id\":\"https:\/\/hannacosmetica.com\/#organization\"},\"potentialAction\":[{\"@type\":\"SearchAction\",\"target\":{\"@type\":\"EntryPoint\",\"urlTemplate\":\"https:\/\/hannacosmetica.com\/?s={search_term_string}\"},\"query-input\":\"required name=search_term_string\"}],\"inLanguage\":\"fr-FR\"},{\"@type\":\"Organization\",\"@id\":\"https:\/\/hannacosmetica.com\/#organization\",\"name\":\"Hanna Cosm\u00e9tica\",\"url\":\"https:\/\/hannacosmetica.com\/\",\"logo\":{\"@type\":\"ImageObject\",\"inLanguage\":\"fr-FR\",\"@id\":\"https:\/\/hannacosmetica.com\/#\/schema\/logo\/image\/\",\"url\":\"https:\/\/hannacosmetica.com\/wp-content\/uploads\/2022\/07\/Logo-Joyeria-Femenino-Floral-Negro.png\",\"contentUrl\":\"https:\/\/hannacosmetica.com\/wp-content\/uploads\/2022\/07\/Logo-Joyeria-Femenino-Floral-Negro.png\",\"width\":361,\"height\":126,\"caption\":\"Hanna Cosm\u00e9tica\"},\"image\":{\"@id\":\"https:\/\/hannacosmetica.com\/#\/schema\/logo\/image\/\"}}]}<\/script>\n<!-- \/ Yoast SEO plugin. -->","yoast_head_json":{"title":"Coj\u00edn de Manicura\/ Reposabrazos \/soporte de manicura - Hanna Cosm\u00e9tica","robots":{"index":"index","follow":"follow","max-snippet":"max-snippet:-1","max-image-preview":"max-image-preview:large","max-video-preview":"max-video-preview:-1"},"canonical":"https:\/\/hannacosmetica.com\/fr\/tienda\/manicura\/complementos\/cojin-de-manicura-reposabrazos-soporte-de-manicura\/","og_locale":"fr_FR","og_type":"article","og_title":"Coj\u00edn de Manicura\/ Reposabrazos \/soporte de manicura - Hanna Cosm\u00e9tica","og_description":"La almohada de mano de alto valor y la sensaci\u00f3n c\u00f3moda no solo mejoran la experiencia de las u\u00f1as de los clientes,&hellip;","og_url":"https:\/\/hannacosmetica.com\/fr\/tienda\/manicura\/complementos\/cojin-de-manicura-reposabrazos-soporte-de-manicura\/","og_site_name":"Hanna Cosm\u00e9tica","article_modified_time":"2024-02-02T16:25:12+00:00","og_image":[{"width":382,"height":336,"url":"https:\/\/hannacosmetica.com\/wp-content\/uploads\/2024\/02\/180mm-480-x-460-px-382-x-336-px-2024-02-02T132427.533.png","type":"image\/png"}],"twitter_card":"summary_large_image","schema":{"@context":"https:\/\/schema.org","@graph":[{"@type":"WebPage","@id":"https:\/\/hannacosmetica.com\/tienda\/manicura\/complementos\/cojin-de-manicura-reposabrazos-soporte-de-manicura\/","url":"https:\/\/hannacosmetica.com\/tienda\/manicura\/complementos\/cojin-de-manicura-reposabrazos-soporte-de-manicura\/","name":"Coj\u00edn de Manicura\/ Reposabrazos \/soporte de manicura - Hanna Cosm\u00e9tica","isPartOf":{"@id":"https:\/\/hannacosmetica.com\/#website"},"datePublished":"2024-02-02T16:25:11+00:00","dateModified":"2024-02-02T16:25:12+00:00","breadcrumb":{"@id":"https:\/\/hannacosmetica.com\/tienda\/manicura\/complementos\/cojin-de-manicura-reposabrazos-soporte-de-manicura\/#breadcrumb"},"inLanguage":"fr-FR","potentialAction":[{"@type":"ReadAction","target":["https:\/\/hannacosmetica.com\/tienda\/manicura\/complementos\/cojin-de-manicura-reposabrazos-soporte-de-manicura\/"]}]},{"@type":"BreadcrumbList","@id":"https:\/\/hannacosmetica.com\/tienda\/manicura\/complementos\/cojin-de-manicura-reposabrazos-soporte-de-manicura\/#breadcrumb","itemListElement":[{"@type":"ListItem","position":1,"name":"Portada","item":"https:\/\/hannacosmetica.com\/"},{"@type":"ListItem","position":2,"name":"Tienda","item":"https:\/\/hannacosmetica.com\/shop\/"},{"@type":"ListItem","position":3,"name":"Coj\u00edn de Manicura\/ Reposabrazos \/soporte de manicura"}]},{"@type":"WebSite","@id":"https:\/\/hannacosmetica.com\/#website","url":"https:\/\/hannacosmetica.com\/","name":"Hanna Cosm\u00e9tica","description":"Tienda de productos u\u00f1as, bellezas y peluquer\u00edas","publisher":{"@id":"https:\/\/hannacosmetica.com\/#organization"},"potentialAction":[{"@type":"SearchAction","target":{"@type":"EntryPoint","urlTemplate":"https:\/\/hannacosmetica.com\/?s={search_term_string}"},"query-input":"required name=search_term_string"}],"inLanguage":"fr-FR"},{"@type":"Organization","@id":"https:\/\/hannacosmetica.com\/#organization","name":"Hanna Cosm\u00e9tica","url":"https:\/\/hannacosmetica.com\/","logo":{"@type":"ImageObject","inLanguage":"fr-FR","@id":"https:\/\/hannacosmetica.com\/#\/schema\/logo\/image\/","url":"https:\/\/hannacosmetica.com\/wp-content\/uploads\/2022\/07\/Logo-Joyeria-Femenino-Floral-Negro.png","contentUrl":"https:\/\/hannacosmetica.com\/wp-content\/uploads\/2022\/07\/Logo-Joyeria-Femenino-Floral-Negro.png","width":361,"height":126,"caption":"Hanna Cosm\u00e9tica"},"image":{"@id":"https:\/\/hannacosmetica.com\/#\/schema\/logo\/image\/"}}]}},"_links":{"self":[{"href":"https:\/\/hannacosmetica.com\/fr\/wp-json\/wp\/v2\/product\/16858"}],"collection":[{"href":"https:\/\/hannacosmetica.com\/fr\/wp-json\/wp\/v2\/product"}],"about":[{"href":"https:\/\/hannacosmetica.com\/fr\/wp-json\/wp\/v2\/types\/product"}],"replies":[{"embeddable":true,"href":"https:\/\/hannacosmetica.com\/fr\/wp-json\/wp\/v2\/comments?post=16858"}],"version-history":[{"count":1,"href":"https:\/\/hannacosmetica.com\/fr\/wp-json\/wp\/v2\/product\/16858\/revisions"}],"predecessor-version":[{"id":16877,"href":"https:\/\/hannacosmetica.com\/fr\/wp-json\/wp\/v2\/product\/16858\/revisions\/16877"}],"wp:featuredmedia":[{"embeddable":true,"href":"https:\/\/hannacosmetica.com\/fr\/wp-json\/wp\/v2\/media\/16869"}],"wp:attachment":[{"href":"https:\/\/hannacosmetica.com\/fr\/wp-json\/wp\/v2\/media?parent=16858"}],"wp:term":[{"taxonomy":"product_cat","embeddable":true,"href":"https:\/\/hannacosmetica.com\/fr\/wp-json\/wp\/v2\/product_cat?post=16858"},{"taxonomy":"product_tag","embeddable":true,"href":"https:\/\/hannacosmetica.com\/fr\/wp-json\/wp\/v2\/product_tag?post=16858"}],"curies":[{"name":"wp","href":"https:\/\/api.w.org\/{rel}","templated":true}]}}