{"id":16721,"date":"2024-01-24T15:58:52","date_gmt":"2024-01-24T15:58:52","guid":{"rendered":"https:\/\/hannacosmetica.com\/?post_type=product&#038;p=16721"},"modified":"2024-01-24T15:58:53","modified_gmt":"2024-01-24T15:58:53","slug":"mini-ventilador-de-pestanas-ventilador-recargable-ventilador-portatil-secador-de-pestanas-de-mano","status":"publish","type":"product","link":"https:\/\/hannacosmetica.com\/fr\/tienda\/pestanas\/complementos-pestanas\/mini-ventilador-de-pestanas-ventilador-recargable-ventilador-portatil-secador-de-pestanas-de-mano\/","title":{"rendered":"Mini Ventilador de Pesta\u00f1as\/ Ventilador Recargable \/ Ventilador port\u00e1til\/ Secador de Pesta\u00f1as de Mano"},"content":{"rendered":"<ul class=\"a-unordered-list a-vertical a-spacing-mini\">\n<li class=\"a-spacing-mini\"><span class=\"a-list-item\">Material de alta calidad: Nuestro ventilador de pesta\u00f1as de mano est\u00e1 hecho de material ABS de alta calidad, que es seguro de usar y duradero. Le servir\u00e1 durante mucho tiempo.<\/span><\/li>\n<li class=\"a-spacing-mini\"><span class=\"a-list-item\">Peque\u00f1o y de mano: Ligero y port\u00e1til. Se puede guardar en tu bolsillo, bolso o mochila perfectamente. Es un regalo ideal para familiares, amigos, compa\u00f1eros de clase, amigos masculinos y femeninos.<\/span><\/li>\n<li class=\"a-spacing-mini\"><span class=\"a-list-item\">Velocidades: Gran volumen de aire, velocidad del viento uniforme. La velocidad del viento se puede seleccionar con un bot\u00f3n, deja que el esmalte de u\u00f1as y las pesta\u00f1as se sequen r\u00e1pidamente.<\/span><\/li>\n<li class=\"a-spacing-mini\"><span class=\"a-list-item\">Soporte de soporte en T: Operaci\u00f3n con manos libres mientras se seca el pegamento para pesta\u00f1as injertado; USB recargable, se puede cargar desde el banco de energ\u00eda o el cargador de pared con puerto USB, m\u00e1s conveniente de usar.<\/span><\/li>\n<li class=\"a-spacing-mini\"><span class=\"a-list-item\">Dise\u00f1o de cord\u00f3n: Puede usar el cord\u00f3n adjunto para colgar el ventilador alrededor de su cuello, de modo que pueda llevarlo consigo y salir f\u00e1cilmente.<\/span><\/li>\n<\/ul>","protected":false},"excerpt":{"rendered":"<p>Material de alta calidad: Nuestro ventilador de pesta\u00f1as de mano est\u00e1 hecho de material ABS de alta calidad, que es seguro de&hellip;<\/p>","protected":false},"featured_media":16716,"comment_status":"open","ping_status":"closed","template":"","meta":[],"product_cat":[304,85,117,87],"product_tag":[],"yoast_head":"<!-- This site is optimized with the Yoast SEO plugin v19.9 - https:\/\/yoast.com\/wordpress\/plugins\/seo\/ -->\n<title>Mini Ventilador de Pesta\u00f1as\/ Ventilador Recargable \/ Ventilador port\u00e1til\/ Secador de Pesta\u00f1as de Mano - Hanna Cosm\u00e9tica<\/title>\n<meta name=\"robots\" content=\"index, follow, max-snippet:-1, max-image-preview:large, max-video-preview:-1\" \/>\n<link rel=\"canonical\" href=\"https:\/\/hannacosmetica.com\/fr\/tienda\/pestanas\/complementos-pestanas\/mini-ventilador-de-pestanas-ventilador-recargable-ventilador-portatil-secador-de-pestanas-de-mano\/\" \/>\n<meta property=\"og:locale\" content=\"fr_FR\" \/>\n<meta property=\"og:type\" content=\"article\" \/>\n<meta property=\"og:title\" content=\"Mini Ventilador de Pesta\u00f1as\/ Ventilador Recargable \/ Ventilador port\u00e1til\/ Secador de Pesta\u00f1as de Mano - Hanna Cosm\u00e9tica\" \/>\n<meta property=\"og:description\" content=\"Material de alta calidad: Nuestro ventilador de pesta\u00f1as de mano est\u00e1 hecho de material ABS de alta calidad, que es seguro de&hellip;\" \/>\n<meta property=\"og:url\" content=\"https:\/\/hannacosmetica.com\/fr\/tienda\/pestanas\/complementos-pestanas\/mini-ventilador-de-pestanas-ventilador-recargable-ventilador-portatil-secador-de-pestanas-de-mano\/\" \/>\n<meta property=\"og:site_name\" content=\"Hanna Cosm\u00e9tica\" \/>\n<meta property=\"article:modified_time\" content=\"2024-01-24T15:58:53+00:00\" \/>\n<meta property=\"og:image\" content=\"https:\/\/hannacosmetica.com\/wp-content\/uploads\/2024\/01\/180mm-480-x-460-px-382-x-336-px-2024-01-24T164317.676.png\" \/>\n\t<meta property=\"og:image:width\" content=\"382\" \/>\n\t<meta property=\"og:image:height\" content=\"336\" \/>\n\t<meta property=\"og:image:type\" content=\"image\/png\" \/>\n<meta name=\"twitter:card\" content=\"summary_large_image\" \/>\n<script type=\"application\/ld+json\" class=\"yoast-schema-graph\">{\"@context\":\"https:\/\/schema.org\",\"@graph\":[{\"@type\":\"WebPage\",\"@id\":\"https:\/\/hannacosmetica.com\/tienda\/pestanas\/complementos-pestanas\/mini-ventilador-de-pestanas-ventilador-recargable-ventilador-portatil-secador-de-pestanas-de-mano\/\",\"url\":\"https:\/\/hannacosmetica.com\/tienda\/pestanas\/complementos-pestanas\/mini-ventilador-de-pestanas-ventilador-recargable-ventilador-portatil-secador-de-pestanas-de-mano\/\",\"name\":\"Mini Ventilador de Pesta\u00f1as\/ Ventilador Recargable \/ Ventilador port\u00e1til\/ Secador de Pesta\u00f1as de Mano - Hanna Cosm\u00e9tica\",\"isPartOf\":{\"@id\":\"https:\/\/hannacosmetica.com\/#website\"},\"datePublished\":\"2024-01-24T15:58:52+00:00\",\"dateModified\":\"2024-01-24T15:58:53+00:00\",\"breadcrumb\":{\"@id\":\"https:\/\/hannacosmetica.com\/tienda\/pestanas\/complementos-pestanas\/mini-ventilador-de-pestanas-ventilador-recargable-ventilador-portatil-secador-de-pestanas-de-mano\/#breadcrumb\"},\"inLanguage\":\"fr-FR\",\"potentialAction\":[{\"@type\":\"ReadAction\",\"target\":[\"https:\/\/hannacosmetica.com\/tienda\/pestanas\/complementos-pestanas\/mini-ventilador-de-pestanas-ventilador-recargable-ventilador-portatil-secador-de-pestanas-de-mano\/\"]}]},{\"@type\":\"BreadcrumbList\",\"@id\":\"https:\/\/hannacosmetica.com\/tienda\/pestanas\/complementos-pestanas\/mini-ventilador-de-pestanas-ventilador-recargable-ventilador-portatil-secador-de-pestanas-de-mano\/#breadcrumb\",\"itemListElement\":[{\"@type\":\"ListItem\",\"position\":1,\"name\":\"Portada\",\"item\":\"https:\/\/hannacosmetica.com\/\"},{\"@type\":\"ListItem\",\"position\":2,\"name\":\"Tienda\",\"item\":\"https:\/\/hannacosmetica.com\/shop\/\"},{\"@type\":\"ListItem\",\"position\":3,\"name\":\"Mini Ventilador de Pesta\u00f1as\/ Ventilador Recargable \/ Ventilador port\u00e1til\/ Secador de Pesta\u00f1as de Mano\"}]},{\"@type\":\"WebSite\",\"@id\":\"https:\/\/hannacosmetica.com\/#website\",\"url\":\"https:\/\/hannacosmetica.com\/\",\"name\":\"Hanna Cosm\u00e9tica\",\"description\":\"Tienda de productos u\u00f1as, bellezas y peluquer\u00edas\",\"publisher\":{\"@id\":\"https:\/\/hannacosmetica.com\/#organization\"},\"potentialAction\":[{\"@type\":\"SearchAction\",\"target\":{\"@type\":\"EntryPoint\",\"urlTemplate\":\"https:\/\/hannacosmetica.com\/?s={search_term_string}\"},\"query-input\":\"required name=search_term_string\"}],\"inLanguage\":\"fr-FR\"},{\"@type\":\"Organization\",\"@id\":\"https:\/\/hannacosmetica.com\/#organization\",\"name\":\"Hanna Cosm\u00e9tica\",\"url\":\"https:\/\/hannacosmetica.com\/\",\"logo\":{\"@type\":\"ImageObject\",\"inLanguage\":\"fr-FR\",\"@id\":\"https:\/\/hannacosmetica.com\/#\/schema\/logo\/image\/\",\"url\":\"https:\/\/hannacosmetica.com\/wp-content\/uploads\/2022\/07\/Logo-Joyeria-Femenino-Floral-Negro.png\",\"contentUrl\":\"https:\/\/hannacosmetica.com\/wp-content\/uploads\/2022\/07\/Logo-Joyeria-Femenino-Floral-Negro.png\",\"width\":361,\"height\":126,\"caption\":\"Hanna Cosm\u00e9tica\"},\"image\":{\"@id\":\"https:\/\/hannacosmetica.com\/#\/schema\/logo\/image\/\"}}]}<\/script>\n<!-- \/ Yoast SEO plugin. -->","yoast_head_json":{"title":"Mini Ventilador de Pesta\u00f1as\/ Ventilador Recargable \/ Ventilador port\u00e1til\/ Secador de Pesta\u00f1as de Mano - Hanna Cosm\u00e9tica","robots":{"index":"index","follow":"follow","max-snippet":"max-snippet:-1","max-image-preview":"max-image-preview:large","max-video-preview":"max-video-preview:-1"},"canonical":"https:\/\/hannacosmetica.com\/fr\/tienda\/pestanas\/complementos-pestanas\/mini-ventilador-de-pestanas-ventilador-recargable-ventilador-portatil-secador-de-pestanas-de-mano\/","og_locale":"fr_FR","og_type":"article","og_title":"Mini Ventilador de Pesta\u00f1as\/ Ventilador Recargable \/ Ventilador port\u00e1til\/ Secador de Pesta\u00f1as de Mano - Hanna Cosm\u00e9tica","og_description":"Material de alta calidad: Nuestro ventilador de pesta\u00f1as de mano est\u00e1 hecho de material ABS de alta calidad, que es seguro de&hellip;","og_url":"https:\/\/hannacosmetica.com\/fr\/tienda\/pestanas\/complementos-pestanas\/mini-ventilador-de-pestanas-ventilador-recargable-ventilador-portatil-secador-de-pestanas-de-mano\/","og_site_name":"Hanna Cosm\u00e9tica","article_modified_time":"2024-01-24T15:58:53+00:00","og_image":[{"width":382,"height":336,"url":"https:\/\/hannacosmetica.com\/wp-content\/uploads\/2024\/01\/180mm-480-x-460-px-382-x-336-px-2024-01-24T164317.676.png","type":"image\/png"}],"twitter_card":"summary_large_image","schema":{"@context":"https:\/\/schema.org","@graph":[{"@type":"WebPage","@id":"https:\/\/hannacosmetica.com\/tienda\/pestanas\/complementos-pestanas\/mini-ventilador-de-pestanas-ventilador-recargable-ventilador-portatil-secador-de-pestanas-de-mano\/","url":"https:\/\/hannacosmetica.com\/tienda\/pestanas\/complementos-pestanas\/mini-ventilador-de-pestanas-ventilador-recargable-ventilador-portatil-secador-de-pestanas-de-mano\/","name":"Mini Ventilador de Pesta\u00f1as\/ Ventilador Recargable \/ Ventilador port\u00e1til\/ Secador de Pesta\u00f1as de Mano - Hanna Cosm\u00e9tica","isPartOf":{"@id":"https:\/\/hannacosmetica.com\/#website"},"datePublished":"2024-01-24T15:58:52+00:00","dateModified":"2024-01-24T15:58:53+00:00","breadcrumb":{"@id":"https:\/\/hannacosmetica.com\/tienda\/pestanas\/complementos-pestanas\/mini-ventilador-de-pestanas-ventilador-recargable-ventilador-portatil-secador-de-pestanas-de-mano\/#breadcrumb"},"inLanguage":"fr-FR","potentialAction":[{"@type":"ReadAction","target":["https:\/\/hannacosmetica.com\/tienda\/pestanas\/complementos-pestanas\/mini-ventilador-de-pestanas-ventilador-recargable-ventilador-portatil-secador-de-pestanas-de-mano\/"]}]},{"@type":"BreadcrumbList","@id":"https:\/\/hannacosmetica.com\/tienda\/pestanas\/complementos-pestanas\/mini-ventilador-de-pestanas-ventilador-recargable-ventilador-portatil-secador-de-pestanas-de-mano\/#breadcrumb","itemListElement":[{"@type":"ListItem","position":1,"name":"Portada","item":"https:\/\/hannacosmetica.com\/"},{"@type":"ListItem","position":2,"name":"Tienda","item":"https:\/\/hannacosmetica.com\/shop\/"},{"@type":"ListItem","position":3,"name":"Mini Ventilador de Pesta\u00f1as\/ Ventilador Recargable \/ Ventilador port\u00e1til\/ Secador de Pesta\u00f1as de Mano"}]},{"@type":"WebSite","@id":"https:\/\/hannacosmetica.com\/#website","url":"https:\/\/hannacosmetica.com\/","name":"Hanna Cosm\u00e9tica","description":"Tienda de productos u\u00f1as, bellezas y peluquer\u00edas","publisher":{"@id":"https:\/\/hannacosmetica.com\/#organization"},"potentialAction":[{"@type":"SearchAction","target":{"@type":"EntryPoint","urlTemplate":"https:\/\/hannacosmetica.com\/?s={search_term_string}"},"query-input":"required name=search_term_string"}],"inLanguage":"fr-FR"},{"@type":"Organization","@id":"https:\/\/hannacosmetica.com\/#organization","name":"Hanna Cosm\u00e9tica","url":"https:\/\/hannacosmetica.com\/","logo":{"@type":"ImageObject","inLanguage":"fr-FR","@id":"https:\/\/hannacosmetica.com\/#\/schema\/logo\/image\/","url":"https:\/\/hannacosmetica.com\/wp-content\/uploads\/2022\/07\/Logo-Joyeria-Femenino-Floral-Negro.png","contentUrl":"https:\/\/hannacosmetica.com\/wp-content\/uploads\/2022\/07\/Logo-Joyeria-Femenino-Floral-Negro.png","width":361,"height":126,"caption":"Hanna Cosm\u00e9tica"},"image":{"@id":"https:\/\/hannacosmetica.com\/#\/schema\/logo\/image\/"}}]}},"_links":{"self":[{"href":"https:\/\/hannacosmetica.com\/fr\/wp-json\/wp\/v2\/product\/16721"}],"collection":[{"href":"https:\/\/hannacosmetica.com\/fr\/wp-json\/wp\/v2\/product"}],"about":[{"href":"https:\/\/hannacosmetica.com\/fr\/wp-json\/wp\/v2\/types\/product"}],"replies":[{"embeddable":true,"href":"https:\/\/hannacosmetica.com\/fr\/wp-json\/wp\/v2\/comments?post=16721"}],"version-history":[{"count":1,"href":"https:\/\/hannacosmetica.com\/fr\/wp-json\/wp\/v2\/product\/16721\/revisions"}],"predecessor-version":[{"id":16724,"href":"https:\/\/hannacosmetica.com\/fr\/wp-json\/wp\/v2\/product\/16721\/revisions\/16724"}],"wp:featuredmedia":[{"embeddable":true,"href":"https:\/\/hannacosmetica.com\/fr\/wp-json\/wp\/v2\/media\/16716"}],"wp:attachment":[{"href":"https:\/\/hannacosmetica.com\/fr\/wp-json\/wp\/v2\/media?parent=16721"}],"wp:term":[{"taxonomy":"product_cat","embeddable":true,"href":"https:\/\/hannacosmetica.com\/fr\/wp-json\/wp\/v2\/product_cat?post=16721"},{"taxonomy":"product_tag","embeddable":true,"href":"https:\/\/hannacosmetica.com\/fr\/wp-json\/wp\/v2\/product_tag?post=16721"}],"curies":[{"name":"wp","href":"https:\/\/api.w.org\/{rel}","templated":true}]}}