{"id":16643,"date":"2024-01-24T10:04:01","date_gmt":"2024-01-24T10:04:01","guid":{"rendered":"https:\/\/hannacosmetica.com\/?post_type=product&#038;p=16643"},"modified":"2025-08-03T16:08:51","modified_gmt":"2025-08-03T16:08:51","slug":"lima-profesional-para-pies-de-acero-inoxidable-3en-1-lima-pedicura-raspacallos-2","status":"publish","type":"product","link":"https:\/\/hannacosmetica.com\/fr\/tienda\/manicura\/limas-y-pulidoras\/lima-profesional-para-pies-de-acero-inoxidable-3en-1-lima-pedicura-raspacallos-2\/","title":{"rendered":"Lima profesional para pies de acero inoxidable 3en 1\/ Lima pedicura\/ Raspacallos"},"content":{"rendered":"<ul class=\"a-unordered-list a-vertical a-spacing-mini\">\n<li class=\"a-spacing-mini\"><span class=\"a-list-item\">HERRAMIENTA 3 EN 1 \u2013 Lima de 2 lados y mini lima integrada. El lado rugoso se utiliza para eliminar las durezas. El lado fino asegura pies suaves. Con la mini lima puede llegar incluso a los lugares m\u00e1s dif\u00edciles.<\/span><\/li>\n<li class=\"a-spacing-mini\"><span class=\"a-list-item\">SENCILLO Y SEGURO \u2013 La lima para pies hace que la eliminaci\u00f3n de callos sea un juego de ni\u00f1os. No hay riesgo de lesiones como ocurre con los eliminadores de callos convencionales.<\/span><\/li>\n<li class=\"a-spacing-mini\"><span class=\"a-list-item\">CALIDAD PROFESIONAL \u2013 La lima para durezas tambi\u00e9n se utiliza en estudios de pedicura profesionales gracias a su fabricaci\u00f3n de alta calidad. El mango ergon\u00f3mico se adapta de forma c\u00f3moda y segura a la mano.<\/span><\/li>\n<li class=\"a-spacing-mini\"><span class=\"a-list-item\">TECNOLOG\u00cdA DE CORTE L\u00c1SER \u2013 Las superficies de acero inoxidable con corte l\u00e1ser est\u00e1n optimizadas para la eliminaci\u00f3n de callos y callosidades. La lima se puede utilizar en pies secos o mojados.<\/span><\/li>\n<li class=\"a-spacing-mini\"><span class=\"a-list-item\">NO ES UN PRODUCTO DESECHABLE \u2013 El raspador\u00a0 es muy resistente y no requiere bater\u00edas ni repuestos. El dise\u00f1o optimizado evita los dep\u00f3sitos de suciedad. La lima se puede limpiar con agua y se puede utilizar hasta 2-3 a\u00f1os<\/span><\/li>\n<\/ul>","protected":false},"excerpt":{"rendered":"<p>HERRAMIENTA 3 EN 1 \u2013 Lima de 2 lados y mini lima integrada. El lado rugoso se utiliza para eliminar las durezas.&hellip;<\/p>","protected":false},"featured_media":16573,"comment_status":"open","ping_status":"closed","template":"","meta":[],"product_cat":[304,82,99,87],"product_tag":[],"yoast_head":"<!-- This site is optimized with the Yoast SEO plugin v19.9 - https:\/\/yoast.com\/wordpress\/plugins\/seo\/ -->\n<title>Lima profesional para pies de acero inoxidable 3en 1\/ Lima pedicura\/ Raspacallos - Hanna Cosm\u00e9tica<\/title>\n<meta name=\"robots\" content=\"index, follow, max-snippet:-1, max-image-preview:large, max-video-preview:-1\" \/>\n<link rel=\"canonical\" href=\"https:\/\/hannacosmetica.com\/fr\/tienda\/manicura\/limas-y-pulidoras\/lima-profesional-para-pies-de-acero-inoxidable-3en-1-lima-pedicura-raspacallos-2\/\" \/>\n<meta property=\"og:locale\" content=\"fr_FR\" \/>\n<meta property=\"og:type\" content=\"article\" \/>\n<meta property=\"og:title\" content=\"Lima profesional para pies de acero inoxidable 3en 1\/ Lima pedicura\/ Raspacallos - Hanna Cosm\u00e9tica\" \/>\n<meta property=\"og:description\" content=\"HERRAMIENTA 3 EN 1 \u2013 Lima de 2 lados y mini lima integrada. El lado rugoso se utiliza para eliminar las durezas.&hellip;\" \/>\n<meta property=\"og:url\" content=\"https:\/\/hannacosmetica.com\/fr\/tienda\/manicura\/limas-y-pulidoras\/lima-profesional-para-pies-de-acero-inoxidable-3en-1-lima-pedicura-raspacallos-2\/\" \/>\n<meta property=\"og:site_name\" content=\"Hanna Cosm\u00e9tica\" \/>\n<meta property=\"article:modified_time\" content=\"2025-08-03T16:08:51+00:00\" \/>\n<meta property=\"og:image\" content=\"https:\/\/hannacosmetica.com\/wp-content\/uploads\/2024\/01\/180mm-480-x-460-px-382-x-336-px-50.png\" \/>\n\t<meta property=\"og:image:width\" content=\"382\" \/>\n\t<meta property=\"og:image:height\" content=\"336\" \/>\n\t<meta property=\"og:image:type\" content=\"image\/png\" \/>\n<meta name=\"twitter:card\" content=\"summary_large_image\" \/>\n<script type=\"application\/ld+json\" class=\"yoast-schema-graph\">{\"@context\":\"https:\/\/schema.org\",\"@graph\":[{\"@type\":\"WebPage\",\"@id\":\"https:\/\/hannacosmetica.com\/tienda\/manicura\/limas-y-pulidoras\/lima-profesional-para-pies-de-acero-inoxidable-3en-1-lima-pedicura-raspacallos-2\/\",\"url\":\"https:\/\/hannacosmetica.com\/tienda\/manicura\/limas-y-pulidoras\/lima-profesional-para-pies-de-acero-inoxidable-3en-1-lima-pedicura-raspacallos-2\/\",\"name\":\"Lima profesional para pies de acero inoxidable 3en 1\/ Lima pedicura\/ Raspacallos - Hanna Cosm\u00e9tica\",\"isPartOf\":{\"@id\":\"https:\/\/hannacosmetica.com\/#website\"},\"datePublished\":\"2024-01-24T10:04:01+00:00\",\"dateModified\":\"2025-08-03T16:08:51+00:00\",\"breadcrumb\":{\"@id\":\"https:\/\/hannacosmetica.com\/tienda\/manicura\/limas-y-pulidoras\/lima-profesional-para-pies-de-acero-inoxidable-3en-1-lima-pedicura-raspacallos-2\/#breadcrumb\"},\"inLanguage\":\"fr-FR\",\"potentialAction\":[{\"@type\":\"ReadAction\",\"target\":[\"https:\/\/hannacosmetica.com\/tienda\/manicura\/limas-y-pulidoras\/lima-profesional-para-pies-de-acero-inoxidable-3en-1-lima-pedicura-raspacallos-2\/\"]}]},{\"@type\":\"BreadcrumbList\",\"@id\":\"https:\/\/hannacosmetica.com\/tienda\/manicura\/limas-y-pulidoras\/lima-profesional-para-pies-de-acero-inoxidable-3en-1-lima-pedicura-raspacallos-2\/#breadcrumb\",\"itemListElement\":[{\"@type\":\"ListItem\",\"position\":1,\"name\":\"Portada\",\"item\":\"https:\/\/hannacosmetica.com\/\"},{\"@type\":\"ListItem\",\"position\":2,\"name\":\"Tienda\",\"item\":\"https:\/\/hannacosmetica.com\/shop\/\"},{\"@type\":\"ListItem\",\"position\":3,\"name\":\"Lima profesional para pies de acero inoxidable 3en 1\/ Lima pedicura\/ Raspacallos\"}]},{\"@type\":\"WebSite\",\"@id\":\"https:\/\/hannacosmetica.com\/#website\",\"url\":\"https:\/\/hannacosmetica.com\/\",\"name\":\"Hanna Cosm\u00e9tica\",\"description\":\"Tienda de productos u\u00f1as, bellezas y peluquer\u00edas\",\"publisher\":{\"@id\":\"https:\/\/hannacosmetica.com\/#organization\"},\"potentialAction\":[{\"@type\":\"SearchAction\",\"target\":{\"@type\":\"EntryPoint\",\"urlTemplate\":\"https:\/\/hannacosmetica.com\/?s={search_term_string}\"},\"query-input\":\"required name=search_term_string\"}],\"inLanguage\":\"fr-FR\"},{\"@type\":\"Organization\",\"@id\":\"https:\/\/hannacosmetica.com\/#organization\",\"name\":\"Hanna Cosm\u00e9tica\",\"url\":\"https:\/\/hannacosmetica.com\/\",\"logo\":{\"@type\":\"ImageObject\",\"inLanguage\":\"fr-FR\",\"@id\":\"https:\/\/hannacosmetica.com\/#\/schema\/logo\/image\/\",\"url\":\"https:\/\/hannacosmetica.com\/wp-content\/uploads\/2022\/07\/Logo-Joyeria-Femenino-Floral-Negro.png\",\"contentUrl\":\"https:\/\/hannacosmetica.com\/wp-content\/uploads\/2022\/07\/Logo-Joyeria-Femenino-Floral-Negro.png\",\"width\":361,\"height\":126,\"caption\":\"Hanna Cosm\u00e9tica\"},\"image\":{\"@id\":\"https:\/\/hannacosmetica.com\/#\/schema\/logo\/image\/\"}}]}<\/script>\n<!-- \/ Yoast SEO plugin. -->","yoast_head_json":{"title":"Lima profesional para pies de acero inoxidable 3en 1\/ Lima pedicura\/ Raspacallos - Hanna Cosm\u00e9tica","robots":{"index":"index","follow":"follow","max-snippet":"max-snippet:-1","max-image-preview":"max-image-preview:large","max-video-preview":"max-video-preview:-1"},"canonical":"https:\/\/hannacosmetica.com\/fr\/tienda\/manicura\/limas-y-pulidoras\/lima-profesional-para-pies-de-acero-inoxidable-3en-1-lima-pedicura-raspacallos-2\/","og_locale":"fr_FR","og_type":"article","og_title":"Lima profesional para pies de acero inoxidable 3en 1\/ Lima pedicura\/ Raspacallos - Hanna Cosm\u00e9tica","og_description":"HERRAMIENTA 3 EN 1 \u2013 Lima de 2 lados y mini lima integrada. El lado rugoso se utiliza para eliminar las durezas.&hellip;","og_url":"https:\/\/hannacosmetica.com\/fr\/tienda\/manicura\/limas-y-pulidoras\/lima-profesional-para-pies-de-acero-inoxidable-3en-1-lima-pedicura-raspacallos-2\/","og_site_name":"Hanna Cosm\u00e9tica","article_modified_time":"2025-08-03T16:08:51+00:00","og_image":[{"width":382,"height":336,"url":"https:\/\/hannacosmetica.com\/wp-content\/uploads\/2024\/01\/180mm-480-x-460-px-382-x-336-px-50.png","type":"image\/png"}],"twitter_card":"summary_large_image","schema":{"@context":"https:\/\/schema.org","@graph":[{"@type":"WebPage","@id":"https:\/\/hannacosmetica.com\/tienda\/manicura\/limas-y-pulidoras\/lima-profesional-para-pies-de-acero-inoxidable-3en-1-lima-pedicura-raspacallos-2\/","url":"https:\/\/hannacosmetica.com\/tienda\/manicura\/limas-y-pulidoras\/lima-profesional-para-pies-de-acero-inoxidable-3en-1-lima-pedicura-raspacallos-2\/","name":"Lima profesional para pies de acero inoxidable 3en 1\/ Lima pedicura\/ Raspacallos - Hanna Cosm\u00e9tica","isPartOf":{"@id":"https:\/\/hannacosmetica.com\/#website"},"datePublished":"2024-01-24T10:04:01+00:00","dateModified":"2025-08-03T16:08:51+00:00","breadcrumb":{"@id":"https:\/\/hannacosmetica.com\/tienda\/manicura\/limas-y-pulidoras\/lima-profesional-para-pies-de-acero-inoxidable-3en-1-lima-pedicura-raspacallos-2\/#breadcrumb"},"inLanguage":"fr-FR","potentialAction":[{"@type":"ReadAction","target":["https:\/\/hannacosmetica.com\/tienda\/manicura\/limas-y-pulidoras\/lima-profesional-para-pies-de-acero-inoxidable-3en-1-lima-pedicura-raspacallos-2\/"]}]},{"@type":"BreadcrumbList","@id":"https:\/\/hannacosmetica.com\/tienda\/manicura\/limas-y-pulidoras\/lima-profesional-para-pies-de-acero-inoxidable-3en-1-lima-pedicura-raspacallos-2\/#breadcrumb","itemListElement":[{"@type":"ListItem","position":1,"name":"Portada","item":"https:\/\/hannacosmetica.com\/"},{"@type":"ListItem","position":2,"name":"Tienda","item":"https:\/\/hannacosmetica.com\/shop\/"},{"@type":"ListItem","position":3,"name":"Lima profesional para pies de acero inoxidable 3en 1\/ Lima pedicura\/ Raspacallos"}]},{"@type":"WebSite","@id":"https:\/\/hannacosmetica.com\/#website","url":"https:\/\/hannacosmetica.com\/","name":"Hanna Cosm\u00e9tica","description":"Tienda de productos u\u00f1as, bellezas y peluquer\u00edas","publisher":{"@id":"https:\/\/hannacosmetica.com\/#organization"},"potentialAction":[{"@type":"SearchAction","target":{"@type":"EntryPoint","urlTemplate":"https:\/\/hannacosmetica.com\/?s={search_term_string}"},"query-input":"required name=search_term_string"}],"inLanguage":"fr-FR"},{"@type":"Organization","@id":"https:\/\/hannacosmetica.com\/#organization","name":"Hanna Cosm\u00e9tica","url":"https:\/\/hannacosmetica.com\/","logo":{"@type":"ImageObject","inLanguage":"fr-FR","@id":"https:\/\/hannacosmetica.com\/#\/schema\/logo\/image\/","url":"https:\/\/hannacosmetica.com\/wp-content\/uploads\/2022\/07\/Logo-Joyeria-Femenino-Floral-Negro.png","contentUrl":"https:\/\/hannacosmetica.com\/wp-content\/uploads\/2022\/07\/Logo-Joyeria-Femenino-Floral-Negro.png","width":361,"height":126,"caption":"Hanna Cosm\u00e9tica"},"image":{"@id":"https:\/\/hannacosmetica.com\/#\/schema\/logo\/image\/"}}]}},"_links":{"self":[{"href":"https:\/\/hannacosmetica.com\/fr\/wp-json\/wp\/v2\/product\/16643"}],"collection":[{"href":"https:\/\/hannacosmetica.com\/fr\/wp-json\/wp\/v2\/product"}],"about":[{"href":"https:\/\/hannacosmetica.com\/fr\/wp-json\/wp\/v2\/types\/product"}],"replies":[{"embeddable":true,"href":"https:\/\/hannacosmetica.com\/fr\/wp-json\/wp\/v2\/comments?post=16643"}],"version-history":[{"count":1,"href":"https:\/\/hannacosmetica.com\/fr\/wp-json\/wp\/v2\/product\/16643\/revisions"}],"predecessor-version":[{"id":16644,"href":"https:\/\/hannacosmetica.com\/fr\/wp-json\/wp\/v2\/product\/16643\/revisions\/16644"}],"wp:featuredmedia":[{"embeddable":true,"href":"https:\/\/hannacosmetica.com\/fr\/wp-json\/wp\/v2\/media\/16573"}],"wp:attachment":[{"href":"https:\/\/hannacosmetica.com\/fr\/wp-json\/wp\/v2\/media?parent=16643"}],"wp:term":[{"taxonomy":"product_cat","embeddable":true,"href":"https:\/\/hannacosmetica.com\/fr\/wp-json\/wp\/v2\/product_cat?post=16643"},{"taxonomy":"product_tag","embeddable":true,"href":"https:\/\/hannacosmetica.com\/fr\/wp-json\/wp\/v2\/product_tag?post=16643"}],"curies":[{"name":"wp","href":"https:\/\/api.w.org\/{rel}","templated":true}]}}