{"id":16591,"date":"2024-01-23T16:00:25","date_gmt":"2024-01-23T16:00:25","guid":{"rendered":"https:\/\/hannacosmetica.com\/?post_type=product&#038;p=16591"},"modified":"2024-01-23T16:00:38","modified_gmt":"2024-01-23T16:00:38","slug":"lima-de-pie-para-pedicura-metal-con-hoja-de-eliminacion-raspacallos-2","status":"publish","type":"product","link":"https:\/\/hannacosmetica.com\/fr\/tienda\/manicura\/limas-y-pulidoras\/lima-de-pie-para-pedicura-metal-con-hoja-de-eliminacion-raspacallos-2\/","title":{"rendered":"Lima de pie para pedicura (metal, con hoja de eliminaci\u00f3n),\/ Raspacallos"},"content":{"rendered":"<ul class=\"a-unordered-list a-vertical a-spacing-mini\">\n<li class=\"a-spacing-mini\"><span class=\"a-list-item\">\u2605 Sal\u00f3n de calidad profesional.<\/span><\/li>\n<li class=\"a-spacing-mini\"><span class=\"a-list-item\">\u2605 Eliminador de callos\/callos.<\/span><\/li>\n<li class=\"a-spacing-mini\"><span class=\"a-list-item\">\u2605 Mango NEGRO con hoja de agujero grande.<\/span><\/li>\n<li class=\"a-spacing-mini\"><span class=\"a-list-item\">\u2605 Cuchilla extra\u00edble, reemplazable, lavable.<\/span><\/li>\n<li class=\"a-spacing-mini\"><span class=\"a-list-item\">\u2605 F\u00e1cil de limpiar y desinfectar.<\/span><\/li>\n<\/ul>","protected":false},"excerpt":{"rendered":"<p>\u2605 Sal\u00f3n de calidad profesional. \u2605 Eliminador de callos\/callos. \u2605 Mango NEGRO con hoja de agujero grande. \u2605 Cuchilla extra\u00edble, reemplazable, lavable.&hellip;<\/p>","protected":false},"featured_media":16592,"comment_status":"open","ping_status":"closed","template":"","meta":[],"product_cat":[304,82,99,87],"product_tag":[],"yoast_head":"<!-- This site is optimized with the Yoast SEO plugin v19.9 - https:\/\/yoast.com\/wordpress\/plugins\/seo\/ -->\n<title>Lima de pie para pedicura (metal, con hoja de eliminaci\u00f3n),\/ Raspacallos - Hanna Cosm\u00e9tica<\/title>\n<meta name=\"robots\" content=\"index, follow, max-snippet:-1, max-image-preview:large, max-video-preview:-1\" \/>\n<link rel=\"canonical\" href=\"https:\/\/hannacosmetica.com\/fr\/tienda\/manicura\/limas-y-pulidoras\/lima-de-pie-para-pedicura-metal-con-hoja-de-eliminacion-raspacallos-2\/\" \/>\n<meta property=\"og:locale\" content=\"fr_FR\" \/>\n<meta property=\"og:type\" content=\"article\" \/>\n<meta property=\"og:title\" content=\"Lima de pie para pedicura (metal, con hoja de eliminaci\u00f3n),\/ Raspacallos - Hanna Cosm\u00e9tica\" \/>\n<meta property=\"og:description\" content=\"\u2605 Sal\u00f3n de calidad profesional. \u2605 Eliminador de callos\/callos. \u2605 Mango NEGRO con hoja de agujero grande. \u2605 Cuchilla extra\u00edble, reemplazable, lavable.&hellip;\" \/>\n<meta property=\"og:url\" content=\"https:\/\/hannacosmetica.com\/fr\/tienda\/manicura\/limas-y-pulidoras\/lima-de-pie-para-pedicura-metal-con-hoja-de-eliminacion-raspacallos-2\/\" \/>\n<meta property=\"og:site_name\" content=\"Hanna Cosm\u00e9tica\" \/>\n<meta property=\"article:modified_time\" content=\"2024-01-23T16:00:38+00:00\" \/>\n<meta property=\"og:image\" content=\"https:\/\/hannacosmetica.com\/wp-content\/uploads\/2024\/01\/180mm-480-x-460-px-382-x-336-px-59.png\" \/>\n\t<meta property=\"og:image:width\" content=\"382\" \/>\n\t<meta property=\"og:image:height\" content=\"336\" \/>\n\t<meta property=\"og:image:type\" content=\"image\/png\" \/>\n<meta name=\"twitter:card\" content=\"summary_large_image\" \/>\n<script type=\"application\/ld+json\" class=\"yoast-schema-graph\">{\"@context\":\"https:\/\/schema.org\",\"@graph\":[{\"@type\":\"WebPage\",\"@id\":\"https:\/\/hannacosmetica.com\/tienda\/manicura\/limas-y-pulidoras\/lima-de-pie-para-pedicura-metal-con-hoja-de-eliminacion-raspacallos-2\/\",\"url\":\"https:\/\/hannacosmetica.com\/tienda\/manicura\/limas-y-pulidoras\/lima-de-pie-para-pedicura-metal-con-hoja-de-eliminacion-raspacallos-2\/\",\"name\":\"Lima de pie para pedicura (metal, con hoja de eliminaci\u00f3n),\/ Raspacallos - Hanna Cosm\u00e9tica\",\"isPartOf\":{\"@id\":\"https:\/\/hannacosmetica.com\/#website\"},\"datePublished\":\"2024-01-23T16:00:25+00:00\",\"dateModified\":\"2024-01-23T16:00:38+00:00\",\"breadcrumb\":{\"@id\":\"https:\/\/hannacosmetica.com\/tienda\/manicura\/limas-y-pulidoras\/lima-de-pie-para-pedicura-metal-con-hoja-de-eliminacion-raspacallos-2\/#breadcrumb\"},\"inLanguage\":\"fr-FR\",\"potentialAction\":[{\"@type\":\"ReadAction\",\"target\":[\"https:\/\/hannacosmetica.com\/tienda\/manicura\/limas-y-pulidoras\/lima-de-pie-para-pedicura-metal-con-hoja-de-eliminacion-raspacallos-2\/\"]}]},{\"@type\":\"BreadcrumbList\",\"@id\":\"https:\/\/hannacosmetica.com\/tienda\/manicura\/limas-y-pulidoras\/lima-de-pie-para-pedicura-metal-con-hoja-de-eliminacion-raspacallos-2\/#breadcrumb\",\"itemListElement\":[{\"@type\":\"ListItem\",\"position\":1,\"name\":\"Portada\",\"item\":\"https:\/\/hannacosmetica.com\/\"},{\"@type\":\"ListItem\",\"position\":2,\"name\":\"Tienda\",\"item\":\"https:\/\/hannacosmetica.com\/shop\/\"},{\"@type\":\"ListItem\",\"position\":3,\"name\":\"Lima de pie para pedicura (metal, con hoja de eliminaci\u00f3n),\/ Raspacallos\"}]},{\"@type\":\"WebSite\",\"@id\":\"https:\/\/hannacosmetica.com\/#website\",\"url\":\"https:\/\/hannacosmetica.com\/\",\"name\":\"Hanna Cosm\u00e9tica\",\"description\":\"Tienda de productos u\u00f1as, bellezas y peluquer\u00edas\",\"publisher\":{\"@id\":\"https:\/\/hannacosmetica.com\/#organization\"},\"potentialAction\":[{\"@type\":\"SearchAction\",\"target\":{\"@type\":\"EntryPoint\",\"urlTemplate\":\"https:\/\/hannacosmetica.com\/?s={search_term_string}\"},\"query-input\":\"required name=search_term_string\"}],\"inLanguage\":\"fr-FR\"},{\"@type\":\"Organization\",\"@id\":\"https:\/\/hannacosmetica.com\/#organization\",\"name\":\"Hanna Cosm\u00e9tica\",\"url\":\"https:\/\/hannacosmetica.com\/\",\"logo\":{\"@type\":\"ImageObject\",\"inLanguage\":\"fr-FR\",\"@id\":\"https:\/\/hannacosmetica.com\/#\/schema\/logo\/image\/\",\"url\":\"https:\/\/hannacosmetica.com\/wp-content\/uploads\/2022\/07\/Logo-Joyeria-Femenino-Floral-Negro.png\",\"contentUrl\":\"https:\/\/hannacosmetica.com\/wp-content\/uploads\/2022\/07\/Logo-Joyeria-Femenino-Floral-Negro.png\",\"width\":361,\"height\":126,\"caption\":\"Hanna Cosm\u00e9tica\"},\"image\":{\"@id\":\"https:\/\/hannacosmetica.com\/#\/schema\/logo\/image\/\"}}]}<\/script>\n<!-- \/ Yoast SEO plugin. -->","yoast_head_json":{"title":"Lima de pie para pedicura (metal, con hoja de eliminaci\u00f3n),\/ Raspacallos - Hanna Cosm\u00e9tica","robots":{"index":"index","follow":"follow","max-snippet":"max-snippet:-1","max-image-preview":"max-image-preview:large","max-video-preview":"max-video-preview:-1"},"canonical":"https:\/\/hannacosmetica.com\/fr\/tienda\/manicura\/limas-y-pulidoras\/lima-de-pie-para-pedicura-metal-con-hoja-de-eliminacion-raspacallos-2\/","og_locale":"fr_FR","og_type":"article","og_title":"Lima de pie para pedicura (metal, con hoja de eliminaci\u00f3n),\/ Raspacallos - Hanna Cosm\u00e9tica","og_description":"\u2605 Sal\u00f3n de calidad profesional. \u2605 Eliminador de callos\/callos. \u2605 Mango NEGRO con hoja de agujero grande. \u2605 Cuchilla extra\u00edble, reemplazable, lavable.&hellip;","og_url":"https:\/\/hannacosmetica.com\/fr\/tienda\/manicura\/limas-y-pulidoras\/lima-de-pie-para-pedicura-metal-con-hoja-de-eliminacion-raspacallos-2\/","og_site_name":"Hanna Cosm\u00e9tica","article_modified_time":"2024-01-23T16:00:38+00:00","og_image":[{"width":382,"height":336,"url":"https:\/\/hannacosmetica.com\/wp-content\/uploads\/2024\/01\/180mm-480-x-460-px-382-x-336-px-59.png","type":"image\/png"}],"twitter_card":"summary_large_image","schema":{"@context":"https:\/\/schema.org","@graph":[{"@type":"WebPage","@id":"https:\/\/hannacosmetica.com\/tienda\/manicura\/limas-y-pulidoras\/lima-de-pie-para-pedicura-metal-con-hoja-de-eliminacion-raspacallos-2\/","url":"https:\/\/hannacosmetica.com\/tienda\/manicura\/limas-y-pulidoras\/lima-de-pie-para-pedicura-metal-con-hoja-de-eliminacion-raspacallos-2\/","name":"Lima de pie para pedicura (metal, con hoja de eliminaci\u00f3n),\/ Raspacallos - Hanna Cosm\u00e9tica","isPartOf":{"@id":"https:\/\/hannacosmetica.com\/#website"},"datePublished":"2024-01-23T16:00:25+00:00","dateModified":"2024-01-23T16:00:38+00:00","breadcrumb":{"@id":"https:\/\/hannacosmetica.com\/tienda\/manicura\/limas-y-pulidoras\/lima-de-pie-para-pedicura-metal-con-hoja-de-eliminacion-raspacallos-2\/#breadcrumb"},"inLanguage":"fr-FR","potentialAction":[{"@type":"ReadAction","target":["https:\/\/hannacosmetica.com\/tienda\/manicura\/limas-y-pulidoras\/lima-de-pie-para-pedicura-metal-con-hoja-de-eliminacion-raspacallos-2\/"]}]},{"@type":"BreadcrumbList","@id":"https:\/\/hannacosmetica.com\/tienda\/manicura\/limas-y-pulidoras\/lima-de-pie-para-pedicura-metal-con-hoja-de-eliminacion-raspacallos-2\/#breadcrumb","itemListElement":[{"@type":"ListItem","position":1,"name":"Portada","item":"https:\/\/hannacosmetica.com\/"},{"@type":"ListItem","position":2,"name":"Tienda","item":"https:\/\/hannacosmetica.com\/shop\/"},{"@type":"ListItem","position":3,"name":"Lima de pie para pedicura (metal, con hoja de eliminaci\u00f3n),\/ Raspacallos"}]},{"@type":"WebSite","@id":"https:\/\/hannacosmetica.com\/#website","url":"https:\/\/hannacosmetica.com\/","name":"Hanna Cosm\u00e9tica","description":"Tienda de productos u\u00f1as, bellezas y peluquer\u00edas","publisher":{"@id":"https:\/\/hannacosmetica.com\/#organization"},"potentialAction":[{"@type":"SearchAction","target":{"@type":"EntryPoint","urlTemplate":"https:\/\/hannacosmetica.com\/?s={search_term_string}"},"query-input":"required name=search_term_string"}],"inLanguage":"fr-FR"},{"@type":"Organization","@id":"https:\/\/hannacosmetica.com\/#organization","name":"Hanna Cosm\u00e9tica","url":"https:\/\/hannacosmetica.com\/","logo":{"@type":"ImageObject","inLanguage":"fr-FR","@id":"https:\/\/hannacosmetica.com\/#\/schema\/logo\/image\/","url":"https:\/\/hannacosmetica.com\/wp-content\/uploads\/2022\/07\/Logo-Joyeria-Femenino-Floral-Negro.png","contentUrl":"https:\/\/hannacosmetica.com\/wp-content\/uploads\/2022\/07\/Logo-Joyeria-Femenino-Floral-Negro.png","width":361,"height":126,"caption":"Hanna Cosm\u00e9tica"},"image":{"@id":"https:\/\/hannacosmetica.com\/#\/schema\/logo\/image\/"}}]}},"_links":{"self":[{"href":"https:\/\/hannacosmetica.com\/fr\/wp-json\/wp\/v2\/product\/16591"}],"collection":[{"href":"https:\/\/hannacosmetica.com\/fr\/wp-json\/wp\/v2\/product"}],"about":[{"href":"https:\/\/hannacosmetica.com\/fr\/wp-json\/wp\/v2\/types\/product"}],"replies":[{"embeddable":true,"href":"https:\/\/hannacosmetica.com\/fr\/wp-json\/wp\/v2\/comments?post=16591"}],"version-history":[{"count":2,"href":"https:\/\/hannacosmetica.com\/fr\/wp-json\/wp\/v2\/product\/16591\/revisions"}],"predecessor-version":[{"id":16595,"href":"https:\/\/hannacosmetica.com\/fr\/wp-json\/wp\/v2\/product\/16591\/revisions\/16595"}],"wp:featuredmedia":[{"embeddable":true,"href":"https:\/\/hannacosmetica.com\/fr\/wp-json\/wp\/v2\/media\/16592"}],"wp:attachment":[{"href":"https:\/\/hannacosmetica.com\/fr\/wp-json\/wp\/v2\/media?parent=16591"}],"wp:term":[{"taxonomy":"product_cat","embeddable":true,"href":"https:\/\/hannacosmetica.com\/fr\/wp-json\/wp\/v2\/product_cat?post=16591"},{"taxonomy":"product_tag","embeddable":true,"href":"https:\/\/hannacosmetica.com\/fr\/wp-json\/wp\/v2\/product_tag?post=16591"}],"curies":[{"name":"wp","href":"https:\/\/api.w.org\/{rel}","templated":true}]}}