{"id":16553,"date":"2024-01-23T14:19:43","date_gmt":"2024-01-23T14:19:43","guid":{"rendered":"https:\/\/hannacosmetica.com\/?post_type=product&#038;p=16553"},"modified":"2024-01-23T14:19:44","modified_gmt":"2024-01-23T14:19:44","slug":"lima-de-pedicura-raspacallos-de-pedicura-paleta-para-durezas","status":"publish","type":"product","link":"https:\/\/hannacosmetica.com\/fr\/tienda\/manicura\/limas-y-pulidoras\/lima-de-pedicura-raspacallos-de-pedicura-paleta-para-durezas\/","title":{"rendered":"Lima de pedicura\/ Raspacallos de pedicura\/ paleta para durezas"},"content":{"rendered":"<ul class=\"a-unordered-list a-vertical a-spacing-mini\">\n<li class=\"a-spacing-mini\"><span class=\"a-list-item\">PIES SANOS Y FELICES &#8211; Debido a que la lima de pie tiene una superficie de 2&#215;5 pulgadas de limado grande pero liviana, usted podr\u00e1 poner sus pies en alto y trabajar con nuestro exfoliador de pies con facilidad y sin forzar su mu\u00f1eca. Imag\u00ednate lucir esas lindas cu\u00f1as o sandalias porque despu\u00e9s de unas cuantas pasadas conseguir\u00e1s una suavidad asombrosa y r\u00e1pida. \u00a0 Esto es ideal para usted porque tiene un amplio espacio para trabajar alrededor del \u00e1rea de los pies.<\/span><\/li>\n<li class=\"a-spacing-mini\"><span class=\"a-list-item\">ACERO INOXIDABLE DE GRADO QUIR\u00daRGICO DE ALTA CALIDAD &#8211; Nuestra herramienta de pedicura tiene una superficie de acero inoxidable de grado quir\u00fargico que significa que es s\u00faper afilada y puede ser desinfectada y esterilizada. Utiliza la afeitadora suavemente, ya que te ayuda a afeitar capas de callosidades secas y talones agrietados, tus pies querr\u00e1n cantar y bailar, y conseguir que tus pies se vean y se sientan mejor que nunca antes.<\/span><\/li>\n<li class=\"a-spacing-mini\"><span class=\"a-list-item\">HAGA QUE SUS PIES SE SIENTA M\u00c1S J\u00d3VENES Y LISOS &#8211; Mejor que una piedra p\u00f3mez. El problema con la otra lima de pie no es agudo o s\u00f3lo funciona cuando est\u00e1 seco. Nuestro removedor de callos resuelve ese problema! Por qu\u00e9? Esto se debe a que nuestra herramienta de pedicura se puede utilizar tanto en los pies h\u00famedos como en los secos, lo que significa que puede eliminar la piel muerta en la ducha o mientras se ba\u00f1a.<\/span><\/li>\n<li class=\"a-spacing-mini\"><span class=\"a-list-item\">NUNCA MAS SEQUE LOS TALONES CRACKADOS &#8211; Nuestro removedor de callos para pies tiene todo lo que usted puede desear en una lima de pedicura con una lima profesional de 2 x 5 pulgadas, de tama\u00f1o completo e incre\u00edblemente liviana. Obtenga resultados de calidad de sal\u00f3n e imag\u00ednese obtener los mejores resultados que pueda para unos pies incre\u00edblemente suaves y sedosos en la comodidad de su propio hogar.<\/span><\/li>\n<\/ul>","protected":false},"excerpt":{"rendered":"<p>PIES SANOS Y FELICES &#8211; Debido a que la lima de pie tiene una superficie de 2&#215;5 pulgadas de limado grande pero&hellip;<\/p>","protected":false},"featured_media":16554,"comment_status":"open","ping_status":"closed","template":"","meta":[],"product_cat":[304,82,99,87],"product_tag":[],"yoast_head":"<!-- This site is optimized with the Yoast SEO plugin v19.9 - https:\/\/yoast.com\/wordpress\/plugins\/seo\/ -->\n<title>Lima de pedicura\/ Raspacallos de pedicura\/ paleta para durezas - Hanna Cosm\u00e9tica<\/title>\n<meta name=\"robots\" content=\"index, follow, max-snippet:-1, max-image-preview:large, max-video-preview:-1\" \/>\n<link rel=\"canonical\" href=\"https:\/\/hannacosmetica.com\/fr\/tienda\/manicura\/limas-y-pulidoras\/lima-de-pedicura-raspacallos-de-pedicura-paleta-para-durezas\/\" \/>\n<meta property=\"og:locale\" content=\"fr_FR\" \/>\n<meta property=\"og:type\" content=\"article\" \/>\n<meta property=\"og:title\" content=\"Lima de pedicura\/ Raspacallos de pedicura\/ paleta para durezas - Hanna Cosm\u00e9tica\" \/>\n<meta property=\"og:description\" content=\"PIES SANOS Y FELICES &#8211; Debido a que la lima de pie tiene una superficie de 2&#215;5 pulgadas de limado grande pero&hellip;\" \/>\n<meta property=\"og:url\" content=\"https:\/\/hannacosmetica.com\/fr\/tienda\/manicura\/limas-y-pulidoras\/lima-de-pedicura-raspacallos-de-pedicura-paleta-para-durezas\/\" \/>\n<meta property=\"og:site_name\" content=\"Hanna Cosm\u00e9tica\" \/>\n<meta property=\"article:modified_time\" content=\"2024-01-23T14:19:44+00:00\" \/>\n<meta property=\"og:image\" content=\"https:\/\/hannacosmetica.com\/wp-content\/uploads\/2024\/01\/180mm-480-x-460-px-382-x-336-px-36.png\" \/>\n\t<meta property=\"og:image:width\" content=\"382\" \/>\n\t<meta property=\"og:image:height\" content=\"336\" \/>\n\t<meta property=\"og:image:type\" content=\"image\/png\" \/>\n<meta name=\"twitter:card\" content=\"summary_large_image\" \/>\n<script type=\"application\/ld+json\" class=\"yoast-schema-graph\">{\"@context\":\"https:\/\/schema.org\",\"@graph\":[{\"@type\":\"WebPage\",\"@id\":\"https:\/\/hannacosmetica.com\/tienda\/manicura\/limas-y-pulidoras\/lima-de-pedicura-raspacallos-de-pedicura-paleta-para-durezas\/\",\"url\":\"https:\/\/hannacosmetica.com\/tienda\/manicura\/limas-y-pulidoras\/lima-de-pedicura-raspacallos-de-pedicura-paleta-para-durezas\/\",\"name\":\"Lima de pedicura\/ Raspacallos de pedicura\/ paleta para durezas - Hanna Cosm\u00e9tica\",\"isPartOf\":{\"@id\":\"https:\/\/hannacosmetica.com\/#website\"},\"datePublished\":\"2024-01-23T14:19:43+00:00\",\"dateModified\":\"2024-01-23T14:19:44+00:00\",\"breadcrumb\":{\"@id\":\"https:\/\/hannacosmetica.com\/tienda\/manicura\/limas-y-pulidoras\/lima-de-pedicura-raspacallos-de-pedicura-paleta-para-durezas\/#breadcrumb\"},\"inLanguage\":\"fr-FR\",\"potentialAction\":[{\"@type\":\"ReadAction\",\"target\":[\"https:\/\/hannacosmetica.com\/tienda\/manicura\/limas-y-pulidoras\/lima-de-pedicura-raspacallos-de-pedicura-paleta-para-durezas\/\"]}]},{\"@type\":\"BreadcrumbList\",\"@id\":\"https:\/\/hannacosmetica.com\/tienda\/manicura\/limas-y-pulidoras\/lima-de-pedicura-raspacallos-de-pedicura-paleta-para-durezas\/#breadcrumb\",\"itemListElement\":[{\"@type\":\"ListItem\",\"position\":1,\"name\":\"Portada\",\"item\":\"https:\/\/hannacosmetica.com\/\"},{\"@type\":\"ListItem\",\"position\":2,\"name\":\"Tienda\",\"item\":\"https:\/\/hannacosmetica.com\/shop\/\"},{\"@type\":\"ListItem\",\"position\":3,\"name\":\"Lima de pedicura\/ Raspacallos de pedicura\/ paleta para durezas\"}]},{\"@type\":\"WebSite\",\"@id\":\"https:\/\/hannacosmetica.com\/#website\",\"url\":\"https:\/\/hannacosmetica.com\/\",\"name\":\"Hanna Cosm\u00e9tica\",\"description\":\"Tienda de productos u\u00f1as, bellezas y peluquer\u00edas\",\"publisher\":{\"@id\":\"https:\/\/hannacosmetica.com\/#organization\"},\"potentialAction\":[{\"@type\":\"SearchAction\",\"target\":{\"@type\":\"EntryPoint\",\"urlTemplate\":\"https:\/\/hannacosmetica.com\/?s={search_term_string}\"},\"query-input\":\"required name=search_term_string\"}],\"inLanguage\":\"fr-FR\"},{\"@type\":\"Organization\",\"@id\":\"https:\/\/hannacosmetica.com\/#organization\",\"name\":\"Hanna Cosm\u00e9tica\",\"url\":\"https:\/\/hannacosmetica.com\/\",\"logo\":{\"@type\":\"ImageObject\",\"inLanguage\":\"fr-FR\",\"@id\":\"https:\/\/hannacosmetica.com\/#\/schema\/logo\/image\/\",\"url\":\"https:\/\/hannacosmetica.com\/wp-content\/uploads\/2022\/07\/Logo-Joyeria-Femenino-Floral-Negro.png\",\"contentUrl\":\"https:\/\/hannacosmetica.com\/wp-content\/uploads\/2022\/07\/Logo-Joyeria-Femenino-Floral-Negro.png\",\"width\":361,\"height\":126,\"caption\":\"Hanna Cosm\u00e9tica\"},\"image\":{\"@id\":\"https:\/\/hannacosmetica.com\/#\/schema\/logo\/image\/\"}}]}<\/script>\n<!-- \/ Yoast SEO plugin. -->","yoast_head_json":{"title":"Lima de pedicura\/ Raspacallos de pedicura\/ paleta para durezas - Hanna Cosm\u00e9tica","robots":{"index":"index","follow":"follow","max-snippet":"max-snippet:-1","max-image-preview":"max-image-preview:large","max-video-preview":"max-video-preview:-1"},"canonical":"https:\/\/hannacosmetica.com\/fr\/tienda\/manicura\/limas-y-pulidoras\/lima-de-pedicura-raspacallos-de-pedicura-paleta-para-durezas\/","og_locale":"fr_FR","og_type":"article","og_title":"Lima de pedicura\/ Raspacallos de pedicura\/ paleta para durezas - Hanna Cosm\u00e9tica","og_description":"PIES SANOS Y FELICES &#8211; Debido a que la lima de pie tiene una superficie de 2&#215;5 pulgadas de limado grande pero&hellip;","og_url":"https:\/\/hannacosmetica.com\/fr\/tienda\/manicura\/limas-y-pulidoras\/lima-de-pedicura-raspacallos-de-pedicura-paleta-para-durezas\/","og_site_name":"Hanna Cosm\u00e9tica","article_modified_time":"2024-01-23T14:19:44+00:00","og_image":[{"width":382,"height":336,"url":"https:\/\/hannacosmetica.com\/wp-content\/uploads\/2024\/01\/180mm-480-x-460-px-382-x-336-px-36.png","type":"image\/png"}],"twitter_card":"summary_large_image","schema":{"@context":"https:\/\/schema.org","@graph":[{"@type":"WebPage","@id":"https:\/\/hannacosmetica.com\/tienda\/manicura\/limas-y-pulidoras\/lima-de-pedicura-raspacallos-de-pedicura-paleta-para-durezas\/","url":"https:\/\/hannacosmetica.com\/tienda\/manicura\/limas-y-pulidoras\/lima-de-pedicura-raspacallos-de-pedicura-paleta-para-durezas\/","name":"Lima de pedicura\/ Raspacallos de pedicura\/ paleta para durezas - Hanna Cosm\u00e9tica","isPartOf":{"@id":"https:\/\/hannacosmetica.com\/#website"},"datePublished":"2024-01-23T14:19:43+00:00","dateModified":"2024-01-23T14:19:44+00:00","breadcrumb":{"@id":"https:\/\/hannacosmetica.com\/tienda\/manicura\/limas-y-pulidoras\/lima-de-pedicura-raspacallos-de-pedicura-paleta-para-durezas\/#breadcrumb"},"inLanguage":"fr-FR","potentialAction":[{"@type":"ReadAction","target":["https:\/\/hannacosmetica.com\/tienda\/manicura\/limas-y-pulidoras\/lima-de-pedicura-raspacallos-de-pedicura-paleta-para-durezas\/"]}]},{"@type":"BreadcrumbList","@id":"https:\/\/hannacosmetica.com\/tienda\/manicura\/limas-y-pulidoras\/lima-de-pedicura-raspacallos-de-pedicura-paleta-para-durezas\/#breadcrumb","itemListElement":[{"@type":"ListItem","position":1,"name":"Portada","item":"https:\/\/hannacosmetica.com\/"},{"@type":"ListItem","position":2,"name":"Tienda","item":"https:\/\/hannacosmetica.com\/shop\/"},{"@type":"ListItem","position":3,"name":"Lima de pedicura\/ Raspacallos de pedicura\/ paleta para durezas"}]},{"@type":"WebSite","@id":"https:\/\/hannacosmetica.com\/#website","url":"https:\/\/hannacosmetica.com\/","name":"Hanna Cosm\u00e9tica","description":"Tienda de productos u\u00f1as, bellezas y peluquer\u00edas","publisher":{"@id":"https:\/\/hannacosmetica.com\/#organization"},"potentialAction":[{"@type":"SearchAction","target":{"@type":"EntryPoint","urlTemplate":"https:\/\/hannacosmetica.com\/?s={search_term_string}"},"query-input":"required name=search_term_string"}],"inLanguage":"fr-FR"},{"@type":"Organization","@id":"https:\/\/hannacosmetica.com\/#organization","name":"Hanna Cosm\u00e9tica","url":"https:\/\/hannacosmetica.com\/","logo":{"@type":"ImageObject","inLanguage":"fr-FR","@id":"https:\/\/hannacosmetica.com\/#\/schema\/logo\/image\/","url":"https:\/\/hannacosmetica.com\/wp-content\/uploads\/2022\/07\/Logo-Joyeria-Femenino-Floral-Negro.png","contentUrl":"https:\/\/hannacosmetica.com\/wp-content\/uploads\/2022\/07\/Logo-Joyeria-Femenino-Floral-Negro.png","width":361,"height":126,"caption":"Hanna Cosm\u00e9tica"},"image":{"@id":"https:\/\/hannacosmetica.com\/#\/schema\/logo\/image\/"}}]}},"_links":{"self":[{"href":"https:\/\/hannacosmetica.com\/fr\/wp-json\/wp\/v2\/product\/16553"}],"collection":[{"href":"https:\/\/hannacosmetica.com\/fr\/wp-json\/wp\/v2\/product"}],"about":[{"href":"https:\/\/hannacosmetica.com\/fr\/wp-json\/wp\/v2\/types\/product"}],"replies":[{"embeddable":true,"href":"https:\/\/hannacosmetica.com\/fr\/wp-json\/wp\/v2\/comments?post=16553"}],"version-history":[{"count":1,"href":"https:\/\/hannacosmetica.com\/fr\/wp-json\/wp\/v2\/product\/16553\/revisions"}],"predecessor-version":[{"id":16558,"href":"https:\/\/hannacosmetica.com\/fr\/wp-json\/wp\/v2\/product\/16553\/revisions\/16558"}],"wp:featuredmedia":[{"embeddable":true,"href":"https:\/\/hannacosmetica.com\/fr\/wp-json\/wp\/v2\/media\/16554"}],"wp:attachment":[{"href":"https:\/\/hannacosmetica.com\/fr\/wp-json\/wp\/v2\/media?parent=16553"}],"wp:term":[{"taxonomy":"product_cat","embeddable":true,"href":"https:\/\/hannacosmetica.com\/fr\/wp-json\/wp\/v2\/product_cat?post=16553"},{"taxonomy":"product_tag","embeddable":true,"href":"https:\/\/hannacosmetica.com\/fr\/wp-json\/wp\/v2\/product_tag?post=16553"}],"curies":[{"name":"wp","href":"https:\/\/api.w.org\/{rel}","templated":true}]}}