{"id":16548,"date":"2024-01-23T13:35:17","date_gmt":"2024-01-23T13:35:17","guid":{"rendered":"https:\/\/hannacosmetica.com\/?post_type=product&#038;p=16548"},"modified":"2024-01-23T13:35:21","modified_gmt":"2024-01-23T13:35:21","slug":"lijaa-de-repuesto-para-pedicura-lima-de-recambio-adhesiva","status":"publish","type":"product","link":"https:\/\/hannacosmetica.com\/fr\/tienda\/manicura\/limas-y-pulidoras\/lijaa-de-repuesto-para-pedicura-lima-de-recambio-adhesiva\/","title":{"rendered":"Lijaa de Repuesto para Pedicura, Lima de recambio  adhesiva"},"content":{"rendered":"<ul class=\"a-unordered-list a-vertical a-spacing-mini\">\n<li class=\"a-spacing-mini\"><span class=\"a-list-item\">El paquete incluye:\u00a0 50 unidades adhesivas\u00a0 de papel de lija, 25 unidades de grano grueso y 25 unidades de grano fino\u00a0 hay suficiente cantidad para que los reemplace. (NOTA: solo almohadillas de reemplazo de pies, el archivo de pies no incluye)<\/span><\/li>\n<li class=\"a-spacing-mini\"><span class=\"a-list-item\">Alta calidad: duradera y no se deforma f\u00e1cilmente. 50 papeles de lija pegajosos para\u00a0 paletas de 2 caras, lado fino y lado grueso,\u00a0 pr\u00e1cticos y f\u00e1ciles de reemplazar. Use la lija\u00a0 gruesa para quitar la piel dura y agrietada, y la lija fina para suavizar los pies.<\/span><\/li>\n<li class=\"a-spacing-mini\"><span class=\"a-list-item\">Ergon\u00f3mico e higi\u00e9nico: el adhesivo fuerte mantiene las almohadillas de archivo en su lugar durante el uso; Viene con 50 recambios lavables, enjuague para la pr\u00f3xima vez que lo use o reempl\u00e1celo despu\u00e9s de perder esfuerzo, altamente higi\u00e9nico.<\/span><\/li>\n<li class=\"a-spacing-mini\"><span class=\"a-list-item\">F\u00e1cil de reemplazar: la almohadilla de grano se reemplaza f\u00e1cilmente para crear una nueva lima de dos caras para cada uso, el adhesivo fuerte mantiene las almohadillas en su lugar durante el uso.<\/span><\/li>\n<li class=\"a-spacing-mini\"><span class=\"a-list-item\">Uso recomendado: El raspador de pies se puede usar a diario, ya sea que elija usarlo en el ba\u00f1o o la ducha como lima h\u00fameda o cuando est\u00e9 seco, recomendamos enjuagar la lima despu\u00e9s de cada uso para mantenerla higi\u00e9nicamente limpia.<\/span><\/li>\n<\/ul>","protected":false},"excerpt":{"rendered":"<p>El paquete incluye:\u00a0 50 unidades adhesivas\u00a0 de papel de lija, 25 unidades de grano grueso y 25 unidades de grano fino\u00a0 hay&hellip;<\/p>","protected":false},"featured_media":16550,"comment_status":"open","ping_status":"closed","template":"","meta":[],"product_cat":[304,99,87],"product_tag":[],"yoast_head":"<!-- This site is optimized with the Yoast SEO plugin v19.9 - https:\/\/yoast.com\/wordpress\/plugins\/seo\/ -->\n<title>Lijaa de Repuesto para Pedicura, Lima de recambio adhesiva - Hanna Cosm\u00e9tica<\/title>\n<meta name=\"robots\" content=\"index, follow, max-snippet:-1, max-image-preview:large, max-video-preview:-1\" \/>\n<link rel=\"canonical\" href=\"https:\/\/hannacosmetica.com\/fr\/tienda\/manicura\/limas-y-pulidoras\/lijaa-de-repuesto-para-pedicura-lima-de-recambio-adhesiva\/\" \/>\n<meta property=\"og:locale\" content=\"fr_FR\" \/>\n<meta property=\"og:type\" content=\"article\" \/>\n<meta property=\"og:title\" content=\"Lijaa de Repuesto para Pedicura, Lima de recambio adhesiva - Hanna Cosm\u00e9tica\" \/>\n<meta property=\"og:description\" content=\"El paquete incluye:\u00a0 50 unidades adhesivas\u00a0 de papel de lija, 25 unidades de grano grueso y 25 unidades de grano fino\u00a0 hay&hellip;\" \/>\n<meta property=\"og:url\" content=\"https:\/\/hannacosmetica.com\/fr\/tienda\/manicura\/limas-y-pulidoras\/lijaa-de-repuesto-para-pedicura-lima-de-recambio-adhesiva\/\" \/>\n<meta property=\"og:site_name\" content=\"Hanna Cosm\u00e9tica\" \/>\n<meta property=\"article:modified_time\" content=\"2024-01-23T13:35:21+00:00\" \/>\n<meta property=\"og:image\" content=\"https:\/\/hannacosmetica.com\/wp-content\/uploads\/2024\/01\/180mm-480-x-460-px-382-x-336-px-34.png\" \/>\n\t<meta property=\"og:image:width\" content=\"382\" \/>\n\t<meta property=\"og:image:height\" content=\"336\" \/>\n\t<meta property=\"og:image:type\" content=\"image\/png\" \/>\n<meta name=\"twitter:card\" content=\"summary_large_image\" \/>\n<script type=\"application\/ld+json\" class=\"yoast-schema-graph\">{\"@context\":\"https:\/\/schema.org\",\"@graph\":[{\"@type\":\"WebPage\",\"@id\":\"https:\/\/hannacosmetica.com\/tienda\/manicura\/limas-y-pulidoras\/lijaa-de-repuesto-para-pedicura-lima-de-recambio-adhesiva\/\",\"url\":\"https:\/\/hannacosmetica.com\/tienda\/manicura\/limas-y-pulidoras\/lijaa-de-repuesto-para-pedicura-lima-de-recambio-adhesiva\/\",\"name\":\"Lijaa de Repuesto para Pedicura, Lima de recambio adhesiva - Hanna Cosm\u00e9tica\",\"isPartOf\":{\"@id\":\"https:\/\/hannacosmetica.com\/#website\"},\"datePublished\":\"2024-01-23T13:35:17+00:00\",\"dateModified\":\"2024-01-23T13:35:21+00:00\",\"breadcrumb\":{\"@id\":\"https:\/\/hannacosmetica.com\/tienda\/manicura\/limas-y-pulidoras\/lijaa-de-repuesto-para-pedicura-lima-de-recambio-adhesiva\/#breadcrumb\"},\"inLanguage\":\"fr-FR\",\"potentialAction\":[{\"@type\":\"ReadAction\",\"target\":[\"https:\/\/hannacosmetica.com\/tienda\/manicura\/limas-y-pulidoras\/lijaa-de-repuesto-para-pedicura-lima-de-recambio-adhesiva\/\"]}]},{\"@type\":\"BreadcrumbList\",\"@id\":\"https:\/\/hannacosmetica.com\/tienda\/manicura\/limas-y-pulidoras\/lijaa-de-repuesto-para-pedicura-lima-de-recambio-adhesiva\/#breadcrumb\",\"itemListElement\":[{\"@type\":\"ListItem\",\"position\":1,\"name\":\"Portada\",\"item\":\"https:\/\/hannacosmetica.com\/\"},{\"@type\":\"ListItem\",\"position\":2,\"name\":\"Tienda\",\"item\":\"https:\/\/hannacosmetica.com\/shop\/\"},{\"@type\":\"ListItem\",\"position\":3,\"name\":\"Lijaa de Repuesto para Pedicura, Lima de recambio adhesiva\"}]},{\"@type\":\"WebSite\",\"@id\":\"https:\/\/hannacosmetica.com\/#website\",\"url\":\"https:\/\/hannacosmetica.com\/\",\"name\":\"Hanna Cosm\u00e9tica\",\"description\":\"Tienda de productos u\u00f1as, bellezas y peluquer\u00edas\",\"publisher\":{\"@id\":\"https:\/\/hannacosmetica.com\/#organization\"},\"potentialAction\":[{\"@type\":\"SearchAction\",\"target\":{\"@type\":\"EntryPoint\",\"urlTemplate\":\"https:\/\/hannacosmetica.com\/?s={search_term_string}\"},\"query-input\":\"required name=search_term_string\"}],\"inLanguage\":\"fr-FR\"},{\"@type\":\"Organization\",\"@id\":\"https:\/\/hannacosmetica.com\/#organization\",\"name\":\"Hanna Cosm\u00e9tica\",\"url\":\"https:\/\/hannacosmetica.com\/\",\"logo\":{\"@type\":\"ImageObject\",\"inLanguage\":\"fr-FR\",\"@id\":\"https:\/\/hannacosmetica.com\/#\/schema\/logo\/image\/\",\"url\":\"https:\/\/hannacosmetica.com\/wp-content\/uploads\/2022\/07\/Logo-Joyeria-Femenino-Floral-Negro.png\",\"contentUrl\":\"https:\/\/hannacosmetica.com\/wp-content\/uploads\/2022\/07\/Logo-Joyeria-Femenino-Floral-Negro.png\",\"width\":361,\"height\":126,\"caption\":\"Hanna Cosm\u00e9tica\"},\"image\":{\"@id\":\"https:\/\/hannacosmetica.com\/#\/schema\/logo\/image\/\"}}]}<\/script>\n<!-- \/ Yoast SEO plugin. -->","yoast_head_json":{"title":"Lijaa de Repuesto para Pedicura, Lima de recambio adhesiva - Hanna Cosm\u00e9tica","robots":{"index":"index","follow":"follow","max-snippet":"max-snippet:-1","max-image-preview":"max-image-preview:large","max-video-preview":"max-video-preview:-1"},"canonical":"https:\/\/hannacosmetica.com\/fr\/tienda\/manicura\/limas-y-pulidoras\/lijaa-de-repuesto-para-pedicura-lima-de-recambio-adhesiva\/","og_locale":"fr_FR","og_type":"article","og_title":"Lijaa de Repuesto para Pedicura, Lima de recambio adhesiva - Hanna Cosm\u00e9tica","og_description":"El paquete incluye:\u00a0 50 unidades adhesivas\u00a0 de papel de lija, 25 unidades de grano grueso y 25 unidades de grano fino\u00a0 hay&hellip;","og_url":"https:\/\/hannacosmetica.com\/fr\/tienda\/manicura\/limas-y-pulidoras\/lijaa-de-repuesto-para-pedicura-lima-de-recambio-adhesiva\/","og_site_name":"Hanna Cosm\u00e9tica","article_modified_time":"2024-01-23T13:35:21+00:00","og_image":[{"width":382,"height":336,"url":"https:\/\/hannacosmetica.com\/wp-content\/uploads\/2024\/01\/180mm-480-x-460-px-382-x-336-px-34.png","type":"image\/png"}],"twitter_card":"summary_large_image","schema":{"@context":"https:\/\/schema.org","@graph":[{"@type":"WebPage","@id":"https:\/\/hannacosmetica.com\/tienda\/manicura\/limas-y-pulidoras\/lijaa-de-repuesto-para-pedicura-lima-de-recambio-adhesiva\/","url":"https:\/\/hannacosmetica.com\/tienda\/manicura\/limas-y-pulidoras\/lijaa-de-repuesto-para-pedicura-lima-de-recambio-adhesiva\/","name":"Lijaa de Repuesto para Pedicura, Lima de recambio adhesiva - Hanna Cosm\u00e9tica","isPartOf":{"@id":"https:\/\/hannacosmetica.com\/#website"},"datePublished":"2024-01-23T13:35:17+00:00","dateModified":"2024-01-23T13:35:21+00:00","breadcrumb":{"@id":"https:\/\/hannacosmetica.com\/tienda\/manicura\/limas-y-pulidoras\/lijaa-de-repuesto-para-pedicura-lima-de-recambio-adhesiva\/#breadcrumb"},"inLanguage":"fr-FR","potentialAction":[{"@type":"ReadAction","target":["https:\/\/hannacosmetica.com\/tienda\/manicura\/limas-y-pulidoras\/lijaa-de-repuesto-para-pedicura-lima-de-recambio-adhesiva\/"]}]},{"@type":"BreadcrumbList","@id":"https:\/\/hannacosmetica.com\/tienda\/manicura\/limas-y-pulidoras\/lijaa-de-repuesto-para-pedicura-lima-de-recambio-adhesiva\/#breadcrumb","itemListElement":[{"@type":"ListItem","position":1,"name":"Portada","item":"https:\/\/hannacosmetica.com\/"},{"@type":"ListItem","position":2,"name":"Tienda","item":"https:\/\/hannacosmetica.com\/shop\/"},{"@type":"ListItem","position":3,"name":"Lijaa de Repuesto para Pedicura, Lima de recambio adhesiva"}]},{"@type":"WebSite","@id":"https:\/\/hannacosmetica.com\/#website","url":"https:\/\/hannacosmetica.com\/","name":"Hanna Cosm\u00e9tica","description":"Tienda de productos u\u00f1as, bellezas y peluquer\u00edas","publisher":{"@id":"https:\/\/hannacosmetica.com\/#organization"},"potentialAction":[{"@type":"SearchAction","target":{"@type":"EntryPoint","urlTemplate":"https:\/\/hannacosmetica.com\/?s={search_term_string}"},"query-input":"required name=search_term_string"}],"inLanguage":"fr-FR"},{"@type":"Organization","@id":"https:\/\/hannacosmetica.com\/#organization","name":"Hanna Cosm\u00e9tica","url":"https:\/\/hannacosmetica.com\/","logo":{"@type":"ImageObject","inLanguage":"fr-FR","@id":"https:\/\/hannacosmetica.com\/#\/schema\/logo\/image\/","url":"https:\/\/hannacosmetica.com\/wp-content\/uploads\/2022\/07\/Logo-Joyeria-Femenino-Floral-Negro.png","contentUrl":"https:\/\/hannacosmetica.com\/wp-content\/uploads\/2022\/07\/Logo-Joyeria-Femenino-Floral-Negro.png","width":361,"height":126,"caption":"Hanna Cosm\u00e9tica"},"image":{"@id":"https:\/\/hannacosmetica.com\/#\/schema\/logo\/image\/"}}]}},"_links":{"self":[{"href":"https:\/\/hannacosmetica.com\/fr\/wp-json\/wp\/v2\/product\/16548"}],"collection":[{"href":"https:\/\/hannacosmetica.com\/fr\/wp-json\/wp\/v2\/product"}],"about":[{"href":"https:\/\/hannacosmetica.com\/fr\/wp-json\/wp\/v2\/types\/product"}],"replies":[{"embeddable":true,"href":"https:\/\/hannacosmetica.com\/fr\/wp-json\/wp\/v2\/comments?post=16548"}],"version-history":[{"count":2,"href":"https:\/\/hannacosmetica.com\/fr\/wp-json\/wp\/v2\/product\/16548\/revisions"}],"predecessor-version":[{"id":19757,"href":"https:\/\/hannacosmetica.com\/fr\/wp-json\/wp\/v2\/product\/16548\/revisions\/19757"}],"wp:featuredmedia":[{"embeddable":true,"href":"https:\/\/hannacosmetica.com\/fr\/wp-json\/wp\/v2\/media\/16550"}],"wp:attachment":[{"href":"https:\/\/hannacosmetica.com\/fr\/wp-json\/wp\/v2\/media?parent=16548"}],"wp:term":[{"taxonomy":"product_cat","embeddable":true,"href":"https:\/\/hannacosmetica.com\/fr\/wp-json\/wp\/v2\/product_cat?post=16548"},{"taxonomy":"product_tag","embeddable":true,"href":"https:\/\/hannacosmetica.com\/fr\/wp-json\/wp\/v2\/product_tag?post=16548"}],"curies":[{"name":"wp","href":"https:\/\/api.w.org\/{rel}","templated":true}]}}