{"id":16545,"date":"2024-01-23T12:07:05","date_gmt":"2024-01-23T12:07:05","guid":{"rendered":"https:\/\/hannacosmetica.com\/?post_type=product&#038;p=16545"},"modified":"2025-09-02T09:30:57","modified_gmt":"2025-09-02T09:30:57","slug":"lima-de-pedicura-lima-de-callos-de-madera-lija-de-madera-raspacallos","status":"publish","type":"product","link":"https:\/\/hannacosmetica.com\/fr\/tienda\/manicura\/limas-y-pulidoras\/lima-de-pedicura-lima-de-callos-de-madera-lija-de-madera-raspacallos\/","title":{"rendered":"Lima de Pedicura\/ Lima de Callos de Madera \/ Lija de Madera\/ Raspacallos"},"content":{"rendered":"<ul class=\"a-unordered-list a-vertical a-spacing-mini\">\n<li class=\"a-spacing-mini\"><span class=\"a-list-item\">Doble cara &#8212; lima de pies tiene dos caras: una gruesa y otra fina. La parte m\u00e1s gruesa para eliminar los callos y para dejar suave utilizar la parte fina.<\/span><\/li>\n<li class=\"a-spacing-mini\"><span class=\"a-list-item\">Dise\u00f1o ergon\u00f3mico &#8212; Este eliminador de callos est\u00e1 hecho de madera robusta, y tiene mango ergon\u00f3mico para adaptarse a su mano perfectamente.<\/span><\/li>\n<li class=\"a-spacing-mini\"><span class=\"a-list-item\">Seguro y \u00fatil &#8212; Este raspador de limas para pies es seguro de usar y se puede cuidar mucho los pies. Sobre todo perfecto para las personas quien suelen llevarse los zapatos de tac\u00f3n o andan mucho..<\/span><\/li>\n<li class=\"a-spacing-mini\"><span class=\"a-list-item\">Conveniente y pr\u00e1ctica &#8212; Esta herramienta de pedicura se puede utilizar en seco y en mojado. Puede limpiarla con un cepillito y se vuelve a quedar perfecta. F\u00e1cil de guardar usando la cuerda que viene incluida.<\/span><\/li>\n<li class=\"a-spacing-mini\"><span class=\"a-list-item\">Uso genial &#8212; Esta lima de callos es ligera, sencilla pero funcional en nuestra vida diaria. Ideal para la pedicura de forma natural y segura. Adecuada para hogar y tienda de pedicura. Nota: por favor controlar la fuerza al usar la primera vez.<\/span><\/li>\n<\/ul>","protected":false},"excerpt":{"rendered":"<p>Doble cara &#8212; lima de pies tiene dos caras: una gruesa y otra fina. La parte m\u00e1s gruesa para eliminar los callos&hellip;<\/p>","protected":false},"featured_media":16543,"comment_status":"open","ping_status":"closed","template":"","meta":[],"product_cat":[304,82,99,87],"product_tag":[],"yoast_head":"<!-- This site is optimized with the Yoast SEO plugin v19.9 - https:\/\/yoast.com\/wordpress\/plugins\/seo\/ -->\n<title>Lima de Pedicura\/ Lima de Callos de Madera \/ Lija de Madera\/ Raspacallos - Hanna Cosm\u00e9tica<\/title>\n<meta name=\"robots\" content=\"index, follow, max-snippet:-1, max-image-preview:large, max-video-preview:-1\" \/>\n<link rel=\"canonical\" href=\"https:\/\/hannacosmetica.com\/fr\/tienda\/manicura\/limas-y-pulidoras\/lima-de-pedicura-lima-de-callos-de-madera-lija-de-madera-raspacallos\/\" \/>\n<meta property=\"og:locale\" content=\"fr_FR\" \/>\n<meta property=\"og:type\" content=\"article\" \/>\n<meta property=\"og:title\" content=\"Lima de Pedicura\/ Lima de Callos de Madera \/ Lija de Madera\/ Raspacallos - Hanna Cosm\u00e9tica\" \/>\n<meta property=\"og:description\" content=\"Doble cara &#8212; lima de pies tiene dos caras: una gruesa y otra fina. La parte m\u00e1s gruesa para eliminar los callos&hellip;\" \/>\n<meta property=\"og:url\" content=\"https:\/\/hannacosmetica.com\/fr\/tienda\/manicura\/limas-y-pulidoras\/lima-de-pedicura-lima-de-callos-de-madera-lija-de-madera-raspacallos\/\" \/>\n<meta property=\"og:site_name\" content=\"Hanna Cosm\u00e9tica\" \/>\n<meta property=\"article:modified_time\" content=\"2025-09-02T09:30:57+00:00\" \/>\n<meta property=\"og:image\" content=\"https:\/\/hannacosmetica.com\/wp-content\/uploads\/2024\/01\/180mm-480-x-460-px-382-x-336-px-30.png\" \/>\n\t<meta property=\"og:image:width\" content=\"382\" \/>\n\t<meta property=\"og:image:height\" content=\"336\" \/>\n\t<meta property=\"og:image:type\" content=\"image\/png\" \/>\n<meta name=\"twitter:card\" content=\"summary_large_image\" \/>\n<script type=\"application\/ld+json\" class=\"yoast-schema-graph\">{\"@context\":\"https:\/\/schema.org\",\"@graph\":[{\"@type\":\"WebPage\",\"@id\":\"https:\/\/hannacosmetica.com\/tienda\/manicura\/limas-y-pulidoras\/lima-de-pedicura-lima-de-callos-de-madera-lija-de-madera-raspacallos\/\",\"url\":\"https:\/\/hannacosmetica.com\/tienda\/manicura\/limas-y-pulidoras\/lima-de-pedicura-lima-de-callos-de-madera-lija-de-madera-raspacallos\/\",\"name\":\"Lima de Pedicura\/ Lima de Callos de Madera \/ Lija de Madera\/ Raspacallos - Hanna Cosm\u00e9tica\",\"isPartOf\":{\"@id\":\"https:\/\/hannacosmetica.com\/#website\"},\"datePublished\":\"2024-01-23T12:07:05+00:00\",\"dateModified\":\"2025-09-02T09:30:57+00:00\",\"breadcrumb\":{\"@id\":\"https:\/\/hannacosmetica.com\/tienda\/manicura\/limas-y-pulidoras\/lima-de-pedicura-lima-de-callos-de-madera-lija-de-madera-raspacallos\/#breadcrumb\"},\"inLanguage\":\"fr-FR\",\"potentialAction\":[{\"@type\":\"ReadAction\",\"target\":[\"https:\/\/hannacosmetica.com\/tienda\/manicura\/limas-y-pulidoras\/lima-de-pedicura-lima-de-callos-de-madera-lija-de-madera-raspacallos\/\"]}]},{\"@type\":\"BreadcrumbList\",\"@id\":\"https:\/\/hannacosmetica.com\/tienda\/manicura\/limas-y-pulidoras\/lima-de-pedicura-lima-de-callos-de-madera-lija-de-madera-raspacallos\/#breadcrumb\",\"itemListElement\":[{\"@type\":\"ListItem\",\"position\":1,\"name\":\"Portada\",\"item\":\"https:\/\/hannacosmetica.com\/\"},{\"@type\":\"ListItem\",\"position\":2,\"name\":\"Tienda\",\"item\":\"https:\/\/hannacosmetica.com\/shop\/\"},{\"@type\":\"ListItem\",\"position\":3,\"name\":\"Lima de Pedicura\/ Lima de Callos de Madera \/ Lija de Madera\/ Raspacallos\"}]},{\"@type\":\"WebSite\",\"@id\":\"https:\/\/hannacosmetica.com\/#website\",\"url\":\"https:\/\/hannacosmetica.com\/\",\"name\":\"Hanna Cosm\u00e9tica\",\"description\":\"Tienda de productos u\u00f1as, bellezas y peluquer\u00edas\",\"publisher\":{\"@id\":\"https:\/\/hannacosmetica.com\/#organization\"},\"potentialAction\":[{\"@type\":\"SearchAction\",\"target\":{\"@type\":\"EntryPoint\",\"urlTemplate\":\"https:\/\/hannacosmetica.com\/?s={search_term_string}\"},\"query-input\":\"required name=search_term_string\"}],\"inLanguage\":\"fr-FR\"},{\"@type\":\"Organization\",\"@id\":\"https:\/\/hannacosmetica.com\/#organization\",\"name\":\"Hanna Cosm\u00e9tica\",\"url\":\"https:\/\/hannacosmetica.com\/\",\"logo\":{\"@type\":\"ImageObject\",\"inLanguage\":\"fr-FR\",\"@id\":\"https:\/\/hannacosmetica.com\/#\/schema\/logo\/image\/\",\"url\":\"https:\/\/hannacosmetica.com\/wp-content\/uploads\/2022\/07\/Logo-Joyeria-Femenino-Floral-Negro.png\",\"contentUrl\":\"https:\/\/hannacosmetica.com\/wp-content\/uploads\/2022\/07\/Logo-Joyeria-Femenino-Floral-Negro.png\",\"width\":361,\"height\":126,\"caption\":\"Hanna Cosm\u00e9tica\"},\"image\":{\"@id\":\"https:\/\/hannacosmetica.com\/#\/schema\/logo\/image\/\"}}]}<\/script>\n<!-- \/ Yoast SEO plugin. -->","yoast_head_json":{"title":"Lima de Pedicura\/ Lima de Callos de Madera \/ Lija de Madera\/ Raspacallos - Hanna Cosm\u00e9tica","robots":{"index":"index","follow":"follow","max-snippet":"max-snippet:-1","max-image-preview":"max-image-preview:large","max-video-preview":"max-video-preview:-1"},"canonical":"https:\/\/hannacosmetica.com\/fr\/tienda\/manicura\/limas-y-pulidoras\/lima-de-pedicura-lima-de-callos-de-madera-lija-de-madera-raspacallos\/","og_locale":"fr_FR","og_type":"article","og_title":"Lima de Pedicura\/ Lima de Callos de Madera \/ Lija de Madera\/ Raspacallos - Hanna Cosm\u00e9tica","og_description":"Doble cara &#8212; lima de pies tiene dos caras: una gruesa y otra fina. La parte m\u00e1s gruesa para eliminar los callos&hellip;","og_url":"https:\/\/hannacosmetica.com\/fr\/tienda\/manicura\/limas-y-pulidoras\/lima-de-pedicura-lima-de-callos-de-madera-lija-de-madera-raspacallos\/","og_site_name":"Hanna Cosm\u00e9tica","article_modified_time":"2025-09-02T09:30:57+00:00","og_image":[{"width":382,"height":336,"url":"https:\/\/hannacosmetica.com\/wp-content\/uploads\/2024\/01\/180mm-480-x-460-px-382-x-336-px-30.png","type":"image\/png"}],"twitter_card":"summary_large_image","schema":{"@context":"https:\/\/schema.org","@graph":[{"@type":"WebPage","@id":"https:\/\/hannacosmetica.com\/tienda\/manicura\/limas-y-pulidoras\/lima-de-pedicura-lima-de-callos-de-madera-lija-de-madera-raspacallos\/","url":"https:\/\/hannacosmetica.com\/tienda\/manicura\/limas-y-pulidoras\/lima-de-pedicura-lima-de-callos-de-madera-lija-de-madera-raspacallos\/","name":"Lima de Pedicura\/ Lima de Callos de Madera \/ Lija de Madera\/ Raspacallos - Hanna Cosm\u00e9tica","isPartOf":{"@id":"https:\/\/hannacosmetica.com\/#website"},"datePublished":"2024-01-23T12:07:05+00:00","dateModified":"2025-09-02T09:30:57+00:00","breadcrumb":{"@id":"https:\/\/hannacosmetica.com\/tienda\/manicura\/limas-y-pulidoras\/lima-de-pedicura-lima-de-callos-de-madera-lija-de-madera-raspacallos\/#breadcrumb"},"inLanguage":"fr-FR","potentialAction":[{"@type":"ReadAction","target":["https:\/\/hannacosmetica.com\/tienda\/manicura\/limas-y-pulidoras\/lima-de-pedicura-lima-de-callos-de-madera-lija-de-madera-raspacallos\/"]}]},{"@type":"BreadcrumbList","@id":"https:\/\/hannacosmetica.com\/tienda\/manicura\/limas-y-pulidoras\/lima-de-pedicura-lima-de-callos-de-madera-lija-de-madera-raspacallos\/#breadcrumb","itemListElement":[{"@type":"ListItem","position":1,"name":"Portada","item":"https:\/\/hannacosmetica.com\/"},{"@type":"ListItem","position":2,"name":"Tienda","item":"https:\/\/hannacosmetica.com\/shop\/"},{"@type":"ListItem","position":3,"name":"Lima de Pedicura\/ Lima de Callos de Madera \/ Lija de Madera\/ Raspacallos"}]},{"@type":"WebSite","@id":"https:\/\/hannacosmetica.com\/#website","url":"https:\/\/hannacosmetica.com\/","name":"Hanna Cosm\u00e9tica","description":"Tienda de productos u\u00f1as, bellezas y peluquer\u00edas","publisher":{"@id":"https:\/\/hannacosmetica.com\/#organization"},"potentialAction":[{"@type":"SearchAction","target":{"@type":"EntryPoint","urlTemplate":"https:\/\/hannacosmetica.com\/?s={search_term_string}"},"query-input":"required name=search_term_string"}],"inLanguage":"fr-FR"},{"@type":"Organization","@id":"https:\/\/hannacosmetica.com\/#organization","name":"Hanna Cosm\u00e9tica","url":"https:\/\/hannacosmetica.com\/","logo":{"@type":"ImageObject","inLanguage":"fr-FR","@id":"https:\/\/hannacosmetica.com\/#\/schema\/logo\/image\/","url":"https:\/\/hannacosmetica.com\/wp-content\/uploads\/2022\/07\/Logo-Joyeria-Femenino-Floral-Negro.png","contentUrl":"https:\/\/hannacosmetica.com\/wp-content\/uploads\/2022\/07\/Logo-Joyeria-Femenino-Floral-Negro.png","width":361,"height":126,"caption":"Hanna Cosm\u00e9tica"},"image":{"@id":"https:\/\/hannacosmetica.com\/#\/schema\/logo\/image\/"}}]}},"_links":{"self":[{"href":"https:\/\/hannacosmetica.com\/fr\/wp-json\/wp\/v2\/product\/16545"}],"collection":[{"href":"https:\/\/hannacosmetica.com\/fr\/wp-json\/wp\/v2\/product"}],"about":[{"href":"https:\/\/hannacosmetica.com\/fr\/wp-json\/wp\/v2\/types\/product"}],"replies":[{"embeddable":true,"href":"https:\/\/hannacosmetica.com\/fr\/wp-json\/wp\/v2\/comments?post=16545"}],"version-history":[{"count":1,"href":"https:\/\/hannacosmetica.com\/fr\/wp-json\/wp\/v2\/product\/16545\/revisions"}],"predecessor-version":[{"id":16547,"href":"https:\/\/hannacosmetica.com\/fr\/wp-json\/wp\/v2\/product\/16545\/revisions\/16547"}],"wp:featuredmedia":[{"embeddable":true,"href":"https:\/\/hannacosmetica.com\/fr\/wp-json\/wp\/v2\/media\/16543"}],"wp:attachment":[{"href":"https:\/\/hannacosmetica.com\/fr\/wp-json\/wp\/v2\/media?parent=16545"}],"wp:term":[{"taxonomy":"product_cat","embeddable":true,"href":"https:\/\/hannacosmetica.com\/fr\/wp-json\/wp\/v2\/product_cat?post=16545"},{"taxonomy":"product_tag","embeddable":true,"href":"https:\/\/hannacosmetica.com\/fr\/wp-json\/wp\/v2\/product_tag?post=16545"}],"curies":[{"name":"wp","href":"https:\/\/api.w.org\/{rel}","templated":true}]}}